
{"id":10223,"date":"2024-06-27T13:12:07","date_gmt":"2024-06-27T11:12:07","guid":{"rendered":"https:\/\/pferdeberufe.ch\/?page_id=10223"},"modified":"2024-06-27T13:17:36","modified_gmt":"2024-06-27T11:17:36","slug":"19-dv-2024","status":"publish","type":"page","link":"https:\/\/pferdeberufe.ch\/de\/news\/19-dv-2024\/","title":{"rendered":"19. Delegiertenversammlung der OdA Pferdeberufe Schweiz"},"content":{"rendered":"\t\t<div data-elementor-type=\"wp-page\" data-elementor-id=\"10223\" class=\"elementor elementor-10223\" data-elementor-post-type=\"page\">\n\t\t\t\t\t\t<section class=\"elementor-section elementor-top-section elementor-element elementor-element-1eb722d2 elementor-section-boxed elementor-section-height-default elementor-section-height-default\" data-id=\"1eb722d2\" data-element_type=\"section\" data-e-type=\"section\">\n\t\t\t\t\t\t<div class=\"elementor-container elementor-column-gap-default\">\n\t\t\t\t\t<div class=\"elementor-column elementor-col-100 elementor-top-column elementor-element elementor-element-4496a76a\" data-id=\"4496a76a\" data-element_type=\"column\" data-e-type=\"column\">\n\t\t\t<div class=\"elementor-widget-wrap elementor-element-populated\">\n\t\t\t\t\t\t<div class=\"elementor-element elementor-element-9f1e0a0 elementor-widget elementor-widget-text-editor\" data-id=\"9f1e0a0\" data-element_type=\"widget\" data-e-type=\"widget\" data-widget_type=\"text-editor.default\">\n\t\t\t\t<div class=\"elementor-widget-container\">\n\t\t\t\t\t\t\t\t\t<h2 class=\"elementor-heading-title elementor-size-default elementor-inline-editing pen\" contenteditable=\"true\" data-elementor-setting-key=\"titel\" data-pen-placeholder=\"Eingabe hier...\"><span style=\"color: #ff0000;\">19. Delegiertenversammlung<\/span> der OdA Pferdeberufe Schweiz<\/h2>\t\t\t\t\t\t\t\t<\/div>\n\t\t\t\t<\/div>\n\t\t\t\t\t<\/div>\n\t\t<\/div>\n\t\t\t\t\t<\/div>\n\t\t<\/section>\n\t\t\t\t<section class=\"elementor-section elementor-top-section elementor-element elementor-element-45d561bb elementor-section-full_width elementor-section-height-default elementor-section-height-default\" data-id=\"45d561bb\" data-element_type=\"section\" data-e-type=\"section\">\n\t\t\t\t\t\t<div class=\"elementor-container elementor-column-gap-no\">\n\t\t\t\t\t<div class=\"elementor-column elementor-col-100 elementor-top-column elementor-element elementor-element-091b3c3\" data-id=\"091b3c3\" data-element_type=\"column\" data-e-type=\"column\">\n\t\t\t<div class=\"elementor-widget-wrap elementor-element-populated\">\n\t\t\t\t\t\t<div class=\"elementor-element elementor-element-aaa72fb elementor-widget elementor-widget-image\" data-id=\"aaa72fb\" data-element_type=\"widget\" data-e-type=\"widget\" data-widget_type=\"image.default\">\n\t\t\t\t<div class=\"elementor-widget-container\">\n\t\t\t\t\t\t\t\t\t\t\t\t\t\t\t<img fetchpriority=\"high\" decoding=\"async\" width=\"768\" height=\"354\" src=\"https:\/\/pferdeberufe.ch\/wp-content\/smush-avif\/Verabschiedung-768x354.jpg.avif\" class=\"attachment-medium_large size-medium_large wp-image-10226\" alt=\"\" srcset=\"https:\/\/pferdeberufe.ch\/wp-content\/smush-avif\/Verabschiedung-768x354.jpg.avif 768w, https:\/\/pferdeberufe.ch\/wp-content\/smush-avif\/Verabschiedung-300x138.jpg.avif 300w, https:\/\/pferdeberufe.ch\/wp-content\/smush-avif\/Verabschiedung-1024x472.jpg.avif 1024w, https:\/\/pferdeberufe.ch\/wp-content\/smush-avif\/Verabschiedung-1536x707.jpg.avif 1536w, https:\/\/pferdeberufe.ch\/wp-content\/smush-avif\/Verabschiedung.jpg.avif 1824w\" sizes=\"(max-width: 768px) 100vw, 768px\" \/>\t\t\t\t\t\t\t\t\t\t\t\t\t\t\t<\/div>\n\t\t\t\t<\/div>\n\t\t\t\t<div class=\"elementor-element elementor-element-535555a elementor-widget elementor-widget-text-editor\" data-id=\"535555a\" data-element_type=\"widget\" data-e-type=\"widget\" data-widget_type=\"text-editor.default\">\n\t\t\t\t<div class=\"elementor-widget-container\">\n\t\t\t\t\t\t\t\t\t<p><strong>Aufl\u00f6sung der Tr\u00e4gerorganisation Gespannfahren<\/strong><br \/>Im Januar 2024 hat sich die Tr\u00e4gerorganisation Schweizerischer Verband f\u00fcr Gespannfahrer (SVGF) aufgel\u00f6st. Lehrvertr\u00e4ge mit dem Schwerpunkt Gespannfahren k\u00f6nnen trotzdem abgeschlossen werden. Im Vorstand und in den Kommissionen ist das Gespannfahren weiterhin mit Expertinnen und Experten vertreten.<\/p><p>Aufgrund dieser Aufl\u00f6sung war eine Anpassung der Statuten notwendig. Die Delegierten waren mit den vorgeschlagenen \u00c4nderungen einverstanden. Damit gibt es eine Verschiebung im Stimmverh\u00e4ltnis der Delegierten.<\/p><p><strong>Wahlen des Vorstands<\/strong><br \/>Daniel W\u00fcthrich tritt aus dem Vorstand zur\u00fcck. Daniela H\u00e4uptle wurde neu als Vertreterin des Gespannfahrens vorgeschlagen und einstimmig in den Vorstand gew\u00e4hlt. Als Spezialistin der Pferdebranche mit eidgen\u00f6ssischem Fachausweis und Pr\u00fcfungsexpertin f\u00fcr die berufliche Grundbildung ist sie in die Belange der OdA PBS schon involviert. Sie arbeitet zudem seit 17 Jahren beim Schweizer Nationalgest\u00fct in Avenches.<\/p><p>Die Delegierten best\u00e4tigten zudem Simone Reiss als Repr\u00e4sentantin des Swiss Western Riding Association (SWRA) f\u00fcr weitere vier Jahre im Vorstand. Die Pr\u00e4sidentin des SWRA ist seit zw\u00f6lf Jahren Mitglied des Vorstands der OdA PBS.<\/p><p><strong>Rechnungs- und Gesch\u00e4ftspr\u00fcfungskommission (GPK)<\/strong><br \/>Bei der GPK gab es Wahlen aufgrund diverser R\u00fccktritte: Jean-Pierre Kratzer, Pr\u00e4sident der GPK und Vertreter des Schweizer Pferderennsport-Verbands (SPV), tritt nach 19 Jahren aus der GPK zur\u00fcck. Die Vertretung des SPV bleibt bis auf weiteres vakant. Ebenfalls zur\u00fcckgetreten sind Christian Steinmann von Swiss Horse Professionals (SHP) und Luz Sozzi von Pferdegest\u00fctzte Interventionen Schweiz (PI-CH). F\u00fcr das jeweils verbleibende Amtsjahr w\u00e4hlten die Delegierten Silvia Burgermeister (PI-CH) und Corinne Rapold (SHP).<\/p><p>Alle Teilnehmenden begl\u00fcckw\u00fcnschten alle neu gew\u00e4hlten Personen und w\u00fcnschten viel Erfolg in ihrer Funktion. Der Pr\u00e4sident Derek Frank bedankte sich bei den zur\u00fcckgetretenen Personen ganz herzlich f\u00fcr die stets gute Zusammenarbeit und ihr Engagement.<\/p><p><strong>Zusammenarbeit Gesch\u00e4ftsstelle<\/strong><br \/>Romeo Musio informierte die Delegierten zus\u00e4tzlich \u00fcber den Stand der Zusammenarbeit mit der Gesch\u00e4ftsstelle. Er informierte auch \u00fcber den angehenden Strategieprozess, welchen die Mitglieder des Vorstands angestossen haben.<\/p>\t\t\t\t\t\t\t\t<\/div>\n\t\t\t\t<\/div>\n\t\t\t\t\t<\/div>\n\t\t<\/div>\n\t\t\t\t\t<\/div>\n\t\t<\/section>\n\t\t\t\t<\/div>\n\t\t","protected":false},"excerpt":{"rendered":"<p>19. Delegiertenversammlung der OdA Pferdeberufe Schweiz Aufl\u00f6sung der Tr\u00e4gerorganisation GespannfahrenIm Januar 2024 hat sich die Tr\u00e4gerorganisation Schweizerischer Verband f\u00fcr Gespannfahrer (SVGF) aufgel\u00f6st. Lehrvertr\u00e4ge mit dem Schwerpunkt Gespannfahren k\u00f6nnen trotzdem abgeschlossen &#8230; <a title=\"19. Delegiertenversammlung der OdA Pferdeberufe Schweiz\" class=\"read-more\" href=\"https:\/\/pferdeberufe.ch\/de\/news\/19-dv-2024\/\" aria-label=\"Mehr Informationen \u00fcber 19. Delegiertenversammlung der OdA Pferdeberufe Schweiz\">Weiterlesen<\/a><\/p>\n","protected":false},"author":4,"featured_media":0,"parent":4135,"menu_order":39,"comment_status":"closed","ping_status":"closed","template":"","meta":{"footnotes":""},"class_list":["post-10223","page","type-page","status-publish"],"publishpress_future_action":{"enabled":false,"date":"2026-05-12 07:18:22","action":"change-status","newStatus":"draft","terms":[],"taxonomy":"translation_priority","extraData":[]},"publishpress_future_workflow_manual_trigger":{"enabledWorkflows":[]},"_links":{"self":[{"href":"https:\/\/pferdeberufe.ch\/de\/wp-json\/wp\/v2\/pages\/10223","targetHints":{"allow":["GET"]}}],"collection":[{"href":"https:\/\/pferdeberufe.ch\/de\/wp-json\/wp\/v2\/pages"}],"about":[{"href":"https:\/\/pferdeberufe.ch\/de\/wp-json\/wp\/v2\/types\/page"}],"author":[{"embeddable":true,"href":"https:\/\/pferdeberufe.ch\/de\/wp-json\/wp\/v2\/users\/4"}],"replies":[{"embeddable":true,"href":"https:\/\/pferdeberufe.ch\/de\/wp-json\/wp\/v2\/comments?post=10223"}],"version-history":[{"count":4,"href":"https:\/\/pferdeberufe.ch\/de\/wp-json\/wp\/v2\/pages\/10223\/revisions"}],"predecessor-version":[{"id":10232,"href":"https:\/\/pferdeberufe.ch\/de\/wp-json\/wp\/v2\/pages\/10223\/revisions\/10232"}],"up":[{"embeddable":true,"href":"https:\/\/pferdeberufe.ch\/de\/wp-json\/wp\/v2\/pages\/4135"}],"wp:attachment":[{"href":"https:\/\/pferdeberufe.ch\/de\/wp-json\/wp\/v2\/media?parent=10223"}],"curies":[{"name":"wp","href":"https:\/\/api.w.org\/{rel}","templated":true}]}}