
{"id":10466,"date":"2024-08-06T08:35:55","date_gmt":"2024-08-06T06:35:55","guid":{"rendered":"https:\/\/pferdeberufe.ch\/?page_id=10466"},"modified":"2024-09-24T16:42:57","modified_gmt":"2024-09-24T14:42:57","slug":"swissskills-2025-2","status":"publish","type":"page","link":"https:\/\/pferdeberufe.ch\/de\/news\/swissskills-2025-2\/","title":{"rendered":"Start Lehrbeginn nach neuer Bildungsverordnung"},"content":{"rendered":"\t\t<div data-elementor-type=\"wp-page\" data-elementor-id=\"10466\" class=\"elementor elementor-10466\" data-elementor-post-type=\"page\">\n\t\t\t\t\t\t<section class=\"elementor-section elementor-top-section elementor-element elementor-element-1eb722d2 elementor-section-boxed elementor-section-height-default elementor-section-height-default\" data-id=\"1eb722d2\" data-element_type=\"section\" data-e-type=\"section\">\n\t\t\t\t\t\t<div class=\"elementor-container elementor-column-gap-default\">\n\t\t\t\t\t<div class=\"elementor-column elementor-col-100 elementor-top-column elementor-element elementor-element-4496a76a\" data-id=\"4496a76a\" data-element_type=\"column\" data-e-type=\"column\">\n\t\t\t<div class=\"elementor-widget-wrap elementor-element-populated\">\n\t\t\t\t\t\t<div class=\"elementor-element elementor-element-9f1e0a0 elementor-widget elementor-widget-text-editor\" data-id=\"9f1e0a0\" data-element_type=\"widget\" data-e-type=\"widget\" data-widget_type=\"text-editor.default\">\n\t\t\t\t<div class=\"elementor-widget-container\">\n\t\t\t\t\t\t\t\t\t<h2 class=\"elementor-heading-title elementor-size-default elementor-inline-editing pen\" contenteditable=\"true\" data-elementor-setting-key=\"titel\" data-pen-placeholder=\"Eingabe hier...\"><span style=\"color: #ff0000;\">Start Lehrbeginn <\/span>nach neuer Bildungsverordnung<\/h2>\t\t\t\t\t\t\t\t<\/div>\n\t\t\t\t<\/div>\n\t\t\t\t\t<\/div>\n\t\t<\/div>\n\t\t\t\t\t<\/div>\n\t\t<\/section>\n\t\t\t\t<section class=\"elementor-section elementor-top-section elementor-element elementor-element-45d561bb elementor-section-full_width elementor-section-height-default elementor-section-height-default\" data-id=\"45d561bb\" data-element_type=\"section\" data-e-type=\"section\">\n\t\t\t\t\t\t<div class=\"elementor-container elementor-column-gap-no\">\n\t\t\t\t\t<div class=\"elementor-column elementor-col-100 elementor-top-column elementor-element elementor-element-091b3c3\" data-id=\"091b3c3\" data-element_type=\"column\" data-e-type=\"column\">\n\t\t\t<div class=\"elementor-widget-wrap elementor-element-populated\">\n\t\t\t\t\t\t<div class=\"elementor-element elementor-element-541f39c elementor-widget elementor-widget-image\" data-id=\"541f39c\" data-element_type=\"widget\" data-e-type=\"widget\" data-widget_type=\"image.default\">\n\t\t\t\t<div class=\"elementor-widget-container\">\n\t\t\t\t\t\t\t\t\t\t\t\t\t\t\t<img fetchpriority=\"high\" decoding=\"async\" width=\"768\" height=\"511\" src=\"https:\/\/pferdeberufe.ch\/wp-content\/smush-avif\/Neue-Bivo-1-768x511.jpg.avif\" class=\"attachment-medium_large size-medium_large wp-image-10472\" alt=\"\" srcset=\"https:\/\/pferdeberufe.ch\/wp-content\/smush-avif\/Neue-Bivo-1-768x511.jpg.avif 768w, https:\/\/pferdeberufe.ch\/wp-content\/smush-avif\/Neue-Bivo-1-300x199.jpg.avif 300w, https:\/\/pferdeberufe.ch\/wp-content\/smush-avif\/Neue-Bivo-1-1024x681.jpg.avif 1024w, https:\/\/pferdeberufe.ch\/wp-content\/smush-avif\/Neue-Bivo-1-1536x1021.jpg.avif 1536w, https:\/\/pferdeberufe.ch\/wp-content\/smush-avif\/Neue-Bivo-1-2048x1362.jpg.avif 2048w\" sizes=\"(max-width: 768px) 100vw, 768px\" \/>\t\t\t\t\t\t\t\t\t\t\t\t\t\t\t<\/div>\n\t\t\t\t<\/div>\n\t\t\t\t<div class=\"elementor-element elementor-element-535555a elementor-widget elementor-widget-text-editor\" data-id=\"535555a\" data-element_type=\"widget\" data-e-type=\"widget\" data-widget_type=\"text-editor.default\">\n\t\t\t\t<div class=\"elementor-widget-container\">\n\t\t\t\t\t\t\t\t\t<p>Wer diesen Sommer 2024 die Berufslehre in der Pferdebranche regul\u00e4r startet, tut dies nach den neuen Bildungsverordnungen. Diese sind seit dem 1. Januar 2024 in Kraft und kommen damit zum ersten Mal zur Anwendung. Das Revisionsprojekt der beruflichen Grundbildungen der Pferdeberufe ist somit in der Umsetzung.<\/p>\n<p>Per 1. Januar 2024 setzte das Sekretariat f\u00fcr Bildung, Forschung und Innovation die Bildungsverordnung \u00fcber die berufliche Grundbildung Pferdefachfrau \/ Pferdefachmann mit eidgen\u00f6ssischem F\u00e4higkeitszeugnis (EFZ) und Pferdewartin \/ Pferdewart mit eidgen\u00f6ssischem Berufsattest (EBA) in Kraft. Neue Lehrvertr\u00e4ge, welche f\u00fcr das erste Lehrjahr ab Sommer 2024 unterzeichnet werden, richten sich nach diesen Vorgaben.<\/p>\n<p><strong>Wichtigste \u00c4nderungen EFZ<\/strong><br \/>Neu gibt es in den Pferdeberufen mit einem EFZ keine Fachrichtungen mehr, sondern Schwerpunkte. Statt der Fachrichtung Pferdepflege gibt es nun den Schwerpunkt Betreuung und Dienstleistung. Die Schwerpunkte heissen neu wie folgt:<\/p>\n<ul>\n<li>Betreuung und Dienstleistung<\/li>\n<li>klassisches Reiten<\/li>\n<li>Westernreiten<\/li>\n<li>Gangpferdereiten<\/li>\n<li>Gespannfahren<\/li>\n<li>Pferderennsport<\/li>\n<\/ul>\n<p>Die Anzahl der Lektionen der schwerpunktspezifischen Handlungskompetenzen an den Berufsschulen wurde reduziert. Der Hauptunterschied der Schwerpunkte liegt darin, dass im Qualifikationsprozess unter anderem das Reiten bzw. Fahren und Unterrichten im jeweiligen Schwerpunkt gepr\u00fcft werden. Die allgemeinen Handlungskompetenzen sind bei allen Schwerpunkten gleich.<\/p>\n<p><strong>Aktualisierung beim EBA<\/strong><br \/>Die Handlungskompetenzen EBA wurden ebenfalls angepasst. Es wird weiterhin m\u00f6glich sein, nach dem EBA im zweiten Lehrjahr f\u00fcr das EFZ einzusteigen.<\/p>\n<p><strong>Neues Lehrmittel<\/strong><br \/>Aufgrund der Revision der Bildungsverordnung wurde auch ein neues Lehrmittel erarbeitet. Dies basiert auf dem neuen Bildungsplan. Neu wird das Lehrmittel am Anfang des Lehrbeginns abgegeben und ist f\u00fcr alle drei Lehrjahre g\u00fcltig. Es steht digital als PDF zur Verf\u00fcgung. In der zweij\u00e4hrigen Lehre wird das Lehrmittel neu ebenfalls als PDF abgegeben.<br \/>Die OdA Pferdeberufe Schweiz stellt das Lehrmittel auch franz\u00f6sisch zur Verf\u00fcgung. Aufgrund der Bestrebungen, die Ausbildung mit EFZ auch im Tessin anzubieten, wird das Lehrmittel auch ins Italienische \u00fcbersetzt.<br \/>Das neue Lehrmittel kann ab August 2024 im <a href=\"https:\/\/pferdeberufe.ch\/de\/shop\/\" target=\"_blank\" rel=\"noopener\">Shop<\/a>\u00a0bezogen werden.<\/p>\n<p><strong>Rollende Umsetzung<\/strong><br \/>Die \u00fcberbetrieblichen Kurse (\u00fcKs) werden nach Bedarf umgesetzt. So ist die OdA Pferdeberufe Schweiz dieses Jahr damit besch\u00e4ftigt, die \u00fcKs des ersten Lehrjahrs zu planen und zu schulen. Das Qualifikationsverfahren wird zum ersten Mal im Fr\u00fchling 2026 f\u00fcr EBA-Lernende und 2027 f\u00fcr EFZ-Lernende durchgef\u00fchrt.<\/p>\n<p><strong>Angefangene und abgeschlossene Ausbildungen<\/strong><br \/>Lernende, welche diesen Sommer im zweiten oder dritten Lehrjahr anfangen, sind von den Neuerungen nicht betroffen. Die bisherigen EBAs und EFZs haben weiterhin G\u00fcltigkeit und sind den Abschl\u00fcssen nach den neuen Bildungsverordnungen gleichgestellt.<\/p>\t\t\t\t\t\t\t\t<\/div>\n\t\t\t\t<\/div>\n\t\t\t\t<div class=\"elementor-element elementor-element-8f556b9 elementor-align-center elementor-widget elementor-widget-button\" data-id=\"8f556b9\" data-element_type=\"widget\" data-e-type=\"widget\" data-widget_type=\"button.default\">\n\t\t\t\t<div class=\"elementor-widget-container\">\n\t\t\t\t\t\t\t\t\t<div class=\"elementor-button-wrapper\">\n\t\t\t\t\t<a class=\"elementor-button elementor-button-link elementor-size-sm\" href=\"https:\/\/pferdeberufe.ch\/de\/1-lehrjahr-2024-2025\/\" target=\"_blank\">\n\t\t\t\t\t\t<span class=\"elementor-button-content-wrapper\">\n\t\t\t\t\t\t\t\t\t<span class=\"elementor-button-text\">Alle Dokumente nach neuem Bildungsplan<\/span>\n\t\t\t\t\t<\/span>\n\t\t\t\t\t<\/a>\n\t\t\t\t<\/div>\n\t\t\t\t\t\t\t\t<\/div>\n\t\t\t\t<\/div>\n\t\t\t\t\t<\/div>\n\t\t<\/div>\n\t\t\t\t\t<\/div>\n\t\t<\/section>\n\t\t\t\t<\/div>\n\t\t","protected":false},"excerpt":{"rendered":"<p>Start Lehrbeginn nach neuer Bildungsverordnung Wer diesen Sommer 2024 die Berufslehre in der Pferdebranche regul\u00e4r startet, tut dies nach den neuen Bildungsverordnungen. Diese sind seit dem 1. Januar 2024 in &#8230; <a title=\"Start Lehrbeginn nach neuer Bildungsverordnung\" class=\"read-more\" href=\"https:\/\/pferdeberufe.ch\/de\/news\/swissskills-2025-2\/\" aria-label=\"Mehr Informationen \u00fcber Start Lehrbeginn nach neuer Bildungsverordnung\">Weiterlesen<\/a><\/p>\n","protected":false},"author":4,"featured_media":0,"parent":4135,"menu_order":39,"comment_status":"closed","ping_status":"closed","template":"","meta":{"footnotes":""},"class_list":["post-10466","page","type-page","status-publish"],"publishpress_future_action":{"enabled":false,"date":"2026-04-29 10:30:26","action":"change-status","newStatus":"draft","terms":[],"taxonomy":"translation_priority","extraData":[]},"publishpress_future_workflow_manual_trigger":{"enabledWorkflows":[]},"_links":{"self":[{"href":"https:\/\/pferdeberufe.ch\/de\/wp-json\/wp\/v2\/pages\/10466","targetHints":{"allow":["GET"]}}],"collection":[{"href":"https:\/\/pferdeberufe.ch\/de\/wp-json\/wp\/v2\/pages"}],"about":[{"href":"https:\/\/pferdeberufe.ch\/de\/wp-json\/wp\/v2\/types\/page"}],"author":[{"embeddable":true,"href":"https:\/\/pferdeberufe.ch\/de\/wp-json\/wp\/v2\/users\/4"}],"replies":[{"embeddable":true,"href":"https:\/\/pferdeberufe.ch\/de\/wp-json\/wp\/v2\/comments?post=10466"}],"version-history":[{"count":8,"href":"https:\/\/pferdeberufe.ch\/de\/wp-json\/wp\/v2\/pages\/10466\/revisions"}],"predecessor-version":[{"id":10757,"href":"https:\/\/pferdeberufe.ch\/de\/wp-json\/wp\/v2\/pages\/10466\/revisions\/10757"}],"up":[{"embeddable":true,"href":"https:\/\/pferdeberufe.ch\/de\/wp-json\/wp\/v2\/pages\/4135"}],"wp:attachment":[{"href":"https:\/\/pferdeberufe.ch\/de\/wp-json\/wp\/v2\/media?parent=10466"}],"curies":[{"name":"wp","href":"https:\/\/api.w.org\/{rel}","templated":true}]}}