
{"id":10735,"date":"2024-09-24T16:45:24","date_gmt":"2024-09-24T14:45:24","guid":{"rendered":"https:\/\/pferdeberufe.ch\/?page_id=10735"},"modified":"2024-12-19T15:32:31","modified_gmt":"2024-12-19T14:32:31","slug":"swissskills-2025","status":"publish","type":"page","link":"https:\/\/pferdeberufe.ch\/de\/news\/swissskills-2025\/","title":{"rendered":"Die OdA Pferdeberufe Schweiz an der SwissSkills"},"content":{"rendered":"\t\t<div data-elementor-type=\"wp-page\" data-elementor-id=\"10735\" class=\"elementor elementor-10735\" data-elementor-post-type=\"page\">\n\t\t\t\t\t\t<section class=\"elementor-section elementor-top-section elementor-element elementor-element-1eb722d2 elementor-section-boxed elementor-section-height-default elementor-section-height-default\" data-id=\"1eb722d2\" data-element_type=\"section\" data-e-type=\"section\">\n\t\t\t\t\t\t<div class=\"elementor-container elementor-column-gap-default\">\n\t\t\t\t\t<div class=\"elementor-column elementor-col-100 elementor-top-column elementor-element elementor-element-4496a76a\" data-id=\"4496a76a\" data-element_type=\"column\" data-e-type=\"column\">\n\t\t\t<div class=\"elementor-widget-wrap elementor-element-populated\">\n\t\t\t\t\t\t<div class=\"elementor-element elementor-element-9f1e0a0 elementor-widget elementor-widget-text-editor\" data-id=\"9f1e0a0\" data-element_type=\"widget\" data-e-type=\"widget\" data-widget_type=\"text-editor.default\">\n\t\t\t\t<div class=\"elementor-widget-container\">\n\t\t\t\t\t\t\t\t\t<h2>Die OdA Pferdeberufe Schweiz an der <span style=\"color: #ff0000;\">SwissSkills<\/span><\/h2>\t\t\t\t\t\t\t\t<\/div>\n\t\t\t\t<\/div>\n\t\t\t\t\t<\/div>\n\t\t<\/div>\n\t\t\t\t\t<\/div>\n\t\t<\/section>\n\t\t\t\t<section class=\"elementor-section elementor-top-section elementor-element elementor-element-45d561bb elementor-section-full_width elementor-section-height-default elementor-section-height-default\" data-id=\"45d561bb\" data-element_type=\"section\" data-e-type=\"section\">\n\t\t\t\t\t\t<div class=\"elementor-container elementor-column-gap-no\">\n\t\t\t\t\t<div class=\"elementor-column elementor-col-100 elementor-top-column elementor-element elementor-element-091b3c3\" data-id=\"091b3c3\" data-element_type=\"column\" data-e-type=\"column\">\n\t\t\t<div class=\"elementor-widget-wrap elementor-element-populated\">\n\t\t\t\t\t\t<div class=\"elementor-element elementor-element-541f39c elementor-widget elementor-widget-image\" data-id=\"541f39c\" data-element_type=\"widget\" data-e-type=\"widget\" data-widget_type=\"image.default\">\n\t\t\t\t<div class=\"elementor-widget-container\">\n\t\t\t\t\t\t\t\t\t\t\t\t\t\t\t<img decoding=\"async\" src=\"https:\/\/pferdeberufe.ch\/wp-content\/smush-avif\/Logo-SwissSkills-2025.png.avif\" title=\"\" alt=\"\" loading=\"lazy\" \/>\t\t\t\t\t\t\t\t\t\t\t\t\t\t\t<\/div>\n\t\t\t\t<\/div>\n\t\t\t\t<div class=\"elementor-element elementor-element-535555a elementor-widget__width-initial elementor-widget elementor-widget-text-editor\" data-id=\"535555a\" data-element_type=\"widget\" data-e-type=\"widget\" data-widget_type=\"text-editor.default\">\n\t\t\t\t<div class=\"elementor-widget-container\">\n\t\t\t\t\t\t\t\t\t<p>Vom 17. bis 21. September 2025 wird die SwillSkills in Bern stattfinden. Es ist der gr\u00f6sste Event der Schweiz, an dem 150 Berufe vorgestellt werden. Nach der sehr gelungenen Teilnahme an der SwissSkills 2022 hat der Vorstand der OdA Pferdeberufe Schweiz entschieden, bei der n\u00e4chsten Ausgabe auch wieder mit dabei zu sein.<\/p><p>Wie schon 2022 sollen die verschiedenen Schwerpunkte auch erlebt werden k\u00f6nnen. Auch ist geplant, dass Lernende am Stand den Sch\u00fclerinnen und Sch\u00fclern sowie Berufsbildende Auskunft \u00fcber den Beruf geben werden. Im Januar werden die Lernenden zur Mitarbeit an der SwissSkills 2025 eingeladen.<\/p><p>Reservieren Sie sich jetzt schon den Termin und besuchen Sie uns an unserem Stand.<\/p>\t\t\t\t\t\t\t\t<\/div>\n\t\t\t\t<\/div>\n\t\t\t\t\t<\/div>\n\t\t<\/div>\n\t\t\t\t\t<\/div>\n\t\t<\/section>\n\t\t\t\t<section class=\"elementor-section elementor-top-section elementor-element elementor-element-49dcdc7 elementor-section-boxed elementor-section-height-default elementor-section-height-default\" data-id=\"49dcdc7\" data-element_type=\"section\" data-e-type=\"section\">\n\t\t\t\t\t\t<div class=\"elementor-container elementor-column-gap-default\">\n\t\t\t\t\t<div class=\"elementor-column elementor-col-100 elementor-top-column elementor-element elementor-element-d901192\" data-id=\"d901192\" data-element_type=\"column\" data-e-type=\"column\">\n\t\t\t<div class=\"elementor-widget-wrap elementor-element-populated\">\n\t\t\t\t\t\t<div class=\"elementor-element elementor-element-72d3316 elementor-widget elementor-widget-image\" data-id=\"72d3316\" data-element_type=\"widget\" data-e-type=\"widget\" data-widget_type=\"image.default\">\n\t\t\t\t<div class=\"elementor-widget-container\">\n\t\t\t\t\t\t\t\t\t\t\t\t\t\t\t<img fetchpriority=\"high\" decoding=\"async\" width=\"1024\" height=\"683\" src=\"https:\/\/pferdeberufe.ch\/wp-content\/smush-avif\/2024_09_24_Bild_SwissSkills_StandOdA-1024x683.jpg.avif\" class=\"attachment-large size-large wp-image-10732\" alt=\"\" srcset=\"https:\/\/pferdeberufe.ch\/wp-content\/smush-avif\/2024_09_24_Bild_SwissSkills_StandOdA-1024x683.jpg.avif 1024w, https:\/\/pferdeberufe.ch\/wp-content\/smush-avif\/2024_09_24_Bild_SwissSkills_StandOdA-300x200.jpg.avif 300w, https:\/\/pferdeberufe.ch\/wp-content\/smush-avif\/2024_09_24_Bild_SwissSkills_StandOdA-768x512.jpg.avif 768w, https:\/\/pferdeberufe.ch\/wp-content\/smush-avif\/2024_09_24_Bild_SwissSkills_StandOdA-1536x1024.jpg.avif 1536w, https:\/\/pferdeberufe.ch\/wp-content\/smush-avif\/2024_09_24_Bild_SwissSkills_StandOdA.jpg.avif 1600w\" sizes=\"(max-width: 1024px) 100vw, 1024px\" \/>\t\t\t\t\t\t\t\t\t\t\t\t\t\t\t<\/div>\n\t\t\t\t<\/div>\n\t\t\t\t\t<\/div>\n\t\t<\/div>\n\t\t\t\t\t<\/div>\n\t\t<\/section>\n\t\t\t\t<\/div>\n\t\t","protected":false},"excerpt":{"rendered":"<p>Die OdA Pferdeberufe Schweiz an der SwissSkills Vom 17. bis 21. September 2025 wird die SwillSkills in Bern stattfinden. Es ist der gr\u00f6sste Event der Schweiz, an dem 150 Berufe &#8230; <a title=\"Die OdA Pferdeberufe Schweiz an der SwissSkills\" class=\"read-more\" href=\"https:\/\/pferdeberufe.ch\/de\/news\/swissskills-2025\/\" aria-label=\"Mehr Informationen \u00fcber Die OdA Pferdeberufe Schweiz an der SwissSkills\">Weiterlesen<\/a><\/p>\n","protected":false},"author":4,"featured_media":0,"parent":4135,"menu_order":39,"comment_status":"closed","ping_status":"closed","template":"","meta":{"footnotes":""},"class_list":["post-10735","page","type-page","status-publish"],"publishpress_future_action":{"enabled":false,"date":"2026-04-12 23:52:18","action":"change-status","newStatus":"draft","terms":[],"taxonomy":"translation_priority","extraData":[]},"publishpress_future_workflow_manual_trigger":{"enabledWorkflows":[]},"_links":{"self":[{"href":"https:\/\/pferdeberufe.ch\/de\/wp-json\/wp\/v2\/pages\/10735","targetHints":{"allow":["GET"]}}],"collection":[{"href":"https:\/\/pferdeberufe.ch\/de\/wp-json\/wp\/v2\/pages"}],"about":[{"href":"https:\/\/pferdeberufe.ch\/de\/wp-json\/wp\/v2\/types\/page"}],"author":[{"embeddable":true,"href":"https:\/\/pferdeberufe.ch\/de\/wp-json\/wp\/v2\/users\/4"}],"replies":[{"embeddable":true,"href":"https:\/\/pferdeberufe.ch\/de\/wp-json\/wp\/v2\/comments?post=10735"}],"version-history":[{"count":25,"href":"https:\/\/pferdeberufe.ch\/de\/wp-json\/wp\/v2\/pages\/10735\/revisions"}],"predecessor-version":[{"id":11375,"href":"https:\/\/pferdeberufe.ch\/de\/wp-json\/wp\/v2\/pages\/10735\/revisions\/11375"}],"up":[{"embeddable":true,"href":"https:\/\/pferdeberufe.ch\/de\/wp-json\/wp\/v2\/pages\/4135"}],"wp:attachment":[{"href":"https:\/\/pferdeberufe.ch\/de\/wp-json\/wp\/v2\/media?parent=10735"}],"curies":[{"name":"wp","href":"https:\/\/api.w.org\/{rel}","templated":true}]}}