
{"id":12448,"date":"2025-02-14T08:23:16","date_gmt":"2025-02-14T07:23:16","guid":{"rendered":"https:\/\/pferdeberufe.ch\/?page_id=12448"},"modified":"2025-02-14T08:34:04","modified_gmt":"2025-02-14T07:34:04","slug":"diverse-auftritte-der-oda-pferdeberufe-schweiz","status":"publish","type":"page","link":"https:\/\/pferdeberufe.ch\/de\/diverse-auftritte-der-oda-pferdeberufe-schweiz\/","title":{"rendered":"Diverse Auftritte der OdA Pferdeberufe Schweiz"},"content":{"rendered":"\t\t<div data-elementor-type=\"wp-page\" data-elementor-id=\"12448\" class=\"elementor elementor-12448\" data-elementor-post-type=\"page\">\n\t\t\t\t\t\t<section class=\"elementor-section elementor-top-section elementor-element elementor-element-b74958e elementor-section-boxed elementor-section-height-default elementor-section-height-default\" data-id=\"b74958e\" data-element_type=\"section\" data-e-type=\"section\">\n\t\t\t\t\t\t<div class=\"elementor-container elementor-column-gap-default\">\n\t\t\t\t\t<div class=\"elementor-column elementor-col-100 elementor-top-column elementor-element elementor-element-0e15223\" data-id=\"0e15223\" data-element_type=\"column\" data-e-type=\"column\">\n\t\t\t<div class=\"elementor-widget-wrap elementor-element-populated\">\n\t\t\t\t\t\t<div class=\"elementor-element elementor-element-e4cc932 elementor-widget elementor-widget-text-editor\" data-id=\"e4cc932\" data-element_type=\"widget\" data-e-type=\"widget\" data-widget_type=\"text-editor.default\">\n\t\t\t\t<div class=\"elementor-widget-container\">\n\t\t\t\t\t\t\t\t\t<p>Die OdA Pferdeberufe Schweiz (OdA PBS) bietet mit ihren sechs Schwerpunkten und zwei Abschl\u00fcssen viele M\u00f6glichkeiten, um Jugendlichen ihren Einstieg in die Welt der Pferde zu erm\u00f6glichen. Berufsmessen sind daher eine gute M\u00f6glichkeit, Jugendlichen und ihren Familien die beruflichen M\u00f6glichkeiten n\u00e4herzubringen. Die OdA PBS hat sich daher entschieden, dieses Jahr wieder an verschiedenen Berufsmessen teilzunehmen.<\/p><h3>OBA in der Ostschweiz<\/h3><p>Die Ostschweizer Bildungs-Ausstellung (OBA) wird vom 28. bis 31. August 2025 auf dem Gel\u00e4nde der Olma in St. Gallen stattfinden. Es ist die gr\u00f6sste Bildungsmesse der Region. Jedes Jahr werden rund 250 Berufe vorgestellt.<\/p><h3>SwissSkills in Bern<\/h3><p>Das Highlight der Berufsmessen dieses Jahr ist gewiss die SwissSkills in Bern. Auch die OdA PBS wird dieses Jahr wieder die Pferdeberufe vorstellen.<\/p><p>Vom 17. bis 21. September 2025 k\u00f6nnen interessierte Sch\u00fclerinnen und Sch\u00fcler die Schwerpunkte interaktiv kennenlernen. So ist geplant, dass die jungen Leute mit dem Rennsimulator das Galoppieren oder mit dem Fahrsimulator das Gespannfahren erleben. Eine 3D-Brille gibt einen Eindruck \u00fcber das Gangpferdereiten. An einem lebensgrossen Pferd \u00fcben M\u00e4dchen und Jungs das Flechten der M\u00e4hne. Besucherinnen und Besucher k\u00f6nnen zudem am Stand die \u00a0Ausr\u00fcstungen der verschiedenen Reitweisen bestaunen.<\/p><p>Dazu k\u00f6nnen die Sch\u00fclerinnen und Sch\u00fcler Fragen stellen, um mehr \u00fcber diesen grossartigen Beruf zu erfahren. Informative Brosch\u00fcren werden nat\u00fcrlich auch zur Verf\u00fcgung gestellt.<\/p><h3>Berufsmesse Lausanne<\/h3><p>Vom 18. bis 23. November 2025 findet der \u00abSalon des M\u00e9tiers\u00bb in Lausanne statt. Die Berufsschule Agrilogie Grange-Verney in Moudon, wird ihre Lehrberufe vorstellen, unter anderem auch die Pferdeberufe.<\/p><p>Wir freuen uns auf ein spannendes Jahr mit vielen interessanten Gespr\u00e4chen.<\/p>\t\t\t\t\t\t\t\t<\/div>\n\t\t\t\t<\/div>\n\t\t\t\t\t<\/div>\n\t\t<\/div>\n\t\t\t\t\t<\/div>\n\t\t<\/section>\n\t\t\t\t<\/div>\n\t\t","protected":false},"excerpt":{"rendered":"<p>Die OdA Pferdeberufe Schweiz (OdA PBS) bietet mit ihren sechs Schwerpunkten und zwei Abschl\u00fcssen viele M\u00f6glichkeiten, um Jugendlichen ihren Einstieg in die Welt der Pferde zu erm\u00f6glichen. Berufsmessen sind daher &#8230; <a title=\"Diverse Auftritte der OdA Pferdeberufe Schweiz\" class=\"read-more\" href=\"https:\/\/pferdeberufe.ch\/de\/diverse-auftritte-der-oda-pferdeberufe-schweiz\/\" aria-label=\"Mehr Informationen \u00fcber Diverse Auftritte der OdA Pferdeberufe Schweiz\">Weiterlesen<\/a><\/p>\n","protected":false},"author":4,"featured_media":0,"parent":0,"menu_order":0,"comment_status":"closed","ping_status":"closed","template":"","meta":{"footnotes":""},"class_list":["post-12448","page","type-page","status-publish"],"publishpress_future_action":{"enabled":false,"date":"2026-05-07 19:18:56","action":"change-status","newStatus":"draft","terms":[],"taxonomy":"translation_priority","extraData":[]},"publishpress_future_workflow_manual_trigger":{"enabledWorkflows":[]},"_links":{"self":[{"href":"https:\/\/pferdeberufe.ch\/de\/wp-json\/wp\/v2\/pages\/12448","targetHints":{"allow":["GET"]}}],"collection":[{"href":"https:\/\/pferdeberufe.ch\/de\/wp-json\/wp\/v2\/pages"}],"about":[{"href":"https:\/\/pferdeberufe.ch\/de\/wp-json\/wp\/v2\/types\/page"}],"author":[{"embeddable":true,"href":"https:\/\/pferdeberufe.ch\/de\/wp-json\/wp\/v2\/users\/4"}],"replies":[{"embeddable":true,"href":"https:\/\/pferdeberufe.ch\/de\/wp-json\/wp\/v2\/comments?post=12448"}],"version-history":[{"count":7,"href":"https:\/\/pferdeberufe.ch\/de\/wp-json\/wp\/v2\/pages\/12448\/revisions"}],"predecessor-version":[{"id":12456,"href":"https:\/\/pferdeberufe.ch\/de\/wp-json\/wp\/v2\/pages\/12448\/revisions\/12456"}],"wp:attachment":[{"href":"https:\/\/pferdeberufe.ch\/de\/wp-json\/wp\/v2\/media?parent=12448"}],"curies":[{"name":"wp","href":"https:\/\/api.w.org\/{rel}","templated":true}]}}