
{"id":12549,"date":"2025-02-27T14:33:29","date_gmt":"2025-02-27T13:33:29","guid":{"rendered":"https:\/\/pferdeberufe.ch\/?page_id=12549"},"modified":"2025-02-27T14:35:53","modified_gmt":"2025-02-27T13:35:53","slug":"swissskills-lernende","status":"publish","type":"page","link":"https:\/\/pferdeberufe.ch\/de\/news\/swissskills-lernende\/","title":{"rendered":"Wir suchen Lernende f\u00fcr die SwissSkills"},"content":{"rendered":"\t\t<div data-elementor-type=\"wp-page\" data-elementor-id=\"12549\" class=\"elementor elementor-12549\" data-elementor-post-type=\"page\">\n\t\t\t\t\t\t<section class=\"elementor-section elementor-top-section elementor-element elementor-element-3301b0b3 elementor-section-boxed elementor-section-height-default elementor-section-height-default\" data-id=\"3301b0b3\" data-element_type=\"section\" data-e-type=\"section\">\n\t\t\t\t\t\t<div class=\"elementor-container elementor-column-gap-default\">\n\t\t\t\t\t<div class=\"elementor-column elementor-col-100 elementor-top-column elementor-element elementor-element-5a27852e\" data-id=\"5a27852e\" data-element_type=\"column\" data-e-type=\"column\">\n\t\t\t<div class=\"elementor-widget-wrap elementor-element-populated\">\n\t\t\t\t\t\t<div class=\"elementor-element elementor-element-bed5fb0 elementor-widget elementor-widget-text-editor\" data-id=\"bed5fb0\" data-element_type=\"widget\" data-e-type=\"widget\" data-widget_type=\"text-editor.default\">\n\t\t\t\t<div class=\"elementor-widget-container\">\n\t\t\t\t\t\t\t\t\t<h2>Wir sind an der SwissSkills 2025 in Bern!<\/h2>\t\t\t\t\t\t\t\t<\/div>\n\t\t\t\t<\/div>\n\t\t\t\t\t<\/div>\n\t\t<\/div>\n\t\t\t\t\t<\/div>\n\t\t<\/section>\n\t\t\t\t<section class=\"elementor-section elementor-top-section elementor-element elementor-element-ad5f924 elementor-section-boxed elementor-section-height-default elementor-section-height-default\" data-id=\"ad5f924\" data-element_type=\"section\" data-e-type=\"section\">\n\t\t\t\t\t\t<div class=\"elementor-container elementor-column-gap-default\">\n\t\t\t\t\t<div class=\"elementor-column elementor-col-100 elementor-top-column elementor-element elementor-element-9209e0b\" data-id=\"9209e0b\" data-element_type=\"column\" data-e-type=\"column\">\n\t\t\t<div class=\"elementor-widget-wrap elementor-element-populated\">\n\t\t\t\t\t\t<div class=\"elementor-element elementor-element-2935ca0 elementor-widget elementor-widget-text-editor\" data-id=\"2935ca0\" data-element_type=\"widget\" data-e-type=\"widget\" data-widget_type=\"text-editor.default\">\n\t\t\t\t<div class=\"elementor-widget-container\">\n\t\t\t\t\t\t\t\t\t<p>Vom 17. bis 21. September 2025 verwandelt sich das BERNEXPO-Areal in die gr\u00f6sste B\u00fchne der Schweizer Berufsbildung! \u00dcber 1&#8217;100 der besten jungen Talente messen sich an den zentralen Berufsmeisterschaften SwissSkills 2025 in mehr als 90 Berufen und k\u00e4mpfen um den Schweizermeistertitel. Doch das ist noch lange nicht alles: Auf einer Fl\u00e4che von 110&#8217;000 m\u00b2 \u2013 das entspricht 15 Fussballfeldern \u2013 erwartet dich eine beeindruckende Erlebniswelt. Hier kannst du \u00fcber 150 Berufe entdecken und selbst ausprobieren. Ob Pferdefachperson, Maurer, B\u00e4ckerin oder Polymechaniker \u2013 f\u00fcr alle ist etwas Spannendes dabei.<\/p><p><strong>Nutze die Chance, Sch\u00fclerinnen und Sch\u00fcler von Deinem Beruf zu \u00fcberzeugen!<\/strong><\/p><p>Wir suchen Lernende, die bereit sind vom Mittwoch, 17. September bis Sonntag, 21. September an unserem Stand in der Halle 14 Sch\u00fclerinnen, Sch\u00fclern und deren Eltern f\u00fcr unsere Pferdeberufe zu begeistern. Dein Einsatz richtet sich nach den \u00d6ffnungszeiten der SwissSkills: Mittwoch bis Samstag: 9 Uhr bis 17 Uhr; Sonntag: 10 Uhr bis 17 Uhr. Ideal sind Tageseins\u00e4tze, Eins\u00e4tze an einem halben Tag sind m\u00f6glich.<\/p><p>Deine Aufgabe ist, Auskunft \u00fcber Deinen Beruf zu erteilen, Fragen der Sch\u00fclerinnen und Sch\u00fcler zu beantworten und jene, zu betreuen, die an unserem Stand aktiv mitmachen wollen.<\/p><p>Dein Einsatz wird entsch\u00e4digt:<br \/>An- und R\u00fcckreise: \u00d6V-Ticket in 2. Klasse ab Wohnort<br \/>Pr\u00e4senz-Stunden: CHF 25 pro geleistete Stunde<\/p><p><strong>Interessiert?<\/strong><\/p><p>Besprich Dein Interesse mit Deinem Lehrbetrieb, er muss Dir die n\u00f6tige Zeit zu Verf\u00fcgung stellen. Melde Dein Interesse per Mail an: <a href=\"mailto:h.strehler@pferdeberufe.ch\" target=\"_blank\" rel=\"noopener\">h.strehler@pferdeberufe.ch<\/a><\/p><p>Und gib uns folgende Angaben: Vorname, Name, Adresse, Lehrjahr, Lehrbetrieb, Fachrichtung\/Schwerpunkt, m\u00f6glicher, gew\u00fcnschter Einsatztag.<\/p><p>Nach Eingang der Meldungen werden wir eine Planung erstellen, je nach Zahl der Meldungen k\u00f6nnen wir m\u00f6glicherweise nicht alle Interessierten ber\u00fccksichtigen, daf\u00fcr bitten wir um Verst\u00e4ndnis.<\/p><p>Mehr \u00fcber die SwissSkills 2025: <a href=\"https:\/\/swiss-skills2025.ch\/de\" target=\"_blank\" rel=\"noopener\">https:\/\/swiss-skills2025.ch\/de<\/a><\/p><p><strong>Nutze die Gelegenheit, die SwissSkills 2025 zu erleben! Wir freuen uns auf Deine Anmeldung!<\/strong><\/p>\t\t\t\t\t\t\t\t<\/div>\n\t\t\t\t<\/div>\n\t\t\t\t\t<\/div>\n\t\t<\/div>\n\t\t\t\t\t<\/div>\n\t\t<\/section>\n\t\t\t\t<\/div>\n\t\t","protected":false},"excerpt":{"rendered":"<p>Wir sind an der SwissSkills 2025 in Bern! Vom 17. bis 21. September 2025 verwandelt sich das BERNEXPO-Areal in die gr\u00f6sste B\u00fchne der Schweizer Berufsbildung! \u00dcber 1&#8217;100 der besten jungen &#8230; <a title=\"Wir suchen Lernende f\u00fcr die SwissSkills\" class=\"read-more\" href=\"https:\/\/pferdeberufe.ch\/de\/news\/swissskills-lernende\/\" aria-label=\"Mehr Informationen \u00fcber Wir suchen Lernende f\u00fcr die SwissSkills\">Weiterlesen<\/a><\/p>\n","protected":false},"author":4,"featured_media":0,"parent":4135,"menu_order":14,"comment_status":"closed","ping_status":"closed","template":"elementor_header_footer","meta":{"footnotes":""},"class_list":["post-12549","page","type-page","status-publish"],"publishpress_future_action":{"enabled":false,"date":"2026-05-24 00:09:28","action":"change-status","newStatus":"draft","terms":[],"taxonomy":"translation_priority","extraData":[]},"publishpress_future_workflow_manual_trigger":{"enabledWorkflows":[]},"_links":{"self":[{"href":"https:\/\/pferdeberufe.ch\/de\/wp-json\/wp\/v2\/pages\/12549","targetHints":{"allow":["GET"]}}],"collection":[{"href":"https:\/\/pferdeberufe.ch\/de\/wp-json\/wp\/v2\/pages"}],"about":[{"href":"https:\/\/pferdeberufe.ch\/de\/wp-json\/wp\/v2\/types\/page"}],"author":[{"embeddable":true,"href":"https:\/\/pferdeberufe.ch\/de\/wp-json\/wp\/v2\/users\/4"}],"replies":[{"embeddable":true,"href":"https:\/\/pferdeberufe.ch\/de\/wp-json\/wp\/v2\/comments?post=12549"}],"version-history":[{"count":5,"href":"https:\/\/pferdeberufe.ch\/de\/wp-json\/wp\/v2\/pages\/12549\/revisions"}],"predecessor-version":[{"id":12554,"href":"https:\/\/pferdeberufe.ch\/de\/wp-json\/wp\/v2\/pages\/12549\/revisions\/12554"}],"up":[{"embeddable":true,"href":"https:\/\/pferdeberufe.ch\/de\/wp-json\/wp\/v2\/pages\/4135"}],"wp:attachment":[{"href":"https:\/\/pferdeberufe.ch\/de\/wp-json\/wp\/v2\/media?parent=12549"}],"curies":[{"name":"wp","href":"https:\/\/api.w.org\/{rel}","templated":true}]}}