
{"id":13004,"date":"2025-05-02T17:09:51","date_gmt":"2025-05-02T15:09:51","guid":{"rendered":"https:\/\/pferdeberufe.ch\/?page_id=13004"},"modified":"2026-04-17T09:32:16","modified_gmt":"2026-04-17T07:32:16","slug":"anpassung-equidenrechnung","status":"publish","type":"page","link":"https:\/\/pferdeberufe.ch\/de\/anpassung-equidenrechnung\/","title":{"rendered":"Anpassung Equidenrechnung"},"content":{"rendered":"<div class=\"frm_forms  with_frm_style frm_style_formidable-style\" id=\"frm_form_26_container\" data-token=\"2c0ff5f6e71622cf0c5136425df84d7d\">\n<form enctype=\"multipart\/form-data\" method=\"post\" class=\"frm-show-form  frm_pro_form \" id=\"form_anpassung-equiden-rechnung\" data-token=\"2c0ff5f6e71622cf0c5136425df84d7d\">\n<div class=\"frm_form_fields \">\n<fieldset>\n<legend class=\"frm_screen_reader\">Anpassung Equiden Rechnung<\/legend>\r\n<h3 class=\"frm_form_title\">Anpassung Equiden Rechnung<\/h3>\r\n<div class=\"frm_fields_container\">\n<input type=\"hidden\" name=\"frm_action\" value=\"create\" \/>\n<input type=\"hidden\" name=\"form_id\" value=\"26\" \/>\n<input type=\"hidden\" name=\"frm_hide_fields_26\" id=\"frm_hide_fields_26\" value=\"\" \/>\n<input type=\"hidden\" name=\"form_key\" value=\"anpassung-equiden-rechnung\" \/>\n<input type=\"hidden\" name=\"item_meta[0]\" value=\"\" \/>\n<input type=\"hidden\" id=\"frm_submit_entry_26\" name=\"frm_submit_entry_26\" value=\"c904d496e6\" \/><input type=\"hidden\" name=\"_wp_http_referer\" value=\"\/de\/wp-json\/wp\/v2\/pages\/13004\" \/><div id=\"frm_field_410_container\" class=\"frm_form_field form-field  frm_required_field frm_top_container\">\r\n\t<div  id=\"field_baoi6_label\" class=\"frm_primary_label\">Name\r\n\t\t<span class=\"frm_required\" aria-hidden=\"true\">*<\/span>\r\n\t<\/div>\r\n\t<fieldset aria-labelledby=\"field_baoi6_label\">\n\t<legend class=\"frm_screen_reader frm_hidden\">\n\t\tName\t<\/legend>\n\n\t<div  class=\"frm_combo_inputs_container\" id=\"frm_combo_inputs_container_410\" data-name-layout=\"last_first\">\n\t\t\t\t\t<div\n\t\t\t\tid=\"frm_field_410-last_container\"\n\t\t\t\tclass=\"frm_form_field form-field frm_form_subfield-last  frm6\"\n\t\t\t\tdata-sub-field-name=\"last\"\n\t\t\t>\n\t\t\t\t<label for=\"field_baoi6_last\" class=\"frm_screen_reader frm_hidden\">\n\t\t\t\t\tNachname\t\t\t\t<\/label>\n\n\t\t\t\t<input  type=\"text\" id=\"field_baoi6_last\" value=\"\" name=\"item_meta[410][last]\" autocomplete=\"family-name\" data-reqmsg=\"Dieses Feld darf nicht leer sein.\" aria-required=\"true\" data-invmsg=\"Name ist ung\u00fcltig\" aria-invalid=\"false\"  \/><div class=\"frm_description\" id=\"frm_field_410_last_desc\">Nachname<\/div>\t\t\t<\/div>\n\t\t\t\t\t\t<div\n\t\t\t\tid=\"frm_field_410-first_container\"\n\t\t\t\tclass=\"frm_form_field form-field frm_form_subfield-first  frm6\"\n\t\t\t\tdata-sub-field-name=\"first\"\n\t\t\t>\n\t\t\t\t<label for=\"field_baoi6_first\" class=\"frm_screen_reader frm_hidden\">\n\t\t\t\t\tVorname\t\t\t\t<\/label>\n\n\t\t\t\t<input  type=\"text\" id=\"field_baoi6_first\" value=\"\" name=\"item_meta[410][first]\" autocomplete=\"given-name\" data-reqmsg=\"Dieses Feld darf nicht leer sein.\" aria-required=\"true\" data-invmsg=\"Name ist ung\u00fcltig\" aria-invalid=\"false\"  \/><div class=\"frm_description\" id=\"frm_field_410_first_desc\">Vorname<\/div>\t\t\t<\/div>\n\t\t\t\t<\/div>\n<\/fieldset>\n\r\n\t\r\n\t\r\n<\/div>\n<div id=\"frm_field_411_container\" class=\"frm_form_field form-field  frm_required_field frm_top_container frm6 frm_first\">\r\n\t<label for=\"field_jrgi\" id=\"field_jrgi_label\" class=\"frm_primary_label\">Rechnungsnummer Berufsbildungsfonds\r\n\t\t<span class=\"frm_required\" aria-hidden=\"true\">*<\/span>\r\n\t<\/label>\r\n\t<input  type=\"text\" id=\"field_jrgi\" name=\"item_meta[411]\" value=\"\"  data-reqmsg=\"Dieses Feld darf nicht leer sein.\" aria-required=\"true\" data-invmsg=\"Rechnungsnummer Berufsbildungsfonds ist ung\u00fcltig\" aria-invalid=\"false\"   \/>\r\n\t\r\n\t\r\n<\/div>\n<div id=\"frm_field_419_container\" class=\"frm_form_field form-field  frm_required_field frm_top_container frm6\">\r\n\t<label for=\"field_d7t7k\" id=\"field_d7t7k_label\" class=\"frm_primary_label\">E-Mail\r\n\t\t<span class=\"frm_required\" aria-hidden=\"true\">*<\/span>\r\n\t<\/label>\r\n\t<input type=\"email\" id=\"field_d7t7k\" name=\"item_meta[419]\" value=\"\"  autocomplete=\"email\"  data-reqmsg=\"Dieses Feld darf nicht leer sein.\" aria-required=\"true\" data-invmsg=\"E-Mail ist ung\u00fcltig\" aria-invalid=\"false\"  \/>\r\n\t\r\n\t\r\n<\/div>\n<div id=\"frm_field_412_container\" class=\"frm_form_field form-field  frm_top_container frm4 frm_first\">\r\n\t<label for=\"field_29abi\" id=\"field_29abi_label\" class=\"frm_primary_label\">Anzahl eigene Equiden\r\n\t\t<span class=\"frm_required\" aria-hidden=\"true\"><\/span>\r\n\t<\/label>\r\n\t<input  type=\"text\" id=\"field_29abi\" name=\"item_meta[412]\" value=\"\"  data-invmsg=\"Anzahl eigene Equiden ist ung\u00fcltig\" aria-invalid=\"false\"   \/>\r\n\t\r\n\t\r\n<\/div>\n<div id=\"frm_field_413_container\" class=\"frm_form_field form-field  frm_top_container frm4\">\r\n\t<label for=\"field_r0y7c\" id=\"field_r0y7c_label\" class=\"frm_primary_label\">Anzahl fremde Equiden\r\n\t\t<span class=\"frm_required\" aria-hidden=\"true\"><\/span>\r\n\t<\/label>\r\n\t<input  type=\"text\" id=\"field_r0y7c\" name=\"item_meta[413]\" value=\"\"  data-invmsg=\"Anzahl fremde Equiden ist ung\u00fcltig\" aria-invalid=\"false\"   \/>\r\n\t\r\n\t\r\n<\/div>\n<div id=\"frm_field_414_container\" class=\"frm_form_field form-field  frm_top_container frm4\">\r\n\t<label for=\"field_jibwu\" id=\"field_jibwu_label\" class=\"frm_primary_label\">... davon Zuchttiere\r\n\t\t<span class=\"frm_required\" aria-hidden=\"true\"><\/span>\r\n\t<\/label>\r\n\t<input  type=\"text\" id=\"field_jibwu\" name=\"item_meta[414]\" value=\"\"  data-invmsg=\"... davon Zuchttiere ist ung\u00fcltig\" aria-invalid=\"false\"   aria-describedby=\"frm_desc_field_jibwu\" \/>\r\n\t<div class=\"frm_description\" id=\"frm_desc_field_jibwu\">Fohlen\/Jungpferde bis 4j\u00e4hrig, tr\u00e4chtige\/s\u00e4ugende Stuten, gek\u00f6rte Hengste<\/div>\r\n\t\r\n<\/div>\n<div id=\"frm_field_418_container\" class=\"frm_form_field form-field  frm_required_field frm_top_container frm_total vertical_radio\">\r\n\t<div  id=\"field_24e5v_label\" class=\"frm_primary_label\">Die \u00c4nderung der Anzahl Equiden per Stichtag 31.12. muss sp\u00e4testens drei Wochen nach Eingang der Rechnung f\u00fcr den Berufsbildungsfonds erfolgen.\r\n\t\t<span class=\"frm_required\" aria-hidden=\"true\">*<\/span>\r\n\t<\/div>\r\n\t<div class=\"frm_opt_container\" aria-labelledby=\"field_24e5v_label\" role=\"group\">\t\t<div class=\"frm_checkbox\" id=\"frm_checkbox_418-0\">\t\t\t<label  for=\"field_24e5v-0\">\n\t\t\t<input type=\"checkbox\" name=\"item_meta[418][]\" id=\"field_24e5v-0\" value=\"Ich best\u00e4tige die Richtigkeit meiner Angaben.\"  data-frmlimit=\"2\"  data-frmmin=\"2\"  data-reqmsg=\"Dieses Feld darf nicht leer sein.\" data-invmsg=\"Die \u00c4nderung der Anzahl Equiden per Stichtag 31.12. muss sp\u00e4testens drei Wochen nach Eingang der Rechnung f\u00fcr den Berufsbildungsfonds erfolgen. ist ung\u00fcltig\"   aria-required=\"true\"  \/> Ich best\u00e4tige die Richtigkeit meiner Angaben.<\/label><\/div>\n\t\t<div class=\"frm_checkbox\" id=\"frm_checkbox_418-1\">\t\t\t<label  for=\"field_24e5v-1\">\n\t\t\t<input type=\"checkbox\" name=\"item_meta[418][]\" id=\"field_24e5v-1\" value=\"Ich bin mit der Verarbeitung und Speicherung meiner Daten zum Zweck meiner Beitragspflicht in den Berufsbildungsfonds einverstanden.\"  data-frmlimit=\"2\"  data-frmmin=\"2\"  data-reqmsg=\"Dieses Feld darf nicht leer sein.\" data-invmsg=\"Die \u00c4nderung der Anzahl Equiden per Stichtag 31.12. muss sp\u00e4testens drei Wochen nach Eingang der Rechnung f\u00fcr den Berufsbildungsfonds erfolgen. ist ung\u00fcltig\"   \/> Ich bin mit der Verarbeitung und Speicherung meiner Daten zum Zweck meiner Beitragspflicht in den Berufsbildungsfonds einverstanden.<\/label><\/div>\n<\/div>\r\n\t<div class=\"frm_description\" id=\"frm_desc_field_24e5v\">(Auf den Text klicken, um die Auswahl zu best\u00e4tigen)<\/div>\r\n\t\r\n<\/div>\n<div id=\"frm_field_408_container\" class=\"frm_form_field form-field \">\r\n\t<div class=\"frm_submit frm_flex\">\r\n<button class=\"frm_button_submit frm_final_submit\" type=\"submit\"   formnovalidate=\"formnovalidate\">Senden<\/button>\r\n\r\n\r\n\r\n<\/div>\r\n<\/div>\n\t<input type=\"hidden\" name=\"item_key\" value=\"\" \/>\n\t\t\t<div id=\"frm_field_617_container\">\n\t\t\t<label for=\"field_orlw6\" >\n\t\t\t\tFalls Du menschlich bist, lasse dieses Feld leer.\t\t\t<\/label>\n\t\t\t<input  id=\"field_orlw6\" type=\"text\" class=\"frm_form_field form-field frm_verify\" name=\"item_meta[617]\" value=\"\"  \/>\n\t\t<\/div>\n\t\t<input name=\"frm_state\" type=\"hidden\" value=\"2V7kuEFLHoTriL5nnVDKUvep7oSZJvQUx0nMu0c6ISRVA6\/tCgY71GByYSoG8qdg\" \/><\/div>\n<\/fieldset>\n<\/div>\n\n<\/form>\n<\/div>\n\n\n\n\n<p><\/p>\n","protected":false},"excerpt":{"rendered":"","protected":false},"author":2,"featured_media":0,"parent":0,"menu_order":0,"comment_status":"closed","ping_status":"closed","template":"","meta":{"footnotes":""},"class_list":["post-13004","page","type-page","status-publish"],"publishpress_future_action":{"enabled":false,"date":"2026-05-03 18:18:23","action":"change-status","newStatus":"draft","terms":[],"taxonomy":"translation_priority","extraData":[]},"publishpress_future_workflow_manual_trigger":{"enabledWorkflows":[]},"_links":{"self":[{"href":"https:\/\/pferdeberufe.ch\/de\/wp-json\/wp\/v2\/pages\/13004","targetHints":{"allow":["GET"]}}],"collection":[{"href":"https:\/\/pferdeberufe.ch\/de\/wp-json\/wp\/v2\/pages"}],"about":[{"href":"https:\/\/pferdeberufe.ch\/de\/wp-json\/wp\/v2\/types\/page"}],"author":[{"embeddable":true,"href":"https:\/\/pferdeberufe.ch\/de\/wp-json\/wp\/v2\/users\/2"}],"replies":[{"embeddable":true,"href":"https:\/\/pferdeberufe.ch\/de\/wp-json\/wp\/v2\/comments?post=13004"}],"version-history":[{"count":3,"href":"https:\/\/pferdeberufe.ch\/de\/wp-json\/wp\/v2\/pages\/13004\/revisions"}],"predecessor-version":[{"id":15024,"href":"https:\/\/pferdeberufe.ch\/de\/wp-json\/wp\/v2\/pages\/13004\/revisions\/15024"}],"wp:attachment":[{"href":"https:\/\/pferdeberufe.ch\/de\/wp-json\/wp\/v2\/media?parent=13004"}],"curies":[{"name":"wp","href":"https:\/\/api.w.org\/{rel}","templated":true}]}}