
{"id":1880,"date":"2022-05-25T06:05:23","date_gmt":"2022-05-25T04:05:23","guid":{"rendered":"https:\/\/pferdeberufe.ch\/?page_id=1880"},"modified":"2026-02-18T16:53:55","modified_gmt":"2026-02-18T15:53:55","slug":"hohere-berufsbildung-download","status":"publish","type":"page","link":"https:\/\/pferdeberufe.ch\/de\/hohere-berufsbildung-download\/","title":{"rendered":"H\u00f6here Berufsbildung &#8211; Download"},"content":{"rendered":"\t\t<div data-elementor-type=\"wp-page\" data-elementor-id=\"1880\" class=\"elementor elementor-1880\" data-elementor-post-type=\"page\">\n\t\t\t\t\t\t<section class=\"elementor-section elementor-top-section elementor-element elementor-element-3b11da71 elementor-section-boxed elementor-section-height-default elementor-section-height-default\" data-id=\"3b11da71\" data-element_type=\"section\" data-e-type=\"section\">\n\t\t\t\t\t\t<div class=\"elementor-container elementor-column-gap-default\">\n\t\t\t\t\t<div class=\"elementor-column elementor-col-100 elementor-top-column elementor-element elementor-element-5be9a4a\" data-id=\"5be9a4a\" data-element_type=\"column\" data-e-type=\"column\">\n\t\t\t<div class=\"elementor-widget-wrap elementor-element-populated\">\n\t\t\t\t\t\t<div class=\"elementor-element elementor-element-fb4dda7 elementor-widget elementor-widget-text-editor\" data-id=\"fb4dda7\" data-element_type=\"widget\" data-e-type=\"widget\" data-widget_type=\"text-editor.default\">\n\t\t\t\t<div class=\"elementor-widget-container\">\n\t\t\t\t\t\t\t\t\t<h2 class=\"elementor-heading-title elementor-size-default elementor-inline-editing pen\" style=\"text-align: center;\" contenteditable=\"true\" data-elementor-setting-key=\"title\" data-pen-placeholder=\"Eingabe hier...\">H\u00f6here <span style=\"color: #ff0000;\">Berufsbildung<\/span> &#8211; Alle <span style=\"color: #ff0000;\">Dokumente<\/span> in der <span style=\"color: #ff0000;\">\u00dcbersicht<\/span><\/h2>\t\t\t\t\t\t\t\t<\/div>\n\t\t\t\t<\/div>\n\t\t\t\t\t<\/div>\n\t\t<\/div>\n\t\t\t\t\t<\/div>\n\t\t<\/section>\n\t\t\t\t<section class=\"elementor-section elementor-top-section elementor-element elementor-element-bdfad67 elementor-section-boxed elementor-section-height-default elementor-section-height-default\" data-id=\"bdfad67\" data-element_type=\"section\" data-e-type=\"section\">\n\t\t\t\t\t\t<div class=\"elementor-container elementor-column-gap-default\">\n\t\t\t\t\t<div class=\"elementor-column elementor-col-100 elementor-top-column elementor-element elementor-element-d12011c\" data-id=\"d12011c\" data-element_type=\"column\" data-e-type=\"column\">\n\t\t\t<div class=\"elementor-widget-wrap\">\n\t\t\t\t\t\t\t<\/div>\n\t\t<\/div>\n\t\t\t\t\t<\/div>\n\t\t<\/section>\n\t\t\t\t<section class=\"elementor-section elementor-top-section elementor-element elementor-element-1ffc02e elementor-section-boxed elementor-section-height-default elementor-section-height-default\" data-id=\"1ffc02e\" data-element_type=\"section\" data-e-type=\"section\">\n\t\t\t\t\t\t<div class=\"elementor-container elementor-column-gap-default\">\n\t\t\t\t\t<div class=\"elementor-column elementor-col-33 elementor-top-column elementor-element elementor-element-08af8b6\" data-id=\"08af8b6\" data-element_type=\"column\" data-e-type=\"column\">\n\t\t\t<div class=\"elementor-widget-wrap\">\n\t\t\t\t\t\t\t<\/div>\n\t\t<\/div>\n\t\t\t\t<div class=\"elementor-column elementor-col-33 elementor-top-column elementor-element elementor-element-78d601e\" data-id=\"78d601e\" data-element_type=\"column\" data-e-type=\"column\">\n\t\t\t<div class=\"elementor-widget-wrap elementor-element-populated\">\n\t\t\t\t\t\t<div class=\"elementor-element elementor-element-96c5846 elementor-widget elementor-widget-accordion\" data-id=\"96c5846\" data-element_type=\"widget\" data-e-type=\"widget\" data-widget_type=\"accordion.default\">\n\t\t\t\t<div class=\"elementor-widget-container\">\n\t\t\t\t\t\t\t<div class=\"elementor-accordion\">\n\t\t\t\t\t\t\t<div class=\"elementor-accordion-item\">\n\t\t\t\t\t<div id=\"elementor-tab-title-1581\" class=\"elementor-tab-title\" data-tab=\"1\" role=\"button\" aria-controls=\"elementor-tab-content-1581\" aria-expanded=\"false\">\n\t\t\t\t\t\t\t\t\t\t\t\t\t<span class=\"elementor-accordion-icon elementor-accordion-icon-left\" aria-hidden=\"true\">\n\t\t\t\t\t\t\t\t\t\t\t\t\t\t\t<span class=\"elementor-accordion-icon-closed\"><i class=\"fas fa-plus\"><\/i><\/span>\n\t\t\t\t\t\t\t\t<span class=\"elementor-accordion-icon-opened\"><i class=\"fas fa-minus\"><\/i><\/span>\n\t\t\t\t\t\t\t\t\t\t\t\t\t\t<\/span>\n\t\t\t\t\t\t\t\t\t\t\t\t<a class=\"elementor-accordion-title\" tabindex=\"0\">Spezialisten der Pferdebranche mit eidg. Fachausweis<\/a>\n\t\t\t\t\t<\/div>\n\t\t\t\t\t<div id=\"elementor-tab-content-1581\" class=\"elementor-tab-content elementor-clearfix\" data-tab=\"1\" role=\"region\" aria-labelledby=\"elementor-tab-title-1581\"><ul><li><a href=\"https:\/\/pferdeberufe.ch\/wp-content\/uploads\/NEU_Wegleitung_Spezialist_der_Pferdebranche_23.06.17_d-1_angepasst_08022021-1.pdf\" target=\"_blank\" rel=\"noopener\">Wegleitung Berufspr\u00fcfung zum Spezialist der Pferdebranche<\/a><\/li><li><a href=\"https:\/\/pferdeberufe.ch\/wp-content\/uploads\/NEU_PO-BP-Spezialist-der-Pferdebranche-mit-Anhang-geaendert-31.10.18-1.pdf\" target=\"_blank\" rel=\"noopener\">Pr\u00fcfungsordnung Berufspr\u00fcfung zum Spezialist der Pferdebranche<\/a><\/li><li><a href=\"https:\/\/pferdeberufe.ch\/wp-content\/uploads\/Leitfaden-KN-Spezialist-der-Pferdebranche-12.08.22.pdf\" target=\"_blank\" rel=\"noopener\">Leitfaden Spezialist der Pferdebranche<\/a><\/li><li><a href=\"https:\/\/pferdeberufe.ch\/wp-content\/uploads\/Anhang-1_Betreuung-und-Dienstleistung.pdf\" target=\"_blank\" rel=\"noopener\">Anhang &#8222;Betreuung und Dienstleistung&#8220;<\/a><\/li><li><a href=\"https:\/\/pferdeberufe.ch\/wp-content\/uploads\/Anhang-2_Klassisches-Reiten.pdf\" target=\"_blank\" rel=\"noopener\">Anhang &#8222;Klassisches Reiten&#8220;<\/a><\/li><li><a href=\"https:\/\/pferdeberufe.ch\/wp-content\/uploads\/Anhang-3_Westernreiten.pdf\" target=\"_blank\" rel=\"noopener\">Anhang &#8222;Westernreiten&#8220;<\/a><\/li><li><a href=\"https:\/\/pferdeberufe.ch\/wp-content\/uploads\/Anhang-4_Gangpferdereiten.pdf\" target=\"_blank\" rel=\"noopener\">Anhang &#8222;Gangpferdereiten&#8220;<\/a><\/li><li><a href=\"https:\/\/pferdeberufe.ch\/wp-content\/uploads\/Anhang-6-Dienstleistungen-mit-Fahrpferden.pdf\" target=\"_blank\" rel=\"noopener\">Anhang &#8222;Dienstleistungen mit Fahrpferden&#8220;<\/a><\/li><\/ul><p>\u00a0<\/p><ul><li><a href=\"https:\/\/pferdeberufe.ch\/wp-content\/uploads\/Ausschreibung-Spezialist_in-Pferdebranche2026_27.pdf\">Ausschreibung Lehrgang Spezialist:in Pferdebranche 2026-2027 mit FA<\/a><\/li><\/ul><\/div>\n\t\t\t\t<\/div>\n\t\t\t\t\t\t\t<div class=\"elementor-accordion-item\">\n\t\t\t\t\t<div id=\"elementor-tab-title-1582\" class=\"elementor-tab-title\" data-tab=\"2\" role=\"button\" aria-controls=\"elementor-tab-content-1582\" aria-expanded=\"false\">\n\t\t\t\t\t\t\t\t\t\t\t\t\t<span class=\"elementor-accordion-icon elementor-accordion-icon-left\" aria-hidden=\"true\">\n\t\t\t\t\t\t\t\t\t\t\t\t\t\t\t<span class=\"elementor-accordion-icon-closed\"><i class=\"fas fa-plus\"><\/i><\/span>\n\t\t\t\t\t\t\t\t<span class=\"elementor-accordion-icon-opened\"><i class=\"fas fa-minus\"><\/i><\/span>\n\t\t\t\t\t\t\t\t\t\t\t\t\t\t<\/span>\n\t\t\t\t\t\t\t\t\t\t\t\t<a class=\"elementor-accordion-title\" tabindex=\"0\">Experten der Pferdebranche<\/a>\n\t\t\t\t\t<\/div>\n\t\t\t\t\t<div id=\"elementor-tab-content-1582\" class=\"elementor-tab-content elementor-clearfix\" data-tab=\"2\" role=\"region\" aria-labelledby=\"elementor-tab-title-1582\"><ul><li><a href=\"https:\/\/pferdeberufe.ch\/wp-content\/uploads\/po_hfp_experte_der_pferdebranche.pdf\" target=\"_blank\" rel=\"noopener\">Pr\u00fcfungsordnung H\u00f6here Fachpr\u00fcfung<\/a><\/li><li><a href=\"http:\/\/pferdeberufe.ch\/wcms\/images\/content\/dokumente\/modulbeschriebe_bp_q_module_2021.pdf\" target=\"_blank\" rel=\"noopener\">Grundlagenmodule f\u00fcr alle Fachrichtungen<\/a><p><strong>spezifische Module nach Fachrichtungen<\/strong><\/p><\/li><li><a href=\"http:\/\/pferdeberufe.ch\/wcms\/images\/content\/ausbildung\/berufspruefung\/bp_01_module_bd_20170824.pdf\" target=\"_blank\" rel=\"noopener\">Module Fachrichtung Betreuung und Dienstleistungen<\/a><\/li><li><a href=\"http:\/\/pferdeberufe.ch\/wcms\/images\/content\/ausbildung\/berufspruefung\/bp_02_module_fr_kl_reiten_20170824.pdf\" target=\"_blank\" rel=\"noopener\">Module Fachrichtung Klassisches Reiten<\/a><\/li><li><a href=\"http:\/\/pferdeberufe.ch\/wcms\/images\/content\/ausbildung\/berufspruefung\/bp_03_module_fr_western_20170824.pdf\" target=\"_blank\" rel=\"noopener\">Module Fachrichtung Westernreiten<\/a><\/li><li><a href=\"http:\/\/pferdeberufe.ch\/wcms\/images\/content\/ausbildung\/berufspruefung\/BP_04_Module_Fachrichtung_Gangpferde_20130630.pdf\" target=\"_blank\" rel=\"noopener\">Module Fachrichtung Gangpferdereiten<\/a><\/li><li><a href=\"http:\/\/pferdeberufe.ch\/wcms\/images\/content\/ausbildung\/berufspruefung\/BP_05_Module_Fachrichtung_Rennsport_20130630.pdf\" target=\"_blank\" rel=\"noopener\">Module Fachrichtung Pferderennsport<\/a><\/li><li><a href=\"http:\/\/pferdeberufe.ch\/wcms\/images\/content\/dokumente\/modulbeschriebe_bp_module_gespannfah.pdf\" target=\"_blank\" rel=\"noopener\">Module Fachrichtung Gespannfahren<\/a>\u00a0<\/li><\/ul><\/div>\n\t\t\t\t<\/div>\n\t\t\t\t\t\t\t<div class=\"elementor-accordion-item\">\n\t\t\t\t\t<div id=\"elementor-tab-title-1583\" class=\"elementor-tab-title\" data-tab=\"3\" role=\"button\" aria-controls=\"elementor-tab-content-1583\" aria-expanded=\"false\">\n\t\t\t\t\t\t\t\t\t\t\t\t\t<span class=\"elementor-accordion-icon elementor-accordion-icon-left\" aria-hidden=\"true\">\n\t\t\t\t\t\t\t\t\t\t\t\t\t\t\t<span class=\"elementor-accordion-icon-closed\"><i class=\"fas fa-plus\"><\/i><\/span>\n\t\t\t\t\t\t\t\t<span class=\"elementor-accordion-icon-opened\"><i class=\"fas fa-minus\"><\/i><\/span>\n\t\t\t\t\t\t\t\t\t\t\t\t\t\t<\/span>\n\t\t\t\t\t\t\t\t\t\t\t\t<a class=\"elementor-accordion-title\" tabindex=\"0\">Logos Spezialisten der Pferdebranche mit eid. Fachausweis \/ Experten der Pferdebranche<\/a>\n\t\t\t\t\t<\/div>\n\t\t\t\t\t<div id=\"elementor-tab-content-1583\" class=\"elementor-tab-content elementor-clearfix\" data-tab=\"3\" role=\"region\" aria-labelledby=\"elementor-tab-title-1583\"><p><a href=\"https:\/\/pferdeberufe.ch\/wp-content\/uploads\/Einsatz-Logo-Spezialist-und-Experte.pdf\" target=\"_blank\" rel=\"noopener\">Richtlinien zum Einsatz der Logos Experte \/ Expertin und Spezialist der OdA Pferdeberufe Schweiz<\/a><\/p><p>Logos Spezialist<\/p><ul><li><a href=\"https:\/\/pferdeberufe.ch\/wp-content\/smush-avif\/Spezialist_Pferdebranche_weisser_Hintergrund_Pferd_Rot-1.jpg.avif\" target=\"_blank\" rel=\"noopener\">Weisser Hintergrund, rotes Pferd<\/a><\/li><li><a href=\"https:\/\/pferdeberufe.ch\/wp-content\/smush-avif\/Spezialist_Pferdebranche_weisser_Hintergrund_Pferd_Schwarz.jpg.avif\" target=\"_blank\" rel=\"noopener\">Weisser Hintergrund, schwarzes Pferd<\/a><\/li><li><a href=\"https:\/\/pferdeberufe.ch\/wp-content\/smush-avif\/Spezialist_Pferdebranche_schwarzer_Hintergrund_Pferd_Rot.jpg.avif\" target=\"_blank\" rel=\"noopener\">Schwarzer Hintergrund, rotes Pferd<\/a><\/li><li><a href=\"https:\/\/pferdeberufe.ch\/wp-content\/smush-avif\/Spezialist_Pferdebranche_schwarzer_Hintergrund_Pferd_Weiss.jpg.avif\" target=\"_blank\" rel=\"noopener\">Schwarzer Hintergrund, weisses Pferd<\/a><\/li><\/ul><p>Logos Spezialistin<\/p><ul><li><a href=\"https:\/\/pferdeberufe.ch\/wp-content\/smush-avif\/Spezialistin_Pferdebranche_weisser_Hintergrund_Pferd_Rot-1.jpg.avif\" target=\"_blank\" rel=\"noopener\">Weisser Hintergrund, rotes Pferd<\/a><\/li><li><a href=\"https:\/\/pferdeberufe.ch\/wp-content\/smush-avif\/Spezialistin_Pferdebranche_weisser_Hintergrund_Pferd_Schwarz.jpg.avif\" target=\"_blank\" rel=\"noopener\">Weisser Hintergrund, schwarzes Pferd<\/a><\/li><li><a href=\"https:\/\/pferdeberufe.ch\/wp-content\/smush-avif\/Spezialistin_Pferdebranche_schwarzer_Hintergrund_Pferd_Rot.jpg.avif\" target=\"_blank\" rel=\"noopener\">Schwarzer Hintergrund, rotes Pferd<\/a><\/li><li><a href=\"https:\/\/pferdeberufe.ch\/wp-content\/smush-avif\/Spezialistin_Pferdebranche_schwarzer_Hintergrund_Pferd_Weiss.jpg.avif\" target=\"_blank\" rel=\"noopener\">Schwarzer Hintergrund, weisses Pferd<\/a><\/li><\/ul><p>Logos Experte<\/p><ul><li><a href=\"https:\/\/pferdeberufe.ch\/wp-content\/smush-avif\/Experte_Pferdebranche_weisser_Hintergrund_Pferd_Rot-1.jpg.avif\" target=\"_blank\" rel=\"noopener\">Weisser Hintergrund, rotes Pferd<\/a><\/li><li><a href=\"https:\/\/pferdeberufe.ch\/wp-content\/smush-avif\/Experte_Pferdebranche_weisser_Hintergrund_Pferd_Schwarz.jpg.avif\" target=\"_blank\" rel=\"noopener\">Weisser Hintergrund, schwarzes Pferd<\/a><\/li><li><a href=\"https:\/\/pferdeberufe.ch\/wp-content\/smush-avif\/Experte_Pferdebranche_schwarzer_Hintergrund_Pferd_Rot.jpg.avif\" target=\"_blank\" rel=\"noopener\">Schwarzer Hintergrund, rotes Pferd<\/a><\/li><li><a href=\"https:\/\/pferdeberufe.ch\/wp-content\/smush-avif\/Experte_Pferdebranche_schwarzer_Hintergrund_Pferd_Weiss.jpg.avif\" target=\"_blank\" rel=\"noopener\">Schwarzer Hintergrund, weisses Pferd<\/a><\/li><\/ul><p>Logos Expertin<\/p><ul><li><a href=\"https:\/\/pferdeberufe.ch\/wp-content\/smush-avif\/Expertin_Pferdebranche_weisser_Hintergrund_Pferd_Rot-1.jpg.avif\">Weisser Hintergrund, rotes Pferd<\/a><\/li><li><a href=\"https:\/\/pferdeberufe.ch\/wp-content\/smush-avif\/Expertin_Pferdebranche_weisser_Hintergrund_Pferd_Schwarz.jpg.avif\" target=\"_blank\" rel=\"noopener\">Weisser Hintergrund, schwarzes Pferd<\/a><\/li><li><a href=\"https:\/\/pferdeberufe.ch\/wp-content\/smush-avif\/Expertin_Pferdebranche_schwarzer_Hintergrund_Pferd_Rot.jpg.avif\" target=\"_blank\" rel=\"noopener\">Schwarzer Hintergrund, rotes Pferd<\/a><\/li><li><a href=\"https:\/\/pferdeberufe.ch\/wp-content\/smush-avif\/Expertin_Pferdebranche_schwarzer_Hintergrund_Pferd_Weiss.jpg.avif\" target=\"_blank\" rel=\"noopener\">Schwarzer Hintergrund, weisses Pferd<\/a><\/li><\/ul><\/div>\n\t\t\t\t<\/div>\n\t\t\t\t\t\t\t\t<\/div>\n\t\t\t\t\t\t<\/div>\n\t\t\t\t<\/div>\n\t\t\t\t<div class=\"elementor-element elementor-element-6f250a5 elementor-widget elementor-widget-button\" data-id=\"6f250a5\" data-element_type=\"widget\" data-e-type=\"widget\" data-widget_type=\"button.default\">\n\t\t\t\t<div class=\"elementor-widget-container\">\n\t\t\t\t\t\t\t\t\t<div class=\"elementor-button-wrapper\">\n\t\t\t\t\t<a class=\"elementor-button elementor-button-link elementor-size-sm\" href=\"https:\/\/www.inforama.ch\/berufsbildung\/pferdeberufe\/berufspruefung-pferdeberufe\">\n\t\t\t\t\t\t<span class=\"elementor-button-content-wrapper\">\n\t\t\t\t\t\t\t\t\t<span class=\"elementor-button-text\">Informationen INFORAMA zur Berufspr\u00fcfung (Spezialist)<\/span>\n\t\t\t\t\t<\/span>\n\t\t\t\t\t<\/a>\n\t\t\t\t<\/div>\n\t\t\t\t\t\t\t\t<\/div>\n\t\t\t\t<\/div>\n\t\t\t\t<div class=\"elementor-element elementor-element-cdef9d2 elementor-widget elementor-widget-button\" data-id=\"cdef9d2\" data-element_type=\"widget\" data-e-type=\"widget\" data-widget_type=\"button.default\">\n\t\t\t\t<div class=\"elementor-widget-container\">\n\t\t\t\t\t\t\t\t\t<div class=\"elementor-button-wrapper\">\n\t\t\t\t\t<a class=\"elementor-button elementor-button-link elementor-size-sm\" href=\"https:\/\/www.inforama.ch\/berufsbildung\/pferdeberufe\/hoehere-fachpruefung\">\n\t\t\t\t\t\t<span class=\"elementor-button-content-wrapper\">\n\t\t\t\t\t\t\t\t\t<span class=\"elementor-button-text\">Informationen INFORAMA zur H\u00f6heren Fachpr\u00fcfung (Experte)<\/span>\n\t\t\t\t\t<\/span>\n\t\t\t\t\t<\/a>\n\t\t\t\t<\/div>\n\t\t\t\t\t\t\t\t<\/div>\n\t\t\t\t<\/div>\n\t\t\t\t\t<\/div>\n\t\t<\/div>\n\t\t\t\t<div class=\"elementor-column elementor-col-33 elementor-top-column elementor-element elementor-element-e18195c\" data-id=\"e18195c\" data-element_type=\"column\" data-e-type=\"column\">\n\t\t\t<div class=\"elementor-widget-wrap\">\n\t\t\t\t\t\t\t<\/div>\n\t\t<\/div>\n\t\t\t\t\t<\/div>\n\t\t<\/section>\n\t\t\t\t<section class=\"elementor-section elementor-top-section elementor-element elementor-element-de09518 elementor-section-boxed elementor-section-height-default elementor-section-height-default\" data-id=\"de09518\" data-element_type=\"section\" data-e-type=\"section\">\n\t\t\t\t\t\t<div class=\"elementor-container elementor-column-gap-default\">\n\t\t\t\t\t<div class=\"elementor-column elementor-col-100 elementor-top-column elementor-element elementor-element-06213f5\" data-id=\"06213f5\" data-element_type=\"column\" data-e-type=\"column\">\n\t\t\t<div class=\"elementor-widget-wrap elementor-element-populated\">\n\t\t\t\t\t\t<div class=\"elementor-element elementor-element-0ca99bc elementor-widget elementor-widget-spacer\" data-id=\"0ca99bc\" data-element_type=\"widget\" data-e-type=\"widget\" data-widget_type=\"spacer.default\">\n\t\t\t\t<div class=\"elementor-widget-container\">\n\t\t\t\t\t\t\t<div class=\"elementor-spacer\">\n\t\t\t<div class=\"elementor-spacer-inner\"><\/div>\n\t\t<\/div>\n\t\t\t\t\t\t<\/div>\n\t\t\t\t<\/div>\n\t\t\t\t\t<\/div>\n\t\t<\/div>\n\t\t\t\t\t<\/div>\n\t\t<\/section>\n\t\t\t\t<\/div>\n\t\t","protected":false},"excerpt":{"rendered":"<p>H\u00f6here Berufsbildung &#8211; Alle Dokumente in der \u00dcbersicht Spezialisten der Pferdebranche mit eidg. Fachausweis Wegleitung Berufspr\u00fcfung zum Spezialist der Pferdebranche Pr\u00fcfungsordnung Berufspr\u00fcfung zum Spezialist der Pferdebranche Leitfaden Spezialist der Pferdebranche &#8230; <a title=\"H\u00f6here Berufsbildung &#8211; Download\" class=\"read-more\" href=\"https:\/\/pferdeberufe.ch\/de\/hohere-berufsbildung-download\/\" aria-label=\"Mehr Informationen \u00fcber H\u00f6here Berufsbildung &#8211; Download\">Weiterlesen<\/a><\/p>\n","protected":false},"author":2,"featured_media":0,"parent":0,"menu_order":6,"comment_status":"closed","ping_status":"closed","template":"elementor_header_footer","meta":{"footnotes":""},"class_list":["post-1880","page","type-page","status-publish"],"publishpress_future_action":{"enabled":false,"date":"2026-04-12 19:07:57","action":"change-status","newStatus":"draft","terms":[],"taxonomy":"translation_priority","extraData":[]},"publishpress_future_workflow_manual_trigger":{"enabledWorkflows":[]},"_links":{"self":[{"href":"https:\/\/pferdeberufe.ch\/de\/wp-json\/wp\/v2\/pages\/1880","targetHints":{"allow":["GET"]}}],"collection":[{"href":"https:\/\/pferdeberufe.ch\/de\/wp-json\/wp\/v2\/pages"}],"about":[{"href":"https:\/\/pferdeberufe.ch\/de\/wp-json\/wp\/v2\/types\/page"}],"author":[{"embeddable":true,"href":"https:\/\/pferdeberufe.ch\/de\/wp-json\/wp\/v2\/users\/2"}],"replies":[{"embeddable":true,"href":"https:\/\/pferdeberufe.ch\/de\/wp-json\/wp\/v2\/comments?post=1880"}],"version-history":[{"count":107,"href":"https:\/\/pferdeberufe.ch\/de\/wp-json\/wp\/v2\/pages\/1880\/revisions"}],"predecessor-version":[{"id":14783,"href":"https:\/\/pferdeberufe.ch\/de\/wp-json\/wp\/v2\/pages\/1880\/revisions\/14783"}],"wp:attachment":[{"href":"https:\/\/pferdeberufe.ch\/de\/wp-json\/wp\/v2\/media?parent=1880"}],"curies":[{"name":"wp","href":"https:\/\/api.w.org\/{rel}","templated":true}]}}