
{"id":2315,"date":"2022-05-31T10:35:34","date_gmt":"2022-05-31T08:35:34","guid":{"rendered":"https:\/\/pferdeberufe.ch\/?page_id=2315"},"modified":"2025-12-04T13:38:43","modified_gmt":"2025-12-04T12:38:43","slug":"kommissionen","status":"publish","type":"page","link":"https:\/\/pferdeberufe.ch\/de\/kommissionen\/","title":{"rendered":"Kommissionen"},"content":{"rendered":"\t\t<div data-elementor-type=\"wp-page\" data-elementor-id=\"2315\" class=\"elementor elementor-2315\" data-elementor-post-type=\"page\">\n\t\t\t\t\t\t<section class=\"elementor-section elementor-top-section elementor-element elementor-element-2bdf3f82 elementor-section-boxed elementor-section-height-default elementor-section-height-default\" data-id=\"2bdf3f82\" data-element_type=\"section\" data-e-type=\"section\">\n\t\t\t\t\t\t<div class=\"elementor-container elementor-column-gap-default\">\n\t\t\t\t\t<div class=\"elementor-column elementor-col-100 elementor-top-column elementor-element elementor-element-7c2f3882\" data-id=\"7c2f3882\" data-element_type=\"column\" data-e-type=\"column\">\n\t\t\t<div class=\"elementor-widget-wrap elementor-element-populated\">\n\t\t\t\t\t\t<div class=\"elementor-element elementor-element-b9fa85c elementor-widget elementor-widget-text-editor\" data-id=\"b9fa85c\" data-element_type=\"widget\" data-e-type=\"widget\" data-widget_type=\"text-editor.default\">\n\t\t\t\t<div class=\"elementor-widget-container\">\n\t\t\t\t\t\t\t\t\t<h2 class=\"elementor-heading-title elementor-size-default elementor-inline-editing pen\" contenteditable=\"true\" data-elementor-setting-key=\"title\" data-pen-placeholder=\"Eingabe hier...\"><span style=\"color: #ff0000;\">Kommissionen<\/span> der OdA <span style=\"color: #ff0000;\">Pferdeberufe<\/span> Schweiz<\/h2>\t\t\t\t\t\t\t\t<\/div>\n\t\t\t\t<\/div>\n\t\t\t\t<div class=\"elementor-element elementor-element-58c8c3d5 elementor-widget elementor-widget-text-editor\" data-id=\"58c8c3d5\" data-element_type=\"widget\" data-e-type=\"widget\" data-widget_type=\"text-editor.default\">\n\t\t\t\t<div class=\"elementor-widget-container\">\n\t\t\t\t\t\t\t\t\t<p>Die OdA Pferdeberufe stellt verschiedene <strong>Kommissionen<\/strong>, welche f\u00fcr ihren jeweiligen <strong>Kompetenzbereich<\/strong> zust\u00e4ndig sind.\u00a0<\/p>\t\t\t\t\t\t\t\t<\/div>\n\t\t\t\t<\/div>\n\t\t\t\t\t<\/div>\n\t\t<\/div>\n\t\t\t\t\t<\/div>\n\t\t<\/section>\n\t\t\t\t<section class=\"elementor-section elementor-top-section elementor-element elementor-element-b229ce3 elementor-section-boxed elementor-section-height-default elementor-section-height-default\" data-id=\"b229ce3\" data-element_type=\"section\" data-e-type=\"section\">\n\t\t\t\t\t\t<div class=\"elementor-container elementor-column-gap-default\">\n\t\t\t\t\t<div class=\"elementor-column elementor-col-33 elementor-top-column elementor-element elementor-element-2472f04\" data-id=\"2472f04\" data-element_type=\"column\" data-e-type=\"column\">\n\t\t\t<div class=\"elementor-widget-wrap\">\n\t\t\t\t\t\t\t<\/div>\n\t\t<\/div>\n\t\t\t\t<div class=\"elementor-column elementor-col-33 elementor-top-column elementor-element elementor-element-dc75c62\" data-id=\"dc75c62\" data-element_type=\"column\" data-e-type=\"column\">\n\t\t\t<div class=\"elementor-widget-wrap elementor-element-populated\">\n\t\t\t\t\t\t<div class=\"elementor-element elementor-element-982273b elementor-widget elementor-widget-text-editor\" data-id=\"982273b\" data-element_type=\"widget\" data-e-type=\"widget\" data-widget_type=\"text-editor.default\">\n\t\t\t\t<div class=\"elementor-widget-container\">\n\t\t\t\t\t\t\t\t\t<p><strong>Pr\u00e4sidentenkommission (PK)<\/strong><\/p><table><tbody><tr><td width=\"107\">Baumgartner Christine<\/td><td width=\"143\">SPV<\/td><td width=\"100\"><a href=\"mailto:christine.baumgartner@iena.ch\">christine.baumgartner@iena.ch<\/a><\/td><\/tr><tr><td width=\"107\">Burgermeister Silvia<\/td><td width=\"143\">PI-CH<\/td><td width=\"168\"><a href=\"mailto:silvia.burgermeister@gmx.ch\">silvia.burgermeister@gmx.ch<\/a><\/td><\/tr><tr><td width=\"107\">Heller Martin<\/td><td width=\"143\">IPV-CH<\/td><td width=\"168\"><a href=\"mailto:ausbildung@ipvch.ch\"><span data-olk-copy-source=\"MessageBody\">ausbildung@ipvch.ch<\/span><\/a><\/td><\/tr><tr><td width=\"107\">Reiss Simone<\/td><td width=\"143\">SWRA<\/td><td width=\"168\"><a href=\"mailto:simone.reiss@swra.ch\">simone.reiss@swra.ch<\/a><\/td><\/tr><tr><td width=\"107\">Volpez Stern Patricia<\/td><td width=\"143\">SHP<\/td><td width=\"168\"><a href=\"mailto:p.volpez@pferdeberufe.ch\">p.volpez@pferdeberufe.ch<\/a><\/td><\/tr><\/tbody><\/table><p>\u00a0<\/p>\t\t\t\t\t\t\t\t<\/div>\n\t\t\t\t<\/div>\n\t\t\t\t\t<\/div>\n\t\t<\/div>\n\t\t\t\t<div class=\"elementor-column elementor-col-33 elementor-top-column elementor-element elementor-element-8b8fc90\" data-id=\"8b8fc90\" data-element_type=\"column\" data-e-type=\"column\">\n\t\t\t<div class=\"elementor-widget-wrap\">\n\t\t\t\t\t\t\t<\/div>\n\t\t<\/div>\n\t\t\t\t\t<\/div>\n\t\t<\/section>\n\t\t\t\t<section class=\"elementor-section elementor-top-section elementor-element elementor-element-323db3f elementor-section-boxed elementor-section-height-default elementor-section-height-default\" data-id=\"323db3f\" data-element_type=\"section\" data-e-type=\"section\">\n\t\t\t\t\t\t<div class=\"elementor-container elementor-column-gap-default\">\n\t\t\t\t\t<div class=\"elementor-column elementor-col-33 elementor-top-column elementor-element elementor-element-8a3ca1a\" data-id=\"8a3ca1a\" data-element_type=\"column\" data-e-type=\"column\">\n\t\t\t<div class=\"elementor-widget-wrap\">\n\t\t\t\t\t\t\t<\/div>\n\t\t<\/div>\n\t\t\t\t<div class=\"elementor-column elementor-col-33 elementor-top-column elementor-element elementor-element-5042b98\" data-id=\"5042b98\" data-element_type=\"column\" data-e-type=\"column\">\n\t\t\t<div class=\"elementor-widget-wrap elementor-element-populated\">\n\t\t\t\t\t\t<div class=\"elementor-element elementor-element-244f9f1 elementor-widget elementor-widget-text-editor\" data-id=\"244f9f1\" data-element_type=\"widget\" data-e-type=\"widget\" data-widget_type=\"text-editor.default\">\n\t\t\t\t<div class=\"elementor-widget-container\">\n\t\t\t\t\t\t\t\t\t<p><strong>Rechnungs- und Gesch\u00e4ftspr\u00fcfungskommission (GPK) <\/strong><\/p><table><tbody><tr><td width=\"105\"><strong>Braccini Simone <\/strong><\/td><td width=\"143\">Pr\u00e4sidentin, IPV-CH<\/td><td width=\"168\"><a href=\"mailto:simone.braccini@pixelburg.ch\">simone.braccini@pixelburg.ch<\/a><\/td><\/tr><tr><td width=\"105\">Padovan Tina<\/td><td width=\"143\">SWRA<\/td><td width=\"168\"><a href=\"mailto:tina@westernreiten-sh.ch\">tina@westernreiten-sh.ch<\/a><\/td><\/tr><tr><td width=\"105\">Burgermeister Silvia<\/td><td width=\"143\">PI-CH<\/td><td width=\"168\"><a href=\"mailto:silvia.burgermeister@gmx.ch\">silvia.burgermeister@gmx.ch<\/a><\/td><\/tr><tr><td width=\"105\">Rapold Corinne<\/td><td width=\"143\">SHP<\/td><td width=\"168\"><a href=\"mailto:info@stallbvg.ch\">info@stallbvg.ch<\/a><\/td><\/tr><\/tbody><\/table>\t\t\t\t\t\t\t\t<\/div>\n\t\t\t\t<\/div>\n\t\t\t\t\t<\/div>\n\t\t<\/div>\n\t\t\t\t<div class=\"elementor-column elementor-col-33 elementor-top-column elementor-element elementor-element-28169d3\" data-id=\"28169d3\" data-element_type=\"column\" data-e-type=\"column\">\n\t\t\t<div class=\"elementor-widget-wrap\">\n\t\t\t\t\t\t\t<\/div>\n\t\t<\/div>\n\t\t\t\t\t<\/div>\n\t\t<\/section>\n\t\t\t\t<section class=\"elementor-section elementor-top-section elementor-element elementor-element-4445222 elementor-section-boxed elementor-section-height-default elementor-section-height-default\" data-id=\"4445222\" data-element_type=\"section\" data-e-type=\"section\">\n\t\t\t\t\t\t<div class=\"elementor-container elementor-column-gap-default\">\n\t\t\t\t\t<div class=\"elementor-column elementor-col-33 elementor-top-column elementor-element elementor-element-dcc3cd2\" data-id=\"dcc3cd2\" data-element_type=\"column\" data-e-type=\"column\">\n\t\t\t<div class=\"elementor-widget-wrap\">\n\t\t\t\t\t\t\t<\/div>\n\t\t<\/div>\n\t\t\t\t<div class=\"elementor-column elementor-col-33 elementor-top-column elementor-element elementor-element-45eb201\" data-id=\"45eb201\" data-element_type=\"column\" data-e-type=\"column\">\n\t\t\t<div class=\"elementor-widget-wrap elementor-element-populated\">\n\t\t\t\t\t\t<div class=\"elementor-element elementor-element-7633490 elementor-widget elementor-widget-text-editor\" data-id=\"7633490\" data-element_type=\"widget\" data-e-type=\"widget\" data-widget_type=\"text-editor.default\">\n\t\t\t\t<div class=\"elementor-widget-container\">\n\t\t\t\t\t\t\t\t\t<p><strong>Schweizerische Kommission f\u00fcr Berufsentwicklung und Qualit\u00e4t (B&amp;Q)<\/strong><\/p><table style=\"height: 475px;\" width=\"604\"><tbody><tr><td width=\"107\"><strong>Wolf Heidi<\/strong><\/td><td width=\"143\">Pr\u00e4sidentin \/ Klassisch Reiten \/ Betreuung und Dienstleistung<\/td><td width=\"168\"><a href=\"mailto:h.wolf@pferdeberufe.ch\">h.wolf@pferdeberufe.ch<\/a><\/td><\/tr><tr><td width=\"107\">Fahmy Odile<\/td><td width=\"143\">SBFI<\/td><td width=\"168\"><a href=\"mailto:odile.fahmy@sbfi.admin.ch\">odile.fahmy@sbfi.admin.ch<\/a><\/td><\/tr><tr><td width=\"107\">Frank Derek<\/td><td width=\"143\">OdA PBS<\/td><td width=\"168\"><a href=\"mailto:d.frank@pferdeberufe.ch\">d.frank@pferdeberufe.ch<\/a><\/td><\/tr><tr><td width=\"107\">Geissmann Dagmar<\/td><td width=\"143\">Pferderennsport<\/td><td width=\"168\"><a href=\"mailto:dagmar.geissmann@gmail.com\">dagmar.geissmann@gmail.com<\/a><\/td><\/tr><tr><td width=\"107\">Habegger Martin<\/td><td width=\"143\">Fachlehrerschaft<\/td><td width=\"168\"><a href=\"mailto:m.habegger@pferdeberufe.ch\">m.habegger@pferdeberufe.ch<\/a><\/td><\/tr><tr><td width=\"107\">H\u00e4uptle Daniela<\/td><td width=\"143\">Gespannfahren<\/td><td width=\"168\"><a title=\"mailto:haeuptling@bluewin.ch\" href=\"mailto:haeuptling@bluewin.ch\" data-linkindex=\"1\" data-olk-copy-source=\"MessageBody\">haeuptling@bluewin.ch<\/a><\/td><\/tr><tr><td width=\"107\">Liggenstorfer Petra<\/td><td width=\"143\">Gangpferde<\/td><td width=\"168\"><a href=\"mailto:p.liggenstorfer@bluewin.ch\">p.liggenstorfer@bluewin.ch<\/a><\/td><\/tr><tr><td width=\"107\">Marchand Colette<\/td><td width=\"143\">SBBK<\/td><td width=\"168\"><a href=\"mailto:colette.marchand@edufr.ch\">colette.marchand@edufr.ch<\/a><\/td><\/tr><tr><td width=\"107\">Olesen Unn<\/td><td width=\"143\">EBA<\/td><td width=\"168\"><a href=\"mailto:unn@bluewin.ch\">unn@bluewin.ch<\/a><\/td><\/tr><tr><td width=\"107\">Degiorgi Mirjam<\/td><td width=\"143\">Fachlehrerschaft<\/td><td width=\"168\"><a href=\"mailto:mirjam.degiorgi@vd.ch\">mirjam.degiorgi@vd.ch<\/a><\/td><\/tr><tr><td width=\"107\">Grossniklaus Jasmin<\/td><td width=\"143\">Westernreiten<\/td><td width=\"168\"><a href=\"mailto:j.grossniklaus@pferdeberufe.ch\">j.grossniklaus@pferdeberufe.ch<\/a><\/td><\/tr><\/tbody><\/table>\t\t\t\t\t\t\t\t<\/div>\n\t\t\t\t<\/div>\n\t\t\t\t\t<\/div>\n\t\t<\/div>\n\t\t\t\t<div class=\"elementor-column elementor-col-33 elementor-top-column elementor-element elementor-element-09200c6\" data-id=\"09200c6\" data-element_type=\"column\" data-e-type=\"column\">\n\t\t\t<div class=\"elementor-widget-wrap\">\n\t\t\t\t\t\t\t<\/div>\n\t\t<\/div>\n\t\t\t\t\t<\/div>\n\t\t<\/section>\n\t\t\t\t<section class=\"elementor-section elementor-top-section elementor-element elementor-element-f8643c8 elementor-section-boxed elementor-section-height-default elementor-section-height-default\" data-id=\"f8643c8\" data-element_type=\"section\" data-e-type=\"section\">\n\t\t\t\t\t\t<div class=\"elementor-container elementor-column-gap-default\">\n\t\t\t\t\t<div class=\"elementor-column elementor-col-33 elementor-top-column elementor-element elementor-element-550671e\" data-id=\"550671e\" data-element_type=\"column\" data-e-type=\"column\">\n\t\t\t<div class=\"elementor-widget-wrap\">\n\t\t\t\t\t\t\t<\/div>\n\t\t<\/div>\n\t\t\t\t<div class=\"elementor-column elementor-col-33 elementor-top-column elementor-element elementor-element-50ecd84\" data-id=\"50ecd84\" data-element_type=\"column\" data-e-type=\"column\">\n\t\t\t<div class=\"elementor-widget-wrap elementor-element-populated\">\n\t\t\t\t\t\t<div class=\"elementor-element elementor-element-f3237be elementor-widget elementor-widget-text-editor\" data-id=\"f3237be\" data-element_type=\"widget\" data-e-type=\"widget\" data-widget_type=\"text-editor.default\">\n\t\t\t\t<div class=\"elementor-widget-container\">\n\t\t\t\t\t\t\t\t\t<p><strong>Kommission Grundbildung (KoGr)<\/strong><\/p><table><tbody><tr><td width=\"107\"><strong>Frank Derek<\/strong><\/td><td width=\"143\">Ressortleiter<\/td><td width=\"100\"><a href=\"mailto:d.frank@pferdeberufe.ch\">d.frank@pferdeberufe.ch<\/a><\/td><\/tr><tr><td width=\"107\">Wolf Heidi<\/td><td width=\"143\">Klassisch Reiten \/ Betreuung und Dienstleistung<\/td><td width=\"100\"><a href=\"mailto:h.wolf@pferdeberufe.ch\">h.wolf@pferdeberufe.ch<\/a><\/td><\/tr><tr><td width=\"107\">Liggenstorfer Petra<\/td><td width=\"143\">Gangpferde<\/td><td width=\"100\"><a href=\"mailto:p.liggenstorfer@bluewin.ch\">p.liggenstorfer@bluewin.ch<\/a><\/td><\/tr><tr><td width=\"107\">Geissmann Dagmar<\/td><td width=\"143\">Pferderennsport<\/td><td width=\"168\"><a href=\"mailto:dagmar.geissmann@gmail.com\">dagmar.geissmann@gmail.com<\/a><\/td><\/tr><tr><td width=\"107\">Olesen Unn<\/td><td width=\"143\">EBA<\/td><td width=\"168\"><a href=\"mailto:unn@bluewin.ch\">unn@bluewin.ch<\/a><\/td><\/tr><tr><td width=\"107\">H\u00e4uptle Daniela<\/td><td width=\"143\">Gespannfahren<\/td><td width=\"168\"><a href=\"mailto:d.haeuptle@pferdeberufe.ch\">d.haeuptle@pferdeberufe.ch<\/a><\/td><\/tr><tr><td width=\"107\">Grossniklaus Jasmin<\/td><td width=\"143\">Westernreiten<\/td><td width=\"168\"><a href=\"mailto:j.grossniklaus@pferdeberufe.ch\">j.grossniklaus@pferdeberufe.ch<\/a><\/td><\/tr><\/tbody><\/table>\t\t\t\t\t\t\t\t<\/div>\n\t\t\t\t<\/div>\n\t\t\t\t\t<\/div>\n\t\t<\/div>\n\t\t\t\t<div class=\"elementor-column elementor-col-33 elementor-top-column elementor-element elementor-element-edbba96\" data-id=\"edbba96\" data-element_type=\"column\" data-e-type=\"column\">\n\t\t\t<div class=\"elementor-widget-wrap\">\n\t\t\t\t\t\t\t<\/div>\n\t\t<\/div>\n\t\t\t\t\t<\/div>\n\t\t<\/section>\n\t\t\t\t<section class=\"elementor-section elementor-top-section elementor-element elementor-element-d6474d0 elementor-section-boxed elementor-section-height-default elementor-section-height-default\" data-id=\"d6474d0\" data-element_type=\"section\" data-e-type=\"section\">\n\t\t\t\t\t\t<div class=\"elementor-container elementor-column-gap-default\">\n\t\t\t\t\t<div class=\"elementor-column elementor-col-33 elementor-top-column elementor-element elementor-element-3a40d2d\" data-id=\"3a40d2d\" data-element_type=\"column\" data-e-type=\"column\">\n\t\t\t<div class=\"elementor-widget-wrap\">\n\t\t\t\t\t\t\t<\/div>\n\t\t<\/div>\n\t\t\t\t<div class=\"elementor-column elementor-col-33 elementor-top-column elementor-element elementor-element-fa05277\" data-id=\"fa05277\" data-element_type=\"column\" data-e-type=\"column\">\n\t\t\t<div class=\"elementor-widget-wrap elementor-element-populated\">\n\t\t\t\t\t\t<div class=\"elementor-element elementor-element-a7894ef elementor-widget elementor-widget-text-editor\" data-id=\"a7894ef\" data-element_type=\"widget\" data-e-type=\"widget\" data-widget_type=\"text-editor.default\">\n\t\t\t\t<div class=\"elementor-widget-container\">\n\t\t\t\t\t\t\t\t\t<p><strong>Qualit\u00e4tssicherungskommission (QSK) f\u00fcr die h\u00f6here Berufsbildung<\/strong><\/p><table><tbody><tr><td width=\"107\"><strong>Habegger Martin<\/strong><\/td><td width=\"143\">Pr\u00e4sident<\/td><td width=\"100\"><a href=\"mailto:m.habegger@pferdeberufe.ch\">m.habegger@pferdeberufe.ch<\/a><\/td><\/tr><tr><td width=\"107\">Rohner Romina<\/td><td width=\"143\">Klassisch Reiten<\/td><td width=\"168\"><a>romi.rohner@outlook.com<\/a><\/td><\/tr><tr><td width=\"107\">Facchin Yolanda<\/td><td width=\"143\">Westernreiten<\/td><td width=\"168\"><a href=\"mailto:yofa@yofa.ch\">yofa@yofa.ch<\/a><\/td><\/tr><tr><td width=\"107\">Borioli Christophe<\/td><td width=\"143\">Betreuung und Dienstleistung \/ Romandie<\/td><td width=\"168\"><a href=\"mailto:christophe.borioli@gmx.ch\">christophe.borioli@gmx.ch<\/a><\/td><\/tr><tr><td width=\"107\">Rusterholz Beatrice<\/td><td width=\"143\">Gangpferde<\/td><td width=\"168\"><a href=\"mailto:info@niederfeld.ch\">info@niederfeld.ch<\/a><\/td><\/tr><tr><td width=\"107\">Schmidlin Lea<\/td><td width=\"143\">Gespannfahren<\/td><td width=\"168\"><a href=\"mailto:lea.schmidlin@gmx.ch\">lea.schmidlin@gmx.ch<\/a><\/td><\/tr><tr><td width=\"107\">Volpez-Stern Patricia<\/td><td width=\"143\">Pr\u00fcfungsleitung<\/td><td width=\"168\"><a href=\"mailto:pruefungsleitung-hbb@pferdeberufe.ch\">pruefungsleitung-hbb@pferdeberufe.ch<\/a><\/td><\/tr><tr><td width=\"107\">vakant<\/td><td width=\"143\">Pferderennsport<\/td><td width=\"168\">\u00a0<\/td><\/tr><tr><td width=\"107\">J\u00e4ggi-Rufener Helene<\/td><td width=\"143\">Sekretariat QSK<\/td><td width=\"168\"><a href=\"mailto:sekretariat-qsk@pferdeberufe.ch\">sekretariat-qsk@pferdeberufe.ch<\/a><\/td><\/tr><\/tbody><\/table>\t\t\t\t\t\t\t\t<\/div>\n\t\t\t\t<\/div>\n\t\t\t\t\t<\/div>\n\t\t<\/div>\n\t\t\t\t<div class=\"elementor-column elementor-col-33 elementor-top-column elementor-element elementor-element-0b91863\" data-id=\"0b91863\" data-element_type=\"column\" data-e-type=\"column\">\n\t\t\t<div class=\"elementor-widget-wrap\">\n\t\t\t\t\t\t\t<\/div>\n\t\t<\/div>\n\t\t\t\t\t<\/div>\n\t\t<\/section>\n\t\t\t\t<section class=\"elementor-section elementor-top-section elementor-element elementor-element-435a1fe elementor-section-boxed elementor-section-height-default elementor-section-height-default\" data-id=\"435a1fe\" data-element_type=\"section\" data-e-type=\"section\">\n\t\t\t\t\t\t<div class=\"elementor-container elementor-column-gap-default\">\n\t\t\t\t\t<div class=\"elementor-column elementor-col-100 elementor-top-column elementor-element elementor-element-d19cae8\" data-id=\"d19cae8\" data-element_type=\"column\" data-e-type=\"column\">\n\t\t\t<div class=\"elementor-widget-wrap elementor-element-populated\">\n\t\t\t\t\t\t<div class=\"elementor-element elementor-element-6f9089f elementor-widget elementor-widget-spacer\" data-id=\"6f9089f\" data-element_type=\"widget\" data-e-type=\"widget\" data-widget_type=\"spacer.default\">\n\t\t\t\t<div class=\"elementor-widget-container\">\n\t\t\t\t\t\t\t<div class=\"elementor-spacer\">\n\t\t\t<div class=\"elementor-spacer-inner\"><\/div>\n\t\t<\/div>\n\t\t\t\t\t\t<\/div>\n\t\t\t\t<\/div>\n\t\t\t\t\t<\/div>\n\t\t<\/div>\n\t\t\t\t\t<\/div>\n\t\t<\/section>\n\t\t\t\t<\/div>\n\t\t","protected":false},"excerpt":{"rendered":"<p>Kommissionen der OdA Pferdeberufe Schweiz Die OdA Pferdeberufe stellt verschiedene Kommissionen, welche f\u00fcr ihren jeweiligen Kompetenzbereich zust\u00e4ndig sind.\u00a0 Pr\u00e4sidentenkommission (PK) Baumgartner Christine SPV christine.baumgartner@iena.ch Burgermeister Silvia PI-CH silvia.burgermeister@gmx.ch Heller Martin &#8230; <a title=\"Kommissionen\" class=\"read-more\" href=\"https:\/\/pferdeberufe.ch\/de\/kommissionen\/\" aria-label=\"Mehr Informationen \u00fcber Kommissionen\">Weiterlesen<\/a><\/p>\n","protected":false},"author":2,"featured_media":0,"parent":0,"menu_order":7,"comment_status":"closed","ping_status":"closed","template":"elementor_header_footer","meta":{"footnotes":""},"class_list":["post-2315","page","type-page","status-publish"],"publishpress_future_action":{"enabled":false,"date":"2026-04-29 12:19:17","action":"change-status","newStatus":"draft","terms":[],"taxonomy":"translation_priority","extraData":[]},"publishpress_future_workflow_manual_trigger":{"enabledWorkflows":[]},"_links":{"self":[{"href":"https:\/\/pferdeberufe.ch\/de\/wp-json\/wp\/v2\/pages\/2315","targetHints":{"allow":["GET"]}}],"collection":[{"href":"https:\/\/pferdeberufe.ch\/de\/wp-json\/wp\/v2\/pages"}],"about":[{"href":"https:\/\/pferdeberufe.ch\/de\/wp-json\/wp\/v2\/types\/page"}],"author":[{"embeddable":true,"href":"https:\/\/pferdeberufe.ch\/de\/wp-json\/wp\/v2\/users\/2"}],"replies":[{"embeddable":true,"href":"https:\/\/pferdeberufe.ch\/de\/wp-json\/wp\/v2\/comments?post=2315"}],"version-history":[{"count":125,"href":"https:\/\/pferdeberufe.ch\/de\/wp-json\/wp\/v2\/pages\/2315\/revisions"}],"predecessor-version":[{"id":14433,"href":"https:\/\/pferdeberufe.ch\/de\/wp-json\/wp\/v2\/pages\/2315\/revisions\/14433"}],"wp:attachment":[{"href":"https:\/\/pferdeberufe.ch\/de\/wp-json\/wp\/v2\/media?parent=2315"}],"curies":[{"name":"wp","href":"https:\/\/api.w.org\/{rel}","templated":true}]}}