
{"id":7148,"date":"2023-03-10T11:44:01","date_gmt":"2023-03-10T10:44:01","guid":{"rendered":"https:\/\/pferdeberufe.ch\/?page_id=7148"},"modified":"2023-03-13T13:21:32","modified_gmt":"2023-03-13T12:21:32","slug":"neue-geschaftsstelle","status":"publish","type":"page","link":"https:\/\/pferdeberufe.ch\/de\/news\/neue-geschaftsstelle\/","title":{"rendered":"Neue Gesch\u00e4ftsstelle in Luzern"},"content":{"rendered":"\t\t<div data-elementor-type=\"wp-page\" data-elementor-id=\"7148\" class=\"elementor elementor-7148\" data-elementor-post-type=\"page\">\n\t\t\t\t\t\t<section class=\"elementor-section elementor-top-section elementor-element elementor-element-1eb722d2 elementor-section-boxed elementor-section-height-default elementor-section-height-default\" data-id=\"1eb722d2\" data-element_type=\"section\" data-e-type=\"section\">\n\t\t\t\t\t\t<div class=\"elementor-container elementor-column-gap-default\">\n\t\t\t\t\t<div class=\"elementor-column elementor-col-100 elementor-top-column elementor-element elementor-element-4496a76a\" data-id=\"4496a76a\" data-element_type=\"column\" data-e-type=\"column\">\n\t\t\t<div class=\"elementor-widget-wrap elementor-element-populated\">\n\t\t\t\t\t\t<div class=\"elementor-element elementor-element-9f1e0a0 elementor-widget elementor-widget-text-editor\" data-id=\"9f1e0a0\" data-element_type=\"widget\" data-e-type=\"widget\" data-widget_type=\"text-editor.default\">\n\t\t\t\t<div class=\"elementor-widget-container\">\n\t\t\t\t\t\t\t\t\t<h2 class=\"elementor-heading-title elementor-size-default elementor-inline-editing pen\" contenteditable=\"true\" data-elementor-setting-key=\"titel\" data-pen-placeholder=\"Eingabe hier...\"><span style=\"color: #ff0000;\">Neue Gesch\u00e4ftsstelle<\/span> in Luzern<\/h2>\t\t\t\t\t\t\t\t<\/div>\n\t\t\t\t<\/div>\n\t\t\t\t\t<\/div>\n\t\t<\/div>\n\t\t\t\t\t<\/div>\n\t\t<\/section>\n\t\t\t\t<section class=\"elementor-section elementor-top-section elementor-element elementor-element-45d561bb elementor-section-full_width elementor-section-height-default elementor-section-height-default\" data-id=\"45d561bb\" data-element_type=\"section\" data-e-type=\"section\">\n\t\t\t\t\t\t<div class=\"elementor-container elementor-column-gap-no\">\n\t\t\t\t\t<div class=\"elementor-column elementor-col-100 elementor-top-column elementor-element elementor-element-091b3c3\" data-id=\"091b3c3\" data-element_type=\"column\" data-e-type=\"column\">\n\t\t\t<div class=\"elementor-widget-wrap elementor-element-populated\">\n\t\t\t\t\t\t<div class=\"elementor-element elementor-element-1a63549 elementor-widget elementor-widget-image\" data-id=\"1a63549\" data-element_type=\"widget\" data-e-type=\"widget\" data-widget_type=\"image.default\">\n\t\t\t\t<div class=\"elementor-widget-container\">\n\t\t\t\t\t\t\t\t\t\t\t\t\t\t\t<img decoding=\"async\" src=\"https:\/\/pferdeberufe.ch\/wp-content\/smush-avif\/LOGO-GRAF-PARTNER-2FARBIG.jpg.avif\" title=\"\" alt=\"\" loading=\"lazy\" \/>\t\t\t\t\t\t\t\t\t\t\t\t\t\t\t<\/div>\n\t\t\t\t<\/div>\n\t\t\t\t<div class=\"elementor-element elementor-element-535555a elementor-widget elementor-widget-text-editor\" data-id=\"535555a\" data-element_type=\"widget\" data-e-type=\"widget\" data-widget_type=\"text-editor.default\">\n\t\t\t\t<div class=\"elementor-widget-container\">\n\t\t\t\t\t\t\t\t\t<p>Der Vorstand startete 2022 den Aufbau der Gesch\u00e4ftsstelle f\u00fcr die OdA Pferdeberufe Schweiz. Seit dem 1. Januar 2023 ist die Gesch\u00e4ftsstelle nun offiziell in Luzern. Der Sitz der OdA bleibt allerdings in Bern.<\/p><p style=\"margin-bottom: 0cm; line-height: normal;\">Die OdA Pferdeberufe Schweiz will ihre Organisation und den Betrieb weiter professionalisieren und die strategischen von den operativen Aufgaben vern\u00fcnftig trennen. Daher hat sie sich entschlossen, mit einer Organisation zusammen zu arbeiten, welche \u00fcber die erforderlichen Kompetenzen und die n\u00f6tige Erfahrung verf\u00fcgt. Der Vorstand hat sich daher entschieden, Aufgaben der Gesch\u00e4ftsstelle an Graf und Partner AG zu \u00fcbertragen. Das Unternehmen in Luzern weist \u00fcber 30 Jahre Erfahrung aus und bietet f\u00fcr Verb\u00e4nde und Organisationen der Arbeitswelt verschiedene Management-Dienstleistungen an.<\/p><p style=\"margin-bottom: 0cm; line-height: normal;\">\u00a0<\/p><p style=\"margin-bottom: 0cm; line-height: normal;\">Seit dem 1. Januar 2023 ist die Gesch\u00e4ftsstelle offiziell in Luzern. Die \u00dcbergabe der Arbeiten haben 2022 begonnen und sind noch nicht abgeschlossen. Die Gesch\u00e4ftsstelle fungiert neu als Dreh- und Angelpunkt aller Aktivit\u00e4ten der beruflichen Grundbildung der OdA Pferdeberufe. F\u00fcr die Leitung der Gesch\u00e4ftsstelle zust\u00e4ndig ist Sibylle Schuppli.<\/p><p style=\"margin-bottom: 0cm; line-height: normal;\">\u00a0<\/p><p style=\"margin-bottom: 0cm; line-height: normal;\">Der Vorstand ist \u00fcberzeugt, mit der neuen Organisation eine gute L\u00f6sung gefunden zu haben. Das Team an der Gesch\u00e4ftsstelle ist motiviert und freut sich auf die neuen Aufgaben. F\u00fcr spezifische Themen wie \u00dcKs oder BBF bleiben die Ansprechpartnerinnen wie bis anhin bestehen.<\/p><p style=\"margin-bottom: 0cm; line-height: normal;\">\u00a0<\/p><p style=\"margin-bottom: 0cm; line-height: normal;\">Die Gesch\u00e4ftsstelle kann folgendermassen kontaktiert werden:<\/p><p style=\"margin-bottom: 0cm; line-height: normal;\">OdA Pferdeberufe Schweiz<\/p><p style=\"margin-bottom: 0cm; line-height: normal;\">Postfach<\/p><p style=\"margin-bottom: 0cm; line-height: normal;\">Hirschmattstrasse 36<\/p><p style=\"margin-bottom: 0cm; line-height: normal;\">6002 Luzern<\/p><p style=\"margin-bottom: 0cm; line-height: normal;\"><a href=\"mailto:pferdeberufe@grafundpartnerag.ch\">pferdeberufe@grafundpartnerag.ch<\/a><\/p><p style=\"margin-bottom: 0cm; line-height: normal;\">041 368 58 22, montags bis freitags zwischen 08.00 bis 12.00<\/p>\t\t\t\t\t\t\t\t<\/div>\n\t\t\t\t<\/div>\n\t\t\t\t\t<\/div>\n\t\t<\/div>\n\t\t\t\t\t<\/div>\n\t\t<\/section>\n\t\t\t\t<\/div>\n\t\t","protected":false},"excerpt":{"rendered":"<p>Neue Gesch\u00e4ftsstelle in Luzern Der Vorstand startete 2022 den Aufbau der Gesch\u00e4ftsstelle f\u00fcr die OdA Pferdeberufe Schweiz. Seit dem 1. Januar 2023 ist die Gesch\u00e4ftsstelle nun offiziell in Luzern. Der &#8230; <a title=\"Neue Gesch\u00e4ftsstelle in Luzern\" class=\"read-more\" href=\"https:\/\/pferdeberufe.ch\/de\/news\/neue-geschaftsstelle\/\" aria-label=\"Mehr Informationen \u00fcber Neue Gesch\u00e4ftsstelle in Luzern\">Weiterlesen<\/a><\/p>\n","protected":false},"author":4,"featured_media":0,"parent":4135,"menu_order":39,"comment_status":"closed","ping_status":"closed","template":"","meta":{"footnotes":""},"class_list":["post-7148","page","type-page","status-publish"],"publishpress_future_action":{"enabled":false,"date":"2026-05-12 07:17:47","action":"change-status","newStatus":"draft","terms":[],"taxonomy":"translation_priority","extraData":[]},"publishpress_future_workflow_manual_trigger":{"enabledWorkflows":[]},"_links":{"self":[{"href":"https:\/\/pferdeberufe.ch\/de\/wp-json\/wp\/v2\/pages\/7148","targetHints":{"allow":["GET"]}}],"collection":[{"href":"https:\/\/pferdeberufe.ch\/de\/wp-json\/wp\/v2\/pages"}],"about":[{"href":"https:\/\/pferdeberufe.ch\/de\/wp-json\/wp\/v2\/types\/page"}],"author":[{"embeddable":true,"href":"https:\/\/pferdeberufe.ch\/de\/wp-json\/wp\/v2\/users\/4"}],"replies":[{"embeddable":true,"href":"https:\/\/pferdeberufe.ch\/de\/wp-json\/wp\/v2\/comments?post=7148"}],"version-history":[{"count":18,"href":"https:\/\/pferdeberufe.ch\/de\/wp-json\/wp\/v2\/pages\/7148\/revisions"}],"predecessor-version":[{"id":7285,"href":"https:\/\/pferdeberufe.ch\/de\/wp-json\/wp\/v2\/pages\/7148\/revisions\/7285"}],"up":[{"embeddable":true,"href":"https:\/\/pferdeberufe.ch\/de\/wp-json\/wp\/v2\/pages\/4135"}],"wp:attachment":[{"href":"https:\/\/pferdeberufe.ch\/de\/wp-json\/wp\/v2\/media?parent=7148"}],"curies":[{"name":"wp","href":"https:\/\/api.w.org\/{rel}","templated":true}]}}