
{"id":7180,"date":"2023-03-10T11:59:41","date_gmt":"2023-03-10T10:59:41","guid":{"rendered":"https:\/\/pferdeberufe.ch\/?page_id=7180"},"modified":"2023-04-14T15:51:04","modified_gmt":"2023-04-14T13:51:04","slug":"uek-ansprechperson","status":"publish","type":"page","link":"https:\/\/pferdeberufe.ch\/de\/news\/uek-ansprechperson\/","title":{"rendered":"\u00dcK: weitere Ansprechperson"},"content":{"rendered":"\t\t<div data-elementor-type=\"wp-page\" data-elementor-id=\"7180\" class=\"elementor elementor-7180\" data-elementor-post-type=\"page\">\n\t\t\t\t\t\t<section class=\"elementor-section elementor-top-section elementor-element elementor-element-1eb722d2 elementor-section-boxed elementor-section-height-default elementor-section-height-default\" data-id=\"1eb722d2\" data-element_type=\"section\" data-e-type=\"section\">\n\t\t\t\t\t\t<div class=\"elementor-container elementor-column-gap-default\">\n\t\t\t\t\t<div class=\"elementor-column elementor-col-100 elementor-top-column elementor-element elementor-element-4496a76a\" data-id=\"4496a76a\" data-element_type=\"column\" data-e-type=\"column\">\n\t\t\t<div class=\"elementor-widget-wrap elementor-element-populated\">\n\t\t\t\t\t\t<div class=\"elementor-element elementor-element-9f1e0a0 elementor-widget elementor-widget-text-editor\" data-id=\"9f1e0a0\" data-element_type=\"widget\" data-e-type=\"widget\" data-widget_type=\"text-editor.default\">\n\t\t\t\t<div class=\"elementor-widget-container\">\n\t\t\t\t\t\t\t\t\t<h2 class=\"elementor-heading-title elementor-size-default elementor-inline-editing pen\" contenteditable=\"true\" data-elementor-setting-key=\"title\" data-pen-placeholder=\"Eingabe hier...\">\u00dcK- Weitere Ansprechperson<span style=\"color: #ff0000;\"><\/span><\/h2>\t\t\t\t\t\t\t\t<\/div>\n\t\t\t\t<\/div>\n\t\t\t\t\t<\/div>\n\t\t<\/div>\n\t\t\t\t\t<\/div>\n\t\t<\/section>\n\t\t\t\t<section class=\"elementor-section elementor-top-section elementor-element elementor-element-45d561bb elementor-section-full_width elementor-section-height-default elementor-section-height-default\" data-id=\"45d561bb\" data-element_type=\"section\" data-e-type=\"section\">\n\t\t\t\t\t\t<div class=\"elementor-container elementor-column-gap-no\">\n\t\t\t\t\t<div class=\"elementor-column elementor-col-100 elementor-top-column elementor-element elementor-element-091b3c3\" data-id=\"091b3c3\" data-element_type=\"column\" data-e-type=\"column\">\n\t\t\t<div class=\"elementor-widget-wrap elementor-element-populated\">\n\t\t\t\t\t\t<div class=\"elementor-element elementor-element-535555a elementor-widget elementor-widget-text-editor\" data-id=\"535555a\" data-element_type=\"widget\" data-e-type=\"widget\" data-widget_type=\"text-editor.default\">\n\t\t\t\t<div class=\"elementor-widget-container\">\n\t\t\t\t\t\t\t\t\t<p>Corina Felber-Luccarini, langj\u00e4hrige Mitarbeiterin der OdA Pferdeberufe Schweiz und Verantwortliche f\u00fcr die \u00dcKs, ist in freudiger Erwartung. Sie wird sich voraussichtlich von Ende Mai 2023 bis Anfang September 2023 im Mutterschaftsurlaub sein. Nach der regul\u00e4ren Absenz plant sie, zu einem reduzierten Pensum ihre Aufgaben bei der OdA wieder aufzunehmen.<\/p><p>Aufgrund der Termine wird Corina Felber-Luccarini voraussichtlich zwischen Ende Mai und Anfang September abwesend sein. F\u00fcr eine Stellvertretung ist in der Gesch\u00e4ftsstelle gesorgt: Katja L\u00fcthi wird sukzessive in die Aufgaben der \u00dcK-Administration eingearbeitet. Corina Felber-Luccarini wird sie so lange wie m\u00f6glich begleiten. Die Aufgaben werden jederzeit abgedeckt sein. W\u00e4hrend des Mutterschaftsurlaubs wird Katja L\u00fcthi s\u00e4mtliche Aufgaben des \u00dcK-Sekretariats \u00fcbernehmen. W\u00e4hrend dieser Zeit wird sie auch die Ansprechperson f\u00fcr alle Anfragen sein. Die Kontaktdaten bleiben die Gleichen.<\/p><p>Corina Felber-Luccarini w\u00fcnscht, nach dem Mutterschaftsurlaub zu einem reduzierten Pensum wieder im \u00dcK-Sekretariat zu arbeiten. Die Gesch\u00e4ftsstelle \u00fcbernimmt ihre Stellvertretung, die Aufteilung der Aufgaben zwischen ihr und Katja L\u00fcthi wird noch besprochen.<\/p><p>Der Vorstand der OdA w\u00fcnscht Corina Felber-Luccarini viel Gl\u00fcck in ihrer neuen Rolle. Er ist froh, bleibt sie als langj\u00e4hrige und gute Mitarbeiterin der OdA erhalten. Er begr\u00fcsst zudem Katja L\u00fcthi in der Gesch\u00e4ftsstelle und freut sich auf die Zusammenarbeit mit ihr.<\/p>\t\t\t\t\t\t\t\t<\/div>\n\t\t\t\t<\/div>\n\t\t\t\t\t<\/div>\n\t\t<\/div>\n\t\t\t\t\t<\/div>\n\t\t<\/section>\n\t\t\t\t<\/div>\n\t\t","protected":false},"excerpt":{"rendered":"<p>\u00dcK- Weitere Ansprechperson Corina Felber-Luccarini, langj\u00e4hrige Mitarbeiterin der OdA Pferdeberufe Schweiz und Verantwortliche f\u00fcr die \u00dcKs, ist in freudiger Erwartung. Sie wird sich voraussichtlich von Ende Mai 2023 bis Anfang &#8230; <a title=\"\u00dcK: weitere Ansprechperson\" class=\"read-more\" href=\"https:\/\/pferdeberufe.ch\/de\/news\/uek-ansprechperson\/\" aria-label=\"Mehr Informationen \u00fcber \u00dcK: weitere Ansprechperson\">Weiterlesen<\/a><\/p>\n","protected":false},"author":4,"featured_media":0,"parent":4135,"menu_order":39,"comment_status":"closed","ping_status":"closed","template":"","meta":{"footnotes":""},"class_list":["post-7180","page","type-page","status-publish"],"publishpress_future_action":{"enabled":false,"date":"2026-04-24 03:04:54","action":"change-status","newStatus":"draft","terms":[],"taxonomy":"translation_priority","extraData":[]},"publishpress_future_workflow_manual_trigger":{"enabledWorkflows":[]},"_links":{"self":[{"href":"https:\/\/pferdeberufe.ch\/de\/wp-json\/wp\/v2\/pages\/7180","targetHints":{"allow":["GET"]}}],"collection":[{"href":"https:\/\/pferdeberufe.ch\/de\/wp-json\/wp\/v2\/pages"}],"about":[{"href":"https:\/\/pferdeberufe.ch\/de\/wp-json\/wp\/v2\/types\/page"}],"author":[{"embeddable":true,"href":"https:\/\/pferdeberufe.ch\/de\/wp-json\/wp\/v2\/users\/4"}],"replies":[{"embeddable":true,"href":"https:\/\/pferdeberufe.ch\/de\/wp-json\/wp\/v2\/comments?post=7180"}],"version-history":[{"count":10,"href":"https:\/\/pferdeberufe.ch\/de\/wp-json\/wp\/v2\/pages\/7180\/revisions"}],"predecessor-version":[{"id":7398,"href":"https:\/\/pferdeberufe.ch\/de\/wp-json\/wp\/v2\/pages\/7180\/revisions\/7398"}],"up":[{"embeddable":true,"href":"https:\/\/pferdeberufe.ch\/de\/wp-json\/wp\/v2\/pages\/4135"}],"wp:attachment":[{"href":"https:\/\/pferdeberufe.ch\/de\/wp-json\/wp\/v2\/media?parent=7180"}],"curies":[{"name":"wp","href":"https:\/\/api.w.org\/{rel}","templated":true}]}}