
{"id":7331,"date":"2023-04-06T11:01:05","date_gmt":"2023-04-06T09:01:05","guid":{"rendered":"https:\/\/pferdeberufe.ch\/?page_id=7331"},"modified":"2023-04-17T09:58:54","modified_gmt":"2023-04-17T07:58:54","slug":"empfehlung-mindestloehne-hoechstarbeitszeit","status":"publish","type":"page","link":"https:\/\/pferdeberufe.ch\/de\/news\/empfehlung-mindestloehne-hoechstarbeitszeit\/","title":{"rendered":"Empfehlungen zu Mindestl\u00f6hnen und H\u00f6chst-Arbeitszeiten w\u00e4hrend der Lehre"},"content":{"rendered":"\t\t<div data-elementor-type=\"wp-page\" data-elementor-id=\"7331\" class=\"elementor elementor-7331\" data-elementor-post-type=\"page\">\n\t\t\t\t\t\t<section class=\"elementor-section elementor-top-section elementor-element elementor-element-1eb722d2 elementor-section-boxed elementor-section-height-default elementor-section-height-default\" data-id=\"1eb722d2\" data-element_type=\"section\" data-e-type=\"section\">\n\t\t\t\t\t\t<div class=\"elementor-container elementor-column-gap-default\">\n\t\t\t\t\t<div class=\"elementor-column elementor-col-100 elementor-top-column elementor-element elementor-element-4496a76a\" data-id=\"4496a76a\" data-element_type=\"column\" data-e-type=\"column\">\n\t\t\t<div class=\"elementor-widget-wrap elementor-element-populated\">\n\t\t\t\t\t\t<div class=\"elementor-element elementor-element-9f1e0a0 elementor-widget elementor-widget-text-editor\" data-id=\"9f1e0a0\" data-element_type=\"widget\" data-e-type=\"widget\" data-widget_type=\"text-editor.default\">\n\t\t\t\t<div class=\"elementor-widget-container\">\n\t\t\t\t\t\t\t\t\t<h2 class=\"elementor-heading-title elementor-size-default elementor-inline-editing pen\" contenteditable=\"true\" data-elementor-setting-key=\"titel\" data-pen-placeholder=\"Eingabe hier...\"><span style=\"color: #ff0000;\">Empfehlungen zu Mindestl\u00f6hnen und H\u00f6chst-Arbeitszeiten<\/span> w\u00e4hrend der Lehre<\/h2>\t\t\t\t\t\t\t\t<\/div>\n\t\t\t\t<\/div>\n\t\t\t\t\t<\/div>\n\t\t<\/div>\n\t\t\t\t\t<\/div>\n\t\t<\/section>\n\t\t\t\t<section class=\"elementor-section elementor-top-section elementor-element elementor-element-45d561bb elementor-section-full_width elementor-section-height-default elementor-section-height-default\" data-id=\"45d561bb\" data-element_type=\"section\" data-e-type=\"section\">\n\t\t\t\t\t\t<div class=\"elementor-container elementor-column-gap-no\">\n\t\t\t\t\t<div class=\"elementor-column elementor-col-100 elementor-top-column elementor-element elementor-element-091b3c3\" data-id=\"091b3c3\" data-element_type=\"column\" data-e-type=\"column\">\n\t\t\t<div class=\"elementor-widget-wrap elementor-element-populated\">\n\t\t\t\t\t\t<div class=\"elementor-element elementor-element-1a63549 elementor-widget elementor-widget-image\" data-id=\"1a63549\" data-element_type=\"widget\" data-e-type=\"widget\" data-widget_type=\"image.default\">\n\t\t\t\t<div class=\"elementor-widget-container\">\n\t\t\t\t\t\t\t\t\t\t\t\t\t\t\t<img fetchpriority=\"high\" decoding=\"async\" width=\"300\" height=\"201\" src=\"https:\/\/pferdeberufe.ch\/wp-content\/smush-avif\/OdA_BBL_0025-1-300x201.jpg.avif\" class=\"attachment-medium size-medium wp-image-7321\" alt=\"\" srcset=\"https:\/\/pferdeberufe.ch\/wp-content\/smush-avif\/OdA_BBL_0025-1-300x201.jpg.avif 300w, https:\/\/pferdeberufe.ch\/wp-content\/smush-avif\/OdA_BBL_0025-1-1024x685.jpg.avif 1024w, https:\/\/pferdeberufe.ch\/wp-content\/smush-avif\/OdA_BBL_0025-1-768x514.jpg.avif 768w, https:\/\/pferdeberufe.ch\/wp-content\/smush-avif\/OdA_BBL_0025-1-1536x1028.jpg.avif 1536w, https:\/\/pferdeberufe.ch\/wp-content\/smush-avif\/OdA_BBL_0025-1-2048x1371.jpg.avif 2048w\" sizes=\"(max-width: 300px) 100vw, 300px\" \/>\t\t\t\t\t\t\t\t\t\t\t\t\t\t\t<\/div>\n\t\t\t\t<\/div>\n\t\t\t\t<div class=\"elementor-element elementor-element-535555a elementor-widget elementor-widget-text-editor\" data-id=\"535555a\" data-element_type=\"widget\" data-e-type=\"widget\" data-widget_type=\"text-editor.default\">\n\t\t\t\t<div class=\"elementor-widget-container\">\n\t\t\t\t\t\t\t\t\t<p>Der Vorstand der OdA Pferdeberufe Schweiz hat zwei neue Dokumente im Zusammenhang mit der Lehre verabschiedet. Diese werden von ihren sechs Tr\u00e4gerorganisationen unterst\u00fctzt. Ziel der Empfehlungen ist es, die Lehrabbr\u00fcche in der Pferdebranche zu reduzieren. Diese sollen die Lehrbetriebe aber nicht \u00fcberm\u00e4ssig belasten.<\/p>\n<p><strong>Mindestlohnempfehlung<br><\/strong>Bei der Mindestlohnempfehlung f\u00fcr Auszubildende f\u00fcr Pferdewartinnen und Pferdewarte EBA sowie f\u00fcr Pferdefachfrauen und -m\u00e4nner EFZ gibt es keine \u00c4nderung. Lernende, die vom allgemein bildenden Unterricht (ABU) befreit sind, arbeiten mehr im Ausbildungsbetrieb. Die Lohnempfehlung f\u00fcr solche F\u00e4lle liegt daher neu bei CHF 200 \u00fcber dem Lohn bei einer regul\u00e4ren Lehre.<\/p>\n<p>Der Vorstand der OdA Pferdeberufe Schweiz und ihre sechs Tr\u00e4gerorganisationen vertreten ausserdem die Meinung, dass der Abschluss einer zweiten Fachrichtung gef\u00f6rdert werden soll. In solchen F\u00e4llen liegt die Lohnempfehlung neu bei CHF 1&#8217;500. Mit dem schon erworbenen F\u00e4higkeitsausweis der Pferdebranche k\u00f6nnen solche Personen vielf\u00e4ltiger als regul\u00e4r Lernende eingesetzt werden.<\/p>\n<p><a href=\"https:\/\/pferdeberufe.ch\/wp-content\/uploads\/Mindestlohnempfehlung.pdf\" target=\"_blank\" rel=\"noopener\">Mindestlohnempfehlung f\u00fcr Lernende der Pferdebranche<\/a><\/p>\n<p><strong>H\u00f6chst-Arbeitszeiten<br><\/strong>Einige Lernende fangen ihre Lehre noch vor dem sechzehnten Geburtstag an. In solchen F\u00e4llen gelten besondere Arbeitszeiten, bis das sechzehnte Lebensjahr erreicht ist. Ab dem achtzehnten Lebensjahr gelten nochmals andere Vorgaben. Insofern gibt es bei den H\u00f6chst-Arbeitszeiten drei Abstufungen. Vor allem die Einhaltung der Ruhezeiten zwischen den Eins\u00e4tzen sowie die maximale Besch\u00e4ftigung vor Berufsschultagen sollen dazu beitragen, dass es weniger Lehrabbr\u00fcche in der Branche gibt.<\/p>\n<p><a href=\"https:\/\/pferdeberufe.ch\/wp-content\/uploads\/Hoechst-Arbeitszeiten.pdf\" target=\"_blank\" rel=\"noopener\">Empfehlung der H\u00f6chst-Arbeitszeiten f\u00fcr Lernende der Pferdebranche<\/a><\/p>\n<p>Die Lehre in der Pferdebranche soll nicht nur \u00fcber den Lohn attraktiver werden. Der Vorstand der OdA Pferdeberufe Schweiz sowie ihre sechs Tr\u00e4gerorganisationen empfehlen, die Arbeitszeiten zusammen mit den Mindestlohnempfehlungen anzupassen. Diese Empfehlungen gelten f\u00fcr neue Vertr\u00e4ge ab dem Schuljahr 2023 \/ 2024. Es w\u00e4re allerdings w\u00fcnschenswert, bestehende Vertr\u00e4ge ebenfalls an die Empfehlungen ab dem neuen Schuljahr anzupassen.<\/p>\n<p><strong>H\u00e4ufig gestellte Fragen<br><\/strong>Die OdA Pferdeberufe Schweiz hat ausserdem ein Dokument mit den h\u00e4ufig gestellten Fragen der Lernenden der Pferdebranche zusammengestellt.<\/p>\n<p><a style=\"background-color: var(--base-3);\" href=\"https:\/\/pferdeberufe.ch\/wp-content\/uploads\/Haeufig-gestellte-Fragen-de.pdf\" target=\"_blank\" rel=\"noopener\">H\u00e4ufig gestellte Fragen&nbsp;<\/a><\/p>\t\t\t\t\t\t\t\t<\/div>\n\t\t\t\t<\/div>\n\t\t\t\t\t<\/div>\n\t\t<\/div>\n\t\t\t\t\t<\/div>\n\t\t<\/section>\n\t\t\t\t<\/div>\n\t\t","protected":false},"excerpt":{"rendered":"<p>Empfehlungen zu Mindestl\u00f6hnen und H\u00f6chst-Arbeitszeiten w\u00e4hrend der Lehre Der Vorstand der OdA Pferdeberufe Schweiz hat zwei neue Dokumente im Zusammenhang mit der Lehre verabschiedet. Diese werden von ihren sechs Tr\u00e4gerorganisationen &#8230; <a title=\"Empfehlungen zu Mindestl\u00f6hnen und H\u00f6chst-Arbeitszeiten w\u00e4hrend der Lehre\" class=\"read-more\" href=\"https:\/\/pferdeberufe.ch\/de\/news\/empfehlung-mindestloehne-hoechstarbeitszeit\/\" aria-label=\"Mehr Informationen \u00fcber Empfehlungen zu Mindestl\u00f6hnen und H\u00f6chst-Arbeitszeiten w\u00e4hrend der Lehre\">Weiterlesen<\/a><\/p>\n","protected":false},"author":4,"featured_media":0,"parent":4135,"menu_order":39,"comment_status":"closed","ping_status":"closed","template":"","meta":{"footnotes":""},"class_list":["post-7331","page","type-page","status-publish"],"publishpress_future_action":{"enabled":false,"date":"2026-04-26 12:30:56","action":"change-status","newStatus":"draft","terms":[],"taxonomy":"translation_priority","extraData":[]},"publishpress_future_workflow_manual_trigger":{"enabledWorkflows":[]},"_links":{"self":[{"href":"https:\/\/pferdeberufe.ch\/de\/wp-json\/wp\/v2\/pages\/7331","targetHints":{"allow":["GET"]}}],"collection":[{"href":"https:\/\/pferdeberufe.ch\/de\/wp-json\/wp\/v2\/pages"}],"about":[{"href":"https:\/\/pferdeberufe.ch\/de\/wp-json\/wp\/v2\/types\/page"}],"author":[{"embeddable":true,"href":"https:\/\/pferdeberufe.ch\/de\/wp-json\/wp\/v2\/users\/4"}],"replies":[{"embeddable":true,"href":"https:\/\/pferdeberufe.ch\/de\/wp-json\/wp\/v2\/comments?post=7331"}],"version-history":[{"count":28,"href":"https:\/\/pferdeberufe.ch\/de\/wp-json\/wp\/v2\/pages\/7331\/revisions"}],"predecessor-version":[{"id":7478,"href":"https:\/\/pferdeberufe.ch\/de\/wp-json\/wp\/v2\/pages\/7331\/revisions\/7478"}],"up":[{"embeddable":true,"href":"https:\/\/pferdeberufe.ch\/de\/wp-json\/wp\/v2\/pages\/4135"}],"wp:attachment":[{"href":"https:\/\/pferdeberufe.ch\/de\/wp-json\/wp\/v2\/media?parent=7331"}],"curies":[{"name":"wp","href":"https:\/\/api.w.org\/{rel}","templated":true}]}}