
{"id":7830,"date":"2023-06-26T13:54:44","date_gmt":"2023-06-26T11:54:44","guid":{"rendered":"https:\/\/pferdeberufe.ch\/?page_id=7830"},"modified":"2023-06-26T14:22:12","modified_gmt":"2023-06-26T12:22:12","slug":"wahlen-dv2023","status":"publish","type":"page","link":"https:\/\/pferdeberufe.ch\/de\/news\/wahlen-dv2023\/","title":{"rendered":"Wahlen bei der OdA Pferdeberufe Schweiz"},"content":{"rendered":"\t\t<div data-elementor-type=\"wp-page\" data-elementor-id=\"7830\" class=\"elementor elementor-7830\" data-elementor-post-type=\"page\">\n\t\t\t\t\t\t<section class=\"elementor-section elementor-top-section elementor-element elementor-element-1eb722d2 elementor-section-boxed elementor-section-height-default elementor-section-height-default\" data-id=\"1eb722d2\" data-element_type=\"section\" data-e-type=\"section\">\n\t\t\t\t\t\t<div class=\"elementor-container elementor-column-gap-default\">\n\t\t\t\t\t<div class=\"elementor-column elementor-col-100 elementor-top-column elementor-element elementor-element-4496a76a\" data-id=\"4496a76a\" data-element_type=\"column\" data-e-type=\"column\">\n\t\t\t<div class=\"elementor-widget-wrap elementor-element-populated\">\n\t\t\t\t\t\t<div class=\"elementor-element elementor-element-9f1e0a0 elementor-widget elementor-widget-text-editor\" data-id=\"9f1e0a0\" data-element_type=\"widget\" data-e-type=\"widget\" data-widget_type=\"text-editor.default\">\n\t\t\t\t<div class=\"elementor-widget-container\">\n\t\t\t\t\t\t\t\t\t<p>Wahlen bei der OdA Pferdeberufe Schweiz<\/p>\t\t\t\t\t\t\t\t<\/div>\n\t\t\t\t<\/div>\n\t\t\t\t\t<\/div>\n\t\t<\/div>\n\t\t\t\t\t<\/div>\n\t\t<\/section>\n\t\t\t\t<section class=\"elementor-section elementor-top-section elementor-element elementor-element-45d561bb elementor-section-full_width elementor-section-height-default elementor-section-height-default\" data-id=\"45d561bb\" data-element_type=\"section\" data-e-type=\"section\">\n\t\t\t\t\t\t<div class=\"elementor-container elementor-column-gap-no\">\n\t\t\t\t\t<div class=\"elementor-column elementor-col-100 elementor-top-column elementor-element elementor-element-091b3c3\" data-id=\"091b3c3\" data-element_type=\"column\" data-e-type=\"column\">\n\t\t\t<div class=\"elementor-widget-wrap elementor-element-populated\">\n\t\t\t\t\t\t<div class=\"elementor-element elementor-element-aaa72fb elementor-widget elementor-widget-image\" data-id=\"aaa72fb\" data-element_type=\"widget\" data-e-type=\"widget\" data-widget_type=\"image.default\">\n\t\t\t\t<div class=\"elementor-widget-container\">\n\t\t\t\t\t\t\t\t\t\t\t\t\t\t\t<img fetchpriority=\"high\" decoding=\"async\" width=\"768\" height=\"354\" src=\"https:\/\/pferdeberufe.ch\/wp-content\/smush-avif\/Lea6-768x354.jpg.avif\" class=\"attachment-medium_large size-medium_large wp-image-7832\" alt=\"\" srcset=\"https:\/\/pferdeberufe.ch\/wp-content\/smush-avif\/Lea6-768x354.jpg.avif 768w, https:\/\/pferdeberufe.ch\/wp-content\/smush-avif\/Lea6-300x138.jpg.avif 300w, https:\/\/pferdeberufe.ch\/wp-content\/smush-avif\/Lea6-1024x472.jpg.avif 1024w, https:\/\/pferdeberufe.ch\/wp-content\/smush-avif\/Lea6-1536x707.jpg.avif 1536w, https:\/\/pferdeberufe.ch\/wp-content\/smush-avif\/Lea6.jpg.avif 1824w\" sizes=\"(max-width: 768px) 100vw, 768px\" \/>\t\t\t\t\t\t\t\t\t\t\t\t\t\t\t<\/div>\n\t\t\t\t<\/div>\n\t\t\t\t<div class=\"elementor-element elementor-element-535555a elementor-widget elementor-widget-text-editor\" data-id=\"535555a\" data-element_type=\"widget\" data-e-type=\"widget\" data-widget_type=\"text-editor.default\">\n\t\t\t\t<div class=\"elementor-widget-container\">\n\t\t\t\t\t\t\t\t\t<p>Die 18. ordentliche Delegiertenversammlung der OdA Pferdeberufe Schweiz (OdA PBS) war vor allem durch die Wahlen gepr\u00e4gt.<\/p><p><strong>Wahlen des Vorstands<br \/><\/strong>Die Delegierten w\u00e4hlten einstimmig Daniel W\u00fcthrich als neuen Repr\u00e4sentanten der Tr\u00e4gerorganisation Schweizerischer Verband f\u00fcr Gespannfahrer (SVGF). Er weist \u00fcber 20 Jahre Erfahrung im Gespannfahren aus. Er \u00fcbt den Sport national und international aus. Zus\u00e4tzlich ist er Pr\u00fcfungsexperte f\u00fcr die Fachrichtung Gespannfahren in der beruflichen Grundbildung. Alle Teilnehmenden begl\u00fcckw\u00fcnschten Herrn Daniel W\u00fcthrich ganz herzlich zur Wahl und w\u00fcnschen ihm viel Erfolg.<\/p><p>Er ersetzt Lea Schmidlin, die nach zehn Jahren aus dem Vorstand der OdA PBS zur\u00fccktritt. Im Namen des Vorstands bedankte sich der Pr\u00e4sident, Derek Frank, ganz herzlich f\u00fcr das Engagement und die kollegiale Zusammenarbeit.<\/p><p>Zur Wahl stand auch die Vertretung der Islandpferde-Vereinigung Schweiz (IPV-CH). Die bisherige Amtsinhaberin, Sandra Scherrer, stellte sich f\u00fcr weitere vier Jahre zur Verf\u00fcgung. Die Delegierten best\u00e4tigen sie einstimmig in ihrem Amt.<\/p><p><strong>Rechnungs- und Gesch\u00e4ftspr\u00fcfungskommission (GPK)<br \/><\/strong>Monika L\u00fcdy, Vertreterin der IPV-CH, tritt aus der GPK zur\u00fcck. Sie nimmt eine andere Funktion in ihrer Vereinigung wahr. F\u00fcr die restlichen zwei Jahre ihrer Amtszeit w\u00e4hlen die Delegierten Frau Simone Braccini in die GPK. Jeanne H\u00e4ring, Vertreterin des SVGF, tritt ebenfalls aus der GPK zur\u00fcck. Die Vertretung des SVGF bleibt bis auf weiteres vakant.<\/p><p><strong>Zusammenarbeit neue Gesch\u00e4ftsstelle<br \/><\/strong>Romeo Musio informierte die Delegierten zus\u00e4tzlich \u00fcber den Stand der Zusammenarbeit mit der Gesch\u00e4ftsstelle. Diese verl\u00e4uft positiv, weitere Aufgaben werden laufend \u00fcbergeben.<\/p>\t\t\t\t\t\t\t\t<\/div>\n\t\t\t\t<\/div>\n\t\t\t\t\t<\/div>\n\t\t<\/div>\n\t\t\t\t\t<\/div>\n\t\t<\/section>\n\t\t\t\t<\/div>\n\t\t","protected":false},"excerpt":{"rendered":"<p>Wahlen bei der OdA Pferdeberufe Schweiz Die 18. ordentliche Delegiertenversammlung der OdA Pferdeberufe Schweiz (OdA PBS) war vor allem durch die Wahlen gepr\u00e4gt. Wahlen des Vorstands Die Delegierten w\u00e4hlten einstimmig &#8230; <a title=\"Wahlen bei der OdA Pferdeberufe Schweiz\" class=\"read-more\" href=\"https:\/\/pferdeberufe.ch\/de\/news\/wahlen-dv2023\/\" aria-label=\"Mehr Informationen \u00fcber Wahlen bei der OdA Pferdeberufe Schweiz\">Weiterlesen<\/a><\/p>\n","protected":false},"author":4,"featured_media":0,"parent":4135,"menu_order":39,"comment_status":"closed","ping_status":"closed","template":"","meta":{"footnotes":""},"class_list":["post-7830","page","type-page","status-publish"],"publishpress_future_action":{"enabled":false,"date":"2026-05-12 07:17:55","action":"change-status","newStatus":"draft","terms":[],"taxonomy":"translation_priority","extraData":[]},"publishpress_future_workflow_manual_trigger":{"enabledWorkflows":[]},"_links":{"self":[{"href":"https:\/\/pferdeberufe.ch\/de\/wp-json\/wp\/v2\/pages\/7830","targetHints":{"allow":["GET"]}}],"collection":[{"href":"https:\/\/pferdeberufe.ch\/de\/wp-json\/wp\/v2\/pages"}],"about":[{"href":"https:\/\/pferdeberufe.ch\/de\/wp-json\/wp\/v2\/types\/page"}],"author":[{"embeddable":true,"href":"https:\/\/pferdeberufe.ch\/de\/wp-json\/wp\/v2\/users\/4"}],"replies":[{"embeddable":true,"href":"https:\/\/pferdeberufe.ch\/de\/wp-json\/wp\/v2\/comments?post=7830"}],"version-history":[{"count":11,"href":"https:\/\/pferdeberufe.ch\/de\/wp-json\/wp\/v2\/pages\/7830\/revisions"}],"predecessor-version":[{"id":7844,"href":"https:\/\/pferdeberufe.ch\/de\/wp-json\/wp\/v2\/pages\/7830\/revisions\/7844"}],"up":[{"embeddable":true,"href":"https:\/\/pferdeberufe.ch\/de\/wp-json\/wp\/v2\/pages\/4135"}],"wp:attachment":[{"href":"https:\/\/pferdeberufe.ch\/de\/wp-json\/wp\/v2\/media?parent=7830"}],"curies":[{"name":"wp","href":"https:\/\/api.w.org\/{rel}","templated":true}]}}