
{"id":8032,"date":"2023-08-07T08:04:01","date_gmt":"2023-08-07T06:04:01","guid":{"rendered":"https:\/\/pferdeberufe.ch\/?page_id=8032"},"modified":"2023-08-07T13:22:57","modified_gmt":"2023-08-07T11:22:57","slug":"wm-islandpferde","status":"publish","type":"page","link":"https:\/\/pferdeberufe.ch\/de\/news\/wm-islandpferde\/","title":{"rendered":"Erfolgreiche Sportlerinnen und Sportler in der Berufsbildung an der Weltmeisterschaft!\u00a0"},"content":{"rendered":"\t\t<div data-elementor-type=\"wp-page\" data-elementor-id=\"8032\" class=\"elementor elementor-8032\" data-elementor-post-type=\"page\">\n\t\t\t\t\t\t<section class=\"elementor-section elementor-top-section elementor-element elementor-element-1eb722d2 elementor-section-boxed elementor-section-height-default elementor-section-height-default\" data-id=\"1eb722d2\" data-element_type=\"section\" data-e-type=\"section\">\n\t\t\t\t\t\t<div class=\"elementor-container elementor-column-gap-default\">\n\t\t\t\t\t<div class=\"elementor-column elementor-col-100 elementor-top-column elementor-element elementor-element-4496a76a\" data-id=\"4496a76a\" data-element_type=\"column\" data-e-type=\"column\">\n\t\t\t<div class=\"elementor-widget-wrap elementor-element-populated\">\n\t\t\t\t\t\t<div class=\"elementor-element elementor-element-9f1e0a0 elementor-widget elementor-widget-text-editor\" data-id=\"9f1e0a0\" data-element_type=\"widget\" data-e-type=\"widget\" data-widget_type=\"text-editor.default\">\n\t\t\t\t<div class=\"elementor-widget-container\">\n\t\t\t\t\t\t\t\t\t<h2 class=\"elementor-heading-title elementor-size-default elementor-inline-editing pen\" contenteditable=\"true\" data-elementor-setting-key=\"titel\" data-pen-placeholder=\"Eingabe hier...\"><span style=\"color: #ff0000;\">Erfolgreiche Sportlerinnen und Sportler in der Berufsbildung <\/span> an der Weltmeisterschaft!<\/h2>\t\t\t\t\t\t\t\t<\/div>\n\t\t\t\t<\/div>\n\t\t\t\t\t<\/div>\n\t\t<\/div>\n\t\t\t\t\t<\/div>\n\t\t<\/section>\n\t\t\t\t<section class=\"elementor-section elementor-top-section elementor-element elementor-element-45d561bb elementor-section-full_width elementor-section-height-default elementor-section-height-default\" data-id=\"45d561bb\" data-element_type=\"section\" data-e-type=\"section\">\n\t\t\t\t\t\t<div class=\"elementor-container elementor-column-gap-no\">\n\t\t\t\t\t<div class=\"elementor-column elementor-col-100 elementor-top-column elementor-element elementor-element-091b3c3\" data-id=\"091b3c3\" data-element_type=\"column\" data-e-type=\"column\">\n\t\t\t<div class=\"elementor-widget-wrap elementor-element-populated\">\n\t\t\t\t\t\t<div class=\"elementor-element elementor-element-535555a elementor-widget elementor-widget-text-editor\" data-id=\"535555a\" data-element_type=\"widget\" data-e-type=\"widget\" data-widget_type=\"text-editor.default\">\n\t\t\t\t<div class=\"elementor-widget-container\">\n\t\t\t\t\t\t\t\t\tF\u00fcnf Pferdefachleute EFZ Gangpferdereiten werden an den diesj\u00e4hrigen Weltmeisterschaften der Islandpferde in Oirschot\/Holland vom 8. bis 13. August 2023 teilnehmen. Es ist toll, dass so junge erfolgreiche Berufsleute nicht nur im Beruf leidenschaftlich bei der Arbeit, sondern auch im Sport mit viel Herz und viel Fleiss mit dem Pferd erfolgreich unterwegs sind. Gerne stellen wir Euch die f\u00fcnf jungen Leute vor und w\u00fcnschen ihnen allen viel Gl\u00fcck und Spass bei der Teilnahme.\t\t\t\t\t\t\t\t<\/div>\n\t\t\t\t<\/div>\n\t\t\t\t\t<\/div>\n\t\t<\/div>\n\t\t\t\t\t<\/div>\n\t\t<\/section>\n\t\t\t\t<section class=\"elementor-section elementor-top-section elementor-element elementor-element-d11d5b4 elementor-section-boxed elementor-section-height-default elementor-section-height-default\" data-id=\"d11d5b4\" data-element_type=\"section\" data-e-type=\"section\">\n\t\t\t\t\t\t<div class=\"elementor-container elementor-column-gap-default\">\n\t\t\t\t\t<div class=\"elementor-column elementor-col-33 elementor-top-column elementor-element elementor-element-0187074\" data-id=\"0187074\" data-element_type=\"column\" data-e-type=\"column\">\n\t\t\t<div class=\"elementor-widget-wrap elementor-element-populated\">\n\t\t\t\t\t\t<div class=\"elementor-element elementor-element-0e0069a elementor-widget elementor-widget-image\" data-id=\"0e0069a\" data-element_type=\"widget\" data-e-type=\"widget\" data-widget_type=\"image.default\">\n\t\t\t\t<div class=\"elementor-widget-container\">\n\t\t\t\t\t\t\t\t\t\t\t\t\t\t\t<img fetchpriority=\"high\" decoding=\"async\" width=\"1024\" height=\"682\" src=\"https:\/\/pferdeberufe.ch\/wp-content\/smush-avif\/Linnea-Wydler-1024x682.png.avif\" class=\"attachment-large size-large wp-image-8043\" alt=\"\" srcset=\"https:\/\/pferdeberufe.ch\/wp-content\/smush-avif\/Linnea-Wydler-1024x682.png.avif 1024w, https:\/\/pferdeberufe.ch\/wp-content\/smush-avif\/Linnea-Wydler-300x200.png.avif 300w, https:\/\/pferdeberufe.ch\/wp-content\/smush-avif\/Linnea-Wydler-768x512.png.avif 768w, https:\/\/pferdeberufe.ch\/wp-content\/smush-avif\/Linnea-Wydler-1536x1023.png.avif 1536w, https:\/\/pferdeberufe.ch\/wp-content\/smush-avif\/Linnea-Wydler.png.avif 1920w\" sizes=\"(max-width: 1024px) 100vw, 1024px\" \/>\t\t\t\t\t\t\t\t\t\t\t\t\t\t\t<\/div>\n\t\t\t\t<\/div>\n\t\t\t\t\t<\/div>\n\t\t<\/div>\n\t\t\t\t<div class=\"elementor-column elementor-col-66 elementor-top-column elementor-element elementor-element-e285c7c\" data-id=\"e285c7c\" data-element_type=\"column\" data-e-type=\"column\">\n\t\t\t<div class=\"elementor-widget-wrap elementor-element-populated\">\n\t\t\t\t\t\t<div class=\"elementor-element elementor-element-ee0632f elementor-widget elementor-widget-text-editor\" data-id=\"ee0632f\" data-element_type=\"widget\" data-e-type=\"widget\" data-widget_type=\"text-editor.default\">\n\t\t\t\t<div class=\"elementor-widget-container\">\n\t\t\t\t\t\t\t\t\t<p><strong>Linn\u00e9a Wydler, 29 Jahre alt, Erwachsenenklasse, EFZ Abschluss 2014, Hestar Hof Heller, Sins<\/strong><\/p><p><strong>Pferd:<\/strong> Freymodur vom Wiesenhof<\/p><p><strong>Motivation f\u00fcr die WM Holland:<\/strong> Es erf\u00fcllt mich mit Freude und Stolz, ein Teil der Equipe Suisse 23 zu sein. Die Teilnahme an der WM in Oirschot best\u00e4tigt unser vorheriges Training sowie unsere Leistungen dieses Jahr und motiviert mich, weiter zu lernen und mich zu verbessern. Seit meinem Abschluss arbeite ich auf dem Hestar Hof Heller und bin unglaublich dankbar f\u00fcr die grossartige Unterst\u00fctzung, die vielen Trainingsstunden und vor allem f\u00fcr die M\u00f6glichkeit, dieses tolle Pferd reiten zu d\u00fcrfen. Ich freue mich sehr, mit Freymodur diese Reise antreten zu d\u00fcrfen und neue Erfahrungen zu sammeln.<\/p>\t\t\t\t\t\t\t\t<\/div>\n\t\t\t\t<\/div>\n\t\t\t\t\t<\/div>\n\t\t<\/div>\n\t\t\t\t\t<\/div>\n\t\t<\/section>\n\t\t\t\t<section class=\"elementor-section elementor-top-section elementor-element elementor-element-f02935e elementor-section-boxed elementor-section-height-default elementor-section-height-default\" data-id=\"f02935e\" data-element_type=\"section\" data-e-type=\"section\">\n\t\t\t\t\t\t<div class=\"elementor-container elementor-column-gap-default\">\n\t\t\t\t\t<div class=\"elementor-column elementor-col-33 elementor-top-column elementor-element elementor-element-3b78c2f\" data-id=\"3b78c2f\" data-element_type=\"column\" data-e-type=\"column\">\n\t\t\t<div class=\"elementor-widget-wrap elementor-element-populated\">\n\t\t\t\t\t\t<div class=\"elementor-element elementor-element-b7784c5 elementor-widget elementor-widget-image\" data-id=\"b7784c5\" data-element_type=\"widget\" data-e-type=\"widget\" data-widget_type=\"image.default\">\n\t\t\t\t<div class=\"elementor-widget-container\">\n\t\t\t\t\t\t\t\t\t\t\t\t\t\t\t<img decoding=\"async\" width=\"1024\" height=\"683\" src=\"https:\/\/pferdeberufe.ch\/wp-content\/smush-avif\/Indira-Scherrer.png.avif\" class=\"attachment-large size-large wp-image-8037\" alt=\"\" srcset=\"https:\/\/pferdeberufe.ch\/wp-content\/smush-avif\/Indira-Scherrer.png.avif 1260w, https:\/\/pferdeberufe.ch\/wp-content\/smush-avif\/Indira-Scherrer-300x200.png.avif 300w\" sizes=\"(max-width: 1024px) 100vw, 1024px\" \/>\t\t\t\t\t\t\t\t\t\t\t\t\t\t\t<\/div>\n\t\t\t\t<\/div>\n\t\t\t\t\t<\/div>\n\t\t<\/div>\n\t\t\t\t<div class=\"elementor-column elementor-col-66 elementor-top-column elementor-element elementor-element-faa8375\" data-id=\"faa8375\" data-element_type=\"column\" data-e-type=\"column\">\n\t\t\t<div class=\"elementor-widget-wrap elementor-element-populated\">\n\t\t\t\t\t\t<div class=\"elementor-element elementor-element-b744ee3 elementor-widget elementor-widget-text-editor\" data-id=\"b744ee3\" data-element_type=\"widget\" data-e-type=\"widget\" data-widget_type=\"text-editor.default\">\n\t\t\t\t<div class=\"elementor-widget-container\">\n\t\t\t\t\t\t\t\t\t<p><strong>Indira Scherrer, 20 Jahre alt, Juniorklasse, noch in Ausbildung EFZ bis 2024, Reithof Neckertal Brunnadern<\/strong><\/p><p><strong>Pferd:<\/strong> Dugur fr\u00e1 Ketilsst\u00f6dum<\/p><p><strong>Ziele f\u00fcr die WM in Holland: <\/strong>Ich freue mich riesig, f\u00fcr die Schweiz an der WM an den Start zu gehen, f\u00fcr mich geht ein grosser Traum in Erf\u00fcllung. Mein Ziel ist es, unsere H\u00f6chstleistung der Saison an den Weltmeisterschaften zu zeigen und dies mit einem Lachen im Gesicht.<\/p>\t\t\t\t\t\t\t\t<\/div>\n\t\t\t\t<\/div>\n\t\t\t\t\t<\/div>\n\t\t<\/div>\n\t\t\t\t\t<\/div>\n\t\t<\/section>\n\t\t\t\t<section class=\"elementor-section elementor-top-section elementor-element elementor-element-dbf4ff5 elementor-section-boxed elementor-section-height-default elementor-section-height-default\" data-id=\"dbf4ff5\" data-element_type=\"section\" data-e-type=\"section\">\n\t\t\t\t\t\t<div class=\"elementor-container elementor-column-gap-default\">\n\t\t\t\t\t<div class=\"elementor-column elementor-col-33 elementor-top-column elementor-element elementor-element-f39a132\" data-id=\"f39a132\" data-element_type=\"column\" data-e-type=\"column\">\n\t\t\t<div class=\"elementor-widget-wrap elementor-element-populated\">\n\t\t\t\t\t\t<div class=\"elementor-element elementor-element-b7e53c8 elementor-widget elementor-widget-image\" data-id=\"b7e53c8\" data-element_type=\"widget\" data-e-type=\"widget\" data-widget_type=\"image.default\">\n\t\t\t\t<div class=\"elementor-widget-container\">\n\t\t\t\t\t\t\t\t\t\t\t\t\t\t\t<img decoding=\"async\" width=\"1024\" height=\"683\" src=\"https:\/\/pferdeberufe.ch\/wp-content\/smush-avif\/Lisa-Staubli-1024x683.png.avif\" class=\"attachment-large size-large wp-image-8039\" alt=\"\" srcset=\"https:\/\/pferdeberufe.ch\/wp-content\/smush-avif\/Lisa-Staubli-1024x683.png.avif 1024w, https:\/\/pferdeberufe.ch\/wp-content\/smush-avif\/Lisa-Staubli-300x200.png.avif 300w, https:\/\/pferdeberufe.ch\/wp-content\/smush-avif\/Lisa-Staubli-768x512.png.avif 768w, https:\/\/pferdeberufe.ch\/wp-content\/smush-avif\/Lisa-Staubli.png.avif 1260w\" sizes=\"(max-width: 1024px) 100vw, 1024px\" \/>\t\t\t\t\t\t\t\t\t\t\t\t\t\t\t<\/div>\n\t\t\t\t<\/div>\n\t\t\t\t\t<\/div>\n\t\t<\/div>\n\t\t\t\t<div class=\"elementor-column elementor-col-66 elementor-top-column elementor-element elementor-element-b7b7f65\" data-id=\"b7b7f65\" data-element_type=\"column\" data-e-type=\"column\">\n\t\t\t<div class=\"elementor-widget-wrap elementor-element-populated\">\n\t\t\t\t\t\t<div class=\"elementor-element elementor-element-5b30dbb elementor-widget elementor-widget-text-editor\" data-id=\"5b30dbb\" data-element_type=\"widget\" data-e-type=\"widget\" data-widget_type=\"text-editor.default\">\n\t\t\t\t<div class=\"elementor-widget-container\">\n\t\t\t\t\t\t\t\t\t<p><strong>Lisa Staubli, 31 Jahre alt, Erwachsenenklasse, EFZ Pferdefachfrau, Islandpferdehof Engjavatni, Horgenberg<br \/><\/strong><br \/><strong>Pferd:<\/strong> Vidja fr\u00e1 Feti<\/p><p><strong>Motivation f\u00fcr die WM Holland:<\/strong> Ich freue mich auf eine tolle Zeit an der WM und darauf, viele sch\u00f6ne Pferde zu sehen. Die WM-Teilnahme bedeutet mir sehr viel, ich freue mich, f\u00fcr die Schweiz und unser tolles Team an den Start zu gehen.<\/p>\t\t\t\t\t\t\t\t<\/div>\n\t\t\t\t<\/div>\n\t\t\t\t\t<\/div>\n\t\t<\/div>\n\t\t\t\t\t<\/div>\n\t\t<\/section>\n\t\t\t\t<section class=\"elementor-section elementor-top-section elementor-element elementor-element-1ec186e elementor-section-boxed elementor-section-height-default elementor-section-height-default\" data-id=\"1ec186e\" data-element_type=\"section\" data-e-type=\"section\">\n\t\t\t\t\t\t<div class=\"elementor-container elementor-column-gap-default\">\n\t\t\t\t\t<div class=\"elementor-column elementor-col-33 elementor-top-column elementor-element elementor-element-dd8e30e\" data-id=\"dd8e30e\" data-element_type=\"column\" data-e-type=\"column\">\n\t\t\t<div class=\"elementor-widget-wrap elementor-element-populated\">\n\t\t\t\t\t\t<div class=\"elementor-element elementor-element-e79b210 elementor-widget elementor-widget-image\" data-id=\"e79b210\" data-element_type=\"widget\" data-e-type=\"widget\" data-widget_type=\"image.default\">\n\t\t\t\t<div class=\"elementor-widget-container\">\n\t\t\t\t\t\t\t\t\t\t\t\t\t\t\t<img loading=\"lazy\" decoding=\"async\" width=\"1024\" height=\"683\" src=\"https:\/\/pferdeberufe.ch\/wp-content\/smush-avif\/Ilaya-Weibel-1024x683.png.avif\" class=\"attachment-large size-large wp-image-8035\" alt=\"\" srcset=\"https:\/\/pferdeberufe.ch\/wp-content\/smush-avif\/Ilaya-Weibel-1024x683.png.avif 1024w, https:\/\/pferdeberufe.ch\/wp-content\/smush-avif\/Ilaya-Weibel-300x200.png.avif 300w, https:\/\/pferdeberufe.ch\/wp-content\/smush-avif\/Ilaya-Weibel-768x512.png.avif 768w, https:\/\/pferdeberufe.ch\/wp-content\/smush-avif\/Ilaya-Weibel.png.avif 1450w\" sizes=\"(max-width: 1024px) 100vw, 1024px\" \/>\t\t\t\t\t\t\t\t\t\t\t\t\t\t\t<\/div>\n\t\t\t\t<\/div>\n\t\t\t\t\t<\/div>\n\t\t<\/div>\n\t\t\t\t<div class=\"elementor-column elementor-col-66 elementor-top-column elementor-element elementor-element-0156340\" data-id=\"0156340\" data-element_type=\"column\" data-e-type=\"column\">\n\t\t\t<div class=\"elementor-widget-wrap elementor-element-populated\">\n\t\t\t\t\t\t<div class=\"elementor-element elementor-element-303263a elementor-widget elementor-widget-text-editor\" data-id=\"303263a\" data-element_type=\"widget\" data-e-type=\"widget\" data-widget_type=\"text-editor.default\">\n\t\t\t\t<div class=\"elementor-widget-container\">\n\t\t\t\t\t\t\t\t\t<p><strong>Ilaya Weibel, 20 Jahre alt, Juniorenklassen, EFZ Abschluss 2022, Hestar Hof Heller, Sins<\/strong><\/p><p><strong>Pferd:<\/strong> Fimur fr\u00e1 Egholm<\/p><p><strong>Was bedeutet Dir die Teilnahme:<\/strong> Als ich den Bronzenen Hufnagel absolviert habe, schauten wir einen Kurzfilm \u00fcber die WM 2013 in Berlin. Ich war total fasziniert und fragte mich, wie es sich anf\u00fchlen muss, dort teilzunehmen und mit den \u201eganz Grossen\u201c mitzureiten. Damals h\u00e4tte ich mir nicht vorstellen k\u00f6nnen, dass ich 9 Jahre sp\u00e4ter selber Teil der WM Equipe Suisse sein werde. F\u00fcr mich geht ein grosser Traum in Erf\u00fcllung, und ich bin unglaublich dankbar f\u00fcr diese M\u00f6glichkeit.<\/p><p class=\"MsoNormal\">\u00a0<\/p>\t\t\t\t\t\t\t\t<\/div>\n\t\t\t\t<\/div>\n\t\t\t\t\t<\/div>\n\t\t<\/div>\n\t\t\t\t\t<\/div>\n\t\t<\/section>\n\t\t\t\t<section class=\"elementor-section elementor-top-section elementor-element elementor-element-e4587ee elementor-section-boxed elementor-section-height-default elementor-section-height-default\" data-id=\"e4587ee\" data-element_type=\"section\" data-e-type=\"section\">\n\t\t\t\t\t\t<div class=\"elementor-container elementor-column-gap-default\">\n\t\t\t\t\t<div class=\"elementor-column elementor-col-33 elementor-top-column elementor-element elementor-element-d3669a6\" data-id=\"d3669a6\" data-element_type=\"column\" data-e-type=\"column\">\n\t\t\t<div class=\"elementor-widget-wrap elementor-element-populated\">\n\t\t\t\t\t\t<div class=\"elementor-element elementor-element-d5dc6d6 elementor-widget elementor-widget-image\" data-id=\"d5dc6d6\" data-element_type=\"widget\" data-e-type=\"widget\" data-widget_type=\"image.default\">\n\t\t\t\t<div class=\"elementor-widget-container\">\n\t\t\t\t\t\t\t\t\t\t\t\t\t\t\t<img loading=\"lazy\" decoding=\"async\" width=\"244\" height=\"300\" src=\"https:\/\/pferdeberufe.ch\/wp-content\/smush-avif\/Livio-Furci-244x300.png.avif\" class=\"attachment-medium size-medium wp-image-8041\" alt=\"\" srcset=\"https:\/\/pferdeberufe.ch\/wp-content\/smush-avif\/Livio-Furci-244x300.png.avif 244w, https:\/\/pferdeberufe.ch\/wp-content\/smush-avif\/Livio-Furci-831x1024.png.avif 831w, https:\/\/pferdeberufe.ch\/wp-content\/smush-avif\/Livio-Furci-768x946.png.avif 768w, https:\/\/pferdeberufe.ch\/wp-content\/smush-avif\/Livio-Furci.png.avif 1170w\" sizes=\"(max-width: 244px) 100vw, 244px\" \/>\t\t\t\t\t\t\t\t\t\t\t\t\t\t\t<\/div>\n\t\t\t\t<\/div>\n\t\t\t\t\t<\/div>\n\t\t<\/div>\n\t\t\t\t<div class=\"elementor-column elementor-col-66 elementor-top-column elementor-element elementor-element-d645d43\" data-id=\"d645d43\" data-element_type=\"column\" data-e-type=\"column\">\n\t\t\t<div class=\"elementor-widget-wrap elementor-element-populated\">\n\t\t\t\t\t\t<div class=\"elementor-element elementor-element-5dd9bb0 elementor-widget elementor-widget-text-editor\" data-id=\"5dd9bb0\" data-element_type=\"widget\" data-e-type=\"widget\" data-widget_type=\"text-editor.default\">\n\t\t\t\t<div class=\"elementor-widget-container\">\n\t\t\t\t\t\t\t\t\t<p><strong>Livio Fruci, 25 Jahre, Erwachsenenklasse, EFZ Abschluss 2018 Hestar Hof Heller, jetzt selbst\u00e4ndig: Islandpferde Wallenschwil, Steinhausen<\/strong><\/p><p><strong>Pferd:<\/strong> Johannes Kjarval fr\u00e1 Hala<\/p><p><strong>Was bedeutet dir die WM Holland:<\/strong> Die WM bedeutet mir sehr viel und zeigt mir, dass ich auf dem richtigen Weg bin im Reitsport. Ich freue mich auf die Erfahrung, bei den Erwachsenen mitreiten zu d\u00fcrfen, auf den internationalen Vergleich und auf all die Leute, welche ich sonst nie sehen w\u00fcrde.<\/p>\t\t\t\t\t\t\t\t<\/div>\n\t\t\t\t<\/div>\n\t\t\t\t\t<\/div>\n\t\t<\/div>\n\t\t\t\t\t<\/div>\n\t\t<\/section>\n\t\t\t\t<\/div>\n\t\t","protected":false},"excerpt":{"rendered":"<p>Erfolgreiche Sportlerinnen und Sportler in der Berufsbildung an der Weltmeisterschaft! F\u00fcnf Pferdefachleute EFZ Gangpferdereiten werden an den diesj\u00e4hrigen Weltmeisterschaften der Islandpferde in Oirschot\/Holland vom 8. bis 13. August 2023 teilnehmen. &#8230; <a title=\"Erfolgreiche Sportlerinnen und Sportler in der Berufsbildung an der Weltmeisterschaft!\u00a0\" class=\"read-more\" href=\"https:\/\/pferdeberufe.ch\/de\/news\/wm-islandpferde\/\" aria-label=\"Mehr Informationen \u00fcber Erfolgreiche Sportlerinnen und Sportler in der Berufsbildung an der Weltmeisterschaft!\u00a0\">Weiterlesen<\/a><\/p>\n","protected":false},"author":4,"featured_media":0,"parent":4135,"menu_order":39,"comment_status":"closed","ping_status":"closed","template":"","meta":{"footnotes":""},"class_list":["post-8032","page","type-page","status-publish"],"publishpress_future_action":{"enabled":false,"date":"2026-04-12 20:40:34","action":"change-status","newStatus":"draft","terms":[],"taxonomy":"translation_priority","extraData":[]},"publishpress_future_workflow_manual_trigger":{"enabledWorkflows":[]},"_links":{"self":[{"href":"https:\/\/pferdeberufe.ch\/de\/wp-json\/wp\/v2\/pages\/8032","targetHints":{"allow":["GET"]}}],"collection":[{"href":"https:\/\/pferdeberufe.ch\/de\/wp-json\/wp\/v2\/pages"}],"about":[{"href":"https:\/\/pferdeberufe.ch\/de\/wp-json\/wp\/v2\/types\/page"}],"author":[{"embeddable":true,"href":"https:\/\/pferdeberufe.ch\/de\/wp-json\/wp\/v2\/users\/4"}],"replies":[{"embeddable":true,"href":"https:\/\/pferdeberufe.ch\/de\/wp-json\/wp\/v2\/comments?post=8032"}],"version-history":[{"count":22,"href":"https:\/\/pferdeberufe.ch\/de\/wp-json\/wp\/v2\/pages\/8032\/revisions"}],"predecessor-version":[{"id":8092,"href":"https:\/\/pferdeberufe.ch\/de\/wp-json\/wp\/v2\/pages\/8032\/revisions\/8092"}],"up":[{"embeddable":true,"href":"https:\/\/pferdeberufe.ch\/de\/wp-json\/wp\/v2\/pages\/4135"}],"wp:attachment":[{"href":"https:\/\/pferdeberufe.ch\/de\/wp-json\/wp\/v2\/media?parent=8032"}],"curies":[{"name":"wp","href":"https:\/\/api.w.org\/{rel}","templated":true}]}}