
{"id":8278,"date":"2023-09-29T09:17:10","date_gmt":"2023-09-29T07:17:10","guid":{"rendered":"https:\/\/pferdeberufe.ch\/?page_id=8278"},"modified":"2023-09-29T09:22:51","modified_gmt":"2023-09-29T07:22:51","slug":"logo-hbb","status":"publish","type":"page","link":"https:\/\/pferdeberufe.ch\/de\/news\/logo-hbb\/","title":{"rendered":"H\u00f6here Berufsbildung: Logos f\u00fcr Absolventinnen und Absolventen"},"content":{"rendered":"\t\t<div data-elementor-type=\"wp-page\" data-elementor-id=\"8278\" class=\"elementor elementor-8278\" data-elementor-post-type=\"page\">\n\t\t\t\t\t\t<section class=\"elementor-section elementor-top-section elementor-element elementor-element-1eb722d2 elementor-section-boxed elementor-section-height-default elementor-section-height-default\" data-id=\"1eb722d2\" data-element_type=\"section\" data-e-type=\"section\">\n\t\t\t\t\t\t<div class=\"elementor-container elementor-column-gap-default\">\n\t\t\t\t\t<div class=\"elementor-column elementor-col-100 elementor-top-column elementor-element elementor-element-4496a76a\" data-id=\"4496a76a\" data-element_type=\"column\" data-e-type=\"column\">\n\t\t\t<div class=\"elementor-widget-wrap elementor-element-populated\">\n\t\t\t\t\t\t<div class=\"elementor-element elementor-element-9f1e0a0 elementor-widget elementor-widget-text-editor\" data-id=\"9f1e0a0\" data-element_type=\"widget\" data-e-type=\"widget\" data-widget_type=\"text-editor.default\">\n\t\t\t\t<div class=\"elementor-widget-container\">\n\t\t\t\t\t\t\t\t\t<h2 class=\"elementor-heading-title elementor-size-default elementor-inline-editing pen\" contenteditable=\"true\" data-elementor-setting-key=\"titel\" data-pen-placeholder=\"Eingabe hier...\"><span style=\"color: #ff0000;\">H\u00f6here Berufsbildung:<\/span> Logos f\u00fcr Absolventinnen und Absolventen<\/h2>\t\t\t\t\t\t\t\t<\/div>\n\t\t\t\t<\/div>\n\t\t\t\t\t<\/div>\n\t\t<\/div>\n\t\t\t\t\t<\/div>\n\t\t<\/section>\n\t\t\t\t<section class=\"elementor-section elementor-top-section elementor-element elementor-element-45d561bb elementor-section-full_width elementor-section-height-default elementor-section-height-default\" data-id=\"45d561bb\" data-element_type=\"section\" data-e-type=\"section\">\n\t\t\t\t\t\t<div class=\"elementor-container elementor-column-gap-no\">\n\t\t\t\t\t<div class=\"elementor-column elementor-col-100 elementor-top-column elementor-element elementor-element-091b3c3\" data-id=\"091b3c3\" data-element_type=\"column\" data-e-type=\"column\">\n\t\t\t<div class=\"elementor-widget-wrap elementor-element-populated\">\n\t\t\t\t\t\t<div class=\"elementor-element elementor-element-1a63549 elementor-widget elementor-widget-image\" data-id=\"1a63549\" data-element_type=\"widget\" data-e-type=\"widget\" data-widget_type=\"image.default\">\n\t\t\t\t<div class=\"elementor-widget-container\">\n\t\t\t\t\t\t\t\t\t\t\t\t\t\t\t<img decoding=\"async\" src=\"https:\/\/pferdeberufe.ch\/wp-content\/uploads\/elementor\/thumbs\/Spezialistin_Pferdebranche_weisser_Hintergrund_Pferd_Rot-1-re0u9kkcveizv4dxtch84d4lnzf0n7omt70aeghz8g.jpg\" title=\"Spezialistin_Pferdebranche_weisser_Hintergrund_Pferd_Rot\" alt=\"Spezialistin_Pferdebranche_weisser_Hintergrund_Pferd_Rot\" loading=\"lazy\" \/>\t\t\t\t\t\t\t\t\t\t\t\t\t\t\t<\/div>\n\t\t\t\t<\/div>\n\t\t\t\t<div class=\"elementor-element elementor-element-535555a elementor-widget elementor-widget-text-editor\" data-id=\"535555a\" data-element_type=\"widget\" data-e-type=\"widget\" data-widget_type=\"text-editor.default\">\n\t\t\t\t<div class=\"elementor-widget-container\">\n\t\t\t\t\t\t\t\t\t<p>Die h\u00f6here Berufsbildung der Pferdebranche richtet sich an Personen, welche sich beruflich und pers\u00f6nlich weiterentwickeln wollen. Absolventinnen und Absolventen erhalten nach erfolgreichem Abschluss der h\u00f6heren Berufspr\u00fcfung den Titel Spezialistin bzw. Spezialist der Pferdebranche. Nach dem Abschluss der h\u00f6heren Fachpr\u00fcfung k\u00f6nnen sie sich Expertin bzw. Experte der Pferdebranche nennen.<\/p><p>Diese anspruchsvollen Abschl\u00fcsse setzen viel Fleiss, ein enormes Engagement und zus\u00e4tzliches Fachwissen voraus. Diese Abschl\u00fcsse sind somit eine verdiente Auszeichnung. Die OdA Pferdeberufe Schweiz hat daher entschieden, diesen Leistungen und Auszeichnungen einen besseren Ausdruck zu verleihen. Daher wurden Logos kreiert, welche eingesetzt werden d\u00fcrfen. Richtlinien der OdA regeln den Einsatz. Die Gleichstellung fr\u00fcherer Abschl\u00fcsse der Pferdebranche ist ebenfalls geregelt.<\/p><p>Die Logos stehen neu zum Herunterladen auf der Webseite der OdA zur Verf\u00fcgung. Stickprogramme k\u00f6nnen auf Anfrage bei der Gesch\u00e4ftsstelle bezogen werden.<\/p>\t\t\t\t\t\t\t\t<\/div>\n\t\t\t\t<\/div>\n\t\t\t\t\t<\/div>\n\t\t<\/div>\n\t\t\t\t\t<\/div>\n\t\t<\/section>\n\t\t\t\t<section class=\"elementor-section elementor-top-section elementor-element elementor-element-5e9639a elementor-section-boxed elementor-section-height-default elementor-section-height-default\" data-id=\"5e9639a\" data-element_type=\"section\" data-e-type=\"section\">\n\t\t\t\t\t\t<div class=\"elementor-container elementor-column-gap-default\">\n\t\t\t\t\t<div class=\"elementor-column elementor-col-100 elementor-top-column elementor-element elementor-element-de87315\" data-id=\"de87315\" data-element_type=\"column\" data-e-type=\"column\">\n\t\t\t<div class=\"elementor-widget-wrap elementor-element-populated\">\n\t\t\t\t\t\t<div class=\"elementor-element elementor-element-5e708f7 elementor-align-center elementor-widget elementor-widget-button\" data-id=\"5e708f7\" data-element_type=\"widget\" data-e-type=\"widget\" data-widget_type=\"button.default\">\n\t\t\t\t<div class=\"elementor-widget-container\">\n\t\t\t\t\t\t\t\t\t<div class=\"elementor-button-wrapper\">\n\t\t\t\t\t<a class=\"elementor-button elementor-button-link elementor-size-sm\" href=\"https:\/\/pferdeberufe.ch\/wp-content\/uploads\/Einsatz-Logo-Spezialist-und-Experte.pdf\" target=\"_blank\">\n\t\t\t\t\t\t<span class=\"elementor-button-content-wrapper\">\n\t\t\t\t\t\t\t\t\t<span class=\"elementor-button-text\">Hier geht's zu den Richtlinien<\/span>\n\t\t\t\t\t<\/span>\n\t\t\t\t\t<\/a>\n\t\t\t\t<\/div>\n\t\t\t\t\t\t\t\t<\/div>\n\t\t\t\t<\/div>\n\t\t\t\t<div class=\"elementor-element elementor-element-54e9358 elementor-align-center elementor-widget elementor-widget-button\" data-id=\"54e9358\" data-element_type=\"widget\" data-e-type=\"widget\" data-widget_type=\"button.default\">\n\t\t\t\t<div class=\"elementor-widget-container\">\n\t\t\t\t\t\t\t\t\t<div class=\"elementor-button-wrapper\">\n\t\t\t\t\t<a class=\"elementor-button elementor-button-link elementor-size-sm\" href=\"https:\/\/pferdeberufe.ch\/de\/hohere-berufsbildung-download\/\">\n\t\t\t\t\t\t<span class=\"elementor-button-content-wrapper\">\n\t\t\t\t\t\t\t\t\t<span class=\"elementor-button-text\">Hier geht's zu den Logos<\/span>\n\t\t\t\t\t<\/span>\n\t\t\t\t\t<\/a>\n\t\t\t\t<\/div>\n\t\t\t\t\t\t\t\t<\/div>\n\t\t\t\t<\/div>\n\t\t\t\t\t<\/div>\n\t\t<\/div>\n\t\t\t\t\t<\/div>\n\t\t<\/section>\n\t\t\t\t<\/div>\n\t\t","protected":false},"excerpt":{"rendered":"<p>H\u00f6here Berufsbildung: Logos f\u00fcr Absolventinnen und Absolventen Die h\u00f6here Berufsbildung der Pferdebranche richtet sich an Personen, welche sich beruflich und pers\u00f6nlich weiterentwickeln wollen. Absolventinnen und Absolventen erhalten nach erfolgreichem Abschluss &#8230; <a title=\"H\u00f6here Berufsbildung: Logos f\u00fcr Absolventinnen und Absolventen\" class=\"read-more\" href=\"https:\/\/pferdeberufe.ch\/de\/news\/logo-hbb\/\" aria-label=\"Mehr Informationen \u00fcber H\u00f6here Berufsbildung: Logos f\u00fcr Absolventinnen und Absolventen\">Weiterlesen<\/a><\/p>\n","protected":false},"author":4,"featured_media":0,"parent":4135,"menu_order":39,"comment_status":"closed","ping_status":"closed","template":"","meta":{"footnotes":""},"class_list":["post-8278","page","type-page","status-publish"],"publishpress_future_action":{"enabled":false,"date":"2026-05-12 07:17:55","action":"change-status","newStatus":"draft","terms":[],"taxonomy":"translation_priority","extraData":[]},"publishpress_future_workflow_manual_trigger":{"enabledWorkflows":[]},"_links":{"self":[{"href":"https:\/\/pferdeberufe.ch\/de\/wp-json\/wp\/v2\/pages\/8278","targetHints":{"allow":["GET"]}}],"collection":[{"href":"https:\/\/pferdeberufe.ch\/de\/wp-json\/wp\/v2\/pages"}],"about":[{"href":"https:\/\/pferdeberufe.ch\/de\/wp-json\/wp\/v2\/types\/page"}],"author":[{"embeddable":true,"href":"https:\/\/pferdeberufe.ch\/de\/wp-json\/wp\/v2\/users\/4"}],"replies":[{"embeddable":true,"href":"https:\/\/pferdeberufe.ch\/de\/wp-json\/wp\/v2\/comments?post=8278"}],"version-history":[{"count":8,"href":"https:\/\/pferdeberufe.ch\/de\/wp-json\/wp\/v2\/pages\/8278\/revisions"}],"predecessor-version":[{"id":8288,"href":"https:\/\/pferdeberufe.ch\/de\/wp-json\/wp\/v2\/pages\/8278\/revisions\/8288"}],"up":[{"embeddable":true,"href":"https:\/\/pferdeberufe.ch\/de\/wp-json\/wp\/v2\/pages\/4135"}],"wp:attachment":[{"href":"https:\/\/pferdeberufe.ch\/de\/wp-json\/wp\/v2\/media?parent=8278"}],"curies":[{"name":"wp","href":"https:\/\/api.w.org\/{rel}","templated":true}]}}