
{"id":8910,"date":"2023-11-21T15:06:25","date_gmt":"2023-11-21T14:06:25","guid":{"rendered":"https:\/\/pferdeberufe.ch\/?page_id=8910"},"modified":"2024-02-09T10:49:16","modified_gmt":"2024-02-09T09:49:16","slug":"infoveranstaltung-bivo-24-25","status":"publish","type":"page","link":"https:\/\/pferdeberufe.ch\/de\/infoveranstaltung-bivo-24-25\/","title":{"rendered":"Informationsveranstaltungen Ausbildungsrevision"},"content":{"rendered":"\t\t<div data-elementor-type=\"wp-page\" data-elementor-id=\"8910\" class=\"elementor elementor-8910\" data-elementor-post-type=\"page\">\n\t\t\t\t\t\t<section class=\"elementor-section elementor-top-section elementor-element elementor-element-e2009f2 elementor-section-boxed elementor-section-height-default elementor-section-height-default\" data-id=\"e2009f2\" data-element_type=\"section\" data-e-type=\"section\">\n\t\t\t\t\t\t<div class=\"elementor-container elementor-column-gap-default\">\n\t\t\t\t\t<div class=\"elementor-column elementor-col-100 elementor-top-column elementor-element elementor-element-6e095e1\" data-id=\"6e095e1\" data-element_type=\"column\" data-e-type=\"column\">\n\t\t\t<div class=\"elementor-widget-wrap elementor-element-populated\">\n\t\t\t\t\t\t<div class=\"elementor-element elementor-element-7a7b56b elementor-skin-carousel elementor-arrows-yes elementor-pagination-type-bullets elementor-pagination-position-outside elementor-widget elementor-widget-media-carousel\" data-id=\"7a7b56b\" data-element_type=\"widget\" data-e-type=\"widget\" data-settings=\"{&quot;skin&quot;:&quot;carousel&quot;,&quot;effect&quot;:&quot;slide&quot;,&quot;show_arrows&quot;:&quot;yes&quot;,&quot;pagination&quot;:&quot;bullets&quot;,&quot;speed&quot;:500,&quot;autoplay&quot;:&quot;yes&quot;,&quot;autoplay_speed&quot;:5000,&quot;loop&quot;:&quot;yes&quot;,&quot;pause_on_hover&quot;:&quot;yes&quot;,&quot;pause_on_interaction&quot;:&quot;yes&quot;,&quot;space_between&quot;:{&quot;unit&quot;:&quot;px&quot;,&quot;size&quot;:10,&quot;sizes&quot;:[]},&quot;space_between_tablet&quot;:{&quot;unit&quot;:&quot;px&quot;,&quot;size&quot;:10,&quot;sizes&quot;:[]},&quot;space_between_mobile&quot;:{&quot;unit&quot;:&quot;px&quot;,&quot;size&quot;:10,&quot;sizes&quot;:[]}}\" data-widget_type=\"media-carousel.default\">\n\t\t\t\t<div class=\"elementor-widget-container\">\n\t\t\t\t\t\t\t\t\t<div class=\"elementor-swiper\">\n\t\t\t\t\t<div class=\"elementor-main-swiper swiper\" role=\"region\" aria-roledescription=\"carousel\" aria-label=\"Slider\">\n\t\t\t\t<div class=\"swiper-wrapper\">\n\t\t\t\t\t\t\t\t\t\t\t<div class=\"swiper-slide\" role=\"group\" aria-roledescription=\"slide\">\n\t\t\t\t\t\t\t\t\t<div class=\"elementor-carousel-image\" role=\"img\" aria-label=\"IMG-20240202-WA0044\" style=\"background-image: url(&#039;https:\/\/pferdeberufe.ch\/wp-content\/smush-avif\/IMG-20240202-WA0044.jpg.avif&#039;)\">\n\n\t\t\t\n\t\t\t\t\t<\/div>\n\t\t\t\t\t\t\t\t<\/div>\n\t\t\t\t\t\t\t\t\t\t\t<div class=\"swiper-slide\" role=\"group\" aria-roledescription=\"slide\">\n\t\t\t\t\t\t\t\t\t<div class=\"elementor-carousel-image\" role=\"img\" aria-label=\"IMG-20240122-WA0078\" style=\"background-image: url(&#039;https:\/\/pferdeberufe.ch\/wp-content\/smush-avif\/IMG-20240122-WA0078.jpg.avif&#039;)\">\n\n\t\t\t\n\t\t\t\t\t<\/div>\n\t\t\t\t\t\t\t\t<\/div>\n\t\t\t\t\t\t\t\t\t\t\t<div class=\"swiper-slide\" role=\"group\" aria-roledescription=\"slide\">\n\t\t\t\t\t\t\t\t\t<div class=\"elementor-carousel-image\" role=\"img\" aria-label=\"IMG-20240122-WA0077\" style=\"background-image: url(&#039;https:\/\/pferdeberufe.ch\/wp-content\/smush-avif\/IMG-20240122-WA0077.jpg.avif&#039;)\">\n\n\t\t\t\n\t\t\t\t\t<\/div>\n\t\t\t\t\t\t\t\t<\/div>\n\t\t\t\t\t\t\t\t\t\t\t<div class=\"swiper-slide\" role=\"group\" aria-roledescription=\"slide\">\n\t\t\t\t\t\t\t\t\t<div class=\"elementor-carousel-image\" role=\"img\" aria-label=\"IMG-20240122-WA0076\" style=\"background-image: url(&#039;https:\/\/pferdeberufe.ch\/wp-content\/smush-avif\/IMG-20240122-WA0076.jpg.avif&#039;)\">\n\n\t\t\t\n\t\t\t\t\t<\/div>\n\t\t\t\t\t\t\t\t<\/div>\n\t\t\t\t\t\t\t\t\t\t\t<div class=\"swiper-slide\" role=\"group\" aria-roledescription=\"slide\">\n\t\t\t\t\t\t\t\t\t<div class=\"elementor-carousel-image\" role=\"img\" aria-label=\"IMG-20240126-WA0010\" style=\"background-image: url(&#039;https:\/\/pferdeberufe.ch\/wp-content\/smush-avif\/IMG-20240126-WA0010.jpg.avif&#039;)\">\n\n\t\t\t\n\t\t\t\t\t<\/div>\n\t\t\t\t\t\t\t\t<\/div>\n\t\t\t\t\t\t\t\t\t<\/div>\n\t\t\t\t\t\t\t\t\t\t\t\t\t\t\t<div class=\"elementor-swiper-button elementor-swiper-button-prev\" role=\"button\" tabindex=\"0\" aria-label=\"Voriger\">\n\t\t\t\t\t\t\t<i aria-hidden=\"true\" class=\"eicon-chevron-left\"><\/i>\t\t\t\t\t\t<\/div>\n\t\t\t\t\t\t<div class=\"elementor-swiper-button elementor-swiper-button-next\" role=\"button\" tabindex=\"0\" aria-label=\"N\u00e4chster\">\n\t\t\t\t\t\t\t<i aria-hidden=\"true\" class=\"eicon-chevron-right\"><\/i>\t\t\t\t\t\t<\/div>\n\t\t\t\t\t\t\t\t\t\t\t\t\t\t\t\t<div class=\"swiper-pagination\"><\/div>\n\t\t\t\t\t\t\t\t\t\t\t\t<\/div>\n\t\t\t\t<\/div>\n\t\t\t\t\t\t\t\t<\/div>\n\t\t\t\t<\/div>\n\t\t\t\t\t<\/div>\n\t\t<\/div>\n\t\t\t\t\t<\/div>\n\t\t<\/section>\n\t\t\t\t<section class=\"elementor-section elementor-top-section elementor-element elementor-element-697b85fd elementor-section-boxed elementor-section-height-default elementor-section-height-default\" data-id=\"697b85fd\" data-element_type=\"section\" data-e-type=\"section\">\n\t\t\t\t\t\t<div class=\"elementor-container elementor-column-gap-default\">\n\t\t\t\t\t<div class=\"elementor-column elementor-col-100 elementor-top-column elementor-element elementor-element-6a6bd77b\" data-id=\"6a6bd77b\" data-element_type=\"column\" data-e-type=\"column\">\n\t\t\t<div class=\"elementor-widget-wrap elementor-element-populated\">\n\t\t\t\t\t\t<div class=\"elementor-element elementor-element-3e578ff elementor-widget elementor-widget-text-editor\" data-id=\"3e578ff\" data-element_type=\"widget\" data-e-type=\"widget\" data-widget_type=\"text-editor.default\">\n\t\t\t\t<div class=\"elementor-widget-container\">\n\t\t\t\t\t\t\t\t\t<p>Ab dem Schuljahr 2024 startet die Ausbildung der Pferdefachleute EFZ und EBA nach den neuen Bildungsverordnungen. Was dies genau f\u00fcr die Ausbildnerinnen und Ausbildner bedeutet, sowie die wichtigen Themen des Arbeitsgesetztes und der Sicherheit wurden den Berufsbildner n\u00e4her gebracht.<\/p><p>Die erste Veranstaltung fand am Montag 22. Januar 2024 am EHB in Zollikofen statt. Die Referenten Derek Frank (OdA Pferdeberufe), Heidi Wolf (OdA Pferdeberufe), Regula Stucki (EHB), Nicola Leimer (Berufsbildungsamt Kanton Bern) und Christian L\u00fcthi (Hipposafety) haben die 105 Interessenten empfangen.<\/p><p>Der zweite Event wurde am Freitag 26. Januar 2024 an der p\u00e4dagogischen Hochschule in Z\u00fcrich durchgef\u00fchrt. Auch hier wurden durch Derek Frank, Heidi Wolf, Unn Olesen (OdA Pferdeberufe), Ursula Jenni (Berufsbildungsamt Kanton Z\u00fcrich) und Christian L\u00fcthi die wichtigsten Themen pr\u00e4sentiert. Im imposanten H\u00f6rsaal haben 84 Teilnehmer Platz genommen.<\/p><p>Der letzte Informationstag fand auf Franz\u00f6sisch am EHB in Renens statt. Am Freitag 02.02.24 sind rund 50 Teilnehmer eingetroffen. Diese Veranstaltung wurde durch Derek Frank, Christophe Monney (EHB), Sybille Tomasino (Berusbildungsamt Neuenburg) und St\u00e9phane Seuret (Hipposafety) geleitet.<\/p><p>Die Informationsveranstaltungen waren an allen Standorten sehr erfolgreich. Durch viele interessante Fragen und Gespr\u00e4che wurden die Tage bereichert.<\/p><p>Beim gemeinsamen Ap\u00e9ro am Ende der Tagungen konnte nochmals rege diskutiert und sich ausgetauscht werden.<\/p><p>Die OdA Pferdeberufe bedankt sich f\u00fcr das grosse Interesse und w\u00fcnscht allen Berufsbildner weiterhin viel Erfolg und Freude beim Ausbilden von Lernenden.<\/p><p>Alle neuen Dokumente finden Sie auf der Homepage unter Grundbildung.<\/p>\t\t\t\t\t\t\t\t<\/div>\n\t\t\t\t<\/div>\n\t\t\t\t<div class=\"elementor-element elementor-element-6f9964d elementor-widget elementor-widget-button\" data-id=\"6f9964d\" data-element_type=\"widget\" data-e-type=\"widget\" data-widget_type=\"button.default\">\n\t\t\t\t<div class=\"elementor-widget-container\">\n\t\t\t\t\t\t\t\t\t<div class=\"elementor-button-wrapper\">\n\t\t\t\t\t<a class=\"elementor-button elementor-button-link elementor-size-sm\" href=\"https:\/\/pferdeberufe.ch\/de\/1-lehrjahr-2024-2025\/\">\n\t\t\t\t\t\t<span class=\"elementor-button-content-wrapper\">\n\t\t\t\t\t\t\t\t\t<span class=\"elementor-button-text\">Hier geht's direkt zu den neuen Dokumenten.<\/span>\n\t\t\t\t\t<\/span>\n\t\t\t\t\t<\/a>\n\t\t\t\t<\/div>\n\t\t\t\t\t\t\t\t<\/div>\n\t\t\t\t<\/div>\n\t\t\t\t\t<\/div>\n\t\t<\/div>\n\t\t\t\t\t<\/div>\n\t\t<\/section>\n\t\t\t\t<\/div>\n\t\t","protected":false},"excerpt":{"rendered":"<p>Voriger N\u00e4chster Ab dem Schuljahr 2024 startet die Ausbildung der Pferdefachleute EFZ und EBA nach den neuen Bildungsverordnungen. Was dies genau f\u00fcr die Ausbildnerinnen und Ausbildner bedeutet, sowie die wichtigen &#8230; <a title=\"Informationsveranstaltungen Ausbildungsrevision\" class=\"read-more\" href=\"https:\/\/pferdeberufe.ch\/de\/infoveranstaltung-bivo-24-25\/\" aria-label=\"Mehr Informationen \u00fcber Informationsveranstaltungen Ausbildungsrevision\">Weiterlesen<\/a><\/p>\n","protected":false},"author":4,"featured_media":0,"parent":0,"menu_order":0,"comment_status":"closed","ping_status":"closed","template":"","meta":{"footnotes":""},"class_list":["post-8910","page","type-page","status-publish"],"publishpress_future_action":{"enabled":false,"date":"2026-05-12 07:17:48","action":"change-status","newStatus":"draft","terms":[],"taxonomy":"translation_priority","extraData":[]},"publishpress_future_workflow_manual_trigger":{"enabledWorkflows":[]},"_links":{"self":[{"href":"https:\/\/pferdeberufe.ch\/de\/wp-json\/wp\/v2\/pages\/8910","targetHints":{"allow":["GET"]}}],"collection":[{"href":"https:\/\/pferdeberufe.ch\/de\/wp-json\/wp\/v2\/pages"}],"about":[{"href":"https:\/\/pferdeberufe.ch\/de\/wp-json\/wp\/v2\/types\/page"}],"author":[{"embeddable":true,"href":"https:\/\/pferdeberufe.ch\/de\/wp-json\/wp\/v2\/users\/4"}],"replies":[{"embeddable":true,"href":"https:\/\/pferdeberufe.ch\/de\/wp-json\/wp\/v2\/comments?post=8910"}],"version-history":[{"count":18,"href":"https:\/\/pferdeberufe.ch\/de\/wp-json\/wp\/v2\/pages\/8910\/revisions"}],"predecessor-version":[{"id":9534,"href":"https:\/\/pferdeberufe.ch\/de\/wp-json\/wp\/v2\/pages\/8910\/revisions\/9534"}],"wp:attachment":[{"href":"https:\/\/pferdeberufe.ch\/de\/wp-json\/wp\/v2\/media?parent=8910"}],"curies":[{"name":"wp","href":"https:\/\/api.w.org\/{rel}","templated":true}]}}