
{"id":10233,"date":"2024-06-27T13:18:27","date_gmt":"2024-06-27T11:18:27","guid":{"rendered":"https:\/\/pferdeberufe.ch\/?page_id=10233"},"modified":"2024-06-27T13:21:15","modified_gmt":"2024-06-27T11:21:15","slug":"19e-assemblee-des-delegues","status":"publish","type":"page","link":"https:\/\/pferdeberufe.ch\/fr\/nouvelles\/19e-assemblee-des-delegues\/","title":{"rendered":"19e assembl\u00e9e des d\u00e9l\u00e9gu\u00e9s de l&rsquo;OrTra M\u00e9tiers li\u00e9s cheval Suisse"},"content":{"rendered":"\t\t<div data-elementor-type=\"wp-page\" data-elementor-id=\"10233\" class=\"elementor elementor-10233 elementor-10223\" data-elementor-post-type=\"page\">\n\t\t\t\t\t\t<section class=\"elementor-section elementor-top-section elementor-element elementor-element-1eb722d2 elementor-section-boxed elementor-section-height-default elementor-section-height-default\" data-id=\"1eb722d2\" data-element_type=\"section\" data-e-type=\"section\">\n\t\t\t\t\t\t<div class=\"elementor-container elementor-column-gap-default\">\n\t\t\t\t\t<div class=\"elementor-column elementor-col-100 elementor-top-column elementor-element elementor-element-4496a76a\" data-id=\"4496a76a\" data-element_type=\"column\" data-e-type=\"column\">\n\t\t\t<div class=\"elementor-widget-wrap elementor-element-populated\">\n\t\t\t\t\t\t<div class=\"elementor-element elementor-element-9f1e0a0 elementor-widget elementor-widget-text-editor\" data-id=\"9f1e0a0\" data-element_type=\"widget\" data-e-type=\"widget\" data-widget_type=\"text-editor.default\">\n\t\t\t\t<div class=\"elementor-widget-container\">\n\t\t\t\t\t\t\t\t\t<h2 class=\"elementor-heading-title elementor-size-default elementor-inline-editing pen\" contenteditable=\"true\" data-elementor-setting-key=\"titel\" data-pen-placeholder=\"Eingabe hier...\"><span style=\"color: #ff0000;\">19e assembl\u00e9e des d\u00e9l\u00e9gu\u00e9s <\/span> de l&rsquo;OrTra M\u00e9tiers li\u00e9s cheval Suisse<\/h2>\t\t\t\t\t\t\t\t<\/div>\n\t\t\t\t<\/div>\n\t\t\t\t\t<\/div>\n\t\t<\/div>\n\t\t\t\t\t<\/div>\n\t\t<\/section>\n\t\t\t\t<section class=\"elementor-section elementor-top-section elementor-element elementor-element-45d561bb elementor-section-full_width elementor-section-height-default elementor-section-height-default\" data-id=\"45d561bb\" data-element_type=\"section\" data-e-type=\"section\">\n\t\t\t\t\t\t<div class=\"elementor-container elementor-column-gap-no\">\n\t\t\t\t\t<div class=\"elementor-column elementor-col-100 elementor-top-column elementor-element elementor-element-091b3c3\" data-id=\"091b3c3\" data-element_type=\"column\" data-e-type=\"column\">\n\t\t\t<div class=\"elementor-widget-wrap elementor-element-populated\">\n\t\t\t\t\t\t<div class=\"elementor-element elementor-element-aaa72fb elementor-widget elementor-widget-image\" data-id=\"aaa72fb\" data-element_type=\"widget\" data-e-type=\"widget\" data-widget_type=\"image.default\">\n\t\t\t\t<div class=\"elementor-widget-container\">\n\t\t\t\t\t\t\t\t\t\t\t\t\t\t\t<img fetchpriority=\"high\" decoding=\"async\" width=\"768\" height=\"354\" src=\"https:\/\/pferdeberufe.ch\/wp-content\/smush-avif\/Verabschiedung-768x354.jpg.avif\" class=\"attachment-medium_large size-medium_large wp-image-10227\" alt=\"\" srcset=\"https:\/\/pferdeberufe.ch\/wp-content\/smush-avif\/Verabschiedung-768x354.jpg.avif 768w, https:\/\/pferdeberufe.ch\/wp-content\/smush-avif\/Verabschiedung-300x138.jpg.avif 300w, https:\/\/pferdeberufe.ch\/wp-content\/smush-avif\/Verabschiedung-1024x472.jpg.avif 1024w, https:\/\/pferdeberufe.ch\/wp-content\/smush-avif\/Verabschiedung-1536x707.jpg.avif 1536w, https:\/\/pferdeberufe.ch\/wp-content\/smush-avif\/Verabschiedung.jpg.avif 1824w\" sizes=\"(max-width: 768px) 100vw, 768px\" \/>\t\t\t\t\t\t\t\t\t\t\t\t\t\t\t<\/div>\n\t\t\t\t<\/div>\n\t\t\t\t<div class=\"elementor-element elementor-element-535555a elementor-widget elementor-widget-text-editor\" data-id=\"535555a\" data-element_type=\"widget\" data-e-type=\"widget\" data-widget_type=\"text-editor.default\">\n\t\t\t\t<div class=\"elementor-widget-container\">\n\t\t\t\t\t\t\t\t\t<p><strong>Dissolution de l&rsquo;organisation membre de l&rsquo;attelage<\/strong><br \/>L&rsquo;organisation membre l\u2019Association Suisse des Atteleurs Professionnels (ASAP) a \u00e9t\u00e9 dissoute en janvier 2024. Il est n\u00e9anmoins possible de conclure des contrats d&rsquo;apprentissage avec le domaine sp\u00e9cifique attelage. L&rsquo;attelage continue d&rsquo;\u00eatre repr\u00e9sent\u00e9 par des experts au sein du comit\u00e9 et des commissions.<\/p><p>En raison de cette dissolution, une adaptation des statuts \u00e9tait n\u00e9cessaire. Les d\u00e9l\u00e9gu\u00e9s \u00e9taient d&rsquo;accord avec les modifications propos\u00e9es. Il y a donc un changement dans le rapport de vote des d\u00e9l\u00e9gu\u00e9s.<\/p><p><strong>\u00c9lections du comit\u00e9<\/strong> <br \/>Daniel W\u00fcthrich se retire du comit\u00e9. Daniela H\u00e4uptle a \u00e9t\u00e9 propos\u00e9e comme nouvelle repr\u00e9sentante de l&rsquo;attelage et a \u00e9t\u00e9 \u00e9lue \u00e0 l&rsquo;unanimit\u00e9 au sein du comit\u00e9. En tant que sp\u00e9cialiste de la fili\u00e8re \u00e9quine, titulaire d&rsquo;un brevet f\u00e9d\u00e9ral et experte aux examens pour la formation professionnelle initiale, elle est d\u00e9j\u00e0 impliqu\u00e9e dans les affaires de l&rsquo;OrTra. Elle travaille en outre depuis 17 ans au Haras national suisse \u00e0 Avenches.<\/p><p>Les d\u00e9l\u00e9gu\u00e9s ont \u00e9galement confirm\u00e9 Simone Reiss dans ses fonctions de repr\u00e9sentante de la Swiss Western Riding Association (SWRA) pour quatre ann\u00e9es suppl\u00e9mentaires au sein du comit\u00e9. La pr\u00e9sidente de la SWRA est membre du comit\u00e9 de l&rsquo;OrTra depuis douze ans.<\/p><p><strong>Commission de contr\u00f4le des comptes et de contr\u00f4le de gestion (CdG)<\/strong> <br \/>Des \u00e9lections ont eu lieu au sein de la CdG en raison de divers d\u00e9parts : Jean-Pierre Kratzer, pr\u00e9sident de la CdG et repr\u00e9sentant de la F\u00e9d\u00e9ration Suisse de courses de chevaux (FSC), se retire de la CdG apr\u00e8s 19 ans. La repr\u00e9sentation de la FSC reste vacante jusqu&rsquo;\u00e0 nouvel ordre. Christian Steinmann de Swiss Horse Professionals (SHP) et Luz Sozzi de Pferdegerst\u00fctzte Interventionen Schweiz (PI-CH) se sont \u00e9galement retir\u00e9s. Les d\u00e9l\u00e9gu\u00e9s ont \u00e9lu Silvia Burgermeister (PI-CH) et Corinne Rapold (SHP) pour le reste de l&rsquo;ann\u00e9e.<\/p><p>Tous les participants ont f\u00e9licit\u00e9 toutes les personnes nouvellement \u00e9lues et leur ont souhait\u00e9 plein succ\u00e8s dans leur fonction. Le pr\u00e9sident Derek Frank a remerci\u00e9 chaleureusement les personnes d\u00e9missionnaires pour leur bonne collaboration et leur engagement.<\/p><p><strong>Collaboration avec le secr\u00e9tariat<\/strong><br \/>Romeo Musio a en outre inform\u00e9 les d\u00e9l\u00e9gu\u00e9s de l&rsquo;\u00e9tat de la collaboration avec le nouveau secr\u00e9tariat. Il a \u00e9galement communiqu\u00e9 des informations sur le processus strat\u00e9gique en cours, qui a \u00e9t\u00e9 lanc\u00e9 par les membres du comit\u00e9.<\/p>\t\t\t\t\t\t\t\t<\/div>\n\t\t\t\t<\/div>\n\t\t\t\t\t<\/div>\n\t\t<\/div>\n\t\t\t\t\t<\/div>\n\t\t<\/section>\n\t\t\t\t<\/div>\n\t\t","protected":false},"excerpt":{"rendered":"<p>19e assembl\u00e9e des d\u00e9l\u00e9gu\u00e9s de l&rsquo;OrTra M\u00e9tiers li\u00e9s cheval Suisse Dissolution de l&rsquo;organisation membre de l&rsquo;attelageL&rsquo;organisation membre l\u2019Association Suisse des Atteleurs Professionnels (ASAP) a \u00e9t\u00e9 dissoute en janvier 2024. Il &#8230; <a title=\"19e assembl\u00e9e des d\u00e9l\u00e9gu\u00e9s de l&rsquo;OrTra M\u00e9tiers li\u00e9s cheval Suisse\" class=\"read-more\" href=\"https:\/\/pferdeberufe.ch\/fr\/nouvelles\/19e-assemblee-des-delegues\/\" aria-label=\"En savoir plus sur 19e assembl\u00e9e des d\u00e9l\u00e9gu\u00e9s de l&rsquo;OrTra M\u00e9tiers li\u00e9s cheval Suisse\">Lire la suite<\/a><\/p>\n","protected":false},"author":4,"featured_media":0,"parent":4156,"menu_order":39,"comment_status":"closed","ping_status":"closed","template":"","meta":{"footnotes":""},"class_list":["post-10233","page","type-page","status-publish"],"publishpress_future_action":{"enabled":false,"date":"2026-05-12 08:28:10","action":"change-status","newStatus":"draft","terms":[],"taxonomy":"translation_priority","extraData":[]},"publishpress_future_workflow_manual_trigger":{"enabledWorkflows":[]},"_links":{"self":[{"href":"https:\/\/pferdeberufe.ch\/fr\/wp-json\/wp\/v2\/pages\/10233","targetHints":{"allow":["GET"]}}],"collection":[{"href":"https:\/\/pferdeberufe.ch\/fr\/wp-json\/wp\/v2\/pages"}],"about":[{"href":"https:\/\/pferdeberufe.ch\/fr\/wp-json\/wp\/v2\/types\/page"}],"author":[{"embeddable":true,"href":"https:\/\/pferdeberufe.ch\/fr\/wp-json\/wp\/v2\/users\/4"}],"replies":[{"embeddable":true,"href":"https:\/\/pferdeberufe.ch\/fr\/wp-json\/wp\/v2\/comments?post=10233"}],"version-history":[{"count":7,"href":"https:\/\/pferdeberufe.ch\/fr\/wp-json\/wp\/v2\/pages\/10233\/revisions"}],"predecessor-version":[{"id":10240,"href":"https:\/\/pferdeberufe.ch\/fr\/wp-json\/wp\/v2\/pages\/10233\/revisions\/10240"}],"up":[{"embeddable":true,"href":"https:\/\/pferdeberufe.ch\/fr\/wp-json\/wp\/v2\/pages\/4156"}],"wp:attachment":[{"href":"https:\/\/pferdeberufe.ch\/fr\/wp-json\/wp\/v2\/media?parent=10233"}],"curies":[{"name":"wp","href":"https:\/\/api.w.org\/{rel}","templated":true}]}}