
{"id":10484,"date":"2024-08-06T09:06:28","date_gmt":"2024-08-06T07:06:28","guid":{"rendered":"https:\/\/pferdeberufe.ch\/?page_id=10484"},"modified":"2024-08-06T09:13:25","modified_gmt":"2024-08-06T07:13:25","slug":"nouvelle-ordonnance-24-25","status":"publish","type":"page","link":"https:\/\/pferdeberufe.ch\/fr\/nouvelles\/nouvelle-ordonnance-24-25\/","title":{"rendered":"D\u00e9but de l&rsquo;apprentissage selon la nouvelle ordonnance de formation"},"content":{"rendered":"\t\t<div data-elementor-type=\"wp-page\" data-elementor-id=\"10484\" class=\"elementor elementor-10484 elementor-10466\" data-elementor-post-type=\"page\">\n\t\t\t\t\t\t<section class=\"elementor-section elementor-top-section elementor-element elementor-element-1eb722d2 elementor-section-boxed elementor-section-height-default elementor-section-height-default\" data-id=\"1eb722d2\" data-element_type=\"section\" data-e-type=\"section\">\n\t\t\t\t\t\t<div class=\"elementor-container elementor-column-gap-default\">\n\t\t\t\t\t<div class=\"elementor-column elementor-col-100 elementor-top-column elementor-element elementor-element-4496a76a\" data-id=\"4496a76a\" data-element_type=\"column\" data-e-type=\"column\">\n\t\t\t<div class=\"elementor-widget-wrap elementor-element-populated\">\n\t\t\t\t\t\t<div class=\"elementor-element elementor-element-9f1e0a0 elementor-widget elementor-widget-text-editor\" data-id=\"9f1e0a0\" data-element_type=\"widget\" data-e-type=\"widget\" data-widget_type=\"text-editor.default\">\n\t\t\t\t<div class=\"elementor-widget-container\">\n\t\t\t\t\t\t\t\t\t<h2 class=\"elementor-heading-title elementor-size-default elementor-inline-editing pen\" contenteditable=\"true\" data-elementor-setting-key=\"titel\" data-pen-placeholder=\"Eingabe hier...\"><span style=\"color: #ff0000;\">D\u00e9but de l&rsquo;apprentissage <\/span>selon la nouvelle ordonnance de formation<\/h2>\t\t\t\t\t\t\t\t<\/div>\n\t\t\t\t<\/div>\n\t\t\t\t\t<\/div>\n\t\t<\/div>\n\t\t\t\t\t<\/div>\n\t\t<\/section>\n\t\t\t\t<section class=\"elementor-section elementor-top-section elementor-element elementor-element-45d561bb elementor-section-full_width elementor-section-height-default elementor-section-height-default\" data-id=\"45d561bb\" data-element_type=\"section\" data-e-type=\"section\">\n\t\t\t\t\t\t<div class=\"elementor-container elementor-column-gap-no\">\n\t\t\t\t\t<div class=\"elementor-column elementor-col-100 elementor-top-column elementor-element elementor-element-091b3c3\" data-id=\"091b3c3\" data-element_type=\"column\" data-e-type=\"column\">\n\t\t\t<div class=\"elementor-widget-wrap elementor-element-populated\">\n\t\t\t\t\t\t<div class=\"elementor-element elementor-element-541f39c elementor-widget elementor-widget-image\" data-id=\"541f39c\" data-element_type=\"widget\" data-e-type=\"widget\" data-widget_type=\"image.default\">\n\t\t\t\t<div class=\"elementor-widget-container\">\n\t\t\t\t\t\t\t\t\t\t\t\t\t\t\t<img fetchpriority=\"high\" decoding=\"async\" width=\"768\" height=\"511\" src=\"https:\/\/pferdeberufe.ch\/wp-content\/smush-avif\/Neue-Bivo-1-768x511.jpg.avif\" class=\"attachment-medium_large size-medium_large wp-image-10473\" alt=\"\" srcset=\"https:\/\/pferdeberufe.ch\/wp-content\/smush-avif\/Neue-Bivo-1-768x511.jpg.avif 768w, https:\/\/pferdeberufe.ch\/wp-content\/smush-avif\/Neue-Bivo-1-300x199.jpg.avif 300w, https:\/\/pferdeberufe.ch\/wp-content\/smush-avif\/Neue-Bivo-1-1024x681.jpg.avif 1024w, https:\/\/pferdeberufe.ch\/wp-content\/smush-avif\/Neue-Bivo-1-1536x1021.jpg.avif 1536w, https:\/\/pferdeberufe.ch\/wp-content\/smush-avif\/Neue-Bivo-1-2048x1362.jpg.avif 2048w\" sizes=\"(max-width: 768px) 100vw, 768px\" \/>\t\t\t\t\t\t\t\t\t\t\t\t\t\t\t<\/div>\n\t\t\t\t<\/div>\n\t\t\t\t<div class=\"elementor-element elementor-element-535555a elementor-widget elementor-widget-text-editor\" data-id=\"535555a\" data-element_type=\"widget\" data-e-type=\"widget\" data-widget_type=\"text-editor.default\">\n\t\t\t\t<div class=\"elementor-widget-container\">\n\t\t\t\t\t\t\t\t\t<p>Les personnes qui commenceront r\u00e9guli\u00e8rement leur apprentissage dans la fili\u00e8re \u00e9quine cet \u00e9t\u00e9 2024 le feront conform\u00e9ment aux nouvelles ordonnances sur la formation. Celles-ci sont en vigueur depuis le 1er janvier 2024 et sont donc appliqu\u00e9es pour la premi\u00e8re fois. Le projet de r\u00e9vision des formations professionnelles initiales des m\u00e9tiers li\u00e9s au cheval est donc en cours de r\u00e9alisation.<\/p><p>Le 1er janvier 2024, le Secr\u00e9tariat \u00e0 la formation, \u00e0 la recherche et \u00e0 l&rsquo;innovation a mis en vigueur l&rsquo;ordonnance sur la formation professionnelle initiale de professionnelle du cheval\/professionnel du cheval avec certificat f\u00e9d\u00e9ral de capacit\u00e9 (CFC) et de gardienne\/gardien de cheval avec attestation f\u00e9d\u00e9rale de formation professionnelle (AFP). Les nouveaux contrats d&rsquo;apprentissage sign\u00e9s pour la premi\u00e8re ann\u00e9e d&rsquo;apprentissage \u00e0 partir de l&rsquo;\u00e9t\u00e9 2024 se baseront sur ces directives.<\/p><p><strong>Principaux changements CFC<br \/><\/strong>D\u00e9sormais, il n&rsquo;y a plus de sp\u00e9cialisations dans les m\u00e9tiers du cheval avec un CFC, mais des points forts. Au lieu de l&rsquo;orientation soins aux chevaux, il existe d\u00e9sormais l&rsquo;orientation encadrement et prestations de service. Les domaines d&rsquo;approfondissement s&rsquo;appellent d\u00e9sormais comme suit :<\/p><ul><li>soins et services<\/li><li>monte classique<\/li><li>monte western<\/li><li>chevaux d\u2019allures<\/li><li>attelage<\/li><li>chevaux de course<\/li><\/ul><p>Le nombre de le\u00e7ons de comp\u00e9tences op\u00e9rationnelles sp\u00e9cifiques \u00e0 l&rsquo;option principale dans les \u00e9coles professionnelles a \u00e9t\u00e9 r\u00e9duit. La principale diff\u00e9rence entre les domaines sp\u00e9cifiques r\u00e9side dans le fait que le processus de qualification \u00e9value notamment l&rsquo;\u00e9quitation ou l&rsquo;attelage et l&rsquo;enseignement dans chaque domaine sp\u00e9cifique. Les comp\u00e9tences op\u00e9rationnelles g\u00e9n\u00e9rales sont les m\u00eames pour tous les domaines d&rsquo;approfondissement.<\/p><p><strong>Actualisation pour l&rsquo;AFP<br \/><\/strong>Les comp\u00e9tences op\u00e9rationnelles AFP ont \u00e9galement \u00e9t\u00e9 adapt\u00e9es. Il sera toujours possible d&rsquo;entrer en deuxi\u00e8me ann\u00e9e d&rsquo;apprentissage pour le CFC apr\u00e8s l&rsquo;AFP.<\/p><p><strong>Nouveau mat\u00e9riel p\u00e9dagogique<br \/><\/strong>En raison de la r\u00e9vision de l&rsquo;ordonnance sur la formation, un nouveau mat\u00e9riel p\u00e9dagogique a \u00e9galement \u00e9t\u00e9 \u00e9labor\u00e9. Il est bas\u00e9 sur le nouveau plan de formation. D\u00e9sormais, le manuel est remis au d\u00e9but de l&rsquo;apprentissage et est valable pour les trois ann\u00e9es d&rsquo;apprentissage. Il est disponible sous forme num\u00e9rique au format PDF. Pour l&rsquo;apprentissage de deux ans, le manuel est d\u00e9sormais \u00e9galement remis sous forme de PDF.<\/p><p>L&rsquo;OrTra M\u00e9tiers li\u00e9s au cheval Suisse met \u00e9galement le manuel \u00e0 disposition en fran\u00e7ais. En raison des efforts d\u00e9ploy\u00e9s pour proposer la formation avec CFC au Tessin, le manuel sera \u00e9galement traduit en italien.<\/p><p>Le nouveau manuel sera disponible \u00e0 partir d&rsquo;ao\u00fbt 2024 dans le <a href=\"https:\/\/pferdeberufe.ch\/fr\/shop\/\">shop.<\/a><\/p><p><strong>Mise en \u0153uvre roulante<br \/><\/strong>Les cours interentreprises (CIE) sont mis en \u0153uvre au fur et \u00e0 mesure des besoins. Ainsi, l&rsquo;OrTra M\u00e9tiers li\u00e9s au cheval Suisse s&rsquo;occupe cette ann\u00e9e de planifier et de former les CIE de la premi\u00e8re ann\u00e9e d&rsquo;apprentissage. La proc\u00e9dure de qualification sera organis\u00e9e pour la premi\u00e8re fois au printemps 2026 pour les apprentis AFP et en 2027 pour les apprentis CFC.<\/p><p><strong>Formations commenc\u00e9es et termin\u00e9es<br \/><\/strong>Les apprentis qui commencent cet \u00e9t\u00e9 leur deuxi\u00e8me ou troisi\u00e8me ann\u00e9e d&rsquo;apprentissage ne sont pas concern\u00e9s par les nouveaut\u00e9s. Les AFP et les CFC actuels restent valables et sont assimil\u00e9s aux dipl\u00f4mes d\u00e9livr\u00e9s conform\u00e9ment aux nouvelles ordonnances sur la formation.<\/p><p>\u00a0<\/p>\t\t\t\t\t\t\t\t<\/div>\n\t\t\t\t<\/div>\n\t\t\t\t<div class=\"elementor-element elementor-element-8f556b9 elementor-align-center elementor-widget elementor-widget-button\" data-id=\"8f556b9\" data-element_type=\"widget\" data-e-type=\"widget\" data-widget_type=\"button.default\">\n\t\t\t\t<div class=\"elementor-widget-container\">\n\t\t\t\t\t\t\t\t\t<div class=\"elementor-button-wrapper\">\n\t\t\t\t\t<a class=\"elementor-button elementor-button-link elementor-size-sm\" href=\"https:\/\/pferdeberufe.ch\/fr\/1ere-annee-de-24-25\/\" target=\"_blank\">\n\t\t\t\t\t\t<span class=\"elementor-button-content-wrapper\">\n\t\t\t\t\t\t\t\t\t<span class=\"elementor-button-text\">Tous les documents selon le nouveau plan de formation<\/span>\n\t\t\t\t\t<\/span>\n\t\t\t\t\t<\/a>\n\t\t\t\t<\/div>\n\t\t\t\t\t\t\t\t<\/div>\n\t\t\t\t<\/div>\n\t\t\t\t\t<\/div>\n\t\t<\/div>\n\t\t\t\t\t<\/div>\n\t\t<\/section>\n\t\t\t\t<\/div>\n\t\t","protected":false},"excerpt":{"rendered":"<p>D\u00e9but de l&rsquo;apprentissage selon la nouvelle ordonnance de formation Les personnes qui commenceront r\u00e9guli\u00e8rement leur apprentissage dans la fili\u00e8re \u00e9quine cet \u00e9t\u00e9 2024 le feront conform\u00e9ment aux nouvelles ordonnances sur &#8230; <a title=\"D\u00e9but de l&rsquo;apprentissage selon la nouvelle ordonnance de formation\" class=\"read-more\" href=\"https:\/\/pferdeberufe.ch\/fr\/nouvelles\/nouvelle-ordonnance-24-25\/\" aria-label=\"En savoir plus sur D\u00e9but de l&rsquo;apprentissage selon la nouvelle ordonnance de formation\">Lire la suite<\/a><\/p>\n","protected":false},"author":4,"featured_media":0,"parent":4156,"menu_order":39,"comment_status":"closed","ping_status":"closed","template":"","meta":{"footnotes":""},"class_list":["post-10484","page","type-page","status-publish"],"publishpress_future_action":{"enabled":false,"date":"2026-05-23 23:21:00","action":"change-status","newStatus":"draft","terms":[],"taxonomy":"translation_priority","extraData":[]},"publishpress_future_workflow_manual_trigger":{"enabledWorkflows":[]},"_links":{"self":[{"href":"https:\/\/pferdeberufe.ch\/fr\/wp-json\/wp\/v2\/pages\/10484","targetHints":{"allow":["GET"]}}],"collection":[{"href":"https:\/\/pferdeberufe.ch\/fr\/wp-json\/wp\/v2\/pages"}],"about":[{"href":"https:\/\/pferdeberufe.ch\/fr\/wp-json\/wp\/v2\/types\/page"}],"author":[{"embeddable":true,"href":"https:\/\/pferdeberufe.ch\/fr\/wp-json\/wp\/v2\/users\/4"}],"replies":[{"embeddable":true,"href":"https:\/\/pferdeberufe.ch\/fr\/wp-json\/wp\/v2\/comments?post=10484"}],"version-history":[{"count":4,"href":"https:\/\/pferdeberufe.ch\/fr\/wp-json\/wp\/v2\/pages\/10484\/revisions"}],"predecessor-version":[{"id":10489,"href":"https:\/\/pferdeberufe.ch\/fr\/wp-json\/wp\/v2\/pages\/10484\/revisions\/10489"}],"up":[{"embeddable":true,"href":"https:\/\/pferdeberufe.ch\/fr\/wp-json\/wp\/v2\/pages\/4156"}],"wp:attachment":[{"href":"https:\/\/pferdeberufe.ch\/fr\/wp-json\/wp\/v2\/media?parent=10484"}],"curies":[{"name":"wp","href":"https:\/\/api.w.org\/{rel}","templated":true}]}}