
{"id":10764,"date":"2024-09-24T16:47:56","date_gmt":"2024-09-24T14:47:56","guid":{"rendered":"https:\/\/pferdeberufe.ch\/?page_id=10764"},"modified":"2024-12-19T15:33:41","modified_gmt":"2024-12-19T14:33:41","slug":"swissskills-2025","status":"publish","type":"page","link":"https:\/\/pferdeberufe.ch\/fr\/nouvelles\/swissskills-2025\/","title":{"rendered":"Elementor #10764"},"content":{"rendered":"\t\t<div data-elementor-type=\"wp-page\" data-elementor-id=\"10764\" class=\"elementor elementor-10764 elementor-10735\" data-elementor-post-type=\"page\">\n\t\t\t\t\t\t<section class=\"elementor-section elementor-top-section elementor-element elementor-element-1eb722d2 elementor-section-boxed elementor-section-height-default elementor-section-height-default\" data-id=\"1eb722d2\" data-element_type=\"section\" data-e-type=\"section\">\n\t\t\t\t\t\t<div class=\"elementor-container elementor-column-gap-default\">\n\t\t\t\t\t<div class=\"elementor-column elementor-col-100 elementor-top-column elementor-element elementor-element-4496a76a\" data-id=\"4496a76a\" data-element_type=\"column\" data-e-type=\"column\">\n\t\t\t<div class=\"elementor-widget-wrap elementor-element-populated\">\n\t\t\t\t\t\t<div class=\"elementor-element elementor-element-9f1e0a0 elementor-widget elementor-widget-text-editor\" data-id=\"9f1e0a0\" data-element_type=\"widget\" data-e-type=\"widget\" data-widget_type=\"text-editor.default\">\n\t\t\t\t<div class=\"elementor-widget-container\">\n\t\t\t\t\t\t\t\t\t<h2><span style=\"color: #ff0000;\"><span style=\"color: #000000;\">L&rsquo;OrTra M\u00e9tiers li\u00e9s au cheval Suisse aux<\/span> SwissSkills<\/span><\/h2>\t\t\t\t\t\t\t\t<\/div>\n\t\t\t\t<\/div>\n\t\t\t\t\t<\/div>\n\t\t<\/div>\n\t\t\t\t\t<\/div>\n\t\t<\/section>\n\t\t\t\t<section class=\"elementor-section elementor-top-section elementor-element elementor-element-45d561bb elementor-section-full_width elementor-section-height-default elementor-section-height-default\" data-id=\"45d561bb\" data-element_type=\"section\" data-e-type=\"section\">\n\t\t\t\t\t\t<div class=\"elementor-container elementor-column-gap-no\">\n\t\t\t\t\t<div class=\"elementor-column elementor-col-100 elementor-top-column elementor-element elementor-element-091b3c3\" data-id=\"091b3c3\" data-element_type=\"column\" data-e-type=\"column\">\n\t\t\t<div class=\"elementor-widget-wrap elementor-element-populated\">\n\t\t\t\t\t\t<div class=\"elementor-element elementor-element-541f39c elementor-widget elementor-widget-image\" data-id=\"541f39c\" data-element_type=\"widget\" data-e-type=\"widget\" data-widget_type=\"image.default\">\n\t\t\t\t<div class=\"elementor-widget-container\">\n\t\t\t\t\t\t\t\t\t\t\t\t\t\t\t<img fetchpriority=\"high\" decoding=\"async\" width=\"768\" height=\"413\" src=\"https:\/\/pferdeberufe.ch\/wp-content\/smush-avif\/Logo-SwissSkills-2025-768x413.png.avif\" class=\"attachment-medium_large size-medium_large wp-image-10730\" alt=\"\" srcset=\"https:\/\/pferdeberufe.ch\/wp-content\/smush-avif\/Logo-SwissSkills-2025-768x413.png.avif 768w, https:\/\/pferdeberufe.ch\/wp-content\/smush-avif\/Logo-SwissSkills-2025-300x161.png.avif 300w, https:\/\/pferdeberufe.ch\/wp-content\/smush-avif\/Logo-SwissSkills-2025-1024x550.png.avif 1024w, https:\/\/pferdeberufe.ch\/wp-content\/smush-avif\/Logo-SwissSkills-2025.png.avif 1037w\" sizes=\"(max-width: 768px) 100vw, 768px\" \/>\t\t\t\t\t\t\t\t\t\t\t\t\t\t\t<\/div>\n\t\t\t\t<\/div>\n\t\t\t\t<div class=\"elementor-element elementor-element-535555a elementor-widget__width-initial elementor-widget elementor-widget-text-editor\" data-id=\"535555a\" data-element_type=\"widget\" data-e-type=\"widget\" data-widget_type=\"text-editor.default\">\n\t\t\t\t<div class=\"elementor-widget-container\">\n\t\t\t\t\t\t\t\t\t<p>Les SwillSkills se d\u00e9rouleront \u00e0 Berne du 17 au 21 septembre 2025. Il s&rsquo;agit du plus grand \u00e9v\u00e9nement de Suisse, au cours duquel 150 m\u00e9tiers seront pr\u00e9sent\u00e9s. Apr\u00e8s une participation tr\u00e8s r\u00e9ussie aux SwissSkills 2022, le comit\u00e9 de l&rsquo;OrTra M\u00e9tiers li\u00e9s au cheval Suisse a d\u00e9cid\u00e9 d&rsquo;\u00eatre \u00e0 nouveau de la partie lors de la prochaine \u00e9dition.<\/p><p>Comme en 2022, il sera possible de d\u00e9couvrir les diff\u00e9rents points forts. Il est \u00e9galement pr\u00e9vu que des apprentis soient pr\u00e9sents sur le stand pour donner des informations sur le m\u00e9tier aux \u00e9l\u00e8ves et aux formateurs. En janvier, les apprentis seront invit\u00e9s \u00e0 participer aux SwissSkills 2025.<\/p><p>R\u00e9servez d&rsquo;ores et d\u00e9j\u00e0 la date et venez nous rendre visite sur notre stand.<\/p>\t\t\t\t\t\t\t\t<\/div>\n\t\t\t\t<\/div>\n\t\t\t\t\t<\/div>\n\t\t<\/div>\n\t\t\t\t\t<\/div>\n\t\t<\/section>\n\t\t\t\t<section class=\"elementor-section elementor-top-section elementor-element elementor-element-49dcdc7 elementor-section-boxed elementor-section-height-default elementor-section-height-default\" data-id=\"49dcdc7\" data-element_type=\"section\" data-e-type=\"section\">\n\t\t\t\t\t\t<div class=\"elementor-container elementor-column-gap-default\">\n\t\t\t\t\t<div class=\"elementor-column elementor-col-100 elementor-top-column elementor-element elementor-element-d901192\" data-id=\"d901192\" data-element_type=\"column\" data-e-type=\"column\">\n\t\t\t<div class=\"elementor-widget-wrap elementor-element-populated\">\n\t\t\t\t\t\t<div class=\"elementor-element elementor-element-72d3316 elementor-widget elementor-widget-image\" data-id=\"72d3316\" data-element_type=\"widget\" data-e-type=\"widget\" data-widget_type=\"image.default\">\n\t\t\t\t<div class=\"elementor-widget-container\">\n\t\t\t\t\t\t\t\t\t\t\t\t\t\t\t<img decoding=\"async\" width=\"1024\" height=\"683\" src=\"https:\/\/pferdeberufe.ch\/wp-content\/smush-avif\/2024_09_24_Bild_SwissSkills_StandOdA-1024x683.jpg.avif\" class=\"attachment-large size-large wp-image-10733\" alt=\"\" srcset=\"https:\/\/pferdeberufe.ch\/wp-content\/smush-avif\/2024_09_24_Bild_SwissSkills_StandOdA-1024x683.jpg.avif 1024w, https:\/\/pferdeberufe.ch\/wp-content\/smush-avif\/2024_09_24_Bild_SwissSkills_StandOdA-300x200.jpg.avif 300w, https:\/\/pferdeberufe.ch\/wp-content\/smush-avif\/2024_09_24_Bild_SwissSkills_StandOdA-768x512.jpg.avif 768w, https:\/\/pferdeberufe.ch\/wp-content\/smush-avif\/2024_09_24_Bild_SwissSkills_StandOdA-1536x1024.jpg.avif 1536w, https:\/\/pferdeberufe.ch\/wp-content\/smush-avif\/2024_09_24_Bild_SwissSkills_StandOdA.jpg.avif 1600w\" sizes=\"(max-width: 1024px) 100vw, 1024px\" \/>\t\t\t\t\t\t\t\t\t\t\t\t\t\t\t<\/div>\n\t\t\t\t<\/div>\n\t\t\t\t\t<\/div>\n\t\t<\/div>\n\t\t\t\t\t<\/div>\n\t\t<\/section>\n\t\t\t\t<\/div>\n\t\t","protected":false},"excerpt":{"rendered":"<p>L&rsquo;OrTra M\u00e9tiers li\u00e9s au cheval Suisse aux SwissSkills Les SwillSkills se d\u00e9rouleront \u00e0 Berne du 17 au 21 septembre 2025. Il s&rsquo;agit du plus grand \u00e9v\u00e9nement de Suisse, au cours &#8230; <a title=\"Elementor #10764\" class=\"read-more\" href=\"https:\/\/pferdeberufe.ch\/fr\/nouvelles\/swissskills-2025\/\" aria-label=\"En savoir plus sur Elementor #10764\">Lire la suite<\/a><\/p>\n","protected":false},"author":4,"featured_media":0,"parent":4156,"menu_order":39,"comment_status":"closed","ping_status":"closed","template":"","meta":{"footnotes":""},"class_list":["post-10764","page","type-page","status-publish"],"publishpress_future_action":{"enabled":false,"date":"2026-04-12 22:17:10","action":"change-status","newStatus":"draft","terms":[],"taxonomy":"translation_priority","extraData":[]},"publishpress_future_workflow_manual_trigger":{"enabledWorkflows":[]},"_links":{"self":[{"href":"https:\/\/pferdeberufe.ch\/fr\/wp-json\/wp\/v2\/pages\/10764","targetHints":{"allow":["GET"]}}],"collection":[{"href":"https:\/\/pferdeberufe.ch\/fr\/wp-json\/wp\/v2\/pages"}],"about":[{"href":"https:\/\/pferdeberufe.ch\/fr\/wp-json\/wp\/v2\/types\/page"}],"author":[{"embeddable":true,"href":"https:\/\/pferdeberufe.ch\/fr\/wp-json\/wp\/v2\/users\/4"}],"replies":[{"embeddable":true,"href":"https:\/\/pferdeberufe.ch\/fr\/wp-json\/wp\/v2\/comments?post=10764"}],"version-history":[{"count":13,"href":"https:\/\/pferdeberufe.ch\/fr\/wp-json\/wp\/v2\/pages\/10764\/revisions"}],"predecessor-version":[{"id":11378,"href":"https:\/\/pferdeberufe.ch\/fr\/wp-json\/wp\/v2\/pages\/10764\/revisions\/11378"}],"up":[{"embeddable":true,"href":"https:\/\/pferdeberufe.ch\/fr\/wp-json\/wp\/v2\/pages\/4156"}],"wp:attachment":[{"href":"https:\/\/pferdeberufe.ch\/fr\/wp-json\/wp\/v2\/media?parent=10764"}],"curies":[{"name":"wp","href":"https:\/\/api.w.org\/{rel}","templated":true}]}}