
{"id":12565,"date":"2025-02-27T14:47:02","date_gmt":"2025-02-27T13:47:02","guid":{"rendered":"https:\/\/pferdeberufe.ch\/?page_id=12565"},"modified":"2025-02-27T15:07:21","modified_gmt":"2025-02-27T14:07:21","slug":"recherche-apprentis","status":"publish","type":"page","link":"https:\/\/pferdeberufe.ch\/fr\/nouvelles\/recherche-apprentis\/","title":{"rendered":"Participation aux SwissSkills"},"content":{"rendered":"\t\t<div data-elementor-type=\"wp-page\" data-elementor-id=\"12565\" class=\"elementor elementor-12565 elementor-12560\" data-elementor-post-type=\"page\">\n\t\t\t\t\t\t<section class=\"elementor-section elementor-top-section elementor-element elementor-element-3301b0b3 elementor-section-boxed elementor-section-height-default elementor-section-height-default\" data-id=\"3301b0b3\" data-element_type=\"section\" data-e-type=\"section\">\n\t\t\t\t\t\t<div class=\"elementor-container elementor-column-gap-default\">\n\t\t\t\t\t<div class=\"elementor-column elementor-col-100 elementor-top-column elementor-element elementor-element-5a27852e\" data-id=\"5a27852e\" data-element_type=\"column\" data-e-type=\"column\">\n\t\t\t<div class=\"elementor-widget-wrap elementor-element-populated\">\n\t\t\t\t\t\t<div class=\"elementor-element elementor-element-bed5fb0 elementor-widget elementor-widget-text-editor\" data-id=\"bed5fb0\" data-element_type=\"widget\" data-e-type=\"widget\" data-widget_type=\"text-editor.default\">\n\t\t\t\t<div class=\"elementor-widget-container\">\n\t\t\t\t\t\t\t\t\t<h2>Nous serons pr\u00e9sents aux SwissSkills 2025 \u00e0 Berne !<\/h2>\t\t\t\t\t\t\t\t<\/div>\n\t\t\t\t<\/div>\n\t\t\t\t\t<\/div>\n\t\t<\/div>\n\t\t\t\t\t<\/div>\n\t\t<\/section>\n\t\t\t\t<section class=\"elementor-section elementor-top-section elementor-element elementor-element-ad5f924 elementor-section-boxed elementor-section-height-default elementor-section-height-default\" data-id=\"ad5f924\" data-element_type=\"section\" data-e-type=\"section\">\n\t\t\t\t\t\t<div class=\"elementor-container elementor-column-gap-default\">\n\t\t\t\t\t<div class=\"elementor-column elementor-col-100 elementor-top-column elementor-element elementor-element-9209e0b\" data-id=\"9209e0b\" data-element_type=\"column\" data-e-type=\"column\">\n\t\t\t<div class=\"elementor-widget-wrap elementor-element-populated\">\n\t\t\t\t\t\t<div class=\"elementor-element elementor-element-2935ca0 elementor-widget elementor-widget-text-editor\" data-id=\"2935ca0\" data-element_type=\"widget\" data-e-type=\"widget\" data-widget_type=\"text-editor.default\">\n\t\t\t\t<div class=\"elementor-widget-container\">\n\t\t\t\t\t\t\t\t\t<p>Du 17 au 21 septembre 2025, le site de BERNEXPO se transformera en la plus grande sc\u00e8ne de la formation professionnelle suisse ! Plus de 1 100 jeunes talents parmi les meilleurs s&rsquo;affronteront dans plus de 90 m\u00e9tiers lors des championnats suisses des m\u00e9tiers SwissSkills 2025 et se disputeront le titre de champion suisse. Mais ce n&rsquo;est pas tout : un monde d&rsquo;exp\u00e9riences impressionnant t&rsquo;attend sur une surface de 110 000 m\u00b2, soit l&rsquo;\u00e9quivalent de 15 terrains de football. Tu pourras y d\u00e9couvrir plus de 150 m\u00e9tiers et les essayer toi-m\u00eame. Que tu sois un professionnel du cheval, un ma\u00e7on, un boulanger ou un polym\u00e9canicien, il y a quelque chose d&rsquo;excitant pour tout le monde.<\/p><p><strong>Saisissez l&rsquo;occasion de convaincre les \u00e9l\u00e8ves de nos m\u00e9tiers !<\/strong><\/p><p>Nous recherchons des apprentis pr\u00eats \u00e0 se rendre sur notre stand dans le hall 14 du mercredi 17 septembre au dimanche 21 septembre pour faire d\u00e9couvrir nos m\u00e9tiers li\u00e9s au cheval aux \u00e9l\u00e8ves et \u00e0 leurs parents. Les horaires de travail sont ceux des SwissSkills : <strong>du mercredi au samedi de 9h \u00e0 17h et le dimanche de 10h \u00e0 17h.<\/strong> Les interventions \u00e0 la journ\u00e9e sont id\u00e9ales, mais les demi-journ\u00e9es sont \u00e9galement possibles.<\/p><p>Notre mission est de fournir des informations sur nos m\u00e9tiers, de r\u00e9pondre aux questions des \u00e9l\u00e8ves et d&rsquo;encadrer ceux qui souhaitent participer activement \u00e0 notre stand.<\/p><p><strong>Soutenez notre promotion des m\u00e9tiers !<\/strong><\/p><p>Nous avons \u00e9crit \u00e0 nos apprentis par e-mail pour les informer de la possibilit\u00e9 de repr\u00e9senter leur m\u00e9tier aux SwissSkills 2025. Leur engagement n\u00e9cessite bien s\u00fbr l&rsquo;accord de leur entreprise formatrice. Nous vous demandons donc de permettre \u00e0 vos apprentis de pr\u00e9senter nos m\u00e9tiers, d&rsquo;informer les \u00e9l\u00e8ves et de vivre cet \u00e9v\u00e9nement unique.<\/p><p>Nous demandons aux apprentis de nous fournir les informations suivantes : Fais-nous part de ton int\u00e9r\u00eat par e-mail \u00e0 l&rsquo;adresse suivante :\u00a0<a href=\"mailto:h.strehler@pferdeberufe.ch\">h.strehler@pferdeberufe.ch<\/a><\/p><p>Et donne-nous les informations suivantes : Pr\u00e9nom, nom, adresse, ann\u00e9e d&rsquo;apprentissage, entreprise d&rsquo;apprentissage, domaine sp\u00e9cifique\/orientation, jour d&rsquo;intervention possible souhait\u00e9.<\/p><p>L&rsquo;intervention de tes apprentis\/de ton apprenti n&rsquo;entra\u00eene aucun frais suppl\u00e9mentaire, l&rsquo;OrTra M\u00e9tiers li\u00e9s au cheval indemnise les apprentis :<br \/>Voyage aller et retour : billet de transport public en 2e classe depuis le lieu de r\u00e9sidence<br \/>Heures de pr\u00e9sence : 25 CHF par heure effectu\u00e9e\u00a0<\/p><p>Apr\u00e8s r\u00e9ception des inscriptions, nous \u00e9tablirons un planning. En fonction du nombre d&rsquo;inscriptions, il se peut que nous ne puissions pas prendre en compte toutes les personnes int\u00e9ress\u00e9es. Nous vous remercions de votre compr\u00e9hension.<\/p><p>Pour en savoir plus sur les SwissSkills 2025 : <a href=\"https:\/\/swiss-skills2025.ch\/fr\">https:\/\/swiss-skills2025.ch\/fr<\/a><\/p><p><strong>Soutenez notre promotion des m\u00e9tiers aux SwissSkills 2025 ! Nous nous r\u00e9jouissons de votre soutien !<\/strong><\/p>\t\t\t\t\t\t\t\t<\/div>\n\t\t\t\t<\/div>\n\t\t\t\t\t<\/div>\n\t\t<\/div>\n\t\t\t\t\t<\/div>\n\t\t<\/section>\n\t\t\t\t<\/div>\n\t\t","protected":false},"excerpt":{"rendered":"<p>Nous serons pr\u00e9sents aux SwissSkills 2025 \u00e0 Berne ! Du 17 au 21 septembre 2025, le site de BERNEXPO se transformera en la plus grande sc\u00e8ne de la formation professionnelle &#8230; <a title=\"Participation aux SwissSkills\" class=\"read-more\" href=\"https:\/\/pferdeberufe.ch\/fr\/nouvelles\/recherche-apprentis\/\" aria-label=\"En savoir plus sur Participation aux SwissSkills\">Lire la suite<\/a><\/p>\n","protected":false},"author":4,"featured_media":0,"parent":4156,"menu_order":14,"comment_status":"closed","ping_status":"closed","template":"elementor_header_footer","meta":{"footnotes":""},"class_list":["post-12565","page","type-page","status-publish"],"publishpress_future_action":{"enabled":false,"date":"2026-04-13 00:22:44","action":"change-status","newStatus":"draft","terms":[],"taxonomy":"translation_priority","extraData":[]},"publishpress_future_workflow_manual_trigger":{"enabledWorkflows":[]},"_links":{"self":[{"href":"https:\/\/pferdeberufe.ch\/fr\/wp-json\/wp\/v2\/pages\/12565","targetHints":{"allow":["GET"]}}],"collection":[{"href":"https:\/\/pferdeberufe.ch\/fr\/wp-json\/wp\/v2\/pages"}],"about":[{"href":"https:\/\/pferdeberufe.ch\/fr\/wp-json\/wp\/v2\/types\/page"}],"author":[{"embeddable":true,"href":"https:\/\/pferdeberufe.ch\/fr\/wp-json\/wp\/v2\/users\/4"}],"replies":[{"embeddable":true,"href":"https:\/\/pferdeberufe.ch\/fr\/wp-json\/wp\/v2\/comments?post=12565"}],"version-history":[{"count":9,"href":"https:\/\/pferdeberufe.ch\/fr\/wp-json\/wp\/v2\/pages\/12565\/revisions"}],"predecessor-version":[{"id":12584,"href":"https:\/\/pferdeberufe.ch\/fr\/wp-json\/wp\/v2\/pages\/12565\/revisions\/12584"}],"up":[{"embeddable":true,"href":"https:\/\/pferdeberufe.ch\/fr\/wp-json\/wp\/v2\/pages\/4156"}],"wp:attachment":[{"href":"https:\/\/pferdeberufe.ch\/fr\/wp-json\/wp\/v2\/media?parent=12565"}],"curies":[{"name":"wp","href":"https:\/\/api.w.org\/{rel}","templated":true}]}}