
{"id":13019,"date":"2025-05-02T17:26:48","date_gmt":"2025-05-02T15:26:48","guid":{"rendered":"https:\/\/pferdeberufe.ch\/?page_id=13019"},"modified":"2026-04-24T06:27:17","modified_gmt":"2026-04-24T04:27:17","slug":"ajustement-des-factures-equides","status":"publish","type":"page","link":"https:\/\/pferdeberufe.ch\/fr\/ajustement-des-factures-equides\/","title":{"rendered":"Ajustement des factures \u00e9quid\u00e9s"},"content":{"rendered":"<div class=\"frm_forms  with_frm_style frm_style_formidable-style\" id=\"frm_form_27_container\" data-token=\"bcb96af21e917f67a72662663207d604\">\n<form enctype=\"multipart\/form-data\" method=\"post\" class=\"frm-show-form  frm_pro_form \" id=\"form_adaption-facture-equides\" data-token=\"bcb96af21e917f67a72662663207d604\">\n<div class=\"frm_form_fields \">\n<fieldset>\n<legend class=\"frm_screen_reader\"> ajustement des factures \u00e9quid\u00e9s<\/legend>\r\n<h3 class=\"frm_form_title\"> ajustement des factures \u00e9quid\u00e9s<\/h3>\r\n<div class=\"frm_fields_container\">\n<input type=\"hidden\" name=\"frm_action\" value=\"create\" \/>\n<input type=\"hidden\" name=\"form_id\" value=\"27\" \/>\n<input type=\"hidden\" name=\"frm_hide_fields_27\" id=\"frm_hide_fields_27\" value=\"\" \/>\n<input type=\"hidden\" name=\"form_key\" value=\"adaption-facture-equides\" \/>\n<input type=\"hidden\" name=\"item_meta[0]\" value=\"\" \/>\n<input type=\"hidden\" id=\"frm_submit_entry_27\" name=\"frm_submit_entry_27\" value=\"ae0f4381bf\" \/><input type=\"hidden\" name=\"_wp_http_referer\" value=\"\/fr\/wp-json\/wp\/v2\/pages\/13019\" \/><div id=\"frm_field_420_container\" class=\"frm_form_field form-field  frm_required_field frm_top_container\">\r\n\t<div  id=\"field_baoi62_label\" class=\"frm_primary_label\">Nom\r\n\t\t<span class=\"frm_required\" aria-hidden=\"true\">*<\/span>\r\n\t<\/div>\r\n\t<fieldset aria-labelledby=\"field_baoi62_label\">\n\t<legend class=\"frm_screen_reader frm_hidden\">\n\t\tNom\t<\/legend>\n\n\t<div  class=\"frm_combo_inputs_container\" id=\"frm_combo_inputs_container_420\" data-name-layout=\"last_first\">\n\t\t\t\t\t<div\n\t\t\t\tid=\"frm_field_420-last_container\"\n\t\t\t\tclass=\"frm_form_field form-field frm_form_subfield-last  frm6\"\n\t\t\t\tdata-sub-field-name=\"last\"\n\t\t\t>\n\t\t\t\t<label for=\"field_baoi62_last\" class=\"frm_screen_reader frm_hidden\">\n\t\t\t\t\tSurnom\t\t\t\t<\/label>\n\n\t\t\t\t<input  type=\"text\" id=\"field_baoi62_last\" value=\"\" name=\"item_meta[420][last]\" autocomplete=\"family-name\" data-reqmsg=\"Dieses Feld darf nicht leer sein.\" aria-required=\"true\" data-invmsg=\"Nom est non valide\" aria-invalid=\"false\"  \/><div class=\"frm_description\" id=\"frm_field_420_last_desc\">Surnom<\/div>\t\t\t<\/div>\n\t\t\t\t\t\t<div\n\t\t\t\tid=\"frm_field_420-first_container\"\n\t\t\t\tclass=\"frm_form_field form-field frm_form_subfield-first  frm6\"\n\t\t\t\tdata-sub-field-name=\"first\"\n\t\t\t>\n\t\t\t\t<label for=\"field_baoi62_first\" class=\"frm_screen_reader frm_hidden\">\n\t\t\t\t\tPr\u00e9nom\t\t\t\t<\/label>\n\n\t\t\t\t<input  type=\"text\" id=\"field_baoi62_first\" value=\"\" name=\"item_meta[420][first]\" autocomplete=\"given-name\" data-reqmsg=\"Dieses Feld darf nicht leer sein.\" aria-required=\"true\" data-invmsg=\"Nom est non valide\" aria-invalid=\"false\"  \/><div class=\"frm_description\" id=\"frm_field_420_first_desc\">Pr\u00e9nom<\/div>\t\t\t<\/div>\n\t\t\t\t<\/div>\n<\/fieldset>\n\r\n\t\r\n\t\r\n<\/div>\n<div id=\"frm_field_421_container\" class=\"frm_form_field form-field  frm_required_field frm_top_container frm6 frm_first\">\r\n\t<label for=\"field_jrgi2\" id=\"field_jrgi2_label\" class=\"frm_primary_label\">Num\u00e9ro de facture fonds de formation professionnelle\r\n\t\t<span class=\"frm_required\" aria-hidden=\"true\">*<\/span>\r\n\t<\/label>\r\n\t<input  type=\"text\" id=\"field_jrgi2\" name=\"item_meta[421]\" value=\"\"  data-reqmsg=\"Dieses Feld darf nicht leer sein.\" aria-required=\"true\" data-invmsg=\"Num\u00e9ro de facture fonds de formation professionnelle ist ung\u00fcltig\" aria-invalid=\"false\"   \/>\r\n\t\r\n\t\r\n<\/div>\n<div id=\"frm_field_422_container\" class=\"frm_form_field form-field  frm_required_field frm_top_container frm6\">\r\n\t<label for=\"field_d7t7k2\" id=\"field_d7t7k2_label\" class=\"frm_primary_label\">E-Mail\r\n\t\t<span class=\"frm_required\" aria-hidden=\"true\">*<\/span>\r\n\t<\/label>\r\n\t<input type=\"email\" id=\"field_d7t7k2\" name=\"item_meta[422]\" value=\"\"  autocomplete=\"email\"  data-reqmsg=\"Dieses Feld darf nicht leer sein.\" aria-required=\"true\" data-invmsg=\"E-Mail ist ung\u00fcltig\" aria-invalid=\"false\"  \/>\r\n\t\r\n\t\r\n<\/div>\n<div id=\"frm_field_423_container\" class=\"frm_form_field form-field  frm_top_container frm4 frm_first\">\r\n\t<label for=\"field_29abi2\" id=\"field_29abi2_label\" class=\"frm_primary_label\">Nombre d'\u00e9quid\u00e9s propres\r\n\t\t<span class=\"frm_required\" aria-hidden=\"true\"><\/span>\r\n\t<\/label>\r\n\t<input  type=\"text\" id=\"field_29abi2\" name=\"item_meta[423]\" value=\"\"  data-invmsg=\"Nombre d&#039;\u00e9quid\u00e9s propres ist ung\u00fcltig\" aria-invalid=\"false\"   \/>\r\n\t\r\n\t\r\n<\/div>\n<div id=\"frm_field_424_container\" class=\"frm_form_field form-field  frm_top_container frm4\">\r\n\t<label for=\"field_r0y7c2\" id=\"field_r0y7c2_label\" class=\"frm_primary_label\">Nombre d'\u00e9quid\u00e9s \u00e9trangers\r\n\t\t<span class=\"frm_required\" aria-hidden=\"true\"><\/span>\r\n\t<\/label>\r\n\t<input  type=\"text\" id=\"field_r0y7c2\" name=\"item_meta[424]\" value=\"\"  data-invmsg=\"Nombre d&#039;\u00e9quid\u00e9s \u00e9trangers ist ung\u00fcltig\" aria-invalid=\"false\"   \/>\r\n\t\r\n\t\r\n<\/div>\n<div id=\"frm_field_425_container\" class=\"frm_form_field form-field  frm_top_container frm4\">\r\n\t<label for=\"field_jibwu2\" id=\"field_jibwu2_label\" class=\"frm_primary_label\">... dont reproducteurs\r\n\t\t<span class=\"frm_required\" aria-hidden=\"true\"><\/span>\r\n\t<\/label>\r\n\t<input  type=\"text\" id=\"field_jibwu2\" name=\"item_meta[425]\" value=\"\"  data-invmsg=\"... dont reproducteurs ist ung\u00fcltig\" aria-invalid=\"false\"   aria-describedby=\"frm_desc_field_jibwu2\" \/>\r\n\t<div class=\"frm_description\" id=\"frm_desc_field_jibwu2\">Poulains\/jeunes chevaux jusqu'\u00e0 4 ans, juments pleines\/allaitantes, \u00e9talons approuv\u00e9s<\/div>\r\n\t\r\n<\/div>\n<div id=\"frm_field_426_container\" class=\"frm_form_field form-field  frm_required_field frm_top_container frm_total vertical_radio\">\r\n\t<div  id=\"field_24e5v2_label\" class=\"frm_primary_label\">La modification du nombre d'\u00e9quid\u00e9s \u00e0 la date de r\u00e9f\u00e9rence du 31.12 doit \u00eatre effectu\u00e9e au plus tard trois semaines apr\u00e8s r\u00e9ception de la facture pour le fonds de formation professionnelle.\r\n\t\t<span class=\"frm_required\" aria-hidden=\"true\">*<\/span>\r\n\t<\/div>\r\n\t<div class=\"frm_opt_container\" aria-labelledby=\"field_24e5v2_label\" role=\"group\">\t\t<div class=\"frm_checkbox\" id=\"frm_checkbox_426-2\">\t\t\t<label  for=\"field_24e5v2-2\">\n\t\t\t<input type=\"checkbox\" name=\"item_meta[426][]\" id=\"field_24e5v2-2\" value=\"Je confirme l&#039;exactitude de mes informations\"  data-frmlimit=\"2\"  data-frmmin=\"2\"  data-reqmsg=\"Dieses Feld darf nicht leer sein.\" data-invmsg=\"La modification du nombre d&#039;\u00e9quid\u00e9s \u00e0 la date de r\u00e9f\u00e9rence du 31.12 doit \u00eatre effectu\u00e9e au plus tard trois semaines apr\u00e8s r\u00e9ception de la facture pour le fonds de formation professionnelle. ist ung\u00fcltig\"   aria-required=\"true\"  \/> Je confirme l'exactitude de mes informations<\/label><\/div>\n\t\t<div class=\"frm_checkbox\" id=\"frm_checkbox_426-3\">\t\t\t<label  for=\"field_24e5v2-3\">\n\t\t\t<input type=\"checkbox\" name=\"item_meta[426][]\" id=\"field_24e5v2-3\" value=\"J&#039;accepte le traitement et l&#039;enregistrement de mes informations dans le but de mon obligation de contribuer au fonds de formation professionnelle.\"  data-frmlimit=\"2\"  data-frmmin=\"2\"  data-reqmsg=\"Dieses Feld darf nicht leer sein.\" data-invmsg=\"La modification du nombre d&#039;\u00e9quid\u00e9s \u00e0 la date de r\u00e9f\u00e9rence du 31.12 doit \u00eatre effectu\u00e9e au plus tard trois semaines apr\u00e8s r\u00e9ception de la facture pour le fonds de formation professionnelle. ist ung\u00fcltig\"   \/> J'accepte le traitement et l'enregistrement de mes informations dans le but de mon obligation de contribuer au fonds de formation professionnelle.<\/label><\/div>\n<\/div>\r\n\t<div class=\"frm_description\" id=\"frm_desc_field_24e5v2\">(Cliquer sur le texte pour confirmer la s\u00e9lection)<\/div>\r\n\t\r\n<\/div>\n<div id=\"frm_field_427_container\" class=\"frm_form_field form-field \">\r\n\t<div class=\"frm_submit frm_flex\">\r\n<button class=\"frm_button_submit frm_final_submit\" type=\"submit\"   formnovalidate=\"formnovalidate\">Envoyer<\/button>\r\n\r\n\r\n\r\n<\/div>\r\n<\/div>\n\t<input type=\"hidden\" name=\"item_key\" value=\"\" \/>\n\t\t\t<div id=\"frm_field_617_container\">\n\t\t\t<label for=\"field_5rlb1\" >\n\t\t\t\tSi vous \u00eates un humain, ne remplissez pas ce champ.\t\t\t<\/label>\n\t\t\t<input  id=\"field_5rlb1\" type=\"text\" class=\"frm_form_field form-field frm_verify\" name=\"item_meta[617]\" value=\"\"  \/>\n\t\t<\/div>\n\t\t<input name=\"frm_state\" type=\"hidden\" value=\"2V7kuEFLHoTriL5nnVDKUv0irabIvDw8WBK4rylzqs9VA6\/tCgY71GByYSoG8qdg\" \/><\/div>\n<\/fieldset>\n<\/div>\n\n<\/form>\n<\/div>\n\n","protected":false},"excerpt":{"rendered":"","protected":false},"author":2,"featured_media":0,"parent":0,"menu_order":0,"comment_status":"closed","ping_status":"closed","template":"","meta":{"footnotes":""},"class_list":["post-13019","page","type-page","status-publish"],"publishpress_future_action":{"enabled":false,"date":"2026-05-07 10:22:53","action":"change-status","newStatus":"draft","terms":[],"taxonomy":"translation_priority","extraData":[]},"publishpress_future_workflow_manual_trigger":{"enabledWorkflows":[]},"_links":{"self":[{"href":"https:\/\/pferdeberufe.ch\/fr\/wp-json\/wp\/v2\/pages\/13019","targetHints":{"allow":["GET"]}}],"collection":[{"href":"https:\/\/pferdeberufe.ch\/fr\/wp-json\/wp\/v2\/pages"}],"about":[{"href":"https:\/\/pferdeberufe.ch\/fr\/wp-json\/wp\/v2\/types\/page"}],"author":[{"embeddable":true,"href":"https:\/\/pferdeberufe.ch\/fr\/wp-json\/wp\/v2\/users\/2"}],"replies":[{"embeddable":true,"href":"https:\/\/pferdeberufe.ch\/fr\/wp-json\/wp\/v2\/comments?post=13019"}],"version-history":[{"count":2,"href":"https:\/\/pferdeberufe.ch\/fr\/wp-json\/wp\/v2\/pages\/13019\/revisions"}],"predecessor-version":[{"id":15051,"href":"https:\/\/pferdeberufe.ch\/fr\/wp-json\/wp\/v2\/pages\/13019\/revisions\/15051"}],"wp:attachment":[{"href":"https:\/\/pferdeberufe.ch\/fr\/wp-json\/wp\/v2\/media?parent=13019"}],"curies":[{"name":"wp","href":"https:\/\/api.w.org\/{rel}","templated":true}]}}