
{"id":3729,"date":"2022-06-21T09:39:36","date_gmt":"2022-06-21T07:39:36","guid":{"rendered":"https:\/\/pferdeberufe.ch\/bbf\/"},"modified":"2026-04-24T06:30:43","modified_gmt":"2026-04-24T04:30:43","slug":"bbf","status":"publish","type":"page","link":"https:\/\/pferdeberufe.ch\/fr\/bbf\/","title":{"rendered":"Fonds de formation professionnelle"},"content":{"rendered":"\t\t<div data-elementor-type=\"wp-page\" data-elementor-id=\"3729\" class=\"elementor elementor-3729 elementor-129\" data-elementor-post-type=\"page\">\n\t\t\t\t\t\t<section class=\"elementor-section elementor-top-section elementor-element elementor-element-24620c42 elementor-section-boxed elementor-section-height-default elementor-section-height-default\" data-id=\"24620c42\" data-element_type=\"section\" data-e-type=\"section\">\n\t\t\t\t\t\t<div class=\"elementor-container elementor-column-gap-default\">\n\t\t\t\t\t<div class=\"elementor-column elementor-col-100 elementor-top-column elementor-element elementor-element-5dce6bd7\" data-id=\"5dce6bd7\" data-element_type=\"column\" data-e-type=\"column\">\n\t\t\t<div class=\"elementor-widget-wrap elementor-element-populated\">\n\t\t\t\t\t\t<div class=\"elementor-element elementor-element-048359b elementor-widget elementor-widget-text-editor\" data-id=\"048359b\" data-element_type=\"widget\" data-e-type=\"widget\" data-widget_type=\"text-editor.default\">\n\t\t\t\t<div class=\"elementor-widget-container\">\n\t\t\t\t\t\t\t\t\t<h2 class=\"elementor-heading-title elementor-size-default elementor-inline-editing pen\" contenteditable=\"true\" data-elementor-setting-key=\"title\" data-pen-placeholder=\"Eingabe hier...\"><span style=\"color: #ff0000;\">Fonds<\/span> de formation professionnelle &#8211; de la <span style=\"color: #ff0000;\">branche<\/span> pour la <span style=\"color: #ff0000;\">branche<\/span><\/h2><h2 class=\"elementor-heading-title elementor-size-default elementor-inline-editing pen\" contenteditable=\"true\" data-elementor-setting-key=\"title\" data-pen-placeholder=\"Eingabe hier...\">\u00a0<\/h2>\t\t\t\t\t\t\t\t<\/div>\n\t\t\t\t<\/div>\n\t\t\t\t<div class=\"elementor-element elementor-element-36ddfc07 elementor-widget elementor-widget-text-editor\" data-id=\"36ddfc07\" data-element_type=\"widget\" data-e-type=\"widget\" data-widget_type=\"text-editor.default\">\n\t\t\t\t<div class=\"elementor-widget-container\">\n\t\t\t\t\t\t\t\t\t<p><strong>Obligation de cotiser et montant des cotisations<br \/><\/strong>Toutes les entreprises exer\u00e7ant une activit\u00e9 professionnelle dans la fili\u00e8re \u00e9quine sont tenues de verser une contribution financi\u00e8re au Fonds en faveur de la formation professionnelle de l&rsquo;OrTra AgriAliForm, conform\u00e9ment \u00e0 l&rsquo;arr\u00eat\u00e9 du Conseil f\u00e9d\u00e9ral du 17 d\u00e9cembre 2015 relatif \u00e0 la d\u00e9claration de force obligatoire g\u00e9n\u00e9rale du fonds. L&rsquo;obligation de cotiser concerne toutes les entreprises, ainsi que les parties d\u2019entreprises, y compris les travailleurs ind\u00e9pendants, quelle que soit leur forme juridique, qui d\u00e9tiennent ou utilisent des \u00e9quid\u00e9s (chevaux, poneys, \u00e2nes), forment des utilisateurs ou fournissent des prestations de service sur, \u00e0 ou avec les \u00e9quid\u00e9s. Le montant de la cotisation est d\u00e9termin\u00e9 par le r\u00e8glement en vigueur du fonds de formation professionnelle. L&rsquo;obligation de cotiser repose sur une <strong>auto-d\u00e9claration<\/strong>.<\/p><p><strong>But du fonds de formation professionnelle<br \/><\/strong>Le Fonds de formation professionnelle a pour objectif de promouvoir la formation professionnelle initiale, la formation professionnelle sup\u00e9rieure et la formation continue \u00e0 des fins professionnelles. L\u2019OrTra M\u00e9tiers li\u00e9s au cheval Suisse est responsable du contenu des formations et de l&rsquo;organisation ainsi que de la mise en \u0153uvre des cours interentreprises. Une formation professionnelle de qualit\u00e9 n\u00e9cessite des structures stables et un financement garanti. Toutes les formations de base et sup\u00e9rieures propos\u00e9es par l\u2019OrTra M\u00e9tiers li\u00e9s au cheval Suisse sont valid\u00e9es par un certificat f\u00e9d\u00e9ral et sont constamment adapt\u00e9es aux exigences actuelles.<\/p><p><strong>Avantages du fonds de formation professionnelle<br \/><\/strong>Les co\u00fbts li\u00e9s \u00e0 l&rsquo;organisation et \u00e0 la r\u00e9alisation des cours interentreprises, ainsi qu&rsquo;au d\u00e9veloppement et \u00e0 la promotion de la formation professionnelle initiale, sup\u00e9rieure et continue, sont r\u00e9partis sur l&rsquo;ensemble de la fili\u00e8re \u00e9quine gr\u00e2ce aux contributions au fonds. Ainsi, l&rsquo;ensemble de la branche b\u00e9n\u00e9ficie de professionnels bien form\u00e9s et disposant d\u2019un solide savoir-faire dans le domaine des \u00e9quid\u00e9s. De plus, l\u2019OrTra M\u00e9tiers li\u00e9s au cheval Suisse propose r\u00e9guli\u00e8rement des cours de formation continue accessibles \u00e0 des tarifs r\u00e9duits pour les entreprises contribuant au fonds, ainsi qu&rsquo;\u00e0 leurs employ\u00e9s. Les cotisants au fonds de formation professionnelle peuvent \u00e9galement demander le remboursement d&rsquo;une partie des frais des cours de formation continue.<\/p><p>En tant qu&rsquo;organisation fa\u00eeti\u00e8re, l&rsquo;OrTra M\u00e9tiers li\u00e9s au cheval d\u00e9fend les int\u00e9r\u00eats des diff\u00e9rentes associations membres dans le domaine de la formation professionnelle et joue un r\u00f4le moteur dans les r\u00e9formes des m\u00e9tiers, en collaboration avec le SBFI (Secr\u00e9tariat d&rsquo;\u00c9tat \u00e0 la formation, \u00e0 la recherche et \u00e0 l&rsquo;innovation).<\/p><p><strong>Contact Fonds de formation professionnelle<\/strong><br \/>Deborah Roth<br \/>E-Mail: <a href=\"mailto:sekretariat-bbf@pferdeberufe.ch\">sekretariat-bbf@pferdeberufe.ch<\/a><br \/>T\u00e9l.: +41 78 345 58 28<\/p>\t\t\t\t\t\t\t\t<\/div>\n\t\t\t\t<\/div>\n\t\t\t\t<div class=\"elementor-element elementor-element-3c405b1 elementor-widget elementor-widget-button\" data-id=\"3c405b1\" data-element_type=\"widget\" data-e-type=\"widget\" data-widget_type=\"button.default\">\n\t\t\t\t<div class=\"elementor-widget-container\">\n\t\t\t\t\t\t\t\t\t<div class=\"elementor-button-wrapper\">\n\t\t\t\t\t<a class=\"elementor-button elementor-button-link elementor-size-sm\" href=\"https:\/\/pferdeberufe.ch\/fr\/ajustement-des-factures-equides\/\">\n\t\t\t\t\t\t<span class=\"elementor-button-content-wrapper\">\n\t\t\t\t\t\t\t\t\t<span class=\"elementor-button-text\">Ajustement de la facturation des \u00e9quid\u00e9s<\/span>\n\t\t\t\t\t<\/span>\n\t\t\t\t\t<\/a>\n\t\t\t\t<\/div>\n\t\t\t\t\t\t\t\t<\/div>\n\t\t\t\t<\/div>\n\t\t\t\t<div class=\"elementor-element elementor-element-60a4388 elementor-widget elementor-widget-spacer\" data-id=\"60a4388\" data-element_type=\"widget\" data-e-type=\"widget\" data-widget_type=\"spacer.default\">\n\t\t\t\t<div class=\"elementor-widget-container\">\n\t\t\t\t\t\t\t<div class=\"elementor-spacer\">\n\t\t\t<div class=\"elementor-spacer-inner\"><\/div>\n\t\t<\/div>\n\t\t\t\t\t\t<\/div>\n\t\t\t\t<\/div>\n\t\t\t\t\t<\/div>\n\t\t<\/div>\n\t\t\t\t\t<\/div>\n\t\t<\/section>\n\t\t\t\t<section class=\"elementor-section elementor-top-section elementor-element elementor-element-3e09b4d elementor-section-full_width elementor-section-stretched elementor-section-height-default elementor-section-height-default\" data-id=\"3e09b4d\" data-element_type=\"section\" data-e-type=\"section\" data-settings=\"{&quot;stretch_section&quot;:&quot;section-stretched&quot;}\">\n\t\t\t\t\t\t<div class=\"elementor-container elementor-column-gap-default\">\n\t\t\t\t\t<div class=\"elementor-column elementor-col-33 elementor-top-column elementor-element elementor-element-9c9d76f\" data-id=\"9c9d76f\" data-element_type=\"column\" data-e-type=\"column\">\n\t\t\t<div class=\"elementor-widget-wrap\">\n\t\t\t\t\t\t\t<\/div>\n\t\t<\/div>\n\t\t\t\t<div class=\"elementor-column elementor-col-33 elementor-top-column elementor-element elementor-element-ecad2f9\" data-id=\"ecad2f9\" data-element_type=\"column\" data-e-type=\"column\">\n\t\t\t<div class=\"elementor-widget-wrap elementor-element-populated\">\n\t\t\t\t\t\t<div class=\"elementor-element elementor-element-654179c elementor-widget elementor-widget-text-editor\" data-id=\"654179c\" data-element_type=\"widget\" data-e-type=\"widget\" data-widget_type=\"text-editor.default\">\n\t\t\t\t<div class=\"elementor-widget-container\">\n\t\t\t\t\t\t\t\t\t<p><strong>Documents fonds de formation professionnelle<\/strong><\/p>\n\t\t\t\t\t\t\t\t<\/div>\n\t\t\t\t<\/div>\n\t\t\t\t<div class=\"elementor-element elementor-element-807f2ad elementor-icon-list--layout-traditional elementor-list-item-link-full_width elementor-widget elementor-widget-icon-list\" data-id=\"807f2ad\" data-element_type=\"widget\" data-e-type=\"widget\" data-widget_type=\"icon-list.default\">\n\t\t\t\t<div class=\"elementor-widget-container\">\n\t\t\t\t\t\t\t<ul class=\"elementor-icon-list-items\">\n\t\t\t\t\t\t\t<li class=\"elementor-icon-list-item\">\n\t\t\t\t\t\t\t\t\t\t\t<a href=\"https:\/\/pferdeberufe.ch\/wp-content\/uploads\/reglement_f.pdf\" target=\"_blank\">\n\n\t\t\t\t\t\t\t\t\t\t\t\t<span class=\"elementor-icon-list-icon\">\n\t\t\t\t\t\t\t<i aria-hidden=\"true\" class=\"far fa-file-pdf\"><\/i>\t\t\t\t\t\t<\/span>\n\t\t\t\t\t\t\t\t\t\t<span class=\"elementor-icon-list-text\">R\u00e8glement du fonds de formation jusque 31.12.2025<\/span>\n\t\t\t\t\t\t\t\t\t\t\t<\/a>\n\t\t\t\t\t\t\t\t\t<\/li>\n\t\t\t\t\t\t\t\t<li class=\"elementor-icon-list-item\">\n\t\t\t\t\t\t\t\t\t\t\t<a href=\"https:\/\/pferdeberufe.ch\/wp-content\/uploads\/FF-FR-apres-01.01.2026_arrete-Conseil-federal_reglement-fonds-formation-OrTra-AgriAliForm.pdf\" target=\"_blank\">\n\n\t\t\t\t\t\t\t\t\t\t\t\t<span class=\"elementor-icon-list-icon\">\n\t\t\t\t\t\t\t<i aria-hidden=\"true\" class=\"far fa-file-pdf\"><\/i>\t\t\t\t\t\t<\/span>\n\t\t\t\t\t\t\t\t\t\t<span class=\"elementor-icon-list-text\">R\u00e8glement du fonds de formation apr\u00e8s 1.1.2026<\/span>\n\t\t\t\t\t\t\t\t\t\t\t<\/a>\n\t\t\t\t\t\t\t\t\t<\/li>\n\t\t\t\t\t\t\t\t<li class=\"elementor-icon-list-item\">\n\t\t\t\t\t\t\t\t\t\t\t<a href=\"https:\/\/pferdeberufe.ch\/wp-content\/uploads\/SR-916.404.1-01022025-FR.pdf\" target=\"_blank\">\n\n\t\t\t\t\t\t\t\t\t\t\t\t<span class=\"elementor-icon-list-icon\">\n\t\t\t\t\t\t\t<i aria-hidden=\"true\" class=\"far fa-file-pdf\"><\/i>\t\t\t\t\t\t<\/span>\n\t\t\t\t\t\t\t\t\t\t<span class=\"elementor-icon-list-text\">Ordonnance BDTA<\/span>\n\t\t\t\t\t\t\t\t\t\t\t<\/a>\n\t\t\t\t\t\t\t\t\t<\/li>\n\t\t\t\t\t\t\t\t<li class=\"elementor-icon-list-item\">\n\t\t\t\t\t\t\t\t\t\t\t<a href=\"https:\/\/pferdeberufe.ch\/wp-content\/uploads\/Selbstdeklaration_2023_fr.pdf\" target=\"_blank\">\n\n\t\t\t\t\t\t\t\t\t\t\t\t<span class=\"elementor-icon-list-icon\">\n\t\t\t\t\t\t\t<i aria-hidden=\"true\" class=\"far fa-file-pdf\"><\/i>\t\t\t\t\t\t<\/span>\n\t\t\t\t\t\t\t\t\t\t<span class=\"elementor-icon-list-text\">Auto-d\u00e9claration<\/span>\n\t\t\t\t\t\t\t\t\t\t\t<\/a>\n\t\t\t\t\t\t\t\t\t<\/li>\n\t\t\t\t\t\t\t\t<li class=\"elementor-icon-list-item\">\n\t\t\t\t\t\t\t\t\t\t\t<a href=\"https:\/\/pferdeberufe.ch\/wp-content\/uploads\/Merkblatt-Berufsbildungsfonds_f_202505.pdf\" target=\"_blank\">\n\n\t\t\t\t\t\t\t\t\t\t\t\t<span class=\"elementor-icon-list-icon\">\n\t\t\t\t\t\t\t<i aria-hidden=\"true\" class=\"far fa-file-pdf\"><\/i>\t\t\t\t\t\t<\/span>\n\t\t\t\t\t\t\t\t\t\t<span class=\"elementor-icon-list-text\">Fiche d'information<\/span>\n\t\t\t\t\t\t\t\t\t\t\t<\/a>\n\t\t\t\t\t\t\t\t\t<\/li>\n\t\t\t\t\t\t\t\t<li class=\"elementor-icon-list-item\">\n\t\t\t\t\t\t\t\t\t\t\t<a href=\"https:\/\/pferdeberufe.ch\/wp-content\/uploads\/Abstufung_f_202505.pdf\" target=\"_blank\">\n\n\t\t\t\t\t\t\t\t\t\t\t\t<span class=\"elementor-icon-list-icon\">\n\t\t\t\t\t\t\t<i aria-hidden=\"true\" class=\"far fa-file-pdf\"><\/i>\t\t\t\t\t\t<\/span>\n\t\t\t\t\t\t\t\t\t\t<span class=\"elementor-icon-list-text\">D\u00e9limitation au sein du secteur<\/span>\n\t\t\t\t\t\t\t\t\t\t\t<\/a>\n\t\t\t\t\t\t\t\t\t<\/li>\n\t\t\t\t\t\t<\/ul>\n\t\t\t\t\t\t<\/div>\n\t\t\t\t<\/div>\n\t\t\t\t\t<\/div>\n\t\t<\/div>\n\t\t\t\t<div class=\"elementor-column elementor-col-33 elementor-top-column elementor-element elementor-element-097bccc\" data-id=\"097bccc\" data-element_type=\"column\" data-e-type=\"column\">\n\t\t\t<div class=\"elementor-widget-wrap elementor-element-populated\">\n\t\t\t\t\t\t<div class=\"elementor-element elementor-element-4658887 elementor-widget elementor-widget-image\" data-id=\"4658887\" data-element_type=\"widget\" data-e-type=\"widget\" data-widget_type=\"image.default\">\n\t\t\t\t<div class=\"elementor-widget-container\">\n\t\t\t\t\t\t\t\t\t\t\t\t\t\t\t<img decoding=\"async\" width=\"1\" height=\"1\" src=\"https:\/\/pferdeberufe.ch\/wp-content\/smush-avif\/Gruppenfotos-18-scaled.jpg.avif\" class=\"attachment-large size-large wp-image-11558\" alt=\"\" \/>\t\t\t\t\t\t\t\t\t\t\t\t\t\t\t<\/div>\n\t\t\t\t<\/div>\n\t\t\t\t\t<\/div>\n\t\t<\/div>\n\t\t\t\t\t<\/div>\n\t\t<\/section>\n\t\t\t\t<section class=\"elementor-section elementor-top-section elementor-element elementor-element-e4b53bd elementor-section-boxed elementor-section-height-default elementor-section-height-default\" data-id=\"e4b53bd\" data-element_type=\"section\" data-e-type=\"section\">\n\t\t\t\t\t\t<div class=\"elementor-container elementor-column-gap-default\">\n\t\t\t\t\t<div class=\"elementor-column elementor-col-100 elementor-top-column elementor-element elementor-element-b32b164\" data-id=\"b32b164\" data-element_type=\"column\" data-e-type=\"column\">\n\t\t\t<div class=\"elementor-widget-wrap elementor-element-populated\">\n\t\t\t\t\t\t<div class=\"elementor-element elementor-element-8006d77 elementor-widget elementor-widget-spacer\" data-id=\"8006d77\" data-element_type=\"widget\" data-e-type=\"widget\" data-widget_type=\"spacer.default\">\n\t\t\t\t<div class=\"elementor-widget-container\">\n\t\t\t\t\t\t\t<div class=\"elementor-spacer\">\n\t\t\t<div class=\"elementor-spacer-inner\"><\/div>\n\t\t<\/div>\n\t\t\t\t\t\t<\/div>\n\t\t\t\t<\/div>\n\t\t\t\t\t<\/div>\n\t\t<\/div>\n\t\t\t\t\t<\/div>\n\t\t<\/section>\n\t\t\t\t<\/div>\n\t\t","protected":false},"excerpt":{"rendered":"<p>Fonds de formation professionnelle &#8211; de la branche pour la branche \u00a0 Obligation de cotiser et montant des cotisationsToutes les entreprises exer\u00e7ant une activit\u00e9 professionnelle dans la fili\u00e8re \u00e9quine sont &#8230; <a title=\"Fonds de formation professionnelle\" class=\"read-more\" href=\"https:\/\/pferdeberufe.ch\/fr\/bbf\/\" aria-label=\"En savoir plus sur Fonds de formation professionnelle\">Lire la suite<\/a><\/p>\n","protected":false},"author":1,"featured_media":0,"parent":0,"menu_order":12,"comment_status":"closed","ping_status":"closed","template":"elementor_header_footer","meta":{"footnotes":""},"class_list":["post-3729","page","type-page","status-publish"],"publishpress_future_action":{"enabled":false,"date":"2026-05-23 20:59:56","action":"change-status","newStatus":"draft","terms":[],"taxonomy":"translation_priority","extraData":[]},"publishpress_future_workflow_manual_trigger":{"enabledWorkflows":[]},"_links":{"self":[{"href":"https:\/\/pferdeberufe.ch\/fr\/wp-json\/wp\/v2\/pages\/3729","targetHints":{"allow":["GET"]}}],"collection":[{"href":"https:\/\/pferdeberufe.ch\/fr\/wp-json\/wp\/v2\/pages"}],"about":[{"href":"https:\/\/pferdeberufe.ch\/fr\/wp-json\/wp\/v2\/types\/page"}],"author":[{"embeddable":true,"href":"https:\/\/pferdeberufe.ch\/fr\/wp-json\/wp\/v2\/users\/1"}],"replies":[{"embeddable":true,"href":"https:\/\/pferdeberufe.ch\/fr\/wp-json\/wp\/v2\/comments?post=3729"}],"version-history":[{"count":72,"href":"https:\/\/pferdeberufe.ch\/fr\/wp-json\/wp\/v2\/pages\/3729\/revisions"}],"predecessor-version":[{"id":15057,"href":"https:\/\/pferdeberufe.ch\/fr\/wp-json\/wp\/v2\/pages\/3729\/revisions\/15057"}],"wp:attachment":[{"href":"https:\/\/pferdeberufe.ch\/fr\/wp-json\/wp\/v2\/media?parent=3729"}],"curies":[{"name":"wp","href":"https:\/\/api.w.org\/{rel}","templated":true}]}}