
{"id":3741,"date":"2022-06-21T10:01:28","date_gmt":"2022-06-21T08:01:28","guid":{"rendered":"https:\/\/pferdeberufe.ch\/mentions-legales\/"},"modified":"2023-12-11T15:30:59","modified_gmt":"2023-12-11T14:30:59","slug":"mentions-legales","status":"publish","type":"page","link":"https:\/\/pferdeberufe.ch\/fr\/mentions-legales\/","title":{"rendered":"Mentions l\u00e9gales"},"content":{"rendered":"\t\t<div data-elementor-type=\"wp-page\" data-elementor-id=\"3741\" class=\"elementor elementor-3741 elementor-3\" data-elementor-post-type=\"page\">\n\t\t\t\t\t\t<section class=\"elementor-section elementor-top-section elementor-element elementor-element-40679fb7 elementor-section-boxed elementor-section-height-default elementor-section-height-default\" data-id=\"40679fb7\" data-element_type=\"section\" data-e-type=\"section\">\n\t\t\t\t\t\t<div class=\"elementor-container elementor-column-gap-default\">\n\t\t\t\t\t<div class=\"elementor-column elementor-col-100 elementor-top-column elementor-element elementor-element-2e7fafd9\" data-id=\"2e7fafd9\" data-element_type=\"column\" data-e-type=\"column\">\n\t\t\t<div class=\"elementor-widget-wrap elementor-element-populated\">\n\t\t\t\t\t\t<div class=\"elementor-element elementor-element-316a66e elementor-widget elementor-widget-text-editor\" data-id=\"316a66e\" data-element_type=\"widget\" data-e-type=\"widget\" data-widget_type=\"text-editor.default\">\n\t\t\t\t<div class=\"elementor-widget-container\">\n\t\t\t\t\t\t\t\t\t<h2 class=\"elementor-heading-title elementor-size-default elementor-inline-editing pen\" contenteditable=\"true\" data-elementor-setting-key=\"title\" data-pen-placeholder=\"Eingabe hier...\">Mentions l\u00e9gales <span style=\"color: #ff0000;\">et<\/span>protection des donn\u00e9es<\/h2>\t\t\t\t\t\t\t\t<\/div>\n\t\t\t\t<\/div>\n\t\t\t\t\t<\/div>\n\t\t<\/div>\n\t\t\t\t\t<\/div>\n\t\t<\/section>\n\t\t\t\t<section class=\"elementor-section elementor-top-section elementor-element elementor-element-33769821 elementor-section-boxed elementor-section-height-default elementor-section-height-default\" data-id=\"33769821\" data-element_type=\"section\" data-e-type=\"section\">\n\t\t\t\t\t\t<div class=\"elementor-container elementor-column-gap-default\">\n\t\t\t\t\t<div class=\"elementor-column elementor-col-100 elementor-top-column elementor-element elementor-element-4dffd637\" data-id=\"4dffd637\" data-element_type=\"column\" data-e-type=\"column\">\n\t\t\t<div class=\"elementor-widget-wrap elementor-element-populated\">\n\t\t\t\t\t\t<div class=\"elementor-element elementor-element-22cbdf0c elementor-widget elementor-widget-text-editor\" data-id=\"22cbdf0c\" data-element_type=\"widget\" data-e-type=\"widget\" data-widget_type=\"text-editor.default\">\n\t\t\t\t<div class=\"elementor-widget-container\">\n\t\t\t\t\t\t\t\t\t<p><strong>Mentions l\u00e9gales<\/strong><br \/>Organisation du monde du travail<br \/>OrTra M\u00e9tiers du cheval Suisse<br \/>3000 Bern<br \/>info@pferdeberufe.ch<br \/>http:\/\/www.pferdeberufe.ch<\/p><p><strong><br \/>M\u00e9dias et documents <br \/><\/strong>Toutes les photos, m\u00e9dias et documents utilis\u00e9s sur ce site, sauf mention contraire, sont la propri\u00e9t\u00e9 de l&rsquo;Organisation du monde du travail des m\u00e9tiers du cheval Suisse. Le t\u00e9l\u00e9chargement, la copie et\/ou la reproduction \u00e0 des fins personnelles ne sont autoris\u00e9s qu&rsquo;avec l&rsquo;accord explicite de l&rsquo;OrTra M\u00e9tiers du cheval Suisse.<\/p><p><strong>Cookies<\/strong><br \/>Si tu \u00e9cris un commentaire sur notre site web, cela peut constituer un consentement pour que ton nom, ton adresse e-mail et ton site web soient enregistr\u00e9s dans des cookies. Il s&rsquo;agit d&rsquo;une fonction de confort qui t&rsquo;\u00e9vite de devoir saisir \u00e0 nouveau toutes ces donn\u00e9es lorsque tu \u00e9cris un autre commentaire. Ces cookies sont conserv\u00e9s pendant un an.<\/p><p>Si tu as un compte et que tu te connectes sur ce site, nous placerons un cookie temporaire afin de d\u00e9terminer si ton navigateur accepte les cookies. Ce cookie ne contient aucune donn\u00e9e personnelle et est supprim\u00e9 lorsque tu fermes ton navigateur.<\/p><p>Lorsque tu t&rsquo;inscris, nous installons certains cookies pour m\u00e9moriser tes informations de connexion et tes options d&rsquo;affichage. Les cookies de connexion expirent apr\u00e8s deux jours et les cookies des options d&rsquo;affichage apr\u00e8s un an. Si tu s\u00e9lectionnes \u00ab\u00a0Rester connect\u00e9\u00a0\u00bb lors de ton inscription, ton inscription sera maintenue pendant deux semaines. Lorsque tu te d\u00e9connectes de ton compte, les cookies de connexion sont supprim\u00e9s.<\/p><p>Lorsque tu \u00e9dites ou publies un article, un cookie suppl\u00e9mentaire est enregistr\u00e9 dans ton navigateur. Ce cookie ne contient pas de donn\u00e9es personnelles et ne fait r\u00e9f\u00e9rence qu&rsquo;\u00e0 l&rsquo;identifiant de l&rsquo;article que tu viens de modifier. Le cookie expire au bout d&rsquo;un jour.<\/p><p><strong>Contenus int\u00e9gr\u00e9s d&rsquo;autres sites web <br \/><\/strong>Les contributions sur ce site web peuvent contenir des contenus int\u00e9gr\u00e9s (par exemple des vid\u00e9os, des images, des articles, etc.). Les contenus int\u00e9gr\u00e9s d&rsquo;autres sites web se comportent exactement comme si le visiteur avait visit\u00e9 l&rsquo;autre site web.<\/p><p>Ces sites peuvent collecter des donn\u00e9es te concernant, utiliser des cookies, int\u00e9grer des services de suivi suppl\u00e9mentaires de tiers et enregistrer ton interaction avec ce contenu int\u00e9gr\u00e9, y compris ton interaction avec le contenu int\u00e9gr\u00e9 si tu as un compte et que tu es connect\u00e9 \u00e0 ce site.<\/p><p><strong>Avec qui nous partageons tes donn\u00e9es <br \/><\/strong>Les donn\u00e9es saisies dans les formulaires du site web sont utilis\u00e9es et stock\u00e9es exclusivement \u00e0 des fins internes pour le traitement du contenu des formulaires. Si tu demandes une r\u00e9initialisation de ton mot de passe, ton adresse IP sera incluse dans l&rsquo;e-mail de r\u00e9initialisation.<\/p><p><strong>Combien de temps nous conservons tes donn\u00e9es <br \/><\/strong>Si tu \u00e9cris un commentaire, il sera conserv\u00e9, y compris les m\u00e9tadonn\u00e9es, pour une dur\u00e9e illimit\u00e9e. De cette mani\u00e8re, nous pouvons d\u00e9tecter et valider automatiquement les commentaires de suivi au lieu de les garder dans une file d&rsquo;attente de mod\u00e9ration.<\/p><p>Pour les utilisateurs qui s&rsquo;inscrivent sur notre site, nous enregistrons en outre les informations personnelles qu&rsquo;ils fournissent dans leur profil d&rsquo;utilisateur. Tous les utilisateurs peuvent \u00e0 tout moment consulter, modifier ou supprimer leurs informations personnelles (le nom d&rsquo;utilisateur ne peut pas \u00eatre modifi\u00e9). Les administrateurs du site peuvent \u00e9galement consulter et modifier ces informations.<\/p><p><strong>Quels sont tes droits sur tes donn\u00e9es <br \/><\/strong>Si tu as un compte sur ce site ou si tu as \u00e9crit des commentaires, tu peux nous demander d&rsquo;exporter tes donn\u00e9es personnelles, y compris toutes les donn\u00e9es que tu nous as fournies. En outre, tu peux demander la suppression de toutes les donn\u00e9es personnelles que nous d\u00e9tenons \u00e0 ton sujet. Cela ne comprend pas les donn\u00e9es que nous devons conserver en raison de n\u00e9cessit\u00e9s administratives, juridiques ou de s\u00e9curit\u00e9.<\/p><p><strong>O\u00f9 nous envoyons tes donn\u00e9es <br \/><\/strong>Les commentaires des visiteurs pourraient \u00eatre examin\u00e9s par un service automatis\u00e9 de d\u00e9tection des spams.<\/p><p><strong>Protection des donn\u00e9es<\/strong><br \/>En vertu de l&rsquo;article 13 de la Constitution f\u00e9d\u00e9rale suisse et des dispositions f\u00e9d\u00e9rales relatives \u00e0 la protection des donn\u00e9es (loi sur la protection des donn\u00e9es, LPD), toute personne a droit \u00e0 la protection de sa sph\u00e8re priv\u00e9e ainsi qu&rsquo;\u00e0 la protection contre l&#8217;emploi abusif de ses donn\u00e9es personnelles. Nous respectons ces dispositions. Les donn\u00e9es personnelles sont trait\u00e9es de mani\u00e8re strictement confidentielle et ne sont ni vendues ni transmises \u00e0 des tiers. En \u00e9troite collaboration avec nos fournisseurs d&rsquo;h\u00e9bergement, nous nous effor\u00e7ons de prot\u00e9ger autant que possible les bases de donn\u00e9es contre les acc\u00e8s \u00e9trangers, les pertes, les abus ou les falsifications. Lors de l&rsquo;acc\u00e8s \u00e0 nos pages web, les donn\u00e9es suivantes sont enregistr\u00e9es dans des fichiers journaux : Adresse IP, date, heure, demande de navigateur et informations g\u00e9n\u00e9rales transmises sur le syst\u00e8me d&rsquo;exploitation ou le navigateur. Ces donn\u00e9es d&rsquo;utilisation constituent la base d&rsquo;\u00e9valuations statistiques anonymes, de sorte que des tendances sont identifiables, \u00e0 l&rsquo;aide desquelles nous pouvons am\u00e9liorer nos offres en cons\u00e9quence.<\/p>\t\t\t\t\t\t\t\t<\/div>\n\t\t\t\t<\/div>\n\t\t\t\t\t<\/div>\n\t\t<\/div>\n\t\t\t\t\t<\/div>\n\t\t<\/section>\n\t\t\t\t<\/div>\n\t\t","protected":false},"excerpt":{"rendered":"<p>Mentions l\u00e9gales etprotection des donn\u00e9es Mentions l\u00e9galesOrganisation du monde du travailOrTra M\u00e9tiers du cheval Suisse3000 Berninfo@pferdeberufe.chhttp:\/\/www.pferdeberufe.ch M\u00e9dias et documents Toutes les photos, m\u00e9dias et documents utilis\u00e9s sur ce site, sauf &#8230; <a title=\"Mentions l\u00e9gales\" class=\"read-more\" href=\"https:\/\/pferdeberufe.ch\/fr\/mentions-legales\/\" aria-label=\"En savoir plus sur Mentions l\u00e9gales\">Lire la suite<\/a><\/p>\n","protected":false},"author":1,"featured_media":0,"parent":0,"menu_order":90,"comment_status":"closed","ping_status":"closed","template":"","meta":{"footnotes":""},"class_list":["post-3741","page","type-page","status-publish"],"publishpress_future_action":{"enabled":false,"date":"2026-05-12 06:10:15","action":"change-status","newStatus":"draft","terms":[],"taxonomy":"translation_priority","extraData":[]},"publishpress_future_workflow_manual_trigger":{"enabledWorkflows":[]},"_links":{"self":[{"href":"https:\/\/pferdeberufe.ch\/fr\/wp-json\/wp\/v2\/pages\/3741","targetHints":{"allow":["GET"]}}],"collection":[{"href":"https:\/\/pferdeberufe.ch\/fr\/wp-json\/wp\/v2\/pages"}],"about":[{"href":"https:\/\/pferdeberufe.ch\/fr\/wp-json\/wp\/v2\/types\/page"}],"author":[{"embeddable":true,"href":"https:\/\/pferdeberufe.ch\/fr\/wp-json\/wp\/v2\/users\/1"}],"replies":[{"embeddable":true,"href":"https:\/\/pferdeberufe.ch\/fr\/wp-json\/wp\/v2\/comments?post=3741"}],"version-history":[{"count":3,"href":"https:\/\/pferdeberufe.ch\/fr\/wp-json\/wp\/v2\/pages\/3741\/revisions"}],"predecessor-version":[{"id":8969,"href":"https:\/\/pferdeberufe.ch\/fr\/wp-json\/wp\/v2\/pages\/3741\/revisions\/8969"}],"wp:attachment":[{"href":"https:\/\/pferdeberufe.ch\/fr\/wp-json\/wp\/v2\/media?parent=3741"}],"curies":[{"name":"wp","href":"https:\/\/api.w.org\/{rel}","templated":true}]}}