
{"id":3765,"date":"2022-06-22T11:03:25","date_gmt":"2022-06-22T09:03:25","guid":{"rendered":"https:\/\/pferdeberufe.ch\/hoehere-berufsbildung-download\/"},"modified":"2026-03-03T09:11:49","modified_gmt":"2026-03-03T08:11:49","slug":"hoehere-berufsbildung-download","status":"publish","type":"page","link":"https:\/\/pferdeberufe.ch\/fr\/hoehere-berufsbildung-download\/","title":{"rendered":"Formation professionnelle sup\u00e9rieure &#8211; T\u00e9l\u00e9charger"},"content":{"rendered":"\t\t<div data-elementor-type=\"wp-page\" data-elementor-id=\"3765\" class=\"elementor elementor-3765 elementor-1880\" data-elementor-post-type=\"page\">\n\t\t\t\t\t\t<section class=\"elementor-section elementor-top-section elementor-element elementor-element-3b11da71 elementor-section-boxed elementor-section-height-default elementor-section-height-default\" data-id=\"3b11da71\" data-element_type=\"section\" data-e-type=\"section\">\n\t\t\t\t\t\t<div class=\"elementor-container elementor-column-gap-default\">\n\t\t\t\t\t<div class=\"elementor-column elementor-col-100 elementor-top-column elementor-element elementor-element-5be9a4a\" data-id=\"5be9a4a\" data-element_type=\"column\" data-e-type=\"column\">\n\t\t\t<div class=\"elementor-widget-wrap elementor-element-populated\">\n\t\t\t\t\t\t<div class=\"elementor-element elementor-element-fb4dda7 elementor-widget elementor-widget-text-editor\" data-id=\"fb4dda7\" data-element_type=\"widget\" data-e-type=\"widget\" data-widget_type=\"text-editor.default\">\n\t\t\t\t<div class=\"elementor-widget-container\">\n\t\t\t\t\t\t\t\t\t<h2 class=\"elementor-heading-title elementor-size-default elementor-inline-editing pen\" style=\"text-align: center;\" contenteditable=\"true\" data-elementor-setting-key=\"title\" data-pen-placeholder=\"Eingabe hier...\"><span style=\"color: #ff0000;\">Formation<\/span> professionnelle <span style=\"color: #ff0000;\">sup\u00e9rieure<\/span> &#8211; Aper\u00e7u de tous les <span style=\"color: #ff0000;\">documents<\/span><\/h2>\t\t\t\t\t\t\t\t<\/div>\n\t\t\t\t<\/div>\n\t\t\t\t\t<\/div>\n\t\t<\/div>\n\t\t\t\t\t<\/div>\n\t\t<\/section>\n\t\t\t\t<section class=\"elementor-section elementor-top-section elementor-element elementor-element-bdfad67 elementor-section-boxed elementor-section-height-default elementor-section-height-default\" data-id=\"bdfad67\" data-element_type=\"section\" data-e-type=\"section\">\n\t\t\t\t\t\t<div class=\"elementor-container elementor-column-gap-default\">\n\t\t\t\t\t<div class=\"elementor-column elementor-col-100 elementor-top-column elementor-element elementor-element-d12011c\" data-id=\"d12011c\" data-element_type=\"column\" data-e-type=\"column\">\n\t\t\t<div class=\"elementor-widget-wrap\">\n\t\t\t\t\t\t\t<\/div>\n\t\t<\/div>\n\t\t\t\t\t<\/div>\n\t\t<\/section>\n\t\t\t\t<section class=\"elementor-section elementor-top-section elementor-element elementor-element-1ffc02e elementor-section-boxed elementor-section-height-default elementor-section-height-default\" data-id=\"1ffc02e\" data-element_type=\"section\" data-e-type=\"section\">\n\t\t\t\t\t\t<div class=\"elementor-container elementor-column-gap-default\">\n\t\t\t\t\t<div class=\"elementor-column elementor-col-33 elementor-top-column elementor-element elementor-element-08af8b6\" data-id=\"08af8b6\" data-element_type=\"column\" data-e-type=\"column\">\n\t\t\t<div class=\"elementor-widget-wrap\">\n\t\t\t\t\t\t\t<\/div>\n\t\t<\/div>\n\t\t\t\t<div class=\"elementor-column elementor-col-33 elementor-top-column elementor-element elementor-element-78d601e\" data-id=\"78d601e\" data-element_type=\"column\" data-e-type=\"column\">\n\t\t\t<div class=\"elementor-widget-wrap elementor-element-populated\">\n\t\t\t\t\t\t<div class=\"elementor-element elementor-element-96c5846 elementor-widget elementor-widget-accordion\" data-id=\"96c5846\" data-element_type=\"widget\" data-e-type=\"widget\" data-widget_type=\"accordion.default\">\n\t\t\t\t<div class=\"elementor-widget-container\">\n\t\t\t\t\t\t\t<div class=\"elementor-accordion\">\n\t\t\t\t\t\t\t<div class=\"elementor-accordion-item\">\n\t\t\t\t\t<div id=\"elementor-tab-title-1581\" class=\"elementor-tab-title\" data-tab=\"1\" role=\"button\" aria-controls=\"elementor-tab-content-1581\" aria-expanded=\"false\">\n\t\t\t\t\t\t\t\t\t\t\t\t\t<span class=\"elementor-accordion-icon elementor-accordion-icon-left\" aria-hidden=\"true\">\n\t\t\t\t\t\t\t\t\t\t\t\t\t\t\t<span class=\"elementor-accordion-icon-closed\"><i class=\"fas fa-plus\"><\/i><\/span>\n\t\t\t\t\t\t\t\t<span class=\"elementor-accordion-icon-opened\"><i class=\"fas fa-minus\"><\/i><\/span>\n\t\t\t\t\t\t\t\t\t\t\t\t\t\t<\/span>\n\t\t\t\t\t\t\t\t\t\t\t\t<a class=\"elementor-accordion-title\" tabindex=\"0\">Sp\u00e9cialistes de la fili\u00e8re \u00e9quine avec certificat f\u00e9d\u00e9ral de comp\u00e9tence<\/a>\n\t\t\t\t\t<\/div>\n\t\t\t\t\t<div id=\"elementor-tab-content-1581\" class=\"elementor-tab-content elementor-clearfix\" data-tab=\"1\" role=\"region\" aria-labelledby=\"elementor-tab-title-1581\"><ul><li><a href=\"https:\/\/pferdeberufe.ch\/wp-content\/uploads\/NEU_Wegleitung_Spezialist_der_Pferdebranche_23.06.17_d-1_angepasst_08022021.pdf\" target=\"_blank\" rel=\"noopener\">Guide de l&rsquo;examen professionnel de sp\u00e9cialiste de la fili\u00e8re \u00e9quine<\/a><\/li><li><a href=\"https:\/\/pferdeberufe.ch\/wp-content\/uploads\/NEU_PO-BP-Spezialist-der-Pferdebranche-mit-Anhang-geaendert-31.10.18.pdf\" target=\"_blank\" rel=\"noopener\">R\u00e8glement de l&rsquo;examen professionnel de sp\u00e9cialiste de la fili\u00e8re \u00e9quine<\/a><\/li><li><a href=\"https:\/\/pferdeberufe.ch\/wp-content\/uploads\/Leitfaden-KN-Spezialist-der-Pferdebranche-12.08.22.pdf\" target=\"_blank\" rel=\"noopener\">Guide Sp\u00e9cialiste de la fili\u00e8re \u00e9quine<\/a><\/li><li><a href=\"https:\/\/pferdeberufe.ch\/wp-content\/uploads\/Anhang-1_Betreuung-und-Dienstleistung.pdf\" target=\"_blank\" rel=\"noopener\">Annexe \u00ab\u00a0Prise en charge et service\u00a0\u00bb<\/a><\/li><li><a href=\"https:\/\/pferdeberufe.ch\/wp-content\/uploads\/Anhang-2_Klassisches-Reiten.pdf\" target=\"_blank\" rel=\"noopener\">Annexe \u00ab\u00a0Monte classique\u00a0\u00bb<\/a><\/li><li><a href=\"https:\/\/pferdeberufe.ch\/wp-content\/uploads\/Anhang-3_Westernreiten.pdf\" target=\"_blank\" rel=\"noopener\">Annexe \u00ab\u00a0Monte western\u00a0\u00bb<\/a><\/li><li><a href=\"https:\/\/pferdeberufe.ch\/wp-content\/uploads\/Anhang-4_Gangpferdereiten.pdf\" target=\"_blank\" rel=\"noopener\">Annexe \u00ab\u00a0Chevaux d&rsquo;allures\u00a0\u00bb<\/a><\/li><li><a href=\"https:\/\/pferdeberufe.ch\/wp-content\/uploads\/Anhang-6-Dienstleistungen-mit-Fahrpferden.pdf\" target=\"_blank\" rel=\"noopener\">Annexe \u00ab\u00a0Services avec des chevaux d&rsquo;attelage<\/a><\/li><\/ul><p>\u00a0<\/p><ul><li><a href=\"https:\/\/pferdeberufe.ch\/wp-content\/uploads\/Ausschreibung-Spezialist_in-Pferdebranche2026_27.pdf\">Informations pour la formation 2026-2027 (en allemand) : sp\u00e9cialiste de la fili\u00e8re \u00e9quine avec brevet f\u00e9d\u00e9ral<\/a><\/li><\/ul><\/div>\n\t\t\t\t<\/div>\n\t\t\t\t\t\t\t<div class=\"elementor-accordion-item\">\n\t\t\t\t\t<div id=\"elementor-tab-title-1582\" class=\"elementor-tab-title\" data-tab=\"2\" role=\"button\" aria-controls=\"elementor-tab-content-1582\" aria-expanded=\"false\">\n\t\t\t\t\t\t\t\t\t\t\t\t\t<span class=\"elementor-accordion-icon elementor-accordion-icon-left\" aria-hidden=\"true\">\n\t\t\t\t\t\t\t\t\t\t\t\t\t\t\t<span class=\"elementor-accordion-icon-closed\"><i class=\"fas fa-plus\"><\/i><\/span>\n\t\t\t\t\t\t\t\t<span class=\"elementor-accordion-icon-opened\"><i class=\"fas fa-minus\"><\/i><\/span>\n\t\t\t\t\t\t\t\t\t\t\t\t\t\t<\/span>\n\t\t\t\t\t\t\t\t\t\t\t\t<a class=\"elementor-accordion-title\" tabindex=\"0\">Experts de la fili\u00e8re \u00e9quine<\/a>\n\t\t\t\t\t<\/div>\n\t\t\t\t\t<div id=\"elementor-tab-content-1582\" class=\"elementor-tab-content elementor-clearfix\" data-tab=\"2\" role=\"region\" aria-labelledby=\"elementor-tab-title-1582\"><ul><li><a href=\"https:\/\/pferdeberufe.ch\/wp-content\/uploads\/po_hfp_experte_der_pferdebranche.pdf\" target=\"_blank\" rel=\"noopener\">R\u00e8glement de l&rsquo;examen professionnel sup\u00e9rieur<\/a><\/li><li><a href=\"http:\/\/pferdeberufe.ch\/wcms\/images\/content\/dokumente\/modulbeschriebe_bp_q_module_2021.pdf\" target=\"_blank\" rel=\"noopener\">Modules de base pour toutes les disciplines<\/a><p><strong>modules sp\u00e9cifiques par discipline<\/strong><\/p><\/li><li><a href=\"https:\/\/pferdeberufe.ch\/wp-content\/uploads\/EP_01_Modules-soinsservices_20130630.pdf\" target=\"_blank\" rel=\"noopener\">Modules orientation accompagnement et services<\/a><\/li><li><a href=\"https:\/\/pferdeberufe.ch\/wp-content\/uploads\/EP_02_modules-monteclass_20130630.pdf\" target=\"_blank\" rel=\"noopener\">Modules sp\u00e9cialisation monte classique<\/a><\/li><li><a href=\"https:\/\/pferdeberufe.ch\/wp-content\/uploads\/EP_03_modules-montewestern_20130630.pdf\" target=\"_blank\" rel=\"noopener\">Modules sp\u00e9cialisation monte western<\/a><\/li><li><a href=\"https:\/\/pferdeberufe.ch\/wp-content\/uploads\/EP_04_modules-chevauxallures_20130630.pdf\" target=\"_blank\" rel=\"noopener\">Modules sp\u00e9cialisation chevaux d&rsquo;allures<\/a><\/li><li><a href=\"https:\/\/pferdeberufe.ch\/wp-content\/uploads\/EP_05_modules-chevauxcourse_20130630.pdf\" target=\"_blank\" rel=\"noopener\">Modules sp\u00e9cialisation chevaux de courses<\/a><\/li><li><a href=\"https:\/\/pferdeberufe.ch\/wp-content\/uploads\/modules_orientation_attelage.pdf\" target=\"_blank\" rel=\"noopener\">Modules sp\u00e9cialisation attelage<\/a><\/li><\/ul><\/div>\n\t\t\t\t<\/div>\n\t\t\t\t\t\t\t<div class=\"elementor-accordion-item\">\n\t\t\t\t\t<div id=\"elementor-tab-title-1583\" class=\"elementor-tab-title\" data-tab=\"3\" role=\"button\" aria-controls=\"elementor-tab-content-1583\" aria-expanded=\"false\">\n\t\t\t\t\t\t\t\t\t\t\t\t\t<span class=\"elementor-accordion-icon elementor-accordion-icon-left\" aria-hidden=\"true\">\n\t\t\t\t\t\t\t\t\t\t\t\t\t\t\t<span class=\"elementor-accordion-icon-closed\"><i class=\"fas fa-plus\"><\/i><\/span>\n\t\t\t\t\t\t\t\t<span class=\"elementor-accordion-icon-opened\"><i class=\"fas fa-minus\"><\/i><\/span>\n\t\t\t\t\t\t\t\t\t\t\t\t\t\t<\/span>\n\t\t\t\t\t\t\t\t\t\t\t\t<a class=\"elementor-accordion-title\" tabindex=\"0\">Logos pour les sp\u00e9cialistes de la fili\u00e8re \u00e9quine avec certificat f\u00e9d\u00e9ral de comp\u00e9tence et experts de la fili\u00e8re \u00e9quine<\/a>\n\t\t\t\t\t<\/div>\n\t\t\t\t\t<div id=\"elementor-tab-content-1583\" class=\"elementor-tab-content elementor-clearfix\" data-tab=\"3\" role=\"region\" aria-labelledby=\"elementor-tab-title-1583\"><p><a href=\"https:\/\/pferdeberufe.ch\/wp-content\/uploads\/Einsatz-Logo-Spezialist-und-Experte_fr.pdf\" target=\"_blank\" rel=\"noopener\">Directives relatives \u00e0 l&rsquo;utilisation des logos expert (e) et sp\u00e9cialiste de l&rsquo;OrTra M\u00e9tiers li\u00e9s au cheval Suisse\u00a0<\/a><\/p><p>Logos Sp\u00e9cialiste<\/p><ul><li><a href=\"https:\/\/pferdeberufe.ch\/wp-content\/smush-avif\/Specialiste_Pferdebranche_weisser_Hintergrund_Pferd_Rot_Fr.jpg.avif\">Fond blanc, cheval rouge<\/a><\/li><li><a href=\"https:\/\/pferdeberufe.ch\/wp-content\/smush-avif\/Specialiste_Pferdebranche_weisser_Hintergrund_Pferd_Schwarz_Fr.jpg.avif\" target=\"_blank\" rel=\"noopener\">Fond blanc, cheval noir<\/a><\/li><li><a href=\"https:\/\/pferdeberufe.ch\/wp-content\/smush-avif\/Specialiste_Pferdebranche_schwarzer_Hintergrund_Pferd_Rot_Fr.jpg.avif\">Fond noir, cheval rouge<\/a><\/li><li><a href=\"https:\/\/pferdeberufe.ch\/wp-content\/smush-avif\/Specialiste_Pferdebranche_schwarzer_Hintergrund_Pferd_Weiss_Fr.jpg.avif\">Fond noir, cheval blanc<\/a><\/li><\/ul><p>Logos Expert<\/p><ul><li><a href=\"https:\/\/pferdeberufe.ch\/wp-content\/smush-avif\/Expert_filiere_equine_weisser_Hintergrund_Pferd_Rot_Fr.jpg.avif\">Fond blanc, cheval rouge<\/a><\/li><li><a href=\"https:\/\/pferdeberufe.ch\/wp-content\/smush-avif\/Expert_filiere_equine_weisser_Hintergrund_Pferd_Schwarz_Fr.jpg.avif\">Fond blanc, cheval noir<\/a><\/li><li><a href=\"https:\/\/pferdeberufe.ch\/wp-content\/smush-avif\/Expert_filiere_equine_schwarzer_Hintergrund_Pferd_Rot_Fr.jpg.avif\" target=\"_blank\" rel=\"noopener\">Fond noir, cheval rouge<\/a><\/li><li><a href=\"https:\/\/pferdeberufe.ch\/wp-content\/smush-avif\/Expert_filiere_equine_schwarzer_Hintergrund_Pferd_weiss_Fr.jpg.avif\" target=\"_blank\" rel=\"noopener\">Fond noir, cheval blanc<\/a><\/li><\/ul><p>Logos Experte<\/p><ul><li><a href=\"https:\/\/pferdeberufe.ch\/wp-content\/smush-avif\/Experte_filiere_equine_weisser_Hintergrund_Pferd_Rot_Fr.jpg.avif\" target=\"_blank\" rel=\"noopener\">Fond blanc, cheval rouge<\/a><\/li><li><a href=\"https:\/\/pferdeberufe.ch\/wp-content\/smush-avif\/Experte_filiere_equine_weisser_Hintergrund_Pferd_Schwarz_Fr.jpg.avif\">Fond blanc, cheval noir<\/a><\/li><li><a href=\"https:\/\/pferdeberufe.ch\/wp-content\/smush-avif\/Experte_filiere_equine_schwarzer_Hintergrund_Pferd_Rot_Fr.jpg.avif\" target=\"_blank\" rel=\"noopener\">Fond noir, cheval rouge<\/a><\/li><li><a href=\"https:\/\/pferdeberufe.ch\/wp-content\/smush-avif\/Experte_filiere_equine_schwarzer_Hintergrund_Pferd_Weiss_Fr.jpg.avif\" target=\"_blank\" rel=\"noopener\">Fond noir, cheval blanc<\/a><\/li><\/ul><\/div>\n\t\t\t\t<\/div>\n\t\t\t\t\t\t\t\t<\/div>\n\t\t\t\t\t\t<\/div>\n\t\t\t\t<\/div>\n\t\t\t\t<div class=\"elementor-element elementor-element-6f250a5 elementor-widget elementor-widget-button\" data-id=\"6f250a5\" data-element_type=\"widget\" data-e-type=\"widget\" data-widget_type=\"button.default\">\n\t\t\t\t<div class=\"elementor-widget-container\">\n\t\t\t\t\t\t\t\t\t<div class=\"elementor-button-wrapper\">\n\t\t\t\t\t<a class=\"elementor-button elementor-button-link elementor-size-sm\" href=\"https:\/\/www.inforama.ch\/berufsbildung\/pferdeberufe\/berufspruefung-pferdeberufe\" target=\"_blank\">\n\t\t\t\t\t\t<span class=\"elementor-button-content-wrapper\">\n\t\t\t\t\t\t\t\t\t<span class=\"elementor-button-text\">Informations INFORAMA sur l'examen professionnel (sp\u00e9cialiste)<\/span>\n\t\t\t\t\t<\/span>\n\t\t\t\t\t<\/a>\n\t\t\t\t<\/div>\n\t\t\t\t\t\t\t\t<\/div>\n\t\t\t\t<\/div>\n\t\t\t\t<div class=\"elementor-element elementor-element-cdef9d2 elementor-widget elementor-widget-button\" data-id=\"cdef9d2\" data-element_type=\"widget\" data-e-type=\"widget\" data-widget_type=\"button.default\">\n\t\t\t\t<div class=\"elementor-widget-container\">\n\t\t\t\t\t\t\t\t\t<div class=\"elementor-button-wrapper\">\n\t\t\t\t\t<a class=\"elementor-button elementor-button-link elementor-size-sm\" href=\"https:\/\/www.inforama.ch\/berufsbildung\/pferdeberufe\/hoehere-fachpruefung\" target=\"_blank\">\n\t\t\t\t\t\t<span class=\"elementor-button-content-wrapper\">\n\t\t\t\t\t\t\t\t\t<span class=\"elementor-button-text\">Informations INFORAMA sur l'examen professionnel sup\u00e9rieur (expert)<\/span>\n\t\t\t\t\t<\/span>\n\t\t\t\t\t<\/a>\n\t\t\t\t<\/div>\n\t\t\t\t\t\t\t\t<\/div>\n\t\t\t\t<\/div>\n\t\t\t\t\t<\/div>\n\t\t<\/div>\n\t\t\t\t<div class=\"elementor-column elementor-col-33 elementor-top-column elementor-element elementor-element-e18195c\" data-id=\"e18195c\" data-element_type=\"column\" data-e-type=\"column\">\n\t\t\t<div class=\"elementor-widget-wrap\">\n\t\t\t\t\t\t\t<\/div>\n\t\t<\/div>\n\t\t\t\t\t<\/div>\n\t\t<\/section>\n\t\t\t\t<section class=\"elementor-section elementor-top-section elementor-element elementor-element-de09518 elementor-section-boxed elementor-section-height-default elementor-section-height-default\" data-id=\"de09518\" data-element_type=\"section\" data-e-type=\"section\">\n\t\t\t\t\t\t<div class=\"elementor-container elementor-column-gap-default\">\n\t\t\t\t\t<div class=\"elementor-column elementor-col-100 elementor-top-column elementor-element elementor-element-06213f5\" data-id=\"06213f5\" data-element_type=\"column\" data-e-type=\"column\">\n\t\t\t<div class=\"elementor-widget-wrap elementor-element-populated\">\n\t\t\t\t\t\t<div class=\"elementor-element elementor-element-0ca99bc elementor-widget elementor-widget-spacer\" data-id=\"0ca99bc\" data-element_type=\"widget\" data-e-type=\"widget\" data-widget_type=\"spacer.default\">\n\t\t\t\t<div class=\"elementor-widget-container\">\n\t\t\t\t\t\t\t<div class=\"elementor-spacer\">\n\t\t\t<div class=\"elementor-spacer-inner\"><\/div>\n\t\t<\/div>\n\t\t\t\t\t\t<\/div>\n\t\t\t\t<\/div>\n\t\t\t\t\t<\/div>\n\t\t<\/div>\n\t\t\t\t\t<\/div>\n\t\t<\/section>\n\t\t\t\t<\/div>\n\t\t","protected":false},"excerpt":{"rendered":"<p>Formation professionnelle sup\u00e9rieure &#8211; Aper\u00e7u de tous les documents Sp\u00e9cialistes de la fili\u00e8re \u00e9quine avec certificat f\u00e9d\u00e9ral de comp\u00e9tence Guide de l&#8217;examen professionnel de sp\u00e9cialiste de la fili\u00e8re \u00e9quine R\u00e8glement &#8230; <a title=\"Formation professionnelle sup\u00e9rieure &#8211; T\u00e9l\u00e9charger\" class=\"read-more\" href=\"https:\/\/pferdeberufe.ch\/fr\/hoehere-berufsbildung-download\/\" aria-label=\"En savoir plus sur Formation professionnelle sup\u00e9rieure &#8211; T\u00e9l\u00e9charger\">Lire la suite<\/a><\/p>\n","protected":false},"author":2,"featured_media":0,"parent":0,"menu_order":6,"comment_status":"closed","ping_status":"closed","template":"elementor_header_footer","meta":{"footnotes":""},"class_list":["post-3765","page","type-page","status-publish"],"publishpress_future_action":{"enabled":false,"date":"2026-05-12 13:23:33","action":"change-status","newStatus":"draft","terms":[],"taxonomy":"translation_priority","extraData":[]},"publishpress_future_workflow_manual_trigger":{"enabledWorkflows":[]},"_links":{"self":[{"href":"https:\/\/pferdeberufe.ch\/fr\/wp-json\/wp\/v2\/pages\/3765","targetHints":{"allow":["GET"]}}],"collection":[{"href":"https:\/\/pferdeberufe.ch\/fr\/wp-json\/wp\/v2\/pages"}],"about":[{"href":"https:\/\/pferdeberufe.ch\/fr\/wp-json\/wp\/v2\/types\/page"}],"author":[{"embeddable":true,"href":"https:\/\/pferdeberufe.ch\/fr\/wp-json\/wp\/v2\/users\/2"}],"replies":[{"embeddable":true,"href":"https:\/\/pferdeberufe.ch\/fr\/wp-json\/wp\/v2\/comments?post=3765"}],"version-history":[{"count":40,"href":"https:\/\/pferdeberufe.ch\/fr\/wp-json\/wp\/v2\/pages\/3765\/revisions"}],"predecessor-version":[{"id":14823,"href":"https:\/\/pferdeberufe.ch\/fr\/wp-json\/wp\/v2\/pages\/3765\/revisions\/14823"}],"wp:attachment":[{"href":"https:\/\/pferdeberufe.ch\/fr\/wp-json\/wp\/v2\/media?parent=3765"}],"curies":[{"name":"wp","href":"https:\/\/api.w.org\/{rel}","templated":true}]}}