
{"id":3771,"date":"2022-06-22T11:06:20","date_gmt":"2022-06-22T09:06:20","guid":{"rendered":"https:\/\/pferdeberufe.ch\/commissions\/"},"modified":"2025-03-13T11:23:10","modified_gmt":"2025-03-13T10:23:10","slug":"commissions","status":"publish","type":"page","link":"https:\/\/pferdeberufe.ch\/fr\/commissions\/","title":{"rendered":"Commissions"},"content":{"rendered":"\t\t<div data-elementor-type=\"wp-page\" data-elementor-id=\"3771\" class=\"elementor elementor-3771 elementor-2315\" data-elementor-post-type=\"page\">\n\t\t\t\t\t\t<section class=\"elementor-section elementor-top-section elementor-element elementor-element-2bdf3f82 elementor-section-boxed elementor-section-height-default elementor-section-height-default\" data-id=\"2bdf3f82\" data-element_type=\"section\" data-e-type=\"section\">\n\t\t\t\t\t\t<div class=\"elementor-container elementor-column-gap-default\">\n\t\t\t\t\t<div class=\"elementor-column elementor-col-100 elementor-top-column elementor-element elementor-element-7c2f3882\" data-id=\"7c2f3882\" data-element_type=\"column\" data-e-type=\"column\">\n\t\t\t<div class=\"elementor-widget-wrap elementor-element-populated\">\n\t\t\t\t\t\t<div class=\"elementor-element elementor-element-b9fa85c elementor-widget elementor-widget-text-editor\" data-id=\"b9fa85c\" data-element_type=\"widget\" data-e-type=\"widget\" data-widget_type=\"text-editor.default\">\n\t\t\t\t<div class=\"elementor-widget-container\">\n\t\t\t\t\t\t\t\t\t<h2 class=\"elementor-heading-title elementor-size-default elementor-inline-editing pen\" contenteditable=\"true\" data-elementor-setting-key=\"title\" data-pen-placeholder=\"Eingabe hier...\"><span style=\"color: #ff0000;\">Commissions<\/span> de l&rsquo;OrTra <span style=\"color: #ff0000;\">M\u00e9tiers du cheval<\/span> Suisse<\/h2>\n\t\t\t\t\t\t\t\t<\/div>\n\t\t\t\t<\/div>\n\t\t\t\t<div class=\"elementor-element elementor-element-58c8c3d5 elementor-widget elementor-widget-text-editor\" data-id=\"58c8c3d5\" data-element_type=\"widget\" data-e-type=\"widget\" data-widget_type=\"text-editor.default\">\n\t\t\t\t<div class=\"elementor-widget-container\">\n\t\t\t\t\t\t\t\t\t<p>L&rsquo;OrTra M\u00e9tiers du cheval met en place diff\u00e9rentes <strong>commissions<\/strong> qui sont responsables de leur <strong>domaine de comp\u00e9tence<\/strong> respectif.<\/p>\t\t\t\t\t\t\t\t<\/div>\n\t\t\t\t<\/div>\n\t\t\t\t\t<\/div>\n\t\t<\/div>\n\t\t\t\t\t<\/div>\n\t\t<\/section>\n\t\t\t\t<section class=\"elementor-section elementor-top-section elementor-element elementor-element-b229ce3 elementor-section-boxed elementor-section-height-default elementor-section-height-default\" data-id=\"b229ce3\" data-element_type=\"section\" data-e-type=\"section\">\n\t\t\t\t\t\t<div class=\"elementor-container elementor-column-gap-default\">\n\t\t\t\t\t<div class=\"elementor-column elementor-col-33 elementor-top-column elementor-element elementor-element-2472f04\" data-id=\"2472f04\" data-element_type=\"column\" data-e-type=\"column\">\n\t\t\t<div class=\"elementor-widget-wrap\">\n\t\t\t\t\t\t\t<\/div>\n\t\t<\/div>\n\t\t\t\t<div class=\"elementor-column elementor-col-33 elementor-top-column elementor-element elementor-element-dc75c62\" data-id=\"dc75c62\" data-element_type=\"column\" data-e-type=\"column\">\n\t\t\t<div class=\"elementor-widget-wrap elementor-element-populated\">\n\t\t\t\t\t\t<div class=\"elementor-element elementor-element-982273b elementor-widget elementor-widget-text-editor\" data-id=\"982273b\" data-element_type=\"widget\" data-e-type=\"widget\" data-widget_type=\"text-editor.default\">\n\t\t\t\t<div class=\"elementor-widget-container\">\n\t\t\t\t\t\t\t\t\t<p><strong>Conf\u00e9rence des pr\u00e9sidents (CP)<\/strong><\/p><table><tbody><tr><td width=\"107\">Reiss Simone<\/td><td width=\"143\">SWRA<\/td><td width=\"100\"><a href=\"mailto:simone.reiss@swra.ch\">simone.reiss@swra.ch<\/a><\/td><\/tr><tr><td width=\"107\">Christine Baumgartner<\/td><td width=\"143\">FSC<\/td><td width=\"168\"><a href=\"mailto:christine.baumgartner@iena.ch\">christine.baumgartner@iena.ch<\/a><\/td><\/tr><tr><td width=\"107\">Volpez Patricia<\/td><td width=\"143\">SHP<\/td><td width=\"168\"><a href=\"mailto:p.volpez@pferdeberufe.ch\">p.volpez@pferdeberufe.ch<\/a><\/td><\/tr><tr><td width=\"107\">Burgermeister Silvia<\/td><td width=\"143\">PI-CH<\/td><td width=\"168\"><a href=\"mailto:silvia.burgermeister@gmx.ch\">silvia.burgermeister@gmx.ch<\/a><\/td><\/tr><tr><td width=\"107\">Scherrer Roger<\/td><td width=\"143\">IPV-CH<\/td><td width=\"168\"><a href=\"mailto:praesident@ipvch.ch\">praesident@ipvch.ch<\/a><\/td><\/tr><\/tbody><\/table>\t\t\t\t\t\t\t\t<\/div>\n\t\t\t\t<\/div>\n\t\t\t\t\t<\/div>\n\t\t<\/div>\n\t\t\t\t<div class=\"elementor-column elementor-col-33 elementor-top-column elementor-element elementor-element-8b8fc90\" data-id=\"8b8fc90\" data-element_type=\"column\" data-e-type=\"column\">\n\t\t\t<div class=\"elementor-widget-wrap\">\n\t\t\t\t\t\t\t<\/div>\n\t\t<\/div>\n\t\t\t\t\t<\/div>\n\t\t<\/section>\n\t\t\t\t<section class=\"elementor-section elementor-top-section elementor-element elementor-element-323db3f elementor-section-boxed elementor-section-height-default elementor-section-height-default\" data-id=\"323db3f\" data-element_type=\"section\" data-e-type=\"section\">\n\t\t\t\t\t\t<div class=\"elementor-container elementor-column-gap-default\">\n\t\t\t\t\t<div class=\"elementor-column elementor-col-33 elementor-top-column elementor-element elementor-element-8a3ca1a\" data-id=\"8a3ca1a\" data-element_type=\"column\" data-e-type=\"column\">\n\t\t\t<div class=\"elementor-widget-wrap\">\n\t\t\t\t\t\t\t<\/div>\n\t\t<\/div>\n\t\t\t\t<div class=\"elementor-column elementor-col-33 elementor-top-column elementor-element elementor-element-5042b98\" data-id=\"5042b98\" data-element_type=\"column\" data-e-type=\"column\">\n\t\t\t<div class=\"elementor-widget-wrap elementor-element-populated\">\n\t\t\t\t\t\t<div class=\"elementor-element elementor-element-244f9f1 elementor-widget elementor-widget-text-editor\" data-id=\"244f9f1\" data-element_type=\"widget\" data-e-type=\"widget\" data-widget_type=\"text-editor.default\">\n\t\t\t\t<div class=\"elementor-widget-container\">\n\t\t\t\t\t\t\t\t\t<p><strong>Commission de contr\u00f4le des comptes et de contr\u00f4le de gestion (CdG)<\/strong><\/p><table><tbody><tr><td width=\"105\"><strong>Braccini Simone<\/strong><\/td><td width=\"143\">Pr\u00e9sidente, IPV-CH<\/td><td width=\"168\"><a href=\"mailto:simone.braccini@pixelburg.ch\">simone.braccini@pixelburg.ch<\/a><\/td><\/tr><tr><td width=\"105\">Padovan Tina<\/td><td width=\"143\">SWRA<\/td><td width=\"168\"><a href=\"mailto:tina@westernreiten-sh.ch\">tina@westernreiten-sh.ch<\/a><\/td><\/tr><tr><td width=\"105\">Burgermeister Silvia<\/td><td width=\"143\">PI-CH<\/td><td width=\"168\"><a href=\"mailto:silvia.burgermeister@gmx.ch\">silvia.burgermeister@gmx.ch<\/a><\/td><\/tr><tr><td width=\"105\">Rapold Corinne<\/td><td width=\"143\">SHP<\/td><td width=\"168\"><a href=\"mailto:info@stallbvg.ch\">info@stallbvg.ch<\/a><\/td><\/tr><\/tbody><\/table>\t\t\t\t\t\t\t\t<\/div>\n\t\t\t\t<\/div>\n\t\t\t\t\t<\/div>\n\t\t<\/div>\n\t\t\t\t<div class=\"elementor-column elementor-col-33 elementor-top-column elementor-element elementor-element-28169d3\" data-id=\"28169d3\" data-element_type=\"column\" data-e-type=\"column\">\n\t\t\t<div class=\"elementor-widget-wrap\">\n\t\t\t\t\t\t\t<\/div>\n\t\t<\/div>\n\t\t\t\t\t<\/div>\n\t\t<\/section>\n\t\t\t\t<section class=\"elementor-section elementor-top-section elementor-element elementor-element-4445222 elementor-section-boxed elementor-section-height-default elementor-section-height-default\" data-id=\"4445222\" data-element_type=\"section\" data-e-type=\"section\">\n\t\t\t\t\t\t<div class=\"elementor-container elementor-column-gap-default\">\n\t\t\t\t\t<div class=\"elementor-column elementor-col-33 elementor-top-column elementor-element elementor-element-dcc3cd2\" data-id=\"dcc3cd2\" data-element_type=\"column\" data-e-type=\"column\">\n\t\t\t<div class=\"elementor-widget-wrap\">\n\t\t\t\t\t\t\t<\/div>\n\t\t<\/div>\n\t\t\t\t<div class=\"elementor-column elementor-col-33 elementor-top-column elementor-element elementor-element-45eb201\" data-id=\"45eb201\" data-element_type=\"column\" data-e-type=\"column\">\n\t\t\t<div class=\"elementor-widget-wrap elementor-element-populated\">\n\t\t\t\t\t\t<div class=\"elementor-element elementor-element-7633490 elementor-widget elementor-widget-text-editor\" data-id=\"7633490\" data-element_type=\"widget\" data-e-type=\"widget\" data-widget_type=\"text-editor.default\">\n\t\t\t\t<div class=\"elementor-widget-container\">\n\t\t\t\t\t\t\t\t\t<p><strong>Commission Suisse pour le d\u00e9veloppement\u00a0professionnel et la qualit\u00e9 (CSDP&amp;Q)<\/strong><\/p><table style=\"height: 475px;\" width=\"604\"><tbody><tr><td width=\"107\"><strong>Wolf Heidi <\/strong><\/td><td width=\"143\">Pr\u00e9sidente \/ Monte classic \/ Soins aux chevaux \/ Soins et services<\/td><td width=\"168\"><a href=\"mailto:h.wolf@pferdeberufe.ch\">h.wolf@pferdeberufe.ch<\/a><\/td><\/tr><tr><td width=\"107\">Fahmy Odile<\/td><td width=\"143\">SEFRI<\/td><td width=\"168\"><a href=\"mailto:odile.fahmy@sbfi.admin.ch\">odile.fahmy@sbfi.admin.ch<\/a><\/td><\/tr><tr><td width=\"107\">Frank Derek<\/td><td width=\"143\">OrTra<\/td><td width=\"168\"><a href=\"mailto:d.frank@pferdeberufe.ch\">d.frank@pferdeberufe.ch<\/a><\/td><\/tr><tr><td width=\"107\">Geissmann Dagmar<\/td><td width=\"143\">Chevaux de course<\/td><td width=\"168\"><a href=\"mailto:dagmar.geissmann@gmail.com\">dagmar.geissmann@gmail.com<\/a><\/td><\/tr><tr><td width=\"107\">Habegger Martin<\/td><td width=\"143\">Professeur sp\u00e9cialis\u00e9<\/td><td width=\"168\"><a href=\"mailto:m-habi@bluewin.ch\">m-habi@bluewin.ch<\/a><\/td><\/tr><tr><td width=\"107\">H\u00e4uptle Daniela<\/td><td width=\"143\">Attelage<\/td><td width=\"168\"><a href=\"mailto:d.haeuptle@pferdeberufe.ch\">d.haeuptle@pferdeberufe.ch<\/a><\/td><\/tr><tr><td width=\"107\">Liggenstorfer Petra<\/td><td width=\"143\">Chevaux d&rsquo;allures<\/td><td width=\"168\"><a href=\"mailto:p.liggenstorfer@bluewin.ch\">p.liggenstorfer@bluewin.ch<\/a><\/td><\/tr><tr><td width=\"107\">R\u00fcfenacht Karin<\/td><td width=\"143\">CSFP<\/td><td width=\"168\"><a href=\"mailto:ruefenacht@edk.ch\" target=\"_blank\" rel=\"noopener\">ruefenacht@edk.ch<\/a><\/td><\/tr><tr><td width=\"107\">Olesen Unn<\/td><td width=\"143\">AFP<\/td><td width=\"168\"><a href=\"mailto:unn@bluewin.ch\">unn@bluewin.ch<\/a><\/td><\/tr><tr><td width=\"107\">Grossniklaus Jasmin<\/td><td width=\"143\">Monte Western<\/td><td width=\"168\"><a href=\"mailto:j.grossniklaus@pferdeberufe.ch\">j.grossniklaus@pferdeberufe.ch<\/a><\/td><\/tr><\/tbody><\/table>\t\t\t\t\t\t\t\t<\/div>\n\t\t\t\t<\/div>\n\t\t\t\t\t<\/div>\n\t\t<\/div>\n\t\t\t\t<div class=\"elementor-column elementor-col-33 elementor-top-column elementor-element elementor-element-09200c6\" data-id=\"09200c6\" data-element_type=\"column\" data-e-type=\"column\">\n\t\t\t<div class=\"elementor-widget-wrap\">\n\t\t\t\t\t\t\t<\/div>\n\t\t<\/div>\n\t\t\t\t\t<\/div>\n\t\t<\/section>\n\t\t\t\t<section class=\"elementor-section elementor-top-section elementor-element elementor-element-f8643c8 elementor-section-boxed elementor-section-height-default elementor-section-height-default\" data-id=\"f8643c8\" data-element_type=\"section\" data-e-type=\"section\">\n\t\t\t\t\t\t<div class=\"elementor-container elementor-column-gap-default\">\n\t\t\t\t\t<div class=\"elementor-column elementor-col-33 elementor-top-column elementor-element elementor-element-550671e\" data-id=\"550671e\" data-element_type=\"column\" data-e-type=\"column\">\n\t\t\t<div class=\"elementor-widget-wrap\">\n\t\t\t\t\t\t\t<\/div>\n\t\t<\/div>\n\t\t\t\t<div class=\"elementor-column elementor-col-33 elementor-top-column elementor-element elementor-element-50ecd84\" data-id=\"50ecd84\" data-element_type=\"column\" data-e-type=\"column\">\n\t\t\t<div class=\"elementor-widget-wrap elementor-element-populated\">\n\t\t\t\t\t\t<div class=\"elementor-element elementor-element-f3237be elementor-widget elementor-widget-text-editor\" data-id=\"f3237be\" data-element_type=\"widget\" data-e-type=\"widget\" data-widget_type=\"text-editor.default\">\n\t\t\t\t<div class=\"elementor-widget-container\">\n\t\t\t\t\t\t\t\t\t<p><span style=\"color: #000000;\"><strong>Commission Formation de base<\/strong><\/span><\/p><table><tbody><tr><td width=\"107\"><strong>Frank Derek <\/strong><\/td><td width=\"143\">Chef du d\u00e9partement<\/td><td width=\"100\"><a href=\"mailto:d.frank@pferdeberufe.ch\">d.frank@pferdeberufe.ch<\/a><\/td><\/tr><tr><td width=\"107\">Wolf Heidi<\/td><td width=\"143\">Monte classique \/ Soins aux chevaux \/ Soins et services<\/td><td width=\"100\"><a href=\"mailto:h.wolf@pferdeberufe.ch\">h.wolf@pferdeberufe.ch<\/a><\/td><\/tr><tr><td width=\"107\">Liggenstorfer Petra<\/td><td width=\"143\">Chevaux d&rsquo;allures<\/td><td width=\"100\"><a href=\"mailto:p.liggenstorfer@bluewin.ch\">p.liggenstorfer@bluewin.ch<\/a><\/td><\/tr><tr><td width=\"107\">Geissmann Dagmar<\/td><td width=\"143\">Chevaux de course<\/td><td width=\"168\"><a href=\"mailto:dagmar.geissmann@gmail.com\">dagmar.geissmann@gmail.com<\/a><\/td><\/tr><tr><td width=\"107\">Olesen Unn<\/td><td width=\"143\">AFP<\/td><td width=\"168\"><a href=\"mailto:unn@bluewin.ch\">unn@bluewin.ch<\/a><\/td><\/tr><tr><td width=\"107\">H\u00e4uptle Daniela<\/td><td width=\"143\">Attelage<\/td><td width=\"168\"><a href=\"mailto:d.haeuptle@pferdeberufe.ch\">d.haeuptle@pferdeberufe.ch<\/a><\/td><\/tr><tr><td width=\"107\">Grossniklaus Jasmin<\/td><td width=\"143\">Monte Western<\/td><td width=\"168\"><a href=\"mailto:j.grossniklaus@pferdeberufe.ch\">j.grossniklaus@pferdeberufe.ch<\/a><\/td><\/tr><\/tbody><\/table>\t\t\t\t\t\t\t\t<\/div>\n\t\t\t\t<\/div>\n\t\t\t\t\t<\/div>\n\t\t<\/div>\n\t\t\t\t<div class=\"elementor-column elementor-col-33 elementor-top-column elementor-element elementor-element-edbba96\" data-id=\"edbba96\" data-element_type=\"column\" data-e-type=\"column\">\n\t\t\t<div class=\"elementor-widget-wrap\">\n\t\t\t\t\t\t\t<\/div>\n\t\t<\/div>\n\t\t\t\t\t<\/div>\n\t\t<\/section>\n\t\t\t\t<section class=\"elementor-section elementor-top-section elementor-element elementor-element-d6474d0 elementor-section-boxed elementor-section-height-default elementor-section-height-default\" data-id=\"d6474d0\" data-element_type=\"section\" data-e-type=\"section\">\n\t\t\t\t\t\t<div class=\"elementor-container elementor-column-gap-default\">\n\t\t\t\t\t<div class=\"elementor-column elementor-col-33 elementor-top-column elementor-element elementor-element-3a40d2d\" data-id=\"3a40d2d\" data-element_type=\"column\" data-e-type=\"column\">\n\t\t\t<div class=\"elementor-widget-wrap\">\n\t\t\t\t\t\t\t<\/div>\n\t\t<\/div>\n\t\t\t\t<div class=\"elementor-column elementor-col-33 elementor-top-column elementor-element elementor-element-fa05277\" data-id=\"fa05277\" data-element_type=\"column\" data-e-type=\"column\">\n\t\t\t<div class=\"elementor-widget-wrap elementor-element-populated\">\n\t\t\t\t\t\t<div class=\"elementor-element elementor-element-a7894ef elementor-widget elementor-widget-text-editor\" data-id=\"a7894ef\" data-element_type=\"widget\" data-e-type=\"widget\" data-widget_type=\"text-editor.default\">\n\t\t\t\t<div class=\"elementor-widget-container\">\n\t\t\t\t\t\t\t\t\t<p><strong>Commission d&rsquo;assurance qualit\u00e9 (CAQ) pour la formation professionnelle sup\u00e9rieure<\/strong><\/p><table><tbody><tr><td width=\"107\"><strong>Habegger Martin<\/strong><\/td><td width=\"143\">Pr\u00e9sident<\/td><td width=\"100\"><a href=\"mailto:m.habegger@pferdeberufe.ch\">m.habegger@pferdeberufe.ch<\/a><\/td><\/tr><tr><td width=\"107\">Rohner Romina<\/td><td width=\"143\">Monte classique<\/td><td width=\"168\"><a href=\"mailto:romi.rohner@outlook.com\">romi.rohner@outlook.com<\/a><\/td><\/tr><tr><td width=\"107\">Facchin Yolanda<\/td><td width=\"143\">Monte Western<\/td><td width=\"168\"><a href=\"mailto:yofa@yofa.ch\">yofa@yofa.ch<\/a><\/td><\/tr><tr><td width=\"107\">Borioli Christophe<\/td><td width=\"143\">Soins et services \/ Romandie<\/td><td width=\"168\"><a href=\"mailto:christophe.borioli@gmx.ch\">christophe.borioli@gmx.ch<\/a><\/td><\/tr><tr><td width=\"107\">Rusterholz Beatrice<\/td><td width=\"143\">Chevaux d&rsquo;allures<\/td><td width=\"168\"><a href=\"mailto:info@niederfeld.ch\">info@niederfeld.ch<\/a><\/td><\/tr><tr><td width=\"107\">Schmidlin Lea<\/td><td width=\"143\">Attelage<\/td><td width=\"168\"><a href=\"mailto:lea.schmidlin@gmx.ch\">lea.schmidlin@gmx.ch<\/a><\/td><\/tr><tr><td width=\"107\">Volpez-Stern Patricia<\/td><td width=\"143\">Direction des examens<\/td><td width=\"168\"><a href=\"mailto:pruefungsleitung-hbb@pferdeberufe.ch\">pruefungsleitung-hbb@pferdeberufe.ch<\/a><\/td><\/tr><tr><td width=\"107\">vacant<\/td><td width=\"143\">Chevaux de course<\/td><td width=\"168\">\u00a0<\/td><\/tr><tr><td width=\"107\">J\u00e4ggi-Rufener Helene<\/td><td width=\"143\">S\u00e9cr\u00e9tariat CAQ<\/td><td width=\"168\"><a href=\"mailto:sekretariat-qsk@pferdeberufe.ch\">sekretariat-qsk@pferdeberufe.ch<\/a><\/td><\/tr><\/tbody><\/table>\t\t\t\t\t\t\t\t<\/div>\n\t\t\t\t<\/div>\n\t\t\t\t\t<\/div>\n\t\t<\/div>\n\t\t\t\t<div class=\"elementor-column elementor-col-33 elementor-top-column elementor-element elementor-element-0b91863\" data-id=\"0b91863\" data-element_type=\"column\" data-e-type=\"column\">\n\t\t\t<div class=\"elementor-widget-wrap\">\n\t\t\t\t\t\t\t<\/div>\n\t\t<\/div>\n\t\t\t\t\t<\/div>\n\t\t<\/section>\n\t\t\t\t<section class=\"elementor-section elementor-top-section elementor-element elementor-element-435a1fe elementor-section-boxed elementor-section-height-default elementor-section-height-default\" data-id=\"435a1fe\" data-element_type=\"section\" data-e-type=\"section\">\n\t\t\t\t\t\t<div class=\"elementor-container elementor-column-gap-default\">\n\t\t\t\t\t<div class=\"elementor-column elementor-col-100 elementor-top-column elementor-element elementor-element-d19cae8\" data-id=\"d19cae8\" data-element_type=\"column\" data-e-type=\"column\">\n\t\t\t<div class=\"elementor-widget-wrap elementor-element-populated\">\n\t\t\t\t\t\t<div class=\"elementor-element elementor-element-6f9089f elementor-widget elementor-widget-spacer\" data-id=\"6f9089f\" data-element_type=\"widget\" data-e-type=\"widget\" data-widget_type=\"spacer.default\">\n\t\t\t\t<div class=\"elementor-widget-container\">\n\t\t\t\t\t\t\t<div class=\"elementor-spacer\">\n\t\t\t<div class=\"elementor-spacer-inner\"><\/div>\n\t\t<\/div>\n\t\t\t\t\t\t<\/div>\n\t\t\t\t<\/div>\n\t\t\t\t\t<\/div>\n\t\t<\/div>\n\t\t\t\t\t<\/div>\n\t\t<\/section>\n\t\t\t\t<\/div>\n\t\t","protected":false},"excerpt":{"rendered":"<p>Commissions de l&rsquo;OrTra M\u00e9tiers du cheval Suisse L&rsquo;OrTra M\u00e9tiers du cheval met en place diff\u00e9rentes commissions qui sont responsables de leur domaine de comp\u00e9tence respectif. Conf\u00e9rence des pr\u00e9sidents (CP) Reiss &#8230; <a title=\"Commissions\" class=\"read-more\" href=\"https:\/\/pferdeberufe.ch\/fr\/commissions\/\" aria-label=\"En savoir plus sur Commissions\">Lire la suite<\/a><\/p>\n","protected":false},"author":2,"featured_media":0,"parent":0,"menu_order":7,"comment_status":"closed","ping_status":"closed","template":"elementor_header_footer","meta":{"footnotes":""},"class_list":["post-3771","page","type-page","status-publish"],"publishpress_future_action":{"enabled":false,"date":"2026-05-03 18:12:02","action":"change-status","newStatus":"draft","terms":[],"taxonomy":"translation_priority","extraData":[]},"publishpress_future_workflow_manual_trigger":{"enabledWorkflows":[]},"_links":{"self":[{"href":"https:\/\/pferdeberufe.ch\/fr\/wp-json\/wp\/v2\/pages\/3771","targetHints":{"allow":["GET"]}}],"collection":[{"href":"https:\/\/pferdeberufe.ch\/fr\/wp-json\/wp\/v2\/pages"}],"about":[{"href":"https:\/\/pferdeberufe.ch\/fr\/wp-json\/wp\/v2\/types\/page"}],"author":[{"embeddable":true,"href":"https:\/\/pferdeberufe.ch\/fr\/wp-json\/wp\/v2\/users\/2"}],"replies":[{"embeddable":true,"href":"https:\/\/pferdeberufe.ch\/fr\/wp-json\/wp\/v2\/comments?post=3771"}],"version-history":[{"count":70,"href":"https:\/\/pferdeberufe.ch\/fr\/wp-json\/wp\/v2\/pages\/3771\/revisions"}],"predecessor-version":[{"id":12774,"href":"https:\/\/pferdeberufe.ch\/fr\/wp-json\/wp\/v2\/pages\/3771\/revisions\/12774"}],"wp:attachment":[{"href":"https:\/\/pferdeberufe.ch\/fr\/wp-json\/wp\/v2\/media?parent=3771"}],"curies":[{"name":"wp","href":"https:\/\/api.w.org\/{rel}","templated":true}]}}