
{"id":3777,"date":"2022-06-22T11:09:48","date_gmt":"2022-06-22T09:09:48","guid":{"rendered":"https:\/\/pferdeberufe.ch\/contact\/"},"modified":"2024-11-19T08:20:33","modified_gmt":"2024-11-19T07:20:33","slug":"contact","status":"publish","type":"page","link":"https:\/\/pferdeberufe.ch\/fr\/contact\/","title":{"rendered":"Contact"},"content":{"rendered":"<h2 contenteditable=\"true\" data-elementor-setting-key=\"title\" data-pen-placeholder=\"Eingabe hier...\">Contact<\/h2>\n<p><strong>Organisation du monde du travail<br \/>\nOrTra m\u00e9tiers li\u00e9s au cheval<br \/>\n<\/strong>Secr\u00e9tariat<strong><br \/>\n<\/strong>Case postale<br \/>\nHirschmattstrasse 36<br \/>\n6002 Lucerne<\/p>\n<p><strong>Secr\u00e9tariat \/ Demandes g\u00e9n\u00e9rales<\/strong><br \/>\n<a href=\"mailto:info@pferdeberufe.ch\">Prise de contact par e-mail <\/a><br \/>\n041 368 58 22, du lundi au vendredi de 08h00 \u00e0 12h00<\/p>\n<p><strong>Secr\u00e9tariat CIE \/ Demandes CIE<br \/>\n<\/strong>Ir\u00e8ne M\u00fcller<br \/>\nCorina Felber-Luccarini<br \/>\n<a href=\"mailto:sekretariat-uk@pferdeberufe.ch\">Prise de contact par e-mail<\/a><br \/>\n041 368 58 22, du lundi au vendredi de 08h00 \u00e0 12h00<\/p>\n<p><strong>Secr\u00e9tariat TP \/ Demandes TP<br \/>\n<\/strong>Corina Felber-Luccarini<br \/>\n<a href=\"mailto:sekretariat-qv@pferdeberufe.ch\">Prise de contact par e-mail<\/a><\/p>\n<p><strong>Fonds de formation professionnelle FFP<\/strong><br \/>\nDeborah Roth<br \/>\n<a href=\"mailto:sekretariat-bbf@pferdeberufe.ch\">Prise de contact par e-mail<\/a><br \/>\n078 345 58 28<\/p>\n<p><strong>Pr\u00e9sidence \/ Chef expert TP<\/strong><br \/>\nDerek Frank<br \/>\n<a href=\"mailto:d.frank@pferdeberufe.ch\">Prise de contact par e-mail<\/a><br \/>\n079 220 00 60<\/p>\n<p><strong>Si\u00e8ge de l&rsquo;organisation<\/strong><br \/>\nBerne<\/p>\n<h3>Prendre contact<\/h3>\n<h3>OrTra M\u00e9tiers li\u00e9s au cheval Suisse<\/h3>\n<p><strong><a style=\"color: #ffffff;\" href=\"mailto:pferdeberufe@grafundpartnerag.ch\" target=\"_blank\" rel=\"noopener noreferrer\" data-auth=\"NotApplicable\" data-safelink=\"true\" data-linkindex=\"0\">pferdeberufe@grafundpartnerag.ch<\/a><\/strong><\/p>\n<p><strong>Secr\u00e9tariat<\/strong><strong><br \/>\n<\/strong> +41 41 368 58 22<\/p>\n","protected":false},"excerpt":{"rendered":"<p>Contact Organisation du monde du travail OrTra m\u00e9tiers li\u00e9s au cheval Secr\u00e9tariat Case postale Hirschmattstrasse 36 6002 Lucerne Secr\u00e9tariat \/ Demandes g\u00e9n\u00e9rales Prise de contact par e-mail 041 368 58 &#8230; <a title=\"Contact\" class=\"read-more\" href=\"https:\/\/pferdeberufe.ch\/fr\/contact\/\" aria-label=\"En savoir plus sur Contact\">Lire la suite<\/a><\/p>\n","protected":false},"author":1,"featured_media":0,"parent":0,"menu_order":39,"comment_status":"closed","ping_status":"closed","template":"","meta":{"footnotes":""},"class_list":["post-3777","page","type-page","status-publish"],"publishpress_future_action":{"enabled":false,"date":"2026-05-23 22:08:31","action":"change-status","newStatus":"draft","terms":[],"taxonomy":"translation_priority","extraData":[]},"publishpress_future_workflow_manual_trigger":{"enabledWorkflows":[]},"_links":{"self":[{"href":"https:\/\/pferdeberufe.ch\/fr\/wp-json\/wp\/v2\/pages\/3777","targetHints":{"allow":["GET"]}}],"collection":[{"href":"https:\/\/pferdeberufe.ch\/fr\/wp-json\/wp\/v2\/pages"}],"about":[{"href":"https:\/\/pferdeberufe.ch\/fr\/wp-json\/wp\/v2\/types\/page"}],"author":[{"embeddable":true,"href":"https:\/\/pferdeberufe.ch\/fr\/wp-json\/wp\/v2\/users\/1"}],"replies":[{"embeddable":true,"href":"https:\/\/pferdeberufe.ch\/fr\/wp-json\/wp\/v2\/comments?post=3777"}],"version-history":[{"count":52,"href":"https:\/\/pferdeberufe.ch\/fr\/wp-json\/wp\/v2\/pages\/3777\/revisions"}],"predecessor-version":[{"id":10981,"href":"https:\/\/pferdeberufe.ch\/fr\/wp-json\/wp\/v2\/pages\/3777\/revisions\/10981"}],"wp:attachment":[{"href":"https:\/\/pferdeberufe.ch\/fr\/wp-json\/wp\/v2\/media?parent=3777"}],"curies":[{"name":"wp","href":"https:\/\/api.w.org\/{rel}","templated":true}]}}