
{"id":7218,"date":"2023-03-10T13:36:23","date_gmt":"2023-03-10T12:36:23","guid":{"rendered":"https:\/\/pferdeberufe.ch\/nouvelles\/cie-une-personne-de-contact-supplementaire\/"},"modified":"2023-04-14T15:53:50","modified_gmt":"2023-04-14T13:53:50","slug":"cie-une-personne-de-contact-supplementaire","status":"publish","type":"page","link":"https:\/\/pferdeberufe.ch\/fr\/nouvelles\/cie-une-personne-de-contact-supplementaire\/","title":{"rendered":"CIE : une personne de contact suppl\u00e9mentaire"},"content":{"rendered":"\t\t<div data-elementor-type=\"wp-page\" data-elementor-id=\"7218\" class=\"elementor elementor-7218 elementor-7180\" data-elementor-post-type=\"page\">\n\t\t\t\t\t\t<section class=\"elementor-section elementor-top-section elementor-element elementor-element-1eb722d2 elementor-section-boxed elementor-section-height-default elementor-section-height-default\" data-id=\"1eb722d2\" data-element_type=\"section\" data-e-type=\"section\">\n\t\t\t\t\t\t<div class=\"elementor-container elementor-column-gap-default\">\n\t\t\t\t\t<div class=\"elementor-column elementor-col-100 elementor-top-column elementor-element elementor-element-4496a76a\" data-id=\"4496a76a\" data-element_type=\"column\" data-e-type=\"column\">\n\t\t\t<div class=\"elementor-widget-wrap elementor-element-populated\">\n\t\t\t\t\t\t<div class=\"elementor-element elementor-element-9f1e0a0 elementor-widget elementor-widget-text-editor\" data-id=\"9f1e0a0\" data-element_type=\"widget\" data-e-type=\"widget\" data-widget_type=\"text-editor.default\">\n\t\t\t\t<div class=\"elementor-widget-container\">\n\t\t\t\t\t\t\t\t\t<h2 class=\"elementor-heading-title elementor-size-default elementor-inline-editing pen\" contenteditable=\"true\" data-elementor-setting-key=\"title\" data-pen-placeholder=\"Eingabe hier...\">CIE : une personne de contact suppl\u00e9mentaire<span style=\"color: #ff0000;\"><\/span><\/h2>\n\t\t\t\t\t\t\t\t<\/div>\n\t\t\t\t<\/div>\n\t\t\t\t\t<\/div>\n\t\t<\/div>\n\t\t\t\t\t<\/div>\n\t\t<\/section>\n\t\t\t\t<section class=\"elementor-section elementor-top-section elementor-element elementor-element-45d561bb elementor-section-full_width elementor-section-height-default elementor-section-height-default\" data-id=\"45d561bb\" data-element_type=\"section\" data-e-type=\"section\">\n\t\t\t\t\t\t<div class=\"elementor-container elementor-column-gap-no\">\n\t\t\t\t\t<div class=\"elementor-column elementor-col-100 elementor-top-column elementor-element elementor-element-091b3c3\" data-id=\"091b3c3\" data-element_type=\"column\" data-e-type=\"column\">\n\t\t\t<div class=\"elementor-widget-wrap elementor-element-populated\">\n\t\t\t\t\t\t<div class=\"elementor-element elementor-element-535555a elementor-widget elementor-widget-text-editor\" data-id=\"535555a\" data-element_type=\"widget\" data-e-type=\"widget\" data-widget_type=\"text-editor.default\">\n\t\t\t\t<div class=\"elementor-widget-container\">\n\t\t\t\t\t\t\t\t\t<p>Corina Felber-Luccarini, collaboratrice de longue date de l&rsquo;OrTra M\u00e9tiers li\u00e9s au cheval Suisse et responsable des CIE, attend un enfant. Elle sera vraisemblablement en cong\u00e9 maternit\u00e9 de fin mai 2023 \u00e0 d\u00e9but septembre 2023. Apr\u00e8s cette absence r\u00e9guli\u00e8re, elle pr\u00e9voit de reprendre ses fonctions au sein de l&rsquo;OrTra \u00e0 un taux d&rsquo;occupation r\u00e9duit.<\/p>\n<p>En raison des dates, Corina Felber-Luccarini sera probablement absente entre fin mai et d\u00e9but septembre. Un rempla\u00e7ant est pr\u00e9vu au secr\u00e9tariat : Katja L\u00fcthi sera progressivement form\u00e9e aux activit\u00e9s de l&rsquo;administration CIE. Corina Felber-Luccarini l&rsquo;accompagnera aussi longtemps que possible. Les t\u00e2ches seront couvertes \u00e0 tout moment. . Pendant son cong\u00e9 de maternit\u00e9, Katja L\u00fcthi assumera toutes les activit\u00e9s du secr\u00e9tariat CIE. Pendant cette p\u00e9riode, elle sera \u00e9galement la personne de contact pour toutes les demandes. Les coordonn\u00e9es restent les m\u00eames.<\/p>\n<p>Corina Felber-Luccarini souhaite reprendre son travail au secr\u00e9tariat CIE \u00e0 un taux d&rsquo;occupation r\u00e9duit apr\u00e8s son cong\u00e9 de maternit\u00e9. Le secr\u00e9tariat prendra en charge son remplacement, la r\u00e9partition des t\u00e2ches entre elle et Katja L\u00fcthi sera encore discut\u00e9e.<\/p>\n<p>Le comit\u00e9 de l&rsquo;OrTra souhaite \u00e0 Corina Felber-Luccarini bonne chance dans son nouveau r\u00f4le. Il est heureux qu&rsquo;elle reste, \u00e9tant une bonne collaboratrice de longue date. Il souhaite \u00e9galement la bienvenue \u00e0 Katja L\u00fcthi au sein du secr\u00e9tariat et se r\u00e9jouit de collaborer avec elle.<\/p>\n\t\t\t\t\t\t\t\t<\/div>\n\t\t\t\t<\/div>\n\t\t\t\t\t<\/div>\n\t\t<\/div>\n\t\t\t\t\t<\/div>\n\t\t<\/section>\n\t\t\t\t<\/div>\n\t\t","protected":false},"excerpt":{"rendered":"<p>CIE : une personne de contact suppl\u00e9mentaire Corina Felber-Luccarini, collaboratrice de longue date de l&rsquo;OrTra M\u00e9tiers li\u00e9s au cheval Suisse et responsable des CIE, attend un enfant. Elle sera vraisemblablement &#8230; <a title=\"CIE : une personne de contact suppl\u00e9mentaire\" class=\"read-more\" href=\"https:\/\/pferdeberufe.ch\/fr\/nouvelles\/cie-une-personne-de-contact-supplementaire\/\" aria-label=\"En savoir plus sur CIE : une personne de contact suppl\u00e9mentaire\">Lire la suite<\/a><\/p>\n","protected":false},"author":4,"featured_media":0,"parent":4156,"menu_order":39,"comment_status":"closed","ping_status":"closed","template":"","meta":{"footnotes":""},"class_list":["post-7218","page","type-page","status-publish"],"publishpress_future_action":{"enabled":false,"date":"2026-04-24 04:40:21","action":"change-status","newStatus":"draft","terms":[],"taxonomy":"translation_priority","extraData":[]},"publishpress_future_workflow_manual_trigger":{"enabledWorkflows":[]},"_links":{"self":[{"href":"https:\/\/pferdeberufe.ch\/fr\/wp-json\/wp\/v2\/pages\/7218","targetHints":{"allow":["GET"]}}],"collection":[{"href":"https:\/\/pferdeberufe.ch\/fr\/wp-json\/wp\/v2\/pages"}],"about":[{"href":"https:\/\/pferdeberufe.ch\/fr\/wp-json\/wp\/v2\/types\/page"}],"author":[{"embeddable":true,"href":"https:\/\/pferdeberufe.ch\/fr\/wp-json\/wp\/v2\/users\/4"}],"replies":[{"embeddable":true,"href":"https:\/\/pferdeberufe.ch\/fr\/wp-json\/wp\/v2\/comments?post=7218"}],"version-history":[{"count":4,"href":"https:\/\/pferdeberufe.ch\/fr\/wp-json\/wp\/v2\/pages\/7218\/revisions"}],"predecessor-version":[{"id":7401,"href":"https:\/\/pferdeberufe.ch\/fr\/wp-json\/wp\/v2\/pages\/7218\/revisions\/7401"}],"up":[{"embeddable":true,"href":"https:\/\/pferdeberufe.ch\/fr\/wp-json\/wp\/v2\/pages\/4156"}],"wp:attachment":[{"href":"https:\/\/pferdeberufe.ch\/fr\/wp-json\/wp\/v2\/media?parent=7218"}],"curies":[{"name":"wp","href":"https:\/\/api.w.org\/{rel}","templated":true}]}}