
{"id":7765,"date":"2023-06-19T15:01:46","date_gmt":"2023-06-19T13:01:46","guid":{"rendered":"https:\/\/pferdeberufe.ch\/?page_id=7765"},"modified":"2023-06-22T09:48:36","modified_gmt":"2023-06-22T07:48:36","slug":"securite-dans-lentreprise","status":"publish","type":"page","link":"https:\/\/pferdeberufe.ch\/fr\/nouvelles\/securite-dans-lentreprise\/","title":{"rendered":"S\u00e9curit\u00e9 dans l&rsquo;entreprise"},"content":{"rendered":"\t\t<div data-elementor-type=\"wp-page\" data-elementor-id=\"7765\" class=\"elementor elementor-7765 elementor-7759\" data-elementor-post-type=\"page\">\n\t\t\t\t\t\t<section class=\"elementor-section elementor-top-section elementor-element elementor-element-1eb722d2 elementor-section-boxed elementor-section-height-default elementor-section-height-default\" data-id=\"1eb722d2\" data-element_type=\"section\" data-e-type=\"section\">\n\t\t\t\t\t\t<div class=\"elementor-container elementor-column-gap-default\">\n\t\t\t\t\t<div class=\"elementor-column elementor-col-100 elementor-top-column elementor-element elementor-element-4496a76a\" data-id=\"4496a76a\" data-element_type=\"column\" data-e-type=\"column\">\n\t\t\t<div class=\"elementor-widget-wrap elementor-element-populated\">\n\t\t\t\t\t\t<div class=\"elementor-element elementor-element-9f1e0a0 elementor-widget elementor-widget-text-editor\" data-id=\"9f1e0a0\" data-element_type=\"widget\" data-e-type=\"widget\" data-widget_type=\"text-editor.default\">\n\t\t\t\t<div class=\"elementor-widget-container\">\n\t\t\t\t\t\t\t\t\t<h1>S\u00e9curit\u00e9 dans l&rsquo;entreprise<\/h1>\t\t\t\t\t\t\t\t<\/div>\n\t\t\t\t<\/div>\n\t\t\t\t\t<\/div>\n\t\t<\/div>\n\t\t\t\t\t<\/div>\n\t\t<\/section>\n\t\t\t\t<section class=\"elementor-section elementor-top-section elementor-element elementor-element-45d561bb elementor-section-full_width elementor-section-height-default elementor-section-height-default\" data-id=\"45d561bb\" data-element_type=\"section\" data-e-type=\"section\">\n\t\t\t\t\t\t<div class=\"elementor-container elementor-column-gap-no\">\n\t\t\t\t\t<div class=\"elementor-column elementor-col-100 elementor-top-column elementor-element elementor-element-091b3c3\" data-id=\"091b3c3\" data-element_type=\"column\" data-e-type=\"column\">\n\t\t\t<div class=\"elementor-widget-wrap elementor-element-populated\">\n\t\t\t\t\t\t<div class=\"elementor-element elementor-element-5d1120a elementor-widget elementor-widget-image\" data-id=\"5d1120a\" data-element_type=\"widget\" data-e-type=\"widget\" data-widget_type=\"image.default\">\n\t\t\t\t<div class=\"elementor-widget-container\">\n\t\t\t\t\t\t\t\t\t\t\t\t\t\t\t<img fetchpriority=\"high\" decoding=\"async\" width=\"300\" height=\"186\" src=\"https:\/\/pferdeberufe.ch\/wp-content\/smush-avif\/Arbeitssicherheit-300x186.png.avif\" class=\"attachment-medium size-medium wp-image-7773\" alt=\"\" srcset=\"https:\/\/pferdeberufe.ch\/wp-content\/smush-avif\/Arbeitssicherheit-300x186.png.avif 300w, https:\/\/pferdeberufe.ch\/wp-content\/smush-avif\/Arbeitssicherheit.png.avif 605w\" sizes=\"(max-width: 300px) 100vw, 300px\" \/>\t\t\t\t\t\t\t\t\t\t\t\t\t\t\t<\/div>\n\t\t\t\t<\/div>\n\t\t\t\t<div class=\"elementor-element elementor-element-535555a elementor-widget elementor-widget-text-editor\" data-id=\"535555a\" data-element_type=\"widget\" data-e-type=\"widget\" data-widget_type=\"text-editor.default\">\n\t\t\t\t<div class=\"elementor-widget-container\">\n\t\t\t\t\t\t\t\t\t<p>En Suisse, 25 000 apprentis ont un accident chaque ann\u00e9e, dont deux sont mortels. Avec cette moyenne, le risque d&rsquo;accident est plus \u00e9lev\u00e9 chez les apprentis que chez les personnes en formation. Les formateurs ont la responsabilit\u00e9 d&rsquo;attirer l&rsquo;attention des apprentis sur les dangers et de veiller \u00e0 ce que les travaux soient effectu\u00e9s correctement.<\/p><p><strong>\u00c9quipement de protection individuelle pour les apprentis<br \/><\/strong>Outre une formation consciencieuse, les entreprises formatrices ont l&rsquo;obligation, en vertu de l&rsquo;article 90 de l&rsquo;ordonnance sur la pr\u00e9vention des accidents, de mettre \u00e0 la disposition de leurs apprentis les \u00e9quipements de protection individuelle. Le contrat d&rsquo;apprentissage le mentionne aussi explicitement sous le point 10 \u00ab\u00a0Acquisitions n\u00e9cessaires \u00e0 l\u2019exercice de la profession\u00a0\u00bb. En signant chaque contrat d&rsquo;apprentissage, les formateurs s&rsquo;engagent \u00e0 respecter ces prescriptions.<\/p><p><strong>Pr\u00e9vention des accidents dans l&rsquo;entreprise<br \/><\/strong>Il vaut toujours la peine d&rsquo;investir dans la s\u00e9curit\u00e9 au travail. En outre, les employeurs ont des obligations non seulement envers les apprentis, mais aussi envers tous leurs employ\u00e9s. Celui qui emploie des collaborateurs doit appliquer la directive relative \u00e0 l&rsquo;appel \u00e0 des m\u00e9decins du travail et autres sp\u00e9cialistes de la s\u00e9curit\u00e9 au travail (directive CFST n\u00b0 6508). Il vaut donc la peine de suivre un cours sur la s\u00e9curit\u00e9 au travail.<\/p><p>Il existe actuellement les offres suivantes :<br \/>Service de pr\u00e9vention des accidents dans l&rsquo;agriculture (SPAA) : <a href=\"https:\/\/www.bul.ch\/fr-ch\">https:\/\/www.bul.ch\/fr-ch<\/a><br \/>Hipposafety (en allemand seulement) : <a href=\"https:\/\/hipposafety.ch\/\">https:\/\/hipposafety.ch\/<\/a><\/p><p>L&rsquo;OrTra M\u00e9tiers li\u00e9s au cheval examine actuellement la possibilit\u00e9 d&rsquo;organiser un cours. D\u00e8s que de plus amples informations seront disponibles, nous vous en informerons.<\/p>\t\t\t\t\t\t\t\t<\/div>\n\t\t\t\t<\/div>\n\t\t\t\t\t<\/div>\n\t\t<\/div>\n\t\t\t\t\t<\/div>\n\t\t<\/section>\n\t\t\t\t<\/div>\n\t\t","protected":false},"excerpt":{"rendered":"<p>S\u00e9curit\u00e9 dans l&rsquo;entreprise En Suisse, 25 000 apprentis ont un accident chaque ann\u00e9e, dont deux sont mortels. Avec cette moyenne, le risque d&rsquo;accident est plus \u00e9lev\u00e9 chez les apprentis que &#8230; <a title=\"S\u00e9curit\u00e9 dans l&rsquo;entreprise\" class=\"read-more\" href=\"https:\/\/pferdeberufe.ch\/fr\/nouvelles\/securite-dans-lentreprise\/\" aria-label=\"En savoir plus sur S\u00e9curit\u00e9 dans l&rsquo;entreprise\">Lire la suite<\/a><\/p>\n","protected":false},"author":4,"featured_media":0,"parent":4156,"menu_order":39,"comment_status":"closed","ping_status":"closed","template":"","meta":{"footnotes":""},"class_list":["post-7765","page","type-page","status-publish"],"publishpress_future_action":{"enabled":false,"date":"2026-05-12 08:44:43","action":"change-status","newStatus":"draft","terms":[],"taxonomy":"translation_priority","extraData":[]},"publishpress_future_workflow_manual_trigger":{"enabledWorkflows":[]},"_links":{"self":[{"href":"https:\/\/pferdeberufe.ch\/fr\/wp-json\/wp\/v2\/pages\/7765","targetHints":{"allow":["GET"]}}],"collection":[{"href":"https:\/\/pferdeberufe.ch\/fr\/wp-json\/wp\/v2\/pages"}],"about":[{"href":"https:\/\/pferdeberufe.ch\/fr\/wp-json\/wp\/v2\/types\/page"}],"author":[{"embeddable":true,"href":"https:\/\/pferdeberufe.ch\/fr\/wp-json\/wp\/v2\/users\/4"}],"replies":[{"embeddable":true,"href":"https:\/\/pferdeberufe.ch\/fr\/wp-json\/wp\/v2\/comments?post=7765"}],"version-history":[{"count":9,"href":"https:\/\/pferdeberufe.ch\/fr\/wp-json\/wp\/v2\/pages\/7765\/revisions"}],"predecessor-version":[{"id":7807,"href":"https:\/\/pferdeberufe.ch\/fr\/wp-json\/wp\/v2\/pages\/7765\/revisions\/7807"}],"up":[{"embeddable":true,"href":"https:\/\/pferdeberufe.ch\/fr\/wp-json\/wp\/v2\/pages\/4156"}],"wp:attachment":[{"href":"https:\/\/pferdeberufe.ch\/fr\/wp-json\/wp\/v2\/media?parent=7765"}],"curies":[{"name":"wp","href":"https:\/\/api.w.org\/{rel}","templated":true}]}}