
{"id":8056,"date":"2023-08-07T09:49:55","date_gmt":"2023-08-07T07:49:55","guid":{"rendered":"https:\/\/pferdeberufe.ch\/?page_id=8056"},"modified":"2023-08-07T09:58:09","modified_gmt":"2023-08-07T07:58:09","slug":"championnats-du-monde","status":"publish","type":"page","link":"https:\/\/pferdeberufe.ch\/fr\/nouvelles\/championnats-du-monde\/","title":{"rendered":"Des sportives et sportifs de la formation professionnelle aux championnats du monde !"},"content":{"rendered":"\t\t<div data-elementor-type=\"wp-page\" data-elementor-id=\"8056\" class=\"elementor elementor-8056 elementor-8032\" data-elementor-post-type=\"page\">\n\t\t\t\t\t\t<section class=\"elementor-section elementor-top-section elementor-element elementor-element-1eb722d2 elementor-section-boxed elementor-section-height-default elementor-section-height-default\" data-id=\"1eb722d2\" data-element_type=\"section\" data-e-type=\"section\">\n\t\t\t\t\t\t<div class=\"elementor-container elementor-column-gap-default\">\n\t\t\t\t\t<div class=\"elementor-column elementor-col-100 elementor-top-column elementor-element elementor-element-4496a76a\" data-id=\"4496a76a\" data-element_type=\"column\" data-e-type=\"column\">\n\t\t\t<div class=\"elementor-widget-wrap elementor-element-populated\">\n\t\t\t\t\t\t<div class=\"elementor-element elementor-element-9f1e0a0 elementor-widget elementor-widget-text-editor\" data-id=\"9f1e0a0\" data-element_type=\"widget\" data-e-type=\"widget\" data-widget_type=\"text-editor.default\">\n\t\t\t\t<div class=\"elementor-widget-container\">\n\t\t\t\t\t\t\t\t\t<h2 class=\"elementor-heading-title elementor-size-default elementor-inline-editing pen\" contenteditable=\"true\" data-elementor-setting-key=\"titel\" data-pen-placeholder=\"Eingabe hier...\"><span style=\"color: #ff0000;\">Des sportives et sportifs de la formation professionnelle <\/span> aux championnats du monde !<\/h2>\t\t\t\t\t\t\t\t<\/div>\n\t\t\t\t<\/div>\n\t\t\t\t\t<\/div>\n\t\t<\/div>\n\t\t\t\t\t<\/div>\n\t\t<\/section>\n\t\t\t\t<section class=\"elementor-section elementor-top-section elementor-element elementor-element-45d561bb elementor-section-full_width elementor-section-height-default elementor-section-height-default\" data-id=\"45d561bb\" data-element_type=\"section\" data-e-type=\"section\">\n\t\t\t\t\t\t<div class=\"elementor-container elementor-column-gap-no\">\n\t\t\t\t\t<div class=\"elementor-column elementor-col-100 elementor-top-column elementor-element elementor-element-091b3c3\" data-id=\"091b3c3\" data-element_type=\"column\" data-e-type=\"column\">\n\t\t\t<div class=\"elementor-widget-wrap elementor-element-populated\">\n\t\t\t\t\t\t<div class=\"elementor-element elementor-element-535555a elementor-widget elementor-widget-text-editor\" data-id=\"535555a\" data-element_type=\"widget\" data-e-type=\"widget\" data-widget_type=\"text-editor.default\">\n\t\t\t\t<div class=\"elementor-widget-container\">\n\t\t\t\t\t\t\t\t\t<p>Cinq professionnel\/les en \u00e9quitation d&rsquo;allures CFC participeront cette ann\u00e9e aux Championnats du monde des chevaux islandais \u00e0 Oirschot\/Hollande du 8 au 13 ao\u00fbt 2023. C&rsquo;est formidable de voir de tel\/les jeunes professionnel\/les r\u00e9ussir non seulement dans leur travail avec passion, mais aussi dans le sport avec beaucoup de c\u0153ur et d&rsquo;application avec le cheval. C&rsquo;est avec plaisir que nous vous pr\u00e9sentons les cinq jeunes gens et leur souhaitons \u00e0 tou\/tes bonne chance et beaucoup de plaisir lors de leur participation.<\/p>\t\t\t\t\t\t\t\t<\/div>\n\t\t\t\t<\/div>\n\t\t\t\t\t<\/div>\n\t\t<\/div>\n\t\t\t\t\t<\/div>\n\t\t<\/section>\n\t\t\t\t<section class=\"elementor-section elementor-top-section elementor-element elementor-element-d11d5b4 elementor-section-boxed elementor-section-height-default elementor-section-height-default\" data-id=\"d11d5b4\" data-element_type=\"section\" data-e-type=\"section\">\n\t\t\t\t\t\t<div class=\"elementor-container elementor-column-gap-default\">\n\t\t\t\t\t<div class=\"elementor-column elementor-col-33 elementor-top-column elementor-element elementor-element-0187074\" data-id=\"0187074\" data-element_type=\"column\" data-e-type=\"column\">\n\t\t\t<div class=\"elementor-widget-wrap elementor-element-populated\">\n\t\t\t\t\t\t<div class=\"elementor-element elementor-element-0e0069a elementor-widget elementor-widget-image\" data-id=\"0e0069a\" data-element_type=\"widget\" data-e-type=\"widget\" data-widget_type=\"image.default\">\n\t\t\t\t<div class=\"elementor-widget-container\">\n\t\t\t\t\t\t\t\t\t\t\t\t\t\t\t<img fetchpriority=\"high\" decoding=\"async\" width=\"1024\" height=\"682\" src=\"https:\/\/pferdeberufe.ch\/wp-content\/smush-avif\/Linnea-Wydler-1024x682.png.avif\" class=\"attachment-large size-large wp-image-8044\" alt=\"\" srcset=\"https:\/\/pferdeberufe.ch\/wp-content\/smush-avif\/Linnea-Wydler-1024x682.png.avif 1024w, https:\/\/pferdeberufe.ch\/wp-content\/smush-avif\/Linnea-Wydler-300x200.png.avif 300w, https:\/\/pferdeberufe.ch\/wp-content\/smush-avif\/Linnea-Wydler-768x512.png.avif 768w, https:\/\/pferdeberufe.ch\/wp-content\/smush-avif\/Linnea-Wydler-1536x1023.png.avif 1536w, https:\/\/pferdeberufe.ch\/wp-content\/smush-avif\/Linnea-Wydler.png.avif 1920w\" sizes=\"(max-width: 1024px) 100vw, 1024px\" \/>\t\t\t\t\t\t\t\t\t\t\t\t\t\t\t<\/div>\n\t\t\t\t<\/div>\n\t\t\t\t\t<\/div>\n\t\t<\/div>\n\t\t\t\t<div class=\"elementor-column elementor-col-66 elementor-top-column elementor-element elementor-element-e285c7c\" data-id=\"e285c7c\" data-element_type=\"column\" data-e-type=\"column\">\n\t\t\t<div class=\"elementor-widget-wrap elementor-element-populated\">\n\t\t\t\t\t\t<div class=\"elementor-element elementor-element-ee0632f elementor-widget elementor-widget-text-editor\" data-id=\"ee0632f\" data-element_type=\"widget\" data-e-type=\"widget\" data-widget_type=\"text-editor.default\">\n\t\t\t\t<div class=\"elementor-widget-container\">\n\t\t\t\t\t\t\t\t\t<p><strong>Linn\u00e9a Wydler, 29 ans, classe adulte, CFC obtenu en 2014, Hestar Hof Heller, Sins<\/strong><\/p><p><strong>Cheval :<\/strong> Freymodur vom Wiesenhof<\/p><p><strong>Motivation pour les championnats du monde en Hollande :<\/strong> Je suis heureuse et fi\u00e8re de faire partie de l&rsquo;\u00e9quipe Suisse 23. La participation aux Championnats du monde \u00e0 Oirschot confirme notre entra\u00eenement pr\u00e9c\u00e9dent ainsi que nos performances de cette ann\u00e9e et me motive \u00e0 continuer d&rsquo;apprendre et de m&rsquo;am\u00e9liorer. Depuis l&rsquo;obtention de mon dipl\u00f4me, je travaille au Hestar Hof Heller et je suis incroyablement reconnaissante pour le formidable soutien, les nombreuses heures d&rsquo;entra\u00eenement et, surtout, pour la possibilit\u00e9 de monter ce cheval fantastique. Je suis tr\u00e8s heureuse de pouvoir entreprendre ce voyage avec Freymodur et d&rsquo;acqu\u00e9rir de nouvelles exp\u00e9riences.<\/p>\t\t\t\t\t\t\t\t<\/div>\n\t\t\t\t<\/div>\n\t\t\t\t\t<\/div>\n\t\t<\/div>\n\t\t\t\t\t<\/div>\n\t\t<\/section>\n\t\t\t\t<section class=\"elementor-section elementor-top-section elementor-element elementor-element-f02935e elementor-section-boxed elementor-section-height-default elementor-section-height-default\" data-id=\"f02935e\" data-element_type=\"section\" data-e-type=\"section\">\n\t\t\t\t\t\t<div class=\"elementor-container elementor-column-gap-default\">\n\t\t\t\t\t<div class=\"elementor-column elementor-col-33 elementor-top-column elementor-element elementor-element-3b78c2f\" data-id=\"3b78c2f\" data-element_type=\"column\" data-e-type=\"column\">\n\t\t\t<div class=\"elementor-widget-wrap elementor-element-populated\">\n\t\t\t\t\t\t<div class=\"elementor-element elementor-element-b7784c5 elementor-widget elementor-widget-image\" data-id=\"b7784c5\" data-element_type=\"widget\" data-e-type=\"widget\" data-widget_type=\"image.default\">\n\t\t\t\t<div class=\"elementor-widget-container\">\n\t\t\t\t\t\t\t\t\t\t\t\t\t\t\t<img decoding=\"async\" width=\"1024\" height=\"683\" src=\"https:\/\/pferdeberufe.ch\/wp-content\/smush-avif\/Indira-Scherrer.png.avif\" class=\"attachment-large size-large wp-image-8038\" alt=\"\" srcset=\"https:\/\/pferdeberufe.ch\/wp-content\/smush-avif\/Indira-Scherrer.png.avif 1260w, https:\/\/pferdeberufe.ch\/wp-content\/smush-avif\/Indira-Scherrer-300x200.png.avif 300w\" sizes=\"(max-width: 1024px) 100vw, 1024px\" \/>\t\t\t\t\t\t\t\t\t\t\t\t\t\t\t<\/div>\n\t\t\t\t<\/div>\n\t\t\t\t\t<\/div>\n\t\t<\/div>\n\t\t\t\t<div class=\"elementor-column elementor-col-66 elementor-top-column elementor-element elementor-element-faa8375\" data-id=\"faa8375\" data-element_type=\"column\" data-e-type=\"column\">\n\t\t\t<div class=\"elementor-widget-wrap elementor-element-populated\">\n\t\t\t\t\t\t<div class=\"elementor-element elementor-element-b744ee3 elementor-widget elementor-widget-text-editor\" data-id=\"b744ee3\" data-element_type=\"widget\" data-e-type=\"widget\" data-widget_type=\"text-editor.default\">\n\t\t\t\t<div class=\"elementor-widget-container\">\n\t\t\t\t\t\t\t\t\t<p><strong>Indira Scherrer, 20 ans, classe junior, encore en formation CFC jusqu&rsquo;en 2024, Reithof Neckertal Brunnadern<\/strong><\/p><p><strong>Cheval<\/strong> : Dugur fr\u00e1 Ketilsst\u00f6dum<\/p><p><strong>Objectifs pour les Championnats du monde en Hollande:<\/strong> Je me r\u00e9jouis \u00e9norm\u00e9ment de participer aux Championnats du monde pour la Suisse, c&rsquo;est un grand r\u00eave qui se r\u00e9alise pour moi. Mon objectif est de montrer notre meilleure performance de la saison aux championnats du monde, et ce avec le sourire.<\/p>\t\t\t\t\t\t\t\t<\/div>\n\t\t\t\t<\/div>\n\t\t\t\t\t<\/div>\n\t\t<\/div>\n\t\t\t\t\t<\/div>\n\t\t<\/section>\n\t\t\t\t<section class=\"elementor-section elementor-top-section elementor-element elementor-element-78f4a4f elementor-section-boxed elementor-section-height-default elementor-section-height-default\" data-id=\"78f4a4f\" data-element_type=\"section\" data-e-type=\"section\">\n\t\t\t\t\t\t<div class=\"elementor-container elementor-column-gap-default\">\n\t\t\t\t\t<div class=\"elementor-column elementor-col-33 elementor-top-column elementor-element elementor-element-f5c71df\" data-id=\"f5c71df\" data-element_type=\"column\" data-e-type=\"column\">\n\t\t\t<div class=\"elementor-widget-wrap elementor-element-populated\">\n\t\t\t\t\t\t<div class=\"elementor-element elementor-element-209c2b2 elementor-widget elementor-widget-image\" data-id=\"209c2b2\" data-element_type=\"widget\" data-e-type=\"widget\" data-widget_type=\"image.default\">\n\t\t\t\t<div class=\"elementor-widget-container\">\n\t\t\t\t\t\t\t\t\t\t\t\t\t\t\t<img decoding=\"async\" width=\"1024\" height=\"683\" src=\"https:\/\/pferdeberufe.ch\/wp-content\/smush-avif\/Lisa-Staubli-1024x683.png.avif\" class=\"attachment-large size-large wp-image-8040\" alt=\"\" srcset=\"https:\/\/pferdeberufe.ch\/wp-content\/smush-avif\/Lisa-Staubli-1024x683.png.avif 1024w, https:\/\/pferdeberufe.ch\/wp-content\/smush-avif\/Lisa-Staubli-300x200.png.avif 300w, https:\/\/pferdeberufe.ch\/wp-content\/smush-avif\/Lisa-Staubli-768x512.png.avif 768w, https:\/\/pferdeberufe.ch\/wp-content\/smush-avif\/Lisa-Staubli.png.avif 1260w\" sizes=\"(max-width: 1024px) 100vw, 1024px\" \/>\t\t\t\t\t\t\t\t\t\t\t\t\t\t\t<\/div>\n\t\t\t\t<\/div>\n\t\t\t\t\t<\/div>\n\t\t<\/div>\n\t\t\t\t<div class=\"elementor-column elementor-col-66 elementor-top-column elementor-element elementor-element-82030d6\" data-id=\"82030d6\" data-element_type=\"column\" data-e-type=\"column\">\n\t\t\t<div class=\"elementor-widget-wrap elementor-element-populated\">\n\t\t\t\t\t\t<div class=\"elementor-element elementor-element-df63214 elementor-widget elementor-widget-text-editor\" data-id=\"df63214\" data-element_type=\"widget\" data-e-type=\"widget\" data-widget_type=\"text-editor.default\">\n\t\t\t\t<div class=\"elementor-widget-container\">\n\t\t\t\t\t\t\t\t\t<p><strong>Lisa Staubli, 31 ans, classe adulte, CFC de professionnelle du cheval, ferme \u00e9questre islandaise Engjavatni, Horgenberg<br \/><\/strong><br \/><strong>Cheval :<\/strong> Vidja fr\u00e1 Feti<br \/><br \/><strong>Motivation pour les championnats du monde en Hollande :<\/strong> je me r\u00e9jouis de passer un bon moment aux championnats du monde et de voir beaucoup de beaux chevaux. Participer aux Championnats du monde signifie beaucoup pour moi, je me r\u00e9jouis de prendre le d\u00e9part pour la Suisse et notre formidable \u00e9quipe.<\/p>\t\t\t\t\t\t\t\t<\/div>\n\t\t\t\t<\/div>\n\t\t\t\t\t<\/div>\n\t\t<\/div>\n\t\t\t\t\t<\/div>\n\t\t<\/section>\n\t\t\t\t<section class=\"elementor-section elementor-top-section elementor-element elementor-element-1ec186e elementor-section-boxed elementor-section-height-default elementor-section-height-default\" data-id=\"1ec186e\" data-element_type=\"section\" data-e-type=\"section\">\n\t\t\t\t\t\t<div class=\"elementor-container elementor-column-gap-default\">\n\t\t\t\t\t<div class=\"elementor-column elementor-col-33 elementor-top-column elementor-element elementor-element-dd8e30e\" data-id=\"dd8e30e\" data-element_type=\"column\" data-e-type=\"column\">\n\t\t\t<div class=\"elementor-widget-wrap elementor-element-populated\">\n\t\t\t\t\t\t<div class=\"elementor-element elementor-element-e79b210 elementor-widget elementor-widget-image\" data-id=\"e79b210\" data-element_type=\"widget\" data-e-type=\"widget\" data-widget_type=\"image.default\">\n\t\t\t\t<div class=\"elementor-widget-container\">\n\t\t\t\t\t\t\t\t\t\t\t\t\t\t\t<img loading=\"lazy\" decoding=\"async\" width=\"1024\" height=\"683\" src=\"https:\/\/pferdeberufe.ch\/wp-content\/smush-avif\/Ilaya-Weibel-1024x683.png.avif\" class=\"attachment-large size-large wp-image-8036\" alt=\"\" srcset=\"https:\/\/pferdeberufe.ch\/wp-content\/smush-avif\/Ilaya-Weibel-1024x683.png.avif 1024w, https:\/\/pferdeberufe.ch\/wp-content\/smush-avif\/Ilaya-Weibel-300x200.png.avif 300w, https:\/\/pferdeberufe.ch\/wp-content\/smush-avif\/Ilaya-Weibel-768x512.png.avif 768w, https:\/\/pferdeberufe.ch\/wp-content\/smush-avif\/Ilaya-Weibel.png.avif 1450w\" sizes=\"(max-width: 1024px) 100vw, 1024px\" \/>\t\t\t\t\t\t\t\t\t\t\t\t\t\t\t<\/div>\n\t\t\t\t<\/div>\n\t\t\t\t\t<\/div>\n\t\t<\/div>\n\t\t\t\t<div class=\"elementor-column elementor-col-66 elementor-top-column elementor-element elementor-element-0156340\" data-id=\"0156340\" data-element_type=\"column\" data-e-type=\"column\">\n\t\t\t<div class=\"elementor-widget-wrap elementor-element-populated\">\n\t\t\t\t\t\t<div class=\"elementor-element elementor-element-303263a elementor-widget elementor-widget-text-editor\" data-id=\"303263a\" data-element_type=\"widget\" data-e-type=\"widget\" data-widget_type=\"text-editor.default\">\n\t\t\t\t<div class=\"elementor-widget-container\">\n\t\t\t\t\t\t\t\t\t<p><strong>Ilaya Weibel, 20 ans, classe junior, CFC obtenu en 2022, Hestar Hof Heller, Sins<\/strong><\/p><p><strong>Cheval :<\/strong> Fimur fr\u00e1 Egholm<\/p><p><strong>Que signifie pour toi cette participation :<\/strong> lorsque j&rsquo;ai pass\u00e9 le sabot de bronze, nous avons regard\u00e9 un court-m\u00e9trage sur les championnats du monde 2013 \u00e0 Berlin. J&rsquo;\u00e9tais totalement fascin\u00e9e et je me demandais ce que cela devait faire d&rsquo;y participer et de chevaucher avec les \u00ab\u00a0tr\u00e8s grands\u00a0\u00bb. \u00c0 l&rsquo;\u00e9poque, je n&rsquo;aurais jamais pu imaginer que neuf ans plus tard, je ferais moi-m\u00eame partie de l&rsquo;\u00c9quipe Suisse des Championnats du monde. Pour moi, c&rsquo;est un grand r\u00eave qui se r\u00e9alise et je suis incroyablement reconnaissant de cette opportunit\u00e9.<\/p>\t\t\t\t\t\t\t\t<\/div>\n\t\t\t\t<\/div>\n\t\t\t\t\t<\/div>\n\t\t<\/div>\n\t\t\t\t\t<\/div>\n\t\t<\/section>\n\t\t\t\t<section class=\"elementor-section elementor-top-section elementor-element elementor-element-e4587ee elementor-section-boxed elementor-section-height-default elementor-section-height-default\" data-id=\"e4587ee\" data-element_type=\"section\" data-e-type=\"section\">\n\t\t\t\t\t\t<div class=\"elementor-container elementor-column-gap-default\">\n\t\t\t\t\t<div class=\"elementor-column elementor-col-33 elementor-top-column elementor-element elementor-element-d3669a6\" data-id=\"d3669a6\" data-element_type=\"column\" data-e-type=\"column\">\n\t\t\t<div class=\"elementor-widget-wrap elementor-element-populated\">\n\t\t\t\t\t\t<div class=\"elementor-element elementor-element-d5dc6d6 elementor-widget elementor-widget-image\" data-id=\"d5dc6d6\" data-element_type=\"widget\" data-e-type=\"widget\" data-widget_type=\"image.default\">\n\t\t\t\t<div class=\"elementor-widget-container\">\n\t\t\t\t\t\t\t\t\t\t\t\t\t\t\t<img loading=\"lazy\" decoding=\"async\" width=\"244\" height=\"300\" src=\"https:\/\/pferdeberufe.ch\/wp-content\/smush-avif\/Livio-Furci-244x300.png.avif\" class=\"attachment-medium size-medium wp-image-8042\" alt=\"\" srcset=\"https:\/\/pferdeberufe.ch\/wp-content\/smush-avif\/Livio-Furci-244x300.png.avif 244w, https:\/\/pferdeberufe.ch\/wp-content\/smush-avif\/Livio-Furci-831x1024.png.avif 831w, https:\/\/pferdeberufe.ch\/wp-content\/smush-avif\/Livio-Furci-768x946.png.avif 768w, https:\/\/pferdeberufe.ch\/wp-content\/smush-avif\/Livio-Furci.png.avif 1170w\" sizes=\"(max-width: 244px) 100vw, 244px\" \/>\t\t\t\t\t\t\t\t\t\t\t\t\t\t\t<\/div>\n\t\t\t\t<\/div>\n\t\t\t\t\t<\/div>\n\t\t<\/div>\n\t\t\t\t<div class=\"elementor-column elementor-col-66 elementor-top-column elementor-element elementor-element-d645d43\" data-id=\"d645d43\" data-element_type=\"column\" data-e-type=\"column\">\n\t\t\t<div class=\"elementor-widget-wrap elementor-element-populated\">\n\t\t\t\t\t\t<div class=\"elementor-element elementor-element-5dd9bb0 elementor-widget elementor-widget-text-editor\" data-id=\"5dd9bb0\" data-element_type=\"widget\" data-e-type=\"widget\" data-widget_type=\"text-editor.default\">\n\t\t\t\t<div class=\"elementor-widget-container\">\n\t\t\t\t\t\t\t\t\t<p><strong>Livio Fruci, 25 ans, classe adulte, CFC obtenu en 2018 Hestar Hof Heller, maintenant \u00e0 son compte : Chevaux islandais Wallenschwil, Steinhausen<\/strong><\/p><p><strong>Cheval :<\/strong> Johannes Kjarval fr\u00e1 Hala<\/p><p><strong>Que signifient pour toi les Championnats du monde en Hollande :<\/strong> Les Championnats du monde sont tr\u00e8s importants pour moi et me montrent que je suis sur la bonne voie dans le domaine de l&rsquo;\u00e9quitation. Je me r\u00e9jouis de l&rsquo;exp\u00e9rience de pouvoir monter chez les adultes, de la comparaison internationale et de rencontrer tous ces gens que je ne verrais jamais autrement.<\/p>\t\t\t\t\t\t\t\t<\/div>\n\t\t\t\t<\/div>\n\t\t\t\t\t<\/div>\n\t\t<\/div>\n\t\t\t\t\t<\/div>\n\t\t<\/section>\n\t\t\t\t<\/div>\n\t\t","protected":false},"excerpt":{"rendered":"<p>Des sportives et sportifs de la formation professionnelle aux championnats du monde ! Cinq professionnel\/les en \u00e9quitation d&rsquo;allures CFC participeront cette ann\u00e9e aux Championnats du monde des chevaux islandais \u00e0 &#8230; <a title=\"Des sportives et sportifs de la formation professionnelle aux championnats du monde !\" class=\"read-more\" href=\"https:\/\/pferdeberufe.ch\/fr\/nouvelles\/championnats-du-monde\/\" aria-label=\"En savoir plus sur Des sportives et sportifs de la formation professionnelle aux championnats du monde !\">Lire la suite<\/a><\/p>\n","protected":false},"author":4,"featured_media":0,"parent":4156,"menu_order":39,"comment_status":"closed","ping_status":"closed","template":"","meta":{"footnotes":""},"class_list":["post-8056","page","type-page","status-publish"],"publishpress_future_action":{"enabled":false,"date":"2026-04-12 18:34:48","action":"change-status","newStatus":"draft","terms":[],"taxonomy":"translation_priority","extraData":[]},"publishpress_future_workflow_manual_trigger":{"enabledWorkflows":[]},"_links":{"self":[{"href":"https:\/\/pferdeberufe.ch\/fr\/wp-json\/wp\/v2\/pages\/8056","targetHints":{"allow":["GET"]}}],"collection":[{"href":"https:\/\/pferdeberufe.ch\/fr\/wp-json\/wp\/v2\/pages"}],"about":[{"href":"https:\/\/pferdeberufe.ch\/fr\/wp-json\/wp\/v2\/types\/page"}],"author":[{"embeddable":true,"href":"https:\/\/pferdeberufe.ch\/fr\/wp-json\/wp\/v2\/users\/4"}],"replies":[{"embeddable":true,"href":"https:\/\/pferdeberufe.ch\/fr\/wp-json\/wp\/v2\/comments?post=8056"}],"version-history":[{"count":8,"href":"https:\/\/pferdeberufe.ch\/fr\/wp-json\/wp\/v2\/pages\/8056\/revisions"}],"predecessor-version":[{"id":8064,"href":"https:\/\/pferdeberufe.ch\/fr\/wp-json\/wp\/v2\/pages\/8056\/revisions\/8064"}],"up":[{"embeddable":true,"href":"https:\/\/pferdeberufe.ch\/fr\/wp-json\/wp\/v2\/pages\/4156"}],"wp:attachment":[{"href":"https:\/\/pferdeberufe.ch\/fr\/wp-json\/wp\/v2\/media?parent=8056"}],"curies":[{"name":"wp","href":"https:\/\/api.w.org\/{rel}","templated":true}]}}