
{"id":8328,"date":"2023-09-29T09:39:08","date_gmt":"2023-09-29T07:39:08","guid":{"rendered":"https:\/\/pferdeberufe.ch\/?page_id=8328"},"modified":"2023-09-29T10:41:25","modified_gmt":"2023-09-29T08:41:25","slug":"logo-fps","status":"publish","type":"page","link":"https:\/\/pferdeberufe.ch\/fr\/nouvelles\/logo-fps\/","title":{"rendered":"Formation professionnelle sup\u00e9rieure : logos pour les dipl\u00f4m\u00e9(e)s"},"content":{"rendered":"\t\t<div data-elementor-type=\"wp-page\" data-elementor-id=\"8328\" class=\"elementor elementor-8328 elementor-8278\" data-elementor-post-type=\"page\">\n\t\t\t\t\t\t<section class=\"elementor-section elementor-top-section elementor-element elementor-element-1eb722d2 elementor-section-boxed elementor-section-height-default elementor-section-height-default\" data-id=\"1eb722d2\" data-element_type=\"section\" data-e-type=\"section\">\n\t\t\t\t\t\t<div class=\"elementor-container elementor-column-gap-default\">\n\t\t\t\t\t<div class=\"elementor-column elementor-col-100 elementor-top-column elementor-element elementor-element-4496a76a\" data-id=\"4496a76a\" data-element_type=\"column\" data-e-type=\"column\">\n\t\t\t<div class=\"elementor-widget-wrap elementor-element-populated\">\n\t\t\t\t\t\t<div class=\"elementor-element elementor-element-9f1e0a0 elementor-widget elementor-widget-text-editor\" data-id=\"9f1e0a0\" data-element_type=\"widget\" data-e-type=\"widget\" data-widget_type=\"text-editor.default\">\n\t\t\t\t<div class=\"elementor-widget-container\">\n\t\t\t\t\t\t\t\t\t<h2 class=\"elementor-heading-title elementor-size-default elementor-inline-editing pen\" contenteditable=\"true\" data-elementor-setting-key=\"titel\" data-pen-placeholder=\"Eingabe hier...\"><span style=\"color: #ff0000;\">Formation professionnelle sup\u00e9rieure :<\/span> Logos pour les dipl\u00f4m\u00e9(e)s\u00a0<\/h2>\t\t\t\t\t\t\t\t<\/div>\n\t\t\t\t<\/div>\n\t\t\t\t\t<\/div>\n\t\t<\/div>\n\t\t\t\t\t<\/div>\n\t\t<\/section>\n\t\t\t\t<section class=\"elementor-section elementor-top-section elementor-element elementor-element-45d561bb elementor-section-full_width elementor-section-height-default elementor-section-height-default\" data-id=\"45d561bb\" data-element_type=\"section\" data-e-type=\"section\">\n\t\t\t\t\t\t<div class=\"elementor-container elementor-column-gap-no\">\n\t\t\t\t\t<div class=\"elementor-column elementor-col-100 elementor-top-column elementor-element elementor-element-091b3c3\" data-id=\"091b3c3\" data-element_type=\"column\" data-e-type=\"column\">\n\t\t\t<div class=\"elementor-widget-wrap elementor-element-populated\">\n\t\t\t\t\t\t<div class=\"elementor-element elementor-element-1a63549 elementor-widget elementor-widget-image\" data-id=\"1a63549\" data-element_type=\"widget\" data-e-type=\"widget\" data-widget_type=\"image.default\">\n\t\t\t\t<div class=\"elementor-widget-container\">\n\t\t\t\t\t\t\t\t\t\t\t\t\t\t\t<img decoding=\"async\" src=\"https:\/\/pferdeberufe.ch\/wp-content\/uploads\/elementor\/thumbs\/Specialiste_Pferdebranche_weisser_Hintergrund_Pferd_Rot_Fr-re0uipjvbf1cqn42gaond23xkudhh9yoqfc8day6qo.jpg\" title=\"Sp\u00e9cialiste_Pferdebranche_weisser_Hintergrund_Pferd_Rot_Fr\" alt=\"Sp\u00e9cialiste_Pferdebranche_weisser_Hintergrund_Pferd_Rot_Fr\" loading=\"lazy\" \/>\t\t\t\t\t\t\t\t\t\t\t\t\t\t\t<\/div>\n\t\t\t\t<\/div>\n\t\t\t\t<div class=\"elementor-element elementor-element-535555a elementor-widget elementor-widget-text-editor\" data-id=\"535555a\" data-element_type=\"widget\" data-e-type=\"widget\" data-widget_type=\"text-editor.default\">\n\t\t\t\t<div class=\"elementor-widget-container\">\n\t\t\t\t\t\t\t\t\t<p>La formation professionnelle sup\u00e9rieure de la fili\u00e8re \u00e9quine s&rsquo;adresse aux personnes qui souhaitent se perfectionner sur le plan professionnel et personnel. Apr\u00e8s avoir r\u00e9ussi l&rsquo;examen professionnel sup\u00e9rieur, les dipl\u00f4m\u00e9(e)s re\u00e7oivent le titre de sp\u00e9cialiste de la fili\u00e8re \u00e9quine. Apr\u00e8s avoir pass\u00e9 l&rsquo;examen professionnel sup\u00e9rieur, ils peuvent se nommer expert(e)s de la fili\u00e8re \u00e9quine.<br \/>Ces dipl\u00f4mes exigeants requi\u00e8rent beaucoup d&rsquo;assiduit\u00e9, un \u00e9norme engagement et des connaissances sp\u00e9cialis\u00e9es suppl\u00e9mentaires.<\/p><p>Ces dipl\u00f4mes sont donc une distinction bien m\u00e9rit\u00e9e. L&rsquo;OrTra M\u00e9tiers li\u00e9s au cheval Suisse a donc d\u00e9cid\u00e9 de donner une meilleure expression \u00e0 ces prestations et distinctions. Des logos ont donc \u00e9t\u00e9 cr\u00e9\u00e9s et peuvent \u00eatre utilis\u00e9s. Les directives de l&rsquo;OrTra r\u00e9gissent leur utilisation. L&rsquo;\u00e9quivalence des anciens dipl\u00f4mes de la fili\u00e8re \u00e9quine est \u00e9galement r\u00e9gl\u00e9e.<\/p><p><br \/>Les logos peuvent d\u00e9sormais \u00eatre t\u00e9l\u00e9charg\u00e9s sur le site web de l&rsquo;OrTra. Les programmes de broderie peuvent \u00eatre obtenus sur demande aupr\u00e8s du secr\u00e9tariat.<\/p>\t\t\t\t\t\t\t\t<\/div>\n\t\t\t\t<\/div>\n\t\t\t\t\t<\/div>\n\t\t<\/div>\n\t\t\t\t\t<\/div>\n\t\t<\/section>\n\t\t\t\t<section class=\"elementor-section elementor-top-section elementor-element elementor-element-5e9639a elementor-section-boxed elementor-section-height-default elementor-section-height-default\" data-id=\"5e9639a\" data-element_type=\"section\" data-e-type=\"section\">\n\t\t\t\t\t\t<div class=\"elementor-container elementor-column-gap-default\">\n\t\t\t\t\t<div class=\"elementor-column elementor-col-100 elementor-top-column elementor-element elementor-element-de87315\" data-id=\"de87315\" data-element_type=\"column\" data-e-type=\"column\">\n\t\t\t<div class=\"elementor-widget-wrap elementor-element-populated\">\n\t\t\t\t\t\t<div class=\"elementor-element elementor-element-5e708f7 elementor-align-center elementor-widget elementor-widget-button\" data-id=\"5e708f7\" data-element_type=\"widget\" data-e-type=\"widget\" data-widget_type=\"button.default\">\n\t\t\t\t<div class=\"elementor-widget-container\">\n\t\t\t\t\t\t\t\t\t<div class=\"elementor-button-wrapper\">\n\t\t\t\t\t<a class=\"elementor-button elementor-button-link elementor-size-sm\" href=\"https:\/\/pferdeberufe.ch\/wp-content\/uploads\/Einsatz-Logo-Spezialist-und-Experte_fr.pdf\" target=\"_blank\">\n\t\t\t\t\t\t<span class=\"elementor-button-content-wrapper\">\n\t\t\t\t\t\t\t\t\t<span class=\"elementor-button-text\">Cliquez ici pour les directives<\/span>\n\t\t\t\t\t<\/span>\n\t\t\t\t\t<\/a>\n\t\t\t\t<\/div>\n\t\t\t\t\t\t\t\t<\/div>\n\t\t\t\t<\/div>\n\t\t\t\t<div class=\"elementor-element elementor-element-54e9358 elementor-align-center elementor-widget elementor-widget-button\" data-id=\"54e9358\" data-element_type=\"widget\" data-e-type=\"widget\" data-widget_type=\"button.default\">\n\t\t\t\t<div class=\"elementor-widget-container\">\n\t\t\t\t\t\t\t\t\t<div class=\"elementor-button-wrapper\">\n\t\t\t\t\t<a class=\"elementor-button elementor-button-link elementor-size-sm\" href=\"https:\/\/pferdeberufe.ch\/fr\/hoehere-berufsbildung-download\/\" target=\"_blank\">\n\t\t\t\t\t\t<span class=\"elementor-button-content-wrapper\">\n\t\t\t\t\t\t\t\t\t<span class=\"elementor-button-text\">Cliquez ici pour les logos<\/span>\n\t\t\t\t\t<\/span>\n\t\t\t\t\t<\/a>\n\t\t\t\t<\/div>\n\t\t\t\t\t\t\t\t<\/div>\n\t\t\t\t<\/div>\n\t\t\t\t\t<\/div>\n\t\t<\/div>\n\t\t\t\t\t<\/div>\n\t\t<\/section>\n\t\t\t\t<\/div>\n\t\t","protected":false},"excerpt":{"rendered":"<p>Formation professionnelle sup\u00e9rieure : Logos pour les dipl\u00f4m\u00e9(e)s La formation professionnelle sup\u00e9rieure de la fili\u00e8re \u00e9quine s&rsquo;adresse aux personnes qui souhaitent se perfectionner sur le plan professionnel et personnel. Apr\u00e8s &#8230; <a title=\"Formation professionnelle sup\u00e9rieure : logos pour les dipl\u00f4m\u00e9(e)s\" class=\"read-more\" href=\"https:\/\/pferdeberufe.ch\/fr\/nouvelles\/logo-fps\/\" aria-label=\"En savoir plus sur Formation professionnelle sup\u00e9rieure : logos pour les dipl\u00f4m\u00e9(e)s\">Lire la suite<\/a><\/p>\n","protected":false},"author":4,"featured_media":0,"parent":4156,"menu_order":39,"comment_status":"closed","ping_status":"closed","template":"","meta":{"footnotes":""},"class_list":["post-8328","page","type-page","status-publish"],"publishpress_future_action":{"enabled":false,"date":"2026-04-23 02:25:07","action":"change-status","newStatus":"draft","terms":[],"taxonomy":"translation_priority","extraData":[]},"publishpress_future_workflow_manual_trigger":{"enabledWorkflows":[]},"_links":{"self":[{"href":"https:\/\/pferdeberufe.ch\/fr\/wp-json\/wp\/v2\/pages\/8328","targetHints":{"allow":["GET"]}}],"collection":[{"href":"https:\/\/pferdeberufe.ch\/fr\/wp-json\/wp\/v2\/pages"}],"about":[{"href":"https:\/\/pferdeberufe.ch\/fr\/wp-json\/wp\/v2\/types\/page"}],"author":[{"embeddable":true,"href":"https:\/\/pferdeberufe.ch\/fr\/wp-json\/wp\/v2\/users\/4"}],"replies":[{"embeddable":true,"href":"https:\/\/pferdeberufe.ch\/fr\/wp-json\/wp\/v2\/comments?post=8328"}],"version-history":[{"count":13,"href":"https:\/\/pferdeberufe.ch\/fr\/wp-json\/wp\/v2\/pages\/8328\/revisions"}],"predecessor-version":[{"id":8358,"href":"https:\/\/pferdeberufe.ch\/fr\/wp-json\/wp\/v2\/pages\/8328\/revisions\/8358"}],"up":[{"embeddable":true,"href":"https:\/\/pferdeberufe.ch\/fr\/wp-json\/wp\/v2\/pages\/4156"}],"wp:attachment":[{"href":"https:\/\/pferdeberufe.ch\/fr\/wp-json\/wp\/v2\/media?parent=8328"}],"curies":[{"name":"wp","href":"https:\/\/api.w.org\/{rel}","templated":true}]}}