
{"id":9483,"date":"2024-02-07T08:27:55","date_gmt":"2024-02-07T07:27:55","guid":{"rendered":"https:\/\/pferdeberufe.ch\/?page_id=9483"},"modified":"2024-02-09T10:50:40","modified_gmt":"2024-02-09T09:50:40","slug":"reunions-dinformation-revision-formation","status":"publish","type":"page","link":"https:\/\/pferdeberufe.ch\/fr\/reunions-dinformation-revision-formation\/","title":{"rendered":"R\u00e9unions d&rsquo;information sur la r\u00e9vision de la formation"},"content":{"rendered":"\t\t<div data-elementor-type=\"wp-page\" data-elementor-id=\"9483\" class=\"elementor elementor-9483 elementor-8910\" data-elementor-post-type=\"page\">\n\t\t\t\t\t\t<section class=\"elementor-section elementor-top-section elementor-element elementor-element-e2009f2 elementor-section-boxed elementor-section-height-default elementor-section-height-default\" data-id=\"e2009f2\" data-element_type=\"section\" data-e-type=\"section\">\n\t\t\t\t\t\t<div class=\"elementor-container elementor-column-gap-default\">\n\t\t\t\t\t<div class=\"elementor-column elementor-col-100 elementor-top-column elementor-element elementor-element-6e095e1\" data-id=\"6e095e1\" data-element_type=\"column\" data-e-type=\"column\">\n\t\t\t<div class=\"elementor-widget-wrap elementor-element-populated\">\n\t\t\t\t\t\t<div class=\"elementor-element elementor-element-7a7b56b elementor-skin-carousel elementor-arrows-yes elementor-pagination-type-bullets elementor-pagination-position-outside elementor-widget elementor-widget-media-carousel\" data-id=\"7a7b56b\" data-element_type=\"widget\" data-e-type=\"widget\" data-settings=\"{&quot;skin&quot;:&quot;carousel&quot;,&quot;effect&quot;:&quot;slide&quot;,&quot;show_arrows&quot;:&quot;yes&quot;,&quot;pagination&quot;:&quot;bullets&quot;,&quot;speed&quot;:500,&quot;autoplay&quot;:&quot;yes&quot;,&quot;autoplay_speed&quot;:5000,&quot;loop&quot;:&quot;yes&quot;,&quot;pause_on_hover&quot;:&quot;yes&quot;,&quot;pause_on_interaction&quot;:&quot;yes&quot;,&quot;space_between&quot;:{&quot;unit&quot;:&quot;px&quot;,&quot;size&quot;:10,&quot;sizes&quot;:[]},&quot;space_between_tablet&quot;:{&quot;unit&quot;:&quot;px&quot;,&quot;size&quot;:10,&quot;sizes&quot;:[]},&quot;space_between_mobile&quot;:{&quot;unit&quot;:&quot;px&quot;,&quot;size&quot;:10,&quot;sizes&quot;:[]}}\" data-widget_type=\"media-carousel.default\">\n\t\t\t\t<div class=\"elementor-widget-container\">\n\t\t\t\t\t\t\t\t\t<div class=\"elementor-swiper\">\n\t\t\t\t\t<div class=\"elementor-main-swiper swiper\" role=\"region\" aria-roledescription=\"carousel\" aria-label=\"Diapositives\">\n\t\t\t\t<div class=\"swiper-wrapper\">\n\t\t\t\t\t\t\t\t\t\t\t<div class=\"swiper-slide\" role=\"group\" aria-roledescription=\"slide\">\n\t\t\t\t\t\t\t\t\t<div class=\"elementor-carousel-image\" role=\"img\" aria-label=\"IMG-20240202-WA0044\" style=\"background-image: url(&#039;https:\/\/pferdeberufe.ch\/wp-content\/smush-avif\/IMG-20240202-WA0044.jpg.avif&#039;)\">\n\n\t\t\t\n\t\t\t\t\t<\/div>\n\t\t\t\t\t\t\t\t<\/div>\n\t\t\t\t\t\t\t\t\t\t\t<div class=\"swiper-slide\" role=\"group\" aria-roledescription=\"slide\">\n\t\t\t\t\t\t\t\t\t<div class=\"elementor-carousel-image\" role=\"img\" aria-label=\"IMG-20240122-WA0078\" style=\"background-image: url(&#039;https:\/\/pferdeberufe.ch\/wp-content\/smush-avif\/IMG-20240122-WA0078.jpg.avif&#039;)\">\n\n\t\t\t\n\t\t\t\t\t<\/div>\n\t\t\t\t\t\t\t\t<\/div>\n\t\t\t\t\t\t\t\t\t\t\t<div class=\"swiper-slide\" role=\"group\" aria-roledescription=\"slide\">\n\t\t\t\t\t\t\t\t\t<div class=\"elementor-carousel-image\" role=\"img\" aria-label=\"IMG-20240122-WA0077\" style=\"background-image: url(&#039;https:\/\/pferdeberufe.ch\/wp-content\/smush-avif\/IMG-20240122-WA0077.jpg.avif&#039;)\">\n\n\t\t\t\n\t\t\t\t\t<\/div>\n\t\t\t\t\t\t\t\t<\/div>\n\t\t\t\t\t\t\t\t\t\t\t<div class=\"swiper-slide\" role=\"group\" aria-roledescription=\"slide\">\n\t\t\t\t\t\t\t\t\t<div class=\"elementor-carousel-image\" role=\"img\" aria-label=\"IMG-20240122-WA0076\" style=\"background-image: url(&#039;https:\/\/pferdeberufe.ch\/wp-content\/smush-avif\/IMG-20240122-WA0076.jpg.avif&#039;)\">\n\n\t\t\t\n\t\t\t\t\t<\/div>\n\t\t\t\t\t\t\t\t<\/div>\n\t\t\t\t\t\t\t\t\t\t\t<div class=\"swiper-slide\" role=\"group\" aria-roledescription=\"slide\">\n\t\t\t\t\t\t\t\t\t<div class=\"elementor-carousel-image\" role=\"img\" aria-label=\"IMG-20240126-WA0010\" style=\"background-image: url(&#039;https:\/\/pferdeberufe.ch\/wp-content\/smush-avif\/IMG-20240126-WA0010.jpg.avif&#039;)\">\n\n\t\t\t\n\t\t\t\t\t<\/div>\n\t\t\t\t\t\t\t\t<\/div>\n\t\t\t\t\t\t\t\t\t<\/div>\n\t\t\t\t\t\t\t\t\t\t\t\t\t\t\t<div class=\"elementor-swiper-button elementor-swiper-button-prev\" role=\"button\" tabindex=\"0\" aria-label=\"Pr\u00e9c\u00e9dent\">\n\t\t\t\t\t\t\t<i aria-hidden=\"true\" class=\"eicon-chevron-left\"><\/i>\t\t\t\t\t\t<\/div>\n\t\t\t\t\t\t<div class=\"elementor-swiper-button elementor-swiper-button-next\" role=\"button\" tabindex=\"0\" aria-label=\"Suivant\">\n\t\t\t\t\t\t\t<i aria-hidden=\"true\" class=\"eicon-chevron-right\"><\/i>\t\t\t\t\t\t<\/div>\n\t\t\t\t\t\t\t\t\t\t\t\t\t\t\t\t<div class=\"swiper-pagination\"><\/div>\n\t\t\t\t\t\t\t\t\t\t\t\t<\/div>\n\t\t\t\t<\/div>\n\t\t\t\t\t\t\t\t<\/div>\n\t\t\t\t<\/div>\n\t\t\t\t\t<\/div>\n\t\t<\/div>\n\t\t\t\t\t<\/div>\n\t\t<\/section>\n\t\t\t\t<section class=\"elementor-section elementor-top-section elementor-element elementor-element-697b85fd elementor-section-boxed elementor-section-height-default elementor-section-height-default\" data-id=\"697b85fd\" data-element_type=\"section\" data-e-type=\"section\">\n\t\t\t\t\t\t<div class=\"elementor-container elementor-column-gap-default\">\n\t\t\t\t\t<div class=\"elementor-column elementor-col-100 elementor-top-column elementor-element elementor-element-6a6bd77b\" data-id=\"6a6bd77b\" data-element_type=\"column\" data-e-type=\"column\">\n\t\t\t<div class=\"elementor-widget-wrap elementor-element-populated\">\n\t\t\t\t\t\t<div class=\"elementor-element elementor-element-3e578ff elementor-widget elementor-widget-text-editor\" data-id=\"3e578ff\" data-element_type=\"widget\" data-e-type=\"widget\" data-widget_type=\"text-editor.default\">\n\t\t\t\t<div class=\"elementor-widget-container\">\n\t\t\t\t\t\t\t\t\t<p>\u00c0 partir de l&rsquo;ann\u00e9e scolaire 2024, la formation des professionnels du cheval CFC et AFP d\u00e9butera conform\u00e9ment aux nouvelles ordonnances sur la formation. Ce que cela signifie exactement pour les formateurs, ainsi que les th\u00e8mes importants de la loi sur le travail et de la s\u00e9curit\u00e9 ont \u00e9t\u00e9 pr\u00e9sent\u00e9s aux formateurs.<\/p><p>La premi\u00e8re r\u00e9union a eu lieu le lundi 22 janvier 2024 \u00e0 l&rsquo;IFFP \u00e0 Zollikofen. Les intervenants Derek Frank (OrTra m\u00e9tiers li\u00e9s au cheval), Heidi Wolf (OrTra m\u00e9tiers li\u00e9s au cheval), Regula Stucki (IFFP), Nicola Leimer (Office de la formation professionnelle du canton de Berne) et Christian L\u00fcthi (Hipposafety) ont accueilli les 105 personnes int\u00e9ress\u00e9es.<\/p><p>Le deuxi\u00e8me \u00e9v\u00e9nement a eu lieu le vendredi 26 janvier 2024 \u00e0 la Haute \u00e9cole p\u00e9dagogique de Zurich. L\u00e0 encore, Derek Frank, Heidi Wolf, Unn Olesen (OrTra M\u00e9tiers li\u00e9s au cheval), Ursula Jenni (Office de la formation professionnelle du canton de Zurich) et Christian L\u00fcthi ont pr\u00e9sent\u00e9 les principaux th\u00e8mes. L&rsquo;imposant auditoire a accueilli 84 participants.<\/p><p>La derni\u00e8re journ\u00e9e d&rsquo;information a eu lieu en fran\u00e7ais \u00e0 l&rsquo;IFFP \u00e0 Renens. Le vendredi 02.02.24, une cinquantaine de participants sont arriv\u00e9s. Cette manifestation \u00e9tait anim\u00e9e par Derek Frank, Christophe Monney (IFFP), Sybille Tomasino (Service de la formation professionnelle de Neuch\u00e2tel) et St\u00e9phane Seuret (Hipposafety).<\/p><p>Les s\u00e9ances d&rsquo;information ont connu un grand succ\u00e8s sur tous les sites. Les journ\u00e9es ont \u00e9t\u00e9 enrichies par de nombreuses questions et discussions int\u00e9ressantes.<\/p><p>L&rsquo;ap\u00e9ro commun \u00e0 la fin des journ\u00e9es a permis de discuter et d&rsquo;\u00e9changer encore une fois de mani\u00e8re anim\u00e9e.<\/p><p>L&rsquo;OrTra m\u00e9tiers li\u00e9s au cheval remercie les participants pour leur grand int\u00e9r\u00eat et souhaite \u00e0 tous les formateurs professionnels beaucoup de succ\u00e8s et de plaisir dans la formation de leurs apprentis.<\/p><p>Vous trouverez tous les nouveaux documents sur la homepage sous Formation de base.<\/p>\t\t\t\t\t\t\t\t<\/div>\n\t\t\t\t<\/div>\n\t\t\t\t<div class=\"elementor-element elementor-element-7abb073 elementor-widget elementor-widget-button\" data-id=\"7abb073\" data-element_type=\"widget\" data-e-type=\"widget\" data-widget_type=\"button.default\">\n\t\t\t\t<div class=\"elementor-widget-container\">\n\t\t\t\t\t\t\t\t\t<div class=\"elementor-button-wrapper\">\n\t\t\t\t\t<a class=\"elementor-button elementor-button-link elementor-size-sm\" href=\"https:\/\/pferdeberufe.ch\/fr\/1ere-annee-de-24-25\/\">\n\t\t\t\t\t\t<span class=\"elementor-button-content-wrapper\">\n\t\t\t\t\t\t\t\t\t<span class=\"elementor-button-text\">Cliquez ici pour acc\u00e9der directement aux nouveaux documents.<\/span>\n\t\t\t\t\t<\/span>\n\t\t\t\t\t<\/a>\n\t\t\t\t<\/div>\n\t\t\t\t\t\t\t\t<\/div>\n\t\t\t\t<\/div>\n\t\t\t\t\t<\/div>\n\t\t<\/div>\n\t\t\t\t\t<\/div>\n\t\t<\/section>\n\t\t\t\t<\/div>\n\t\t","protected":false},"excerpt":{"rendered":"<p>Pr\u00e9c\u00e9dent Suivant \u00c0 partir de l&rsquo;ann\u00e9e scolaire 2024, la formation des professionnels du cheval CFC et AFP d\u00e9butera conform\u00e9ment aux nouvelles ordonnances sur la formation. Ce que cela signifie exactement &#8230; <a title=\"R\u00e9unions d&rsquo;information sur la r\u00e9vision de la formation\" class=\"read-more\" href=\"https:\/\/pferdeberufe.ch\/fr\/reunions-dinformation-revision-formation\/\" aria-label=\"En savoir plus sur R\u00e9unions d&rsquo;information sur la r\u00e9vision de la formation\">Lire la suite<\/a><\/p>\n","protected":false},"author":4,"featured_media":0,"parent":0,"menu_order":0,"comment_status":"closed","ping_status":"closed","template":"","meta":{"footnotes":""},"class_list":["post-9483","page","type-page","status-publish"],"publishpress_future_action":{"enabled":false,"date":"2026-05-12 08:32:05","action":"change-status","newStatus":"draft","terms":[],"taxonomy":"translation_priority","extraData":[]},"publishpress_future_workflow_manual_trigger":{"enabledWorkflows":[]},"_links":{"self":[{"href":"https:\/\/pferdeberufe.ch\/fr\/wp-json\/wp\/v2\/pages\/9483","targetHints":{"allow":["GET"]}}],"collection":[{"href":"https:\/\/pferdeberufe.ch\/fr\/wp-json\/wp\/v2\/pages"}],"about":[{"href":"https:\/\/pferdeberufe.ch\/fr\/wp-json\/wp\/v2\/types\/page"}],"author":[{"embeddable":true,"href":"https:\/\/pferdeberufe.ch\/fr\/wp-json\/wp\/v2\/users\/4"}],"replies":[{"embeddable":true,"href":"https:\/\/pferdeberufe.ch\/fr\/wp-json\/wp\/v2\/comments?post=9483"}],"version-history":[{"count":13,"href":"https:\/\/pferdeberufe.ch\/fr\/wp-json\/wp\/v2\/pages\/9483\/revisions"}],"predecessor-version":[{"id":9543,"href":"https:\/\/pferdeberufe.ch\/fr\/wp-json\/wp\/v2\/pages\/9483\/revisions\/9543"}],"wp:attachment":[{"href":"https:\/\/pferdeberufe.ch\/fr\/wp-json\/wp\/v2\/media?parent=9483"}],"curies":[{"name":"wp","href":"https:\/\/api.w.org\/{rel}","templated":true}]}}